{"id":705,"date":"2022-07-28T14:11:23","date_gmt":"2022-07-28T12:11:23","guid":{"rendered":"https:\/\/sagardeche.fr\/wordpress\/?page_id=705"},"modified":"2022-09-18T16:16:53","modified_gmt":"2022-09-18T14:16:53","slug":"guide-pratique-de-genealogie","status":"publish","type":"page","link":"https:\/\/sagardeche.fr\/wordpress\/index.php\/guide-pratique-de-genealogie\/","title":{"rendered":"Guide pratique de G\u00e9n\u00e9alogie"},"content":{"rendered":"\n<figure class=\"wp-block-table\"><table><tbody><tr><td><strong>GUIDE PRATIQUE 1<\/strong><\/td><\/tr><\/tbody><\/table><\/figure>\n\n\n\n<p>Les temps modernes r\u00e9cents<\/p>\n\n\n\n<figure class=\"wp-block-table\"><table><tbody><tr><td>&nbsp;<\/td><td><br>D&rsquo;abord rassembler toutes les archives familiales<br>Actes de mariages, de naissances, de d\u00e9c\u00e8s,<br>Livrets de famille des parents, grands-parents etc&#8230;<br>Actes notari\u00e9s, contrats de mariage, partages, successions et autres.<br>Correspondances, photographies.<br>Ensuite d\u00e8s que possible<br>Questionner parents, grands parents, vieux cousins, vieux voisins, m\u00eame pas ou peu connus, la g\u00e9n\u00e9alogie ouvre ais\u00e9ment les portes et d\u00e9lie les langues.<br>Et surtout tout noter, quand un ancien s&rsquo;en va, c&rsquo;est une m\u00e9moire ferm\u00e9e \u00e0 jamais.<br>Interroger si besoin les Mairies<br>Mais attention celles-ci ne peuvent diffuser des actes de moins de 100 ans, sauf filiation prouv\u00e9e. Par correspondance, faire des demandes pr\u00e9cises, joindre une enveloppe timbr\u00e9e avec l&rsquo;adresse de retour.<br><\/td><td>&nbsp;<\/td><\/tr><\/tbody><\/table><\/figure>\n\n\n\n<figure class=\"wp-block-table\"><table><tbody><tr><td><strong>GUIDE PRATIQUE 2<\/strong><\/td><\/tr><\/tbody><\/table><\/figure>\n\n\n\n<p>Au XIX \u00b0 si\u00e8cle, apr\u00e8s 1803<\/p>\n\n\n\n<figure class=\"wp-block-table\"><table><tbody><tr><td>&nbsp;<\/td><td><br>Les tables d\u00e9cennales de l\u2019Etat-Civil<br>Cr\u00e9\u00e9es par Napol\u00e9on 1er, elles donnent pour chaque d\u00e9cennie, l\u2019inventaire alphab\u00e9tique des naissances, mariages, d\u00e9c\u00e8s dans chaque Commune \u00e0 partir de 1803.<br>En Ard\u00e8che elles sont disponibles par Internet sur le site des Archives D\u00e9partementales , et bien entendu consultables en mairies.<br>Tr\u00e8s facile quand on conna\u00eet le lieu d\u2019un acte, surtout si la commune est petite ou moyenne; plus al\u00e9atoire quand on cherche l\u2019acte et le lieu.<br>La SAGA a commenc\u00e9 la r\u00e9daction de tables alphab\u00e9tiques g\u00e9n\u00e9rales par commune qui seront plus faciles \u00e0 consulter.<br>Quelques sites de particuliers comme celui de Marilyn BLANC s\u2019y sont \u00e9galement attach\u00e9s.<br>Une fois la date trouv\u00e9e, demander l\u2019acte en Mairie (voir ci-dessus) ou se rendre aux AD 07.<br>Les AD 07 mettent en ligne l\u2019Etat-Civil du XIX\u00b0 si\u00e8cle. Pour le moment la p\u00e9riode 1863-1902 est compl\u00e8te pour toutes les communes. La p\u00e9riode 1852-1863 est en cours.<br>M\u00eame site que pour les tables d\u00e9cennales.<br>Si vous \u00eates bloqu\u00e9, une question pr\u00e9cise sur le forum RECHERCHES de ce site vous aidera souvent..<\/td><\/tr><\/tbody><\/table><\/figure>\n\n\n\n<figure class=\"wp-block-table\"><table><tbody><tr><td><strong>GUIDE PRATIQUE 3<\/strong><\/td><\/tr><\/tbody><\/table><\/figure>\n\n\n\n<p>De 1792 \u00e0 1803<\/p>\n\n\n\n<figure class=\"wp-block-table\"><table><tbody><tr><td>&nbsp;<\/td><td><br>Cette p\u00e9riode atteinte, l&rsquo;exercice devient un peu plus difficile.<br><br>En 1792, la tenue de l&rsquo;\u00e9tat civil fut retir\u00e9e aux Cur\u00e9s des paroisses et transf\u00e9r\u00e9e aux Maires ou \u00e0 leurs adjoints, tous bons patriotes, pas toujours fins lettr\u00e9s. Les d\u00e9buts sont un peu pagailleux, folkloriques parfois; en l&rsquo;An IX commencent les formulaires imprim\u00e9s.<br><br>Progressivement la SAGA rassemble et ordonne ces actes en registres par commune ; et ses b\u00e9n\u00e9voles r\u00e9digent au passage une table alphab\u00e9tique. Voir la rubrique .<br><br>En l&rsquo;absence de registres la seule solution est de consulter en Mairie ou aux Archives \u00e0 Privas.<br><\/td><td>&nbsp;<\/td><\/tr><\/tbody><\/table><\/figure>\n\n\n\n<p>Jacques BERGON<\/p>\n","protected":false},"excerpt":{"rendered":"<p>GUIDE PRATIQUE 1 Les temps modernes r\u00e9cents &nbsp; D&rsquo;abord rassembler toutes les archives familialesActes de mariages, de naissances, de d\u00e9c\u00e8s,Livrets de famille des parents, grands-parents etc&#8230;Actes notari\u00e9s, contrats de mariage, partages, successions et autres.Correspondances, photographies.Ensuite d\u00e8s que possibleQuestionner parents, grands parents, vieux cousins, vieux voisins, m\u00eame pas ou peu connus, la g\u00e9n\u00e9alogie ouvre ais\u00e9ment les [&hellip;]<\/p>\n","protected":false},"author":1,"featured_media":0,"parent":0,"menu_order":0,"comment_status":"closed","ping_status":"closed","template":"","meta":{"footnotes":""},"categories":[6],"tags":[],"class_list":["post-705","page","type-page","status-publish","hentry","category-outils"],"yoast_head":"<!-- This site is optimized with the Yoast SEO plugin v24.2 - https:\/\/yoast.com\/wordpress\/plugins\/seo\/ -->\n<title>Guide pratique de G\u00e9n\u00e9alogie - SagArdeche<\/title>\n<meta name=\"description\" content=\"Guide pratique de G\u00e9n\u00e9alogie SagArdeche Soci\u00e9t\u00e9 amateurs g\u00e9n\u00e9alogie Ard\u00e8che Registres BMS Notaires paroissiaux Origines Ard\u00e9choises expoactes saga protestants\" \/>\n<meta name=\"robots\" content=\"index, follow, max-snippet:-1, max-image-preview:large, max-video-preview:-1\" \/>\n<link rel=\"canonical\" href=\"https:\/\/sagardeche.fr\/wordpress\/index.php\/guide-pratique-de-genealogie\/\" \/>\n<meta property=\"og:locale\" content=\"fr_FR\" \/>\n<meta property=\"og:type\" content=\"article\" \/>\n<meta property=\"og:title\" content=\"Guide pratique de G\u00e9n\u00e9alogie - SagArdeche\" \/>\n<meta property=\"og:description\" content=\"Guide pratique de G\u00e9n\u00e9alogie SagArdeche Soci\u00e9t\u00e9 amateurs g\u00e9n\u00e9alogie Ard\u00e8che Registres BMS Notaires paroissiaux Origines Ard\u00e9choises expoactes saga protestants\" \/>\n<meta property=\"og:url\" content=\"https:\/\/sagardeche.fr\/wordpress\/index.php\/guide-pratique-de-genealogie\/\" \/>\n<meta property=\"og:site_name\" content=\"SagArdeche\" \/>\n<meta property=\"article:publisher\" content=\"https:\/\/www.facebook.com\/geneardeche\" \/>\n<meta property=\"article:modified_time\" content=\"2022-09-18T14:16:53+00:00\" \/>\n<meta name=\"twitter:card\" content=\"summary_large_image\" \/>\n<meta name=\"twitter:label1\" content=\"Dur\u00e9e de lecture estim\u00e9e\" \/>\n\t<meta name=\"twitter:data1\" content=\"2 minutes\" \/>\n<script type=\"application\/ld+json\" class=\"yoast-schema-graph\">{\"@context\":\"https:\/\/schema.org\",\"@graph\":[{\"@type\":\"WebPage\",\"@id\":\"https:\/\/sagardeche.fr\/wordpress\/index.php\/guide-pratique-de-genealogie\/\",\"url\":\"https:\/\/sagardeche.fr\/wordpress\/index.php\/guide-pratique-de-genealogie\/\",\"name\":\"Guide pratique de G\u00e9n\u00e9alogie - SagArdeche\",\"isPartOf\":{\"@id\":\"https:\/\/sagardeche.fr\/wordpress\/#website\"},\"datePublished\":\"2022-07-28T12:11:23+00:00\",\"dateModified\":\"2022-09-18T14:16:53+00:00\",\"description\":\"Guide pratique de G\u00e9n\u00e9alogie SagArdeche Soci\u00e9t\u00e9 amateurs g\u00e9n\u00e9alogie Ard\u00e8che Registres BMS Notaires paroissiaux Origines Ard\u00e9choises expoactes saga protestants\",\"breadcrumb\":{\"@id\":\"https:\/\/sagardeche.fr\/wordpress\/index.php\/guide-pratique-de-genealogie\/#breadcrumb\"},\"inLanguage\":\"fr-FR\",\"potentialAction\":[{\"@type\":\"ReadAction\",\"target\":[\"https:\/\/sagardeche.fr\/wordpress\/index.php\/guide-pratique-de-genealogie\/\"]}]},{\"@type\":\"BreadcrumbList\",\"@id\":\"https:\/\/sagardeche.fr\/wordpress\/index.php\/guide-pratique-de-genealogie\/#breadcrumb\",\"itemListElement\":[{\"@type\":\"ListItem\",\"position\":1,\"name\":\"Accueil\",\"item\":\"https:\/\/sagardeche.fr\/wordpress\/\"},{\"@type\":\"ListItem\",\"position\":2,\"name\":\"Guide pratique de G\u00e9n\u00e9alogie\"}]},{\"@type\":\"WebSite\",\"@id\":\"https:\/\/sagardeche.fr\/wordpress\/#website\",\"url\":\"https:\/\/sagardeche.fr\/wordpress\/\",\"name\":\"SagArdeche\",\"description\":\"Soci\u00e9t\u00e9 des Amateurs de G\u00e9n\u00e9alogie de l&#039;Ard\u00e8che\",\"publisher\":{\"@id\":\"https:\/\/sagardeche.fr\/wordpress\/#organization\"},\"alternateName\":\"saga\",\"potentialAction\":[{\"@type\":\"SearchAction\",\"target\":{\"@type\":\"EntryPoint\",\"urlTemplate\":\"https:\/\/sagardeche.fr\/wordpress\/?s={search_term_string}\"},\"query-input\":{\"@type\":\"PropertyValueSpecification\",\"valueRequired\":true,\"valueName\":\"search_term_string\"}}],\"inLanguage\":\"fr-FR\"},{\"@type\":\"Organization\",\"@id\":\"https:\/\/sagardeche.fr\/wordpress\/#organization\",\"name\":\"Soci\u00e9t\u00e9 des Amateurs de G\u00e9n\u00e9alogie de l'Ard\u00e8che\",\"alternateName\":\"SAGA\",\"url\":\"https:\/\/sagardeche.fr\/wordpress\/\",\"logo\":{\"@type\":\"ImageObject\",\"inLanguage\":\"fr-FR\",\"@id\":\"https:\/\/sagardeche.fr\/wordpress\/#\/schema\/logo\/image\/\",\"url\":\"https:\/\/sagardeche.fr\/wordpress\/wp-content\/uploads\/2022\/06\/cropped-LogoSAGA3-1.jpg\",\"contentUrl\":\"https:\/\/sagardeche.fr\/wordpress\/wp-content\/uploads\/2022\/06\/cropped-LogoSAGA3-1.jpg\",\"width\":50,\"height\":80,\"caption\":\"Soci\u00e9t\u00e9 des Amateurs de G\u00e9n\u00e9alogie de l'Ard\u00e8che\"},\"image\":{\"@id\":\"https:\/\/sagardeche.fr\/wordpress\/#\/schema\/logo\/image\/\"},\"sameAs\":[\"https:\/\/www.facebook.com\/geneardeche\"]}]}<\/script>\n<!-- \/ Yoast SEO plugin. -->","yoast_head_json":{"title":"Guide pratique de G\u00e9n\u00e9alogie - SagArdeche","description":"Guide pratique de G\u00e9n\u00e9alogie SagArdeche Soci\u00e9t\u00e9 amateurs g\u00e9n\u00e9alogie Ard\u00e8che Registres BMS Notaires paroissiaux Origines Ard\u00e9choises expoactes saga protestants","robots":{"index":"index","follow":"follow","max-snippet":"max-snippet:-1","max-image-preview":"max-image-preview:large","max-video-preview":"max-video-preview:-1"},"canonical":"https:\/\/sagardeche.fr\/wordpress\/index.php\/guide-pratique-de-genealogie\/","og_locale":"fr_FR","og_type":"article","og_title":"Guide pratique de G\u00e9n\u00e9alogie - SagArdeche","og_description":"Guide pratique de G\u00e9n\u00e9alogie SagArdeche Soci\u00e9t\u00e9 amateurs g\u00e9n\u00e9alogie Ard\u00e8che Registres BMS Notaires paroissiaux Origines Ard\u00e9choises expoactes saga protestants","og_url":"https:\/\/sagardeche.fr\/wordpress\/index.php\/guide-pratique-de-genealogie\/","og_site_name":"SagArdeche","article_publisher":"https:\/\/www.facebook.com\/geneardeche","article_modified_time":"2022-09-18T14:16:53+00:00","twitter_card":"summary_large_image","twitter_misc":{"Dur\u00e9e de lecture estim\u00e9e":"2 minutes"},"schema":{"@context":"https:\/\/schema.org","@graph":[{"@type":"WebPage","@id":"https:\/\/sagardeche.fr\/wordpress\/index.php\/guide-pratique-de-genealogie\/","url":"https:\/\/sagardeche.fr\/wordpress\/index.php\/guide-pratique-de-genealogie\/","name":"Guide pratique de G\u00e9n\u00e9alogie - SagArdeche","isPartOf":{"@id":"https:\/\/sagardeche.fr\/wordpress\/#website"},"datePublished":"2022-07-28T12:11:23+00:00","dateModified":"2022-09-18T14:16:53+00:00","description":"Guide pratique de G\u00e9n\u00e9alogie SagArdeche Soci\u00e9t\u00e9 amateurs g\u00e9n\u00e9alogie Ard\u00e8che Registres BMS Notaires paroissiaux Origines Ard\u00e9choises expoactes saga protestants","breadcrumb":{"@id":"https:\/\/sagardeche.fr\/wordpress\/index.php\/guide-pratique-de-genealogie\/#breadcrumb"},"inLanguage":"fr-FR","potentialAction":[{"@type":"ReadAction","target":["https:\/\/sagardeche.fr\/wordpress\/index.php\/guide-pratique-de-genealogie\/"]}]},{"@type":"BreadcrumbList","@id":"https:\/\/sagardeche.fr\/wordpress\/index.php\/guide-pratique-de-genealogie\/#breadcrumb","itemListElement":[{"@type":"ListItem","position":1,"name":"Accueil","item":"https:\/\/sagardeche.fr\/wordpress\/"},{"@type":"ListItem","position":2,"name":"Guide pratique de G\u00e9n\u00e9alogie"}]},{"@type":"WebSite","@id":"https:\/\/sagardeche.fr\/wordpress\/#website","url":"https:\/\/sagardeche.fr\/wordpress\/","name":"SagArdeche","description":"Soci\u00e9t\u00e9 des Amateurs de G\u00e9n\u00e9alogie de l&#039;Ard\u00e8che","publisher":{"@id":"https:\/\/sagardeche.fr\/wordpress\/#organization"},"alternateName":"saga","potentialAction":[{"@type":"SearchAction","target":{"@type":"EntryPoint","urlTemplate":"https:\/\/sagardeche.fr\/wordpress\/?s={search_term_string}"},"query-input":{"@type":"PropertyValueSpecification","valueRequired":true,"valueName":"search_term_string"}}],"inLanguage":"fr-FR"},{"@type":"Organization","@id":"https:\/\/sagardeche.fr\/wordpress\/#organization","name":"Soci\u00e9t\u00e9 des Amateurs de G\u00e9n\u00e9alogie de l'Ard\u00e8che","alternateName":"SAGA","url":"https:\/\/sagardeche.fr\/wordpress\/","logo":{"@type":"ImageObject","inLanguage":"fr-FR","@id":"https:\/\/sagardeche.fr\/wordpress\/#\/schema\/logo\/image\/","url":"https:\/\/sagardeche.fr\/wordpress\/wp-content\/uploads\/2022\/06\/cropped-LogoSAGA3-1.jpg","contentUrl":"https:\/\/sagardeche.fr\/wordpress\/wp-content\/uploads\/2022\/06\/cropped-LogoSAGA3-1.jpg","width":50,"height":80,"caption":"Soci\u00e9t\u00e9 des Amateurs de G\u00e9n\u00e9alogie de l'Ard\u00e8che"},"image":{"@id":"https:\/\/sagardeche.fr\/wordpress\/#\/schema\/logo\/image\/"},"sameAs":["https:\/\/www.facebook.com\/geneardeche"]}]}},"_links":{"self":[{"href":"https:\/\/sagardeche.fr\/wordpress\/index.php\/wp-json\/wp\/v2\/pages\/705","targetHints":{"allow":["GET"]}}],"collection":[{"href":"https:\/\/sagardeche.fr\/wordpress\/index.php\/wp-json\/wp\/v2\/pages"}],"about":[{"href":"https:\/\/sagardeche.fr\/wordpress\/index.php\/wp-json\/wp\/v2\/types\/page"}],"author":[{"embeddable":true,"href":"https:\/\/sagardeche.fr\/wordpress\/index.php\/wp-json\/wp\/v2\/users\/1"}],"replies":[{"embeddable":true,"href":"https:\/\/sagardeche.fr\/wordpress\/index.php\/wp-json\/wp\/v2\/comments?post=705"}],"version-history":[{"count":2,"href":"https:\/\/sagardeche.fr\/wordpress\/index.php\/wp-json\/wp\/v2\/pages\/705\/revisions"}],"predecessor-version":[{"id":708,"href":"https:\/\/sagardeche.fr\/wordpress\/index.php\/wp-json\/wp\/v2\/pages\/705\/revisions\/708"}],"wp:attachment":[{"href":"https:\/\/sagardeche.fr\/wordpress\/index.php\/wp-json\/wp\/v2\/media?parent=705"}],"wp:term":[{"taxonomy":"category","embeddable":true,"href":"https:\/\/sagardeche.fr\/wordpress\/index.php\/wp-json\/wp\/v2\/categories?post=705"},{"taxonomy":"post_tag","embeddable":true,"href":"https:\/\/sagardeche.fr\/wordpress\/index.php\/wp-json\/wp\/v2\/tags?post=705"}],"curies":[{"name":"wp","href":"https:\/\/api.w.org\/{rel}","templated":true}]}}