

{"id":624,"date":"2022-07-28T08:13:23","date_gmt":"2022-07-28T06:13:23","guid":{"rendered":"https:\/\/sagardeche.fr\/wordpress\/?page_id=624"},"modified":"2022-09-18T16:16:30","modified_gmt":"2022-09-18T14:16:30","slug":"grele-a-mercuer","status":"publish","type":"page","link":"https:\/\/sagardeche.fr\/wordpress\/index.php\/grele-a-mercuer\/","title":{"rendered":"Gr\u00eale \u00e0 Mercuer"},"content":{"rendered":"<div class=\"wp-block-image is-style-rounded\">\n<figure class=\"aligncenter size-full is-resized\"><img loading=\"lazy\" decoding=\"async\" src=\"https:\/\/sagardeche.fr\/wordpress\/wp-content\/uploads\/2022\/06\/Grelons.png\" alt=\"\" class=\"wp-image-212\" width=\"468\" height=\"253\" srcset=\"https:\/\/sagardeche.fr\/wordpress\/wp-content\/uploads\/2022\/06\/Grelons.png 624w, https:\/\/sagardeche.fr\/wordpress\/wp-content\/uploads\/2022\/06\/Grelons-300x162.png 300w\" sizes=\"auto, (max-width: 468px) 100vw, 468px\" \/><\/figure><\/div>\n\n\n<p>En 1739 une gr\u00eale tr\u00e8s s\u00e9v\u00e8re a an\u00e9anti les r\u00e9coltes d\u2019une partie du royaume de France, notamment en Vivarais et en particulier dans la paroisse de Mercuer. Louis XV, alors \u00e2g\u00e9 de 29 ans, donne pour instruction de faire verser aux paysans sinistr\u00e9s des d\u00e9dommagements pr\u00e9lev\u00e9s sur le produit des imp\u00f4ts (taille et capitation) afin de les aider dans cette catastrophe que beaucoup d\u2019entre eux n\u2019auraient pu surmonter seuls : les pr\u00e9mices de l\u2019assurance des calamit\u00e9s agricoles en quelque sorte.<\/p>\n\n\n\n<p>Le texte suivant respecte l\u2019orthographe, la syntaxe, les majuscules, la ponctuation et l\u2019accentuation du document original, et provient des archives d\u00e9partementales \u00e0 Privas. Il relate les faits, indique l\u2019origine du budget d\u00e9gag\u00e9 pour cette g\u00e9n\u00e9reuse initiative royale et donne le r\u00e9sultat des expertises r\u00e9alis\u00e9es pour quantifier les dommages de chacun et r\u00e9partir les indemnit\u00e9s, en livres, sols et ??. Remarquons que la gr\u00eale a eu lieu en 1739, les expertises ont \u00e9t\u00e9 men\u00e9es en 1740 et les indemnit\u00e9s vers\u00e9es en 1741, ce qui a d\u00fb repr\u00e9senter \u00e0 l\u2019\u00e9poque une v\u00e9ritable performance.<\/p>\n\n\n\n<p>(Avec l\u2019habituelle et fructueuse participation de Robert CHENIVESSE pour la re-lecture)<\/p>\n\n\n\n<p>A Largenti\u00e8re ce 16 avril 1740<\/p>\n\n\n\n<p>Je vous donne avis, Messieurs, que votre communaut\u00e9 est comprise pour la somme de deux cents livres dans la r\u00e9partition qui a \u00e9t\u00e9 faite par Messieurs les Commissaires du Pa\u00efs de Vivarez authoris\u00e9e par Monsieur l\u2019Intandant pour votre portion de la somme de soixante mille livres provenant savoir trente cinq mille livres accord\u00e9e aux communautez du Vivarez gr\u00eal\u00e9es (additif : au nombre de 150) l\u2019ann\u00e9e derni\u00e8re par l\u2019Arrest du Conseil du 17 Octobre 1739 suivant lequel Sa Majest\u00e9 fait remise de cent soixante mille livres sur les impositions de l\u2019ann\u00e9e derni\u00e8re 1739 tant en faveur des communautez dudit Pa\u00efs que des Dioc\u00e8zes et autres communautez particuli\u00e8res de la Province endommag\u00e9es ladite ann\u00e9e, &amp; vingt cinq mille livres provenant de deux cent cinquante mille livres faisant partie du prix de la Ferme de l\u2019\u00e9quivalence destin\u00e9e par D\u00e9lib\u00e9ration des Etats du 24 janvier 1739 pour servir de fonds aux indemnitez des Communautez et particuliers de la Province dont les r\u00e9coltes ont \u00e9t\u00e9 emport\u00e9es par les gr\u00eales et autres cas fortuits pendant l\u2019ann\u00e9e derni\u00e8re, de laquelle dite somme de deux cent cinquante mille livres, et de quarante neuf mille livres restant des cent soixante mille accord\u00e9es par ledit Arrest. Monsieur l\u2019intandant a fait la r\u00e9partition en faveur des dioc\u00e8ses de la Province de Languedoc le 29 F\u00e9vrier de la pr\u00e9sente ann\u00e9e.<\/p>\n\n\n\n<p>Je joins \u00e0 ce paquet le raport des experts et autres pi\u00e8ces qui m\u2019ont \u00e9t\u00e9 renvoy\u00e9es de l\u2019Intandance auquel on avoit proc\u00e9d\u00e9 dans votre Communaut\u00e9 afin que vous reconnoissiez v\u00e9ritablement ce que chaque habitant a souffert dans cette occasion.<\/p>\n\n\n\n<p>M. le Receveur des Tailles vous tiendra en compte ladite somme qui vous a \u00e9t\u00e9 accord\u00e9e sur le dernier terme des impositions ou Capitation de l\u2019ann\u00e9e derni\u00e8re et en cas que votre Collecteur ait pay\u00e9 enti\u00e8rement M. le Receveur, il vous fera le remboursement de ladite somme.<\/p>\n\n\n\n<pre class=\"wp-block-code\"><code>                               Merc\u00fcer                                                        veriffi\u00e9<\/code><\/pre>\n\n\n\n<p>Mais pour y parvenir il faut qu\u2019apr\u00e8s avoir fait lecture de cette Lettre dans une assembl\u00e9e de votre Communaut\u00e9 vous fassiez faire une r\u00e9partition en pr\u00e9sence de M. le Cur\u00e9 et principaux habitans de la somme qui vous a \u00e9t\u00e9 accord\u00e9e &amp; que ce soit au profit de ceux qui sont compris dans le raport des experts et a proportion des dommages qu\u2019ils ont souffert parce que c\u2019est uniquement \u00e0 l\u2019occasion des pertes qui ont \u00e9t\u00e9 faites que l\u2019on a accord\u00e9 ladite somme que vous ne pouvez destiner \u00e0 autre chose &amp; en raportant cette Lettre avec ladite r\u00e9partition en la forme que je viens de dire &amp; un certificat au bas dudit Sieur Cur\u00e9 et principaux (qui doivent \u00eatre pour le moins en nombre de quatre) justifiant que les sommes qui y sont comprises ont \u00e9t\u00e9 tenues en compte sur la Taille ou Capitation du\u00eb par les particuliers qui y seront \u00e9noncez ou qu\u2019ils en ont \u00e9t\u00e9 payez, de quoi sera fait mention dans leur article au r\u00f4le de Taille ou Capitation, ladite somme sera tenu\u00eb en compte ou rembours\u00e9e \u00e0 v\u00f4tre Collecteur par M. le Receveur des Tailles en vous conformant r\u00e9guli\u00e8rement \u00e0 tout ce que je marque.<\/p>\n\n\n\n<p>Je vous prie de m\u2019accuser la reception de ce paquet, et j\u2019ai l\u2019honneur d\u2019\u00eatre parfaitement, MESSIEURS, votre tr\u00e8s-humble et tr\u00e8s-ob\u00e9\u00efssant serviteur<\/p>\n\n\n\n<pre class=\"wp-block-code\"><code>                                                                              (sign\u00e9) ROCHEMURE<\/code><\/pre>\n\n\n\n<p>Nous, Sr Louis Coudeyre, et Sr Estienne-Tourette syndic de la paroisse de Mercuer et Sr Chartagnier et Louis Rimbaud, et Anthoine Court et Pierre Jouve et Jean Pierre Mazon et Jean Rieubout ( ?), principaux habitans de ladite paroisse de Mercuer, avons r\u00e9parti sur tous les compris habitans taillables dudit Mercuer compris au raport des experts et a proportion de la perte qui firent par la grelle qui tomba l\u2019ann\u00e9e derni\u00e8re 1739, la somme de deux cents livres \u00e0 eux accord\u00e9e par indemnit\u00e9 Suivant la lettre de M. De Rochemaure du 16 apvril 1740<\/p>\n\n\n\n<p>Certifion encore que le Collecteur de la prezante ann\u00e9e a tenu en compte a chaqun Ce qui leur en revient l\u2019ayant couch\u00e9 en re\u00e7u sur la cotte de Taille et Capitation D\u2019un chacun<\/p>\n\n\n\n<p>Ainsi prion M. le Receveur de rambourser ladite somme de deux cents livres a Estienne Tourette, syndic de ladite paroisse de Mercuer auquel avons donn\u00e9 pouvoir de retirer ladite somme de deux cent livres. fait audit Mercuer ce 20 fevrier 1741<\/p>\n\n\n\n<p>Sign\u00e9 Coudeyre, Tourette, Chartanier, Reimbaud, Court, Mazon<\/p>\n\n\n\n<p>Je soussign\u00e9 syndic de la communaut\u00e9 de Mercuer l\u2019annee 1740 reconnais avoir recu de Monsieur le Receveur des Tailles du pais de Vivarezla la somme de deux cent livres pour (l\u2019indemnit\u00e9) de la gresle de l\u2019annee 1739 arriv\u00e9e le 8 mai 1741. Sign\u00e9 Tourette syndic<\/p>\n\n\n\n<p>Etat de r\u00e9partition de la somme de deux cent livres que sa majeste a bien voulu acorder a la communaut\u00e9 de Mercuer pour l\u2019indemnite du dommage cauze par la grelle l\u2019annee derni\u00e8re mil sept cent trente neuf suivant la lettre de M. de Rochemaure du saizi\u00e8me avril de la presente ann\u00e9e sur laquelle somme en sera deduit celle de trente cinq livres pour les frais exposes tant pour le verbail prestation de serment aux experts verificateurs dresse du rapport remise d\u2019icelluy que pour le pr\u00e9sent \u00e9tat de r\u00e9partition et la somme restante qui est cent soixante deux livres sera departie sur chaque particulier a proportion des dommages qu\u2019ils auront souffert suivant le raport comme s\u2019ensuit<\/p>\n\n\n\n<p>La liste nominative des b\u00e9n\u00e9ficiaires et les indemnit\u00e9s vers\u00e9es (en livres et sols) figure dans Sagard\u00e8che, sous l\u2019onglet Dossiers\/Histoire\/Gr\u00eale \u00e0 Mercuer. Peut-\u00eatre qu\u2019un de vos anc\u00eatres se trouve parmi eux ?<\/p>\n\n\n\n<p>Note : la capitation est un imp\u00f4t cr\u00e9\u00e9 par Louis XIV le 18 janvier 1695 au terme de deux ann\u00e9es de crise \u00e9conomique sur les conseils de Vauban et de personnes diverses et qualifi\u00e9es. La Taille est un imp\u00f4t direct tr\u00e8s ancien et tr\u00e8s impopulaire qui exon\u00e9rait les bourgeois des grandes villes, ainsi que la noblesse et le clerg\u00e9<\/p>\n\n\n<div class=\"wp-block-image\">\n<figure class=\"aligncenter size-large\"><img decoding=\"async\" src=\"https:\/\/sagardeche.fr\/wordpress\/wp-content\/uploads\/2022\/06\/Indemnites-versees1-copier-724x1024.jpg\" alt=\"\" class=\"wp-image-219\"\/><\/figure><\/div>\n\n<div class=\"wp-block-image\">\n<figure class=\"aligncenter size-large\"><img decoding=\"async\" src=\"https:\/\/sagardeche.fr\/wordpress\/wp-content\/uploads\/2022\/06\/Indemnites-versees2-copier-724x1024.jpg\" alt=\"\" class=\"wp-image-220\"\/><\/figure><\/div>\n\n<div class=\"wp-block-image\">\n<figure class=\"aligncenter size-large\"><img loading=\"lazy\" decoding=\"async\" width=\"724\" height=\"1024\" src=\"https:\/\/sagardeche.fr\/wordpress\/wp-content\/uploads\/2022\/06\/Indemnites-versees3-copier-724x1024.jpg\" alt=\"\" class=\"wp-image-221\" srcset=\"https:\/\/sagardeche.fr\/wordpress\/wp-content\/uploads\/2022\/06\/Indemnites-versees3-copier-724x1024.jpg 724w, https:\/\/sagardeche.fr\/wordpress\/wp-content\/uploads\/2022\/06\/Indemnites-versees3-copier-212x300.jpg 212w, https:\/\/sagardeche.fr\/wordpress\/wp-content\/uploads\/2022\/06\/Indemnites-versees3-copier-768x1086.jpg 768w, https:\/\/sagardeche.fr\/wordpress\/wp-content\/uploads\/2022\/06\/Indemnites-versees3-copier-1086x1536.jpg 1086w, https:\/\/sagardeche.fr\/wordpress\/wp-content\/uploads\/2022\/06\/Indemnites-versees3-copier.jpg 1240w\" sizes=\"auto, (max-width: 724px) 100vw, 724px\" \/><\/figure><\/div>\n\n<div class=\"wp-block-image\">\n<figure class=\"aligncenter size-large\"><img loading=\"lazy\" decoding=\"async\" width=\"707\" height=\"1024\" src=\"https:\/\/sagardeche.fr\/wordpress\/wp-content\/uploads\/2022\/06\/Page-1-2-707x1024.jpg\" alt=\"\" class=\"wp-image-222\" srcset=\"https:\/\/sagardeche.fr\/wordpress\/wp-content\/uploads\/2022\/06\/Page-1-2-707x1024.jpg 707w, https:\/\/sagardeche.fr\/wordpress\/wp-content\/uploads\/2022\/06\/Page-1-2-207x300.jpg 207w, https:\/\/sagardeche.fr\/wordpress\/wp-content\/uploads\/2022\/06\/Page-1-2-768x1113.jpg 768w, https:\/\/sagardeche.fr\/wordpress\/wp-content\/uploads\/2022\/06\/Page-1-2-1060x1536.jpg 1060w, https:\/\/sagardeche.fr\/wordpress\/wp-content\/uploads\/2022\/06\/Page-1-2.jpg 1277w\" sizes=\"auto, (max-width: 707px) 100vw, 707px\" \/><\/figure><\/div>\n\n\n\n\t\t\t\t<div id=\"map_ol3js_1\" class=\"map undefined\" data-map_name=\"undefined\" data-map=\"map_ol3js_1\" style=\"width:95%; max-width:100%; height:450px; display:block; overflow:hidden;border:2px solid grey;\" >\n\t\t\t\t  <div id=\"map_ol3js_1_popup\" class=\"ol-popup\" >\n\t\t\t\t\t<a href=\"#\" id=\"map_ol3js_1_popup-closer\" class=\"ol-popup-closer\"><\/a>\n\t\t\t\t\t<div id=\"map_ol3js_1_popup-content\" ><\/div>\n\t\t\t\t  <\/div>\n\t\t\t\t<\/div>\n\t\t\t\n\n\t\t\t\t<script type=\"text\/javascript\">\n\t\t\t\t\ttranslations['openlayer'] = \"open layer\";\n\t\t\t\t\ttranslations['openlayerAtStartup'] = \"open layer at startup\";\n\t\t\t\t\ttranslations['generateLink'] = \"link to this map with opened layers\";\n\t\t\t\t\ttranslations['shortDescription'] = \"short description\";\n\t\t\t\t\ttranslations['generatedShortCode'] = \"to get a text control link paste this code in your wordpress editor\";\n\t\t\t\t\ttranslations['closeLayer'] = \"close layer\";\n\t\t\t\t\ttranslations['cantGenerateLink'] = \"put this string in the existing map short code to control this map\";\n\t\t\t  <\/script>\n\n\n\t\t\t  <script type=\"text\/javascript\">\n\t\t\t  vectorM['map_ol3js_1'] = [];\n\t        \n        var raster = getTileLayer(\"osm\",\"NoKey\");\t\t\t\n\n\t\t\t  var map_ol3js_1 = new ol.Map({\n\t\t\t\tinteractions: ol.interaction.defaults.defaults({mouseWheelZoom:false}),\n\t\t\t\tlayers: [raster],\n\t\t\t\ttarget: \"map_ol3js_1\",\n\t\t\t\tview: new ol.View({\n\t\t\t\t  center: ol.proj.transform([4.3645,44.6392], \"EPSG:4326\", \"EPSG:3857\"),\n\t\t\t\t  zoom: 12.0\n\t\t\t\t})\n\t\t\t  });\n\t\t\t  osm_addMarkerLayer(map_ol3js_1,4.3649,44.6357,\"https:\/\/sagardeche.fr\/wordpress\/wp-content\/plugins\/osm\/icons\/mic_black_bus_10.png\",-16,-41,\"<p><\/p>\") ; \naddControls2Map(map_ol3js_1,0,0,3,0,5,6,7,0,1);\nosm_addPopupClickhandler(map_ol3js_1,  \"map_ol3js_1\"); \nosm_addMouseHover(map_ol3js_1); <\/script>\n","protected":false},"excerpt":{"rendered":"<p>En 1739 une gr\u00eale tr\u00e8s s\u00e9v\u00e8re a an\u00e9anti les r\u00e9coltes d\u2019une partie du royaume de France, notamment en Vivarais et en particulier dans la paroisse de Mercuer. Louis XV, alors \u00e2g\u00e9 de 29 ans, donne pour instruction de faire verser aux paysans sinistr\u00e9s des d\u00e9dommagements pr\u00e9lev\u00e9s sur le produit des imp\u00f4ts (taille et capitation) afin [&hellip;]<\/p>\n","protected":false},"author":1,"featured_media":212,"parent":0,"menu_order":0,"comment_status":"closed","ping_status":"closed","template":"","meta":{"footnotes":""},"categories":[4],"tags":[],"class_list":["post-624","page","type-page","status-publish","has-post-thumbnail","hentry","category-dossiers"],"yoast_head":"<!-- This site is optimized with the Yoast SEO plugin v24.2 - https:\/\/yoast.com\/wordpress\/plugins\/seo\/ -->\n<title>Gr\u00eale \u00e0 Mercuer - SagArdeche<\/title>\n<meta name=\"description\" content=\"Gr\u00eale \u00e0 Mercuer SagArdeche Soci\u00e9t\u00e9 amateurs g\u00e9n\u00e9alogie Ard\u00e8che Registres BMS Notaires paroissiaux Origines Ard\u00e9choises expoactes saga protestants\" \/>\n<meta name=\"robots\" content=\"index, follow, max-snippet:-1, max-image-preview:large, max-video-preview:-1\" \/>\n<link rel=\"canonical\" href=\"https:\/\/sagardeche.fr\/wordpress\/index.php\/grele-a-mercuer\/\" \/>\n<meta property=\"og:locale\" content=\"fr_FR\" \/>\n<meta property=\"og:type\" content=\"article\" \/>\n<meta property=\"og:title\" content=\"Gr\u00eale \u00e0 Mercuer - SagArdeche\" \/>\n<meta property=\"og:description\" content=\"Gr\u00eale \u00e0 Mercuer SagArdeche Soci\u00e9t\u00e9 amateurs g\u00e9n\u00e9alogie Ard\u00e8che Registres BMS Notaires paroissiaux Origines Ard\u00e9choises expoactes saga protestants\" \/>\n<meta property=\"og:url\" content=\"https:\/\/sagardeche.fr\/wordpress\/index.php\/grele-a-mercuer\/\" \/>\n<meta property=\"og:site_name\" content=\"SagArdeche\" \/>\n<meta property=\"article:publisher\" content=\"https:\/\/www.facebook.com\/geneardeche\" \/>\n<meta property=\"article:modified_time\" content=\"2022-09-18T14:16:30+00:00\" \/>\n<meta property=\"og:image\" content=\"https:\/\/sagardeche.fr\/wordpress\/wp-content\/uploads\/2022\/06\/Grelons.png\" \/>\n\t<meta property=\"og:image:width\" content=\"624\" \/>\n\t<meta property=\"og:image:height\" content=\"337\" \/>\n\t<meta property=\"og:image:type\" content=\"image\/png\" \/>\n<meta name=\"twitter:card\" content=\"summary_large_image\" \/>\n<meta name=\"twitter:label1\" content=\"Dur\u00e9e de lecture estim\u00e9e\" \/>\n\t<meta name=\"twitter:data1\" content=\"6 minutes\" \/>\n<script type=\"application\/ld+json\" class=\"yoast-schema-graph\">{\"@context\":\"https:\/\/schema.org\",\"@graph\":[{\"@type\":\"WebPage\",\"@id\":\"https:\/\/sagardeche.fr\/wordpress\/index.php\/grele-a-mercuer\/\",\"url\":\"https:\/\/sagardeche.fr\/wordpress\/index.php\/grele-a-mercuer\/\",\"name\":\"Gr\u00eale \u00e0 Mercuer - SagArdeche\",\"isPartOf\":{\"@id\":\"https:\/\/sagardeche.fr\/wordpress\/#website\"},\"primaryImageOfPage\":{\"@id\":\"https:\/\/sagardeche.fr\/wordpress\/index.php\/grele-a-mercuer\/#primaryimage\"},\"image\":{\"@id\":\"https:\/\/sagardeche.fr\/wordpress\/index.php\/grele-a-mercuer\/#primaryimage\"},\"thumbnailUrl\":\"https:\/\/sagardeche.fr\/wordpress\/wp-content\/uploads\/2022\/06\/Grelons.png\",\"datePublished\":\"2022-07-28T06:13:23+00:00\",\"dateModified\":\"2022-09-18T14:16:30+00:00\",\"description\":\"Gr\u00eale \u00e0 Mercuer SagArdeche Soci\u00e9t\u00e9 amateurs g\u00e9n\u00e9alogie Ard\u00e8che Registres BMS Notaires paroissiaux Origines Ard\u00e9choises expoactes saga protestants\",\"breadcrumb\":{\"@id\":\"https:\/\/sagardeche.fr\/wordpress\/index.php\/grele-a-mercuer\/#breadcrumb\"},\"inLanguage\":\"fr-FR\",\"potentialAction\":[{\"@type\":\"ReadAction\",\"target\":[\"https:\/\/sagardeche.fr\/wordpress\/index.php\/grele-a-mercuer\/\"]}]},{\"@type\":\"ImageObject\",\"inLanguage\":\"fr-FR\",\"@id\":\"https:\/\/sagardeche.fr\/wordpress\/index.php\/grele-a-mercuer\/#primaryimage\",\"url\":\"https:\/\/sagardeche.fr\/wordpress\/wp-content\/uploads\/2022\/06\/Grelons.png\",\"contentUrl\":\"https:\/\/sagardeche.fr\/wordpress\/wp-content\/uploads\/2022\/06\/Grelons.png\",\"width\":624,\"height\":337},{\"@type\":\"BreadcrumbList\",\"@id\":\"https:\/\/sagardeche.fr\/wordpress\/index.php\/grele-a-mercuer\/#breadcrumb\",\"itemListElement\":[{\"@type\":\"ListItem\",\"position\":1,\"name\":\"Accueil\",\"item\":\"https:\/\/sagardeche.fr\/wordpress\/\"},{\"@type\":\"ListItem\",\"position\":2,\"name\":\"Gr\u00eale \u00e0 Mercuer\"}]},{\"@type\":\"WebSite\",\"@id\":\"https:\/\/sagardeche.fr\/wordpress\/#website\",\"url\":\"https:\/\/sagardeche.fr\/wordpress\/\",\"name\":\"SagArdeche\",\"description\":\"Soci\u00e9t\u00e9 des Amateurs de G\u00e9n\u00e9alogie de l&#039;Ard\u00e8che\",\"publisher\":{\"@id\":\"https:\/\/sagardeche.fr\/wordpress\/#organization\"},\"alternateName\":\"saga\",\"potentialAction\":[{\"@type\":\"SearchAction\",\"target\":{\"@type\":\"EntryPoint\",\"urlTemplate\":\"https:\/\/sagardeche.fr\/wordpress\/?s={search_term_string}\"},\"query-input\":{\"@type\":\"PropertyValueSpecification\",\"valueRequired\":true,\"valueName\":\"search_term_string\"}}],\"inLanguage\":\"fr-FR\"},{\"@type\":\"Organization\",\"@id\":\"https:\/\/sagardeche.fr\/wordpress\/#organization\",\"name\":\"Soci\u00e9t\u00e9 des Amateurs de G\u00e9n\u00e9alogie de l'Ard\u00e8che\",\"alternateName\":\"SAGA\",\"url\":\"https:\/\/sagardeche.fr\/wordpress\/\",\"logo\":{\"@type\":\"ImageObject\",\"inLanguage\":\"fr-FR\",\"@id\":\"https:\/\/sagardeche.fr\/wordpress\/#\/schema\/logo\/image\/\",\"url\":\"https:\/\/sagardeche.fr\/wordpress\/wp-content\/uploads\/2022\/06\/cropped-LogoSAGA3-1.jpg\",\"contentUrl\":\"https:\/\/sagardeche.fr\/wordpress\/wp-content\/uploads\/2022\/06\/cropped-LogoSAGA3-1.jpg\",\"width\":50,\"height\":80,\"caption\":\"Soci\u00e9t\u00e9 des Amateurs de G\u00e9n\u00e9alogie de l'Ard\u00e8che\"},\"image\":{\"@id\":\"https:\/\/sagardeche.fr\/wordpress\/#\/schema\/logo\/image\/\"},\"sameAs\":[\"https:\/\/www.facebook.com\/geneardeche\"]}]}<\/script>\n<!-- \/ Yoast SEO plugin. -->","yoast_head_json":{"title":"Gr\u00eale \u00e0 Mercuer - SagArdeche","description":"Gr\u00eale \u00e0 Mercuer SagArdeche Soci\u00e9t\u00e9 amateurs g\u00e9n\u00e9alogie Ard\u00e8che Registres BMS Notaires paroissiaux Origines Ard\u00e9choises expoactes saga protestants","robots":{"index":"index","follow":"follow","max-snippet":"max-snippet:-1","max-image-preview":"max-image-preview:large","max-video-preview":"max-video-preview:-1"},"canonical":"https:\/\/sagardeche.fr\/wordpress\/index.php\/grele-a-mercuer\/","og_locale":"fr_FR","og_type":"article","og_title":"Gr\u00eale \u00e0 Mercuer - SagArdeche","og_description":"Gr\u00eale \u00e0 Mercuer SagArdeche Soci\u00e9t\u00e9 amateurs g\u00e9n\u00e9alogie Ard\u00e8che Registres BMS Notaires paroissiaux Origines Ard\u00e9choises expoactes saga protestants","og_url":"https:\/\/sagardeche.fr\/wordpress\/index.php\/grele-a-mercuer\/","og_site_name":"SagArdeche","article_publisher":"https:\/\/www.facebook.com\/geneardeche","article_modified_time":"2022-09-18T14:16:30+00:00","og_image":[{"width":624,"height":337,"url":"https:\/\/sagardeche.fr\/wordpress\/wp-content\/uploads\/2022\/06\/Grelons.png","type":"image\/png"}],"twitter_card":"summary_large_image","twitter_misc":{"Dur\u00e9e de lecture estim\u00e9e":"6 minutes"},"schema":{"@context":"https:\/\/schema.org","@graph":[{"@type":"WebPage","@id":"https:\/\/sagardeche.fr\/wordpress\/index.php\/grele-a-mercuer\/","url":"https:\/\/sagardeche.fr\/wordpress\/index.php\/grele-a-mercuer\/","name":"Gr\u00eale \u00e0 Mercuer - SagArdeche","isPartOf":{"@id":"https:\/\/sagardeche.fr\/wordpress\/#website"},"primaryImageOfPage":{"@id":"https:\/\/sagardeche.fr\/wordpress\/index.php\/grele-a-mercuer\/#primaryimage"},"image":{"@id":"https:\/\/sagardeche.fr\/wordpress\/index.php\/grele-a-mercuer\/#primaryimage"},"thumbnailUrl":"https:\/\/sagardeche.fr\/wordpress\/wp-content\/uploads\/2022\/06\/Grelons.png","datePublished":"2022-07-28T06:13:23+00:00","dateModified":"2022-09-18T14:16:30+00:00","description":"Gr\u00eale \u00e0 Mercuer SagArdeche Soci\u00e9t\u00e9 amateurs g\u00e9n\u00e9alogie Ard\u00e8che Registres BMS Notaires paroissiaux Origines Ard\u00e9choises expoactes saga protestants","breadcrumb":{"@id":"https:\/\/sagardeche.fr\/wordpress\/index.php\/grele-a-mercuer\/#breadcrumb"},"inLanguage":"fr-FR","potentialAction":[{"@type":"ReadAction","target":["https:\/\/sagardeche.fr\/wordpress\/index.php\/grele-a-mercuer\/"]}]},{"@type":"ImageObject","inLanguage":"fr-FR","@id":"https:\/\/sagardeche.fr\/wordpress\/index.php\/grele-a-mercuer\/#primaryimage","url":"https:\/\/sagardeche.fr\/wordpress\/wp-content\/uploads\/2022\/06\/Grelons.png","contentUrl":"https:\/\/sagardeche.fr\/wordpress\/wp-content\/uploads\/2022\/06\/Grelons.png","width":624,"height":337},{"@type":"BreadcrumbList","@id":"https:\/\/sagardeche.fr\/wordpress\/index.php\/grele-a-mercuer\/#breadcrumb","itemListElement":[{"@type":"ListItem","position":1,"name":"Accueil","item":"https:\/\/sagardeche.fr\/wordpress\/"},{"@type":"ListItem","position":2,"name":"Gr\u00eale \u00e0 Mercuer"}]},{"@type":"WebSite","@id":"https:\/\/sagardeche.fr\/wordpress\/#website","url":"https:\/\/sagardeche.fr\/wordpress\/","name":"SagArdeche","description":"Soci\u00e9t\u00e9 des Amateurs de G\u00e9n\u00e9alogie de l&#039;Ard\u00e8che","publisher":{"@id":"https:\/\/sagardeche.fr\/wordpress\/#organization"},"alternateName":"saga","potentialAction":[{"@type":"SearchAction","target":{"@type":"EntryPoint","urlTemplate":"https:\/\/sagardeche.fr\/wordpress\/?s={search_term_string}"},"query-input":{"@type":"PropertyValueSpecification","valueRequired":true,"valueName":"search_term_string"}}],"inLanguage":"fr-FR"},{"@type":"Organization","@id":"https:\/\/sagardeche.fr\/wordpress\/#organization","name":"Soci\u00e9t\u00e9 des Amateurs de G\u00e9n\u00e9alogie de l'Ard\u00e8che","alternateName":"SAGA","url":"https:\/\/sagardeche.fr\/wordpress\/","logo":{"@type":"ImageObject","inLanguage":"fr-FR","@id":"https:\/\/sagardeche.fr\/wordpress\/#\/schema\/logo\/image\/","url":"https:\/\/sagardeche.fr\/wordpress\/wp-content\/uploads\/2022\/06\/cropped-LogoSAGA3-1.jpg","contentUrl":"https:\/\/sagardeche.fr\/wordpress\/wp-content\/uploads\/2022\/06\/cropped-LogoSAGA3-1.jpg","width":50,"height":80,"caption":"Soci\u00e9t\u00e9 des Amateurs de G\u00e9n\u00e9alogie de l'Ard\u00e8che"},"image":{"@id":"https:\/\/sagardeche.fr\/wordpress\/#\/schema\/logo\/image\/"},"sameAs":["https:\/\/www.facebook.com\/geneardeche"]}]}},"_links":{"self":[{"href":"https:\/\/sagardeche.fr\/wordpress\/index.php\/wp-json\/wp\/v2\/pages\/624","targetHints":{"allow":["GET"]}}],"collection":[{"href":"https:\/\/sagardeche.fr\/wordpress\/index.php\/wp-json\/wp\/v2\/pages"}],"about":[{"href":"https:\/\/sagardeche.fr\/wordpress\/index.php\/wp-json\/wp\/v2\/types\/page"}],"author":[{"embeddable":true,"href":"https:\/\/sagardeche.fr\/wordpress\/index.php\/wp-json\/wp\/v2\/users\/1"}],"replies":[{"embeddable":true,"href":"https:\/\/sagardeche.fr\/wordpress\/index.php\/wp-json\/wp\/v2\/comments?post=624"}],"version-history":[{"count":2,"href":"https:\/\/sagardeche.fr\/wordpress\/index.php\/wp-json\/wp\/v2\/pages\/624\/revisions"}],"predecessor-version":[{"id":664,"href":"https:\/\/sagardeche.fr\/wordpress\/index.php\/wp-json\/wp\/v2\/pages\/624\/revisions\/664"}],"wp:featuredmedia":[{"embeddable":true,"href":"https:\/\/sagardeche.fr\/wordpress\/index.php\/wp-json\/wp\/v2\/media\/212"}],"wp:attachment":[{"href":"https:\/\/sagardeche.fr\/wordpress\/index.php\/wp-json\/wp\/v2\/media?parent=624"}],"wp:term":[{"taxonomy":"category","embeddable":true,"href":"https:\/\/sagardeche.fr\/wordpress\/index.php\/wp-json\/wp\/v2\/categories?post=624"},{"taxonomy":"post_tag","embeddable":true,"href":"https:\/\/sagardeche.fr\/wordpress\/index.php\/wp-json\/wp\/v2\/tags?post=624"}],"curies":[{"name":"wp","href":"https:\/\/api.w.org\/{rel}","templated":true}]}}