{"id":597,"date":"2022-07-27T09:00:44","date_gmt":"2022-07-27T07:00:44","guid":{"rendered":"https:\/\/sagardeche.fr\/wordpress\/?page_id=597"},"modified":"2024-06-28T08:33:10","modified_gmt":"2024-06-28T06:33:10","slug":"historique-et-presentation-de-la-s-a-g-a","status":"publish","type":"page","link":"https:\/\/sagardeche.fr\/wordpress\/index.php\/historique-et-presentation-de-la-s-a-g-a\/","title":{"rendered":"Historique et pr\u00e9sentation de la S.A.G.A."},"content":{"rendered":"\n<p>Issue de la soci\u00e9t\u00e9 savante \u00ab Les Amis du Fonds Vivarois \u00bb de la r\u00e9gion d\u2019Annonay, la S.A.G.A. (Soci\u00e9t\u00e9 des Amateurs de G\u00e9n\u00e9alogie de l\u2019Ard\u00e8che) association r\u00e9gie par la loi de 1901, fut cr\u00e9e le 6 octobre1989 lors d\u2019une Assembl\u00e9e G\u00e9n\u00e9rale fondatrice.<br>Un bureau provisoire fut \u00e9lu et la d\u00e9claration de l\u2019association a \u00e9t\u00e9 effectu\u00e9e le m\u00eame jour aupr\u00e8s des services pr\u00e9fectoraux, le si\u00e8ge social \u00e9tant fix\u00e9 aux Archives D\u00e9partementales de l\u2019Ard\u00e8che.<br>Le premier bureau \u00e9tait constitu\u00e9 ainsi: Pr\u00e9sident fondateur Michel GUIGAL, Secr\u00e9taire Alain IBARRONDEAU, Secr\u00e9taire Adjointe Christine COSTAZ, Tr\u00e9sorier Georges MATHEVET, Tr\u00e9sori\u00e8re adjointe Madeleine AUDIBRAN.<br>L\u2019Ard\u00e8che, apr\u00e8s plusieurs ann\u00e9es de coexistence avec la Dr\u00f4me, dans le cadre de l\u2019association \u00ab Etudes G\u00e9n\u00e9alogiques Dr\u00f4me-Ard\u00e8che \u00bb, devenait autonome.<\/p>\n\n\n\n<p>Devant l\u2019engouement pour la g\u00e9n\u00e9alogie, et avec l\u2019accord de Monsieur DUPRAZ, Directeur des Archives D\u00e9partementales de l\u2019Ard\u00e8che, une action de pr\u00e9servation par photocopies des registres de l\u2019\u00e9tat civil catholique et protestant des paroisses de tout le d\u00e9partement, abim\u00e9s par d\u2019intenses consultations est mise en place. Ces photocopies sont reli\u00e9es par \u00ab emboitage \u00bb et transform\u00e9es en registres de fac-simil\u00e9, munis de tables analytiques. Plus de 2000 registres furent ainsi constitu\u00e9s. Ces registres, consultables au local de la Saga, pouvaient \u00eatre envoy\u00e9s par colis postal, durant de nombreuses ann\u00e9es, au domicile de nos adh\u00e9rents en France et \u00e0 l\u2019\u00e9tranger, par un service de pr\u00eat in\u00e9dit, avant d\u2019\u00eatre num\u00e9ris\u00e9s et mis en ligne sur le site du Conseil G\u00e9n\u00e9ral de l\u2019Ard\u00e8che, apr\u00e8s signature d\u2019une convention, le 29 septembre 2005, entre Monsieur Michel TESTON Pr\u00e9sident du Conseil G\u00e9n\u00e9ral et Michel GUIGAL Pr\u00e9sident de la SAGA. Cette op\u00e9ration de num\u00e9risation, d\u2019indexation et de mise en ligne sur le site du Conseil G\u00e9n\u00e9ral de l\u2019Ard\u00e8che, a \u00e9t\u00e9 reconduite pour l\u2019\u00e9tat civil de la p\u00e9riode r\u00e9volutionnaire de 1793 \u00e0 1802, officialis\u00e9e par une convention sign\u00e9e le 1er Avril 2010, entre Monsieur Pascal TERRASSE Pr\u00e9sident du Conseil G\u00e9n\u00e9ral et Henri SEVENIER Pr\u00e9sident de la SAGA.<br>Devant les importantes lacunes constat\u00e9es dans l\u2019\u00e9tat civil de la p\u00e9riode r\u00e9volutionnaire, et afin de combler une partie de ces lacunes, nous avons sollicit\u00e9 aupr\u00e8s du dioc\u00e8se de Viviers et des Archives D\u00e9partementales, l\u2019autorisation de num\u00e9riser les registres paroissiaux de cette p\u00e9riode.<br>Apr\u00e8s signature d\u2019une convention tripartite entre Monseigneur l\u2019Ev\u00eaque de Viviers, Monsieur le Pr\u00e9sident D\u00e9partemental de l\u2019Ard\u00e8che et notre association, nous pouvons effectuer cette num\u00e9risation qui sera mise en ligne sur le site des Archives D\u00e9partementales et une copie papier consultable au local de la SAGA.<br>Participation de la SAGA, \u00e0 la demande de Madame PORTE, directrice des Archives D\u00e9partementales de l\u2019Ard\u00e8che, \u00e0 la comm\u00e9moration du centenaire de la Premi\u00e8re Guerre mondiale 1914\/1918, par l\u2019indexation r\u00e9alis\u00e9e par nos b\u00e9n\u00e9voles, d\u00e9but de l\u2019ann\u00e9e 2014, des quelques 25 000 cartes des anciens combattants, en collaboration avec les Archives D\u00e9partementales de l\u2019Ard\u00e8che. Dans la m\u00eame optique de sauvegarde et de protection des documents originaux, la SAGA a souhait\u00e9 reconduire le travail de num\u00e9risation, de d\u00e9cryptage et d\u2019indexation, de plus de 20 000 minutiers de tous les notaires de l\u2019Ard\u00e8che de plus de 75 ans. Cet \u00e9norme travail, intitul\u00e9 \u00ab Op\u00e9ration Notaires \u00bb lanc\u00e9 lors du Congr\u00e8s de Bourlatier en 2007 \u00e0 l\u2019initiative de Jacques BERGON, va mobiliser nos b\u00e9n\u00e9voles durant de nombreuses ann\u00e9es, avec l\u2019active participation de l\u2019association VIVELAY. Ce projet a \u00e9galement \u00e9t\u00e9 concr\u00e9tis\u00e9 par la signature d\u2019une nouvelle convention, sign\u00e9e le 15 juin 2016 au local de la SAGA entre Monsieur Herv\u00e9 SAULIGNAC Pr\u00e9sident du Conseil D\u00e9partemental de l\u2019Ard\u00e8che et Henri SEVENIER, alors Pr\u00e9sident de la SAGA. Les r\u00e9sultats de ces travaux sont accessibles \u00e0 tous les internautes, sur le site des Archives D\u00e9partementales, en salle de lecture des Archives et au local de la SAGA. A noter l\u2019obtention de la reconnaissance d\u2019utilit\u00e9 publique de notre association par d\u00e9cret minist\u00e9riel, en date du 3 d\u00e9cembre 2013.<\/p>\n\n\n<div class=\"wp-block-image\">\n<figure class=\"aligncenter size-large is-resized\"><img loading=\"lazy\" decoding=\"async\" src=\"https:\/\/sagardeche.fr\/wordpress\/wp-content\/uploads\/2022\/06\/REGISTRE-copier-701x1024.jpg\" alt=\"\" class=\"wp-image-232\" width=\"175\" height=\"256\" srcset=\"https:\/\/sagardeche.fr\/wordpress\/wp-content\/uploads\/2022\/06\/REGISTRE-copier-701x1024.jpg 701w, https:\/\/sagardeche.fr\/wordpress\/wp-content\/uploads\/2022\/06\/REGISTRE-copier-206x300.jpg 206w, https:\/\/sagardeche.fr\/wordpress\/wp-content\/uploads\/2022\/06\/REGISTRE-copier-768x1121.jpg 768w, https:\/\/sagardeche.fr\/wordpress\/wp-content\/uploads\/2022\/06\/REGISTRE-copier-1052x1536.jpg 1052w, https:\/\/sagardeche.fr\/wordpress\/wp-content\/uploads\/2022\/06\/REGISTRE-copier.jpg 1096w\" sizes=\"auto, (max-width: 175px) 100vw, 175px\" \/><\/figure><\/div>\n\n\n<p><strong>La SAGA en bref<\/strong><\/p>\n\n\n\n<p>Soci\u00e9t\u00e9 des amateurs de g\u00e9n\u00e9alogie de l\u2019Ard\u00e8che, association de g\u00e9n\u00e9alogie cr\u00e9e en 1989, r\u00e9gie par la loi de 1901.<br>Si\u00e8ge social : Archives D\u00e9partementales de l\u2019Ard\u00e8che, place Andr\u00e9s Malraux,<br>PRIVAS.<br>Adresse du local: 178 Route de Privas<br>07210 Chom\u00e9rac.<br>Tel: 04 75 64 84 13 <br>Adresse Email : saga3@wanadoo.fr<br>Site web SAGA http:\/\/www.sagardeche.fr<br>Facebook: http:\/\/www.facebook.com.geneardeche .<br>Acc\u00e8s aux tables des registres paroissiaux catholiques, paroissiaux protestants, \u00e9tat-civil et notariaux: accessible sur le site par les adh\u00e9rents Premium.<br>Un local de 85m2 a \u00e9t\u00e9 acquis en 2005 \u00e0 CHOMERAC. Plus de 3000 registres y sont entrepos\u00e9s. Il comporte un espace consultation et lecture des registres, un \u00e9quipement de deux postes informatiques, un atelier de reliure. Un salari\u00e9 permanent accueille, conseille et aide les adh\u00e9rents. <\/p>\n\n\n\n<p>Nombre d\u2019adh\u00e9rents : 1000. Conseil d\u2019administration : 21 membres. Bureau : 7 membres, 1 pr\u00e9sident, 2 vice-pr\u00e9sidents, 1 secr\u00e9taire, 1 secr\u00e9taire adjoint, 1 tr\u00e9sorier, 1 tr\u00e9sorier adjoint. 4 pr\u00e9sidents successifs : Michel GUIGAL, pr\u00e9sident fondateur, d\u2019Octobre 1989 \u00e0 Octobre 2008, d\u00e9c\u00e9d\u00e9 le 2 Avril 2014, Henri SEVENIER, d\u2019Octobre 2008 \u00e0 Mai 2017, Patrice GUERIN entre Mai 2017 et Juin 2023, Emmanuel COIRATON depuis Mai 2023. Assembl\u00e9e g\u00e9n\u00e9rale d\u00e9centralis\u00e9 au mois de Mars. Un forum de g\u00e9n\u00e9alogie \u00e0 Chom\u00e9rac en avril. Une antenne Paris Ile de France peut effectuer, pour nos adh\u00e9rents, des recherches de documents. Une revue trimestrielle, Origines Ard\u00e9choises, \u00e9dit\u00e9e par la SAGA, avec des articles divers, \u00e9crits par nos adh\u00e9rents, diverses rubriques. Elaboration de plusieurs brochures : les tables alphab\u00e9tiques des actes de mariages, testaments, donations des insinuations de l\u2019enregistrement anciens des baillages de Villeneuve de Berg et d\u2019Annonay, le petit lexique des notaires, les lacunes des registres paroissiaux, le r\u00e9pertoire des notaires de l\u2019Ard\u00e8che, 1 CD des Patronymes Ard\u00e9chois. Notre service de pr\u00eat des registres de l\u2019\u00e9tat civil catholique, protestant et de la p\u00e9riode r\u00e9volutionnaire continue d\u2019assumer sa mission initiale. Un service d\u2019entraide performant effectue, pour nos adh\u00e9rents ne pouvant se d\u00e9placer, des recherches et photos d\u2019actes au local ou aux Archives, ainsi qu\u2019un d\u00e9cryptage succinct des actes des notaires. Plusieurs de nos b\u00e9n\u00e9voles animent des ateliers de pal\u00e9ographie et des r\u00e9unions d\u2019initiation \u00e0 la g\u00e9n\u00e9alogie pour diverses associations : retrait\u00e9s, scolaires etc, participent \u00e0 de nombreux forums et rencontres g\u00e9n\u00e9alogiques dans plusieurs d\u00e9partements. D\u2019autres projets sont \u00e9videmment en cours :  r\u00e9vision des registres catholiques et protestants : relev\u00e9, indexation et num\u00e9risation du contr\u00f4le des actes, relev\u00e9, indexation et num\u00e9risation des tables filiatives des mariages de 1903 \u00e0 1942.<\/p>\n\n\n\n<figure class=\"wp-block-image size-large\"><img loading=\"lazy\" decoding=\"async\" width=\"1024\" height=\"585\" src=\"https:\/\/sagardeche.fr\/wordpress\/wp-content\/uploads\/2022\/06\/IMG_20210907_113343-1024x585.jpg\" alt=\"\" class=\"wp-image-226\" srcset=\"https:\/\/sagardeche.fr\/wordpress\/wp-content\/uploads\/2022\/06\/IMG_20210907_113343-1024x585.jpg 1024w, https:\/\/sagardeche.fr\/wordpress\/wp-content\/uploads\/2022\/06\/IMG_20210907_113343-300x172.jpg 300w, https:\/\/sagardeche.fr\/wordpress\/wp-content\/uploads\/2022\/06\/IMG_20210907_113343-768x439.jpg 768w, https:\/\/sagardeche.fr\/wordpress\/wp-content\/uploads\/2022\/06\/IMG_20210907_113343-1536x878.jpg 1536w, https:\/\/sagardeche.fr\/wordpress\/wp-content\/uploads\/2022\/06\/IMG_20210907_113343-2048x1171.jpg 2048w\" sizes=\"auto, (max-width: 1024px) 100vw, 1024px\" \/><figcaption>Le Local de Chom\u00e9rac<\/figcaption><\/figure>\n\n\n\n<p><\/p>\n","protected":false},"excerpt":{"rendered":"<p>Issue de la soci\u00e9t\u00e9 savante \u00ab Les Amis du Fonds Vivarois \u00bb de la r\u00e9gion d\u2019Annonay, la S.A.G.A. (Soci\u00e9t\u00e9 des Amateurs de G\u00e9n\u00e9alogie de l\u2019Ard\u00e8che) association r\u00e9gie par la loi de 1901, fut cr\u00e9e le 6 octobre1989 lors d\u2019une Assembl\u00e9e G\u00e9n\u00e9rale fondatrice.Un bureau provisoire fut \u00e9lu et la d\u00e9claration de l\u2019association a \u00e9t\u00e9 effectu\u00e9e le [&hellip;]<\/p>\n","protected":false},"author":1,"featured_media":0,"parent":0,"menu_order":0,"comment_status":"closed","ping_status":"closed","template":"","meta":{"footnotes":""},"categories":[3],"tags":[],"class_list":["post-597","page","type-page","status-publish","hentry","category-association"],"yoast_head":"<!-- This site is optimized with the Yoast SEO plugin v24.2 - https:\/\/yoast.com\/wordpress\/plugins\/seo\/ -->\n<title>Historique et pr\u00e9sentation de la S.A.G.A. - SagArdeche<\/title>\n<meta name=\"description\" content=\"Historique et pr\u00e9sentation de la S.A.G.A. SagArdeche Soci\u00e9t\u00e9 amateurs g\u00e9n\u00e9alogie Ard\u00e8che Registres BMS Notaires paroissiaux Origines Ard\u00e9choises expoactes saga protestants\" \/>\n<meta name=\"robots\" content=\"index, follow, max-snippet:-1, max-image-preview:large, max-video-preview:-1\" \/>\n<link rel=\"canonical\" href=\"https:\/\/sagardeche.fr\/wordpress\/index.php\/historique-et-presentation-de-la-s-a-g-a\/\" \/>\n<meta property=\"og:locale\" content=\"fr_FR\" \/>\n<meta property=\"og:type\" content=\"article\" \/>\n<meta property=\"og:title\" content=\"Historique et pr\u00e9sentation de la S.A.G.A. - SagArdeche\" \/>\n<meta property=\"og:description\" content=\"Historique et pr\u00e9sentation de la S.A.G.A. SagArdeche Soci\u00e9t\u00e9 amateurs g\u00e9n\u00e9alogie Ard\u00e8che Registres BMS Notaires paroissiaux Origines Ard\u00e9choises expoactes saga protestants\" \/>\n<meta property=\"og:url\" content=\"https:\/\/sagardeche.fr\/wordpress\/index.php\/historique-et-presentation-de-la-s-a-g-a\/\" \/>\n<meta property=\"og:site_name\" content=\"SagArdeche\" \/>\n<meta property=\"article:publisher\" content=\"https:\/\/www.facebook.com\/geneardeche\" \/>\n<meta property=\"article:modified_time\" content=\"2024-06-28T06:33:10+00:00\" \/>\n<meta property=\"og:image\" content=\"https:\/\/sagardeche.fr\/wordpress\/wp-content\/uploads\/2022\/06\/REGISTRE-copier-701x1024.jpg\" \/>\n<meta name=\"twitter:card\" content=\"summary_large_image\" \/>\n<meta name=\"twitter:label1\" content=\"Dur\u00e9e de lecture estim\u00e9e\" \/>\n\t<meta name=\"twitter:data1\" content=\"6 minutes\" \/>\n<script type=\"application\/ld+json\" class=\"yoast-schema-graph\">{\"@context\":\"https:\/\/schema.org\",\"@graph\":[{\"@type\":\"WebPage\",\"@id\":\"https:\/\/sagardeche.fr\/wordpress\/index.php\/historique-et-presentation-de-la-s-a-g-a\/\",\"url\":\"https:\/\/sagardeche.fr\/wordpress\/index.php\/historique-et-presentation-de-la-s-a-g-a\/\",\"name\":\"Historique et pr\u00e9sentation de la S.A.G.A. - SagArdeche\",\"isPartOf\":{\"@id\":\"https:\/\/sagardeche.fr\/wordpress\/#website\"},\"primaryImageOfPage\":{\"@id\":\"https:\/\/sagardeche.fr\/wordpress\/index.php\/historique-et-presentation-de-la-s-a-g-a\/#primaryimage\"},\"image\":{\"@id\":\"https:\/\/sagardeche.fr\/wordpress\/index.php\/historique-et-presentation-de-la-s-a-g-a\/#primaryimage\"},\"thumbnailUrl\":\"https:\/\/sagardeche.fr\/wordpress\/wp-content\/uploads\/2022\/06\/REGISTRE-copier-701x1024.jpg\",\"datePublished\":\"2022-07-27T07:00:44+00:00\",\"dateModified\":\"2024-06-28T06:33:10+00:00\",\"description\":\"Historique et pr\u00e9sentation de la S.A.G.A. SagArdeche Soci\u00e9t\u00e9 amateurs g\u00e9n\u00e9alogie Ard\u00e8che Registres BMS Notaires paroissiaux Origines Ard\u00e9choises expoactes saga protestants\",\"breadcrumb\":{\"@id\":\"https:\/\/sagardeche.fr\/wordpress\/index.php\/historique-et-presentation-de-la-s-a-g-a\/#breadcrumb\"},\"inLanguage\":\"fr-FR\",\"potentialAction\":[{\"@type\":\"ReadAction\",\"target\":[\"https:\/\/sagardeche.fr\/wordpress\/index.php\/historique-et-presentation-de-la-s-a-g-a\/\"]}]},{\"@type\":\"ImageObject\",\"inLanguage\":\"fr-FR\",\"@id\":\"https:\/\/sagardeche.fr\/wordpress\/index.php\/historique-et-presentation-de-la-s-a-g-a\/#primaryimage\",\"url\":\"https:\/\/sagardeche.fr\/wordpress\/wp-content\/uploads\/2022\/06\/REGISTRE-copier.jpg\",\"contentUrl\":\"https:\/\/sagardeche.fr\/wordpress\/wp-content\/uploads\/2022\/06\/REGISTRE-copier.jpg\",\"width\":1096,\"height\":1600},{\"@type\":\"BreadcrumbList\",\"@id\":\"https:\/\/sagardeche.fr\/wordpress\/index.php\/historique-et-presentation-de-la-s-a-g-a\/#breadcrumb\",\"itemListElement\":[{\"@type\":\"ListItem\",\"position\":1,\"name\":\"Accueil\",\"item\":\"https:\/\/sagardeche.fr\/wordpress\/\"},{\"@type\":\"ListItem\",\"position\":2,\"name\":\"Historique et pr\u00e9sentation de la S.A.G.A.\"}]},{\"@type\":\"WebSite\",\"@id\":\"https:\/\/sagardeche.fr\/wordpress\/#website\",\"url\":\"https:\/\/sagardeche.fr\/wordpress\/\",\"name\":\"SagArdeche\",\"description\":\"Soci\u00e9t\u00e9 des Amateurs de G\u00e9n\u00e9alogie de l&#039;Ard\u00e8che\",\"publisher\":{\"@id\":\"https:\/\/sagardeche.fr\/wordpress\/#organization\"},\"alternateName\":\"saga\",\"potentialAction\":[{\"@type\":\"SearchAction\",\"target\":{\"@type\":\"EntryPoint\",\"urlTemplate\":\"https:\/\/sagardeche.fr\/wordpress\/?s={search_term_string}\"},\"query-input\":{\"@type\":\"PropertyValueSpecification\",\"valueRequired\":true,\"valueName\":\"search_term_string\"}}],\"inLanguage\":\"fr-FR\"},{\"@type\":\"Organization\",\"@id\":\"https:\/\/sagardeche.fr\/wordpress\/#organization\",\"name\":\"Soci\u00e9t\u00e9 des Amateurs de G\u00e9n\u00e9alogie de l'Ard\u00e8che\",\"alternateName\":\"SAGA\",\"url\":\"https:\/\/sagardeche.fr\/wordpress\/\",\"logo\":{\"@type\":\"ImageObject\",\"inLanguage\":\"fr-FR\",\"@id\":\"https:\/\/sagardeche.fr\/wordpress\/#\/schema\/logo\/image\/\",\"url\":\"https:\/\/sagardeche.fr\/wordpress\/wp-content\/uploads\/2022\/06\/cropped-LogoSAGA3-1.jpg\",\"contentUrl\":\"https:\/\/sagardeche.fr\/wordpress\/wp-content\/uploads\/2022\/06\/cropped-LogoSAGA3-1.jpg\",\"width\":50,\"height\":80,\"caption\":\"Soci\u00e9t\u00e9 des Amateurs de G\u00e9n\u00e9alogie de l'Ard\u00e8che\"},\"image\":{\"@id\":\"https:\/\/sagardeche.fr\/wordpress\/#\/schema\/logo\/image\/\"},\"sameAs\":[\"https:\/\/www.facebook.com\/geneardeche\"]}]}<\/script>\n<!-- \/ Yoast SEO plugin. -->","yoast_head_json":{"title":"Historique et pr\u00e9sentation de la S.A.G.A. - SagArdeche","description":"Historique et pr\u00e9sentation de la S.A.G.A. SagArdeche Soci\u00e9t\u00e9 amateurs g\u00e9n\u00e9alogie Ard\u00e8che Registres BMS Notaires paroissiaux Origines Ard\u00e9choises expoactes saga protestants","robots":{"index":"index","follow":"follow","max-snippet":"max-snippet:-1","max-image-preview":"max-image-preview:large","max-video-preview":"max-video-preview:-1"},"canonical":"https:\/\/sagardeche.fr\/wordpress\/index.php\/historique-et-presentation-de-la-s-a-g-a\/","og_locale":"fr_FR","og_type":"article","og_title":"Historique et pr\u00e9sentation de la S.A.G.A. - SagArdeche","og_description":"Historique et pr\u00e9sentation de la S.A.G.A. SagArdeche Soci\u00e9t\u00e9 amateurs g\u00e9n\u00e9alogie Ard\u00e8che Registres BMS Notaires paroissiaux Origines Ard\u00e9choises expoactes saga protestants","og_url":"https:\/\/sagardeche.fr\/wordpress\/index.php\/historique-et-presentation-de-la-s-a-g-a\/","og_site_name":"SagArdeche","article_publisher":"https:\/\/www.facebook.com\/geneardeche","article_modified_time":"2024-06-28T06:33:10+00:00","og_image":[{"url":"https:\/\/sagardeche.fr\/wordpress\/wp-content\/uploads\/2022\/06\/REGISTRE-copier-701x1024.jpg","type":"","width":"","height":""}],"twitter_card":"summary_large_image","twitter_misc":{"Dur\u00e9e de lecture estim\u00e9e":"6 minutes"},"schema":{"@context":"https:\/\/schema.org","@graph":[{"@type":"WebPage","@id":"https:\/\/sagardeche.fr\/wordpress\/index.php\/historique-et-presentation-de-la-s-a-g-a\/","url":"https:\/\/sagardeche.fr\/wordpress\/index.php\/historique-et-presentation-de-la-s-a-g-a\/","name":"Historique et pr\u00e9sentation de la S.A.G.A. - SagArdeche","isPartOf":{"@id":"https:\/\/sagardeche.fr\/wordpress\/#website"},"primaryImageOfPage":{"@id":"https:\/\/sagardeche.fr\/wordpress\/index.php\/historique-et-presentation-de-la-s-a-g-a\/#primaryimage"},"image":{"@id":"https:\/\/sagardeche.fr\/wordpress\/index.php\/historique-et-presentation-de-la-s-a-g-a\/#primaryimage"},"thumbnailUrl":"https:\/\/sagardeche.fr\/wordpress\/wp-content\/uploads\/2022\/06\/REGISTRE-copier-701x1024.jpg","datePublished":"2022-07-27T07:00:44+00:00","dateModified":"2024-06-28T06:33:10+00:00","description":"Historique et pr\u00e9sentation de la S.A.G.A. SagArdeche Soci\u00e9t\u00e9 amateurs g\u00e9n\u00e9alogie Ard\u00e8che Registres BMS Notaires paroissiaux Origines Ard\u00e9choises expoactes saga protestants","breadcrumb":{"@id":"https:\/\/sagardeche.fr\/wordpress\/index.php\/historique-et-presentation-de-la-s-a-g-a\/#breadcrumb"},"inLanguage":"fr-FR","potentialAction":[{"@type":"ReadAction","target":["https:\/\/sagardeche.fr\/wordpress\/index.php\/historique-et-presentation-de-la-s-a-g-a\/"]}]},{"@type":"ImageObject","inLanguage":"fr-FR","@id":"https:\/\/sagardeche.fr\/wordpress\/index.php\/historique-et-presentation-de-la-s-a-g-a\/#primaryimage","url":"https:\/\/sagardeche.fr\/wordpress\/wp-content\/uploads\/2022\/06\/REGISTRE-copier.jpg","contentUrl":"https:\/\/sagardeche.fr\/wordpress\/wp-content\/uploads\/2022\/06\/REGISTRE-copier.jpg","width":1096,"height":1600},{"@type":"BreadcrumbList","@id":"https:\/\/sagardeche.fr\/wordpress\/index.php\/historique-et-presentation-de-la-s-a-g-a\/#breadcrumb","itemListElement":[{"@type":"ListItem","position":1,"name":"Accueil","item":"https:\/\/sagardeche.fr\/wordpress\/"},{"@type":"ListItem","position":2,"name":"Historique et pr\u00e9sentation de la S.A.G.A."}]},{"@type":"WebSite","@id":"https:\/\/sagardeche.fr\/wordpress\/#website","url":"https:\/\/sagardeche.fr\/wordpress\/","name":"SagArdeche","description":"Soci\u00e9t\u00e9 des Amateurs de G\u00e9n\u00e9alogie de l&#039;Ard\u00e8che","publisher":{"@id":"https:\/\/sagardeche.fr\/wordpress\/#organization"},"alternateName":"saga","potentialAction":[{"@type":"SearchAction","target":{"@type":"EntryPoint","urlTemplate":"https:\/\/sagardeche.fr\/wordpress\/?s={search_term_string}"},"query-input":{"@type":"PropertyValueSpecification","valueRequired":true,"valueName":"search_term_string"}}],"inLanguage":"fr-FR"},{"@type":"Organization","@id":"https:\/\/sagardeche.fr\/wordpress\/#organization","name":"Soci\u00e9t\u00e9 des Amateurs de G\u00e9n\u00e9alogie de l'Ard\u00e8che","alternateName":"SAGA","url":"https:\/\/sagardeche.fr\/wordpress\/","logo":{"@type":"ImageObject","inLanguage":"fr-FR","@id":"https:\/\/sagardeche.fr\/wordpress\/#\/schema\/logo\/image\/","url":"https:\/\/sagardeche.fr\/wordpress\/wp-content\/uploads\/2022\/06\/cropped-LogoSAGA3-1.jpg","contentUrl":"https:\/\/sagardeche.fr\/wordpress\/wp-content\/uploads\/2022\/06\/cropped-LogoSAGA3-1.jpg","width":50,"height":80,"caption":"Soci\u00e9t\u00e9 des Amateurs de G\u00e9n\u00e9alogie de l'Ard\u00e8che"},"image":{"@id":"https:\/\/sagardeche.fr\/wordpress\/#\/schema\/logo\/image\/"},"sameAs":["https:\/\/www.facebook.com\/geneardeche"]}]}},"_links":{"self":[{"href":"https:\/\/sagardeche.fr\/wordpress\/index.php\/wp-json\/wp\/v2\/pages\/597","targetHints":{"allow":["GET"]}}],"collection":[{"href":"https:\/\/sagardeche.fr\/wordpress\/index.php\/wp-json\/wp\/v2\/pages"}],"about":[{"href":"https:\/\/sagardeche.fr\/wordpress\/index.php\/wp-json\/wp\/v2\/types\/page"}],"author":[{"embeddable":true,"href":"https:\/\/sagardeche.fr\/wordpress\/index.php\/wp-json\/wp\/v2\/users\/1"}],"replies":[{"embeddable":true,"href":"https:\/\/sagardeche.fr\/wordpress\/index.php\/wp-json\/wp\/v2\/comments?post=597"}],"version-history":[{"count":2,"href":"https:\/\/sagardeche.fr\/wordpress\/index.php\/wp-json\/wp\/v2\/pages\/597\/revisions"}],"predecessor-version":[{"id":3405,"href":"https:\/\/sagardeche.fr\/wordpress\/index.php\/wp-json\/wp\/v2\/pages\/597\/revisions\/3405"}],"wp:attachment":[{"href":"https:\/\/sagardeche.fr\/wordpress\/index.php\/wp-json\/wp\/v2\/media?parent=597"}],"wp:term":[{"taxonomy":"category","embeddable":true,"href":"https:\/\/sagardeche.fr\/wordpress\/index.php\/wp-json\/wp\/v2\/categories?post=597"},{"taxonomy":"post_tag","embeddable":true,"href":"https:\/\/sagardeche.fr\/wordpress\/index.php\/wp-json\/wp\/v2\/tags?post=597"}],"curies":[{"name":"wp","href":"https:\/\/api.w.org\/{rel}","templated":true}]}}