{"id":2628,"date":"2023-03-31T08:30:21","date_gmt":"2023-03-31T06:30:21","guid":{"rendered":"https:\/\/sagardeche.fr\/wordpress\/?page_id=2628"},"modified":"2023-04-05T15:51:00","modified_gmt":"2023-04-05T13:51:00","slug":"saga-informatique-de-la-saga","status":"publish","type":"page","link":"https:\/\/sagardeche.fr\/wordpress\/index.php\/saga-informatique-de-la-saga\/","title":{"rendered":"Saga informatique de la SAGA"},"content":{"rendered":"\n<p><strong>1998, 1er service informatique :<\/strong><\/p>\n\n\n\n<p>Les donn\u00e9es SAGA sont consultables sur 3617 ABMS et 3617 GENEALOGY sur Minitel&nbsp;<\/p>\n\n\n\n<p><strong>1er trimestre 1998<\/strong>&nbsp;<\/p>\n\n\n\n<p>services t\u00e9l\u00e9matiques cr\u00e9\u00e9s et g\u00e9r\u00e9s par SWIC dirig\u00e9 par Laurent F. (puis \u00ab\u00a0repris\u00a0\u00bb par NotreFamille.com lors de l&rsquo;achat de cette soci\u00e9t\u00e9)\u00a0disparition en 2010 et premier site Internet\u00a0<\/p>\n\n\n\n<p><a href=\"http:\/\/www.mygale.org\/02\/saga\" target=\"_blank\" rel=\"noreferrer noopener\"><u><strong>http:\/\/www.mygale.org\/02\/saga<\/strong><\/u><\/a>\u00a0cr\u00e9\u00e9 par\u00a0Pascal B.<\/p>\n\n\n\n<p>Voir OA n\u00b05 page 12 \u00ab\u00a0COCORICO !\u00a0\u00bb<\/p>\n\n\n\n<p><strong>nouvelle adresse pour le site en 1999<\/strong>&nbsp;(N\u00b0 11 d&rsquo;OA page 2)&nbsp;<\/p>\n\n\n\n<p><a href=\"http:\/\/www.multimania.com\/saga\" target=\"_blank\" rel=\"noreferrer noopener\"><u><strong>http:\/\/www.multimania.com\/saga<\/strong><\/u><\/a><\/p>\n\n\n\n<p>voir \u00e9galement OA 15 page 17<\/p>\n\n\n\n<p>Le site prend le nom de&nbsp;<strong>www.geneardeche.org <\/strong>au 4\u00e8me trimestre 2001&nbsp;(OA n\u00b020)<\/p>\n\n\n\n<p><strong>D\u00e9but 2006<\/strong>,&nbsp;<\/p>\n\n\n\n<p>Jacques Dumas&nbsp;reprend et r\u00e9actualise en profondeur le site de la SAGA qui&nbsp;conserve le nom <strong>www.geneardeche.org<\/strong><\/p>\n\n\n\n<p><strong>Fin 2006<\/strong>&nbsp;<\/p>\n\n\n\n<p>(OA 40), les donn\u00e9es SAGA, d\u00e9j\u00e0 disponibles sur Minitel sont d\u00e9sormais consultables sur le site SWIC\u00a0<strong>www.patro.com<\/strong><\/p>\n\n\n\n<p><strong>D\u00e9but 2007<\/strong>, <\/p>\n\n\n\n<p>les images des actes paroissiaux sont consultables gratuitement sur le site des AD07<\/p>\n\n\n\n<p><strong>1er ao\u00fbt 2008<\/strong>\u00a0contrat avec Notrefamille.com <\/p>\n\n\n\n<p><strong>1 er ao\u00fbt 2010<\/strong>\u00a0fin du contrat avec Notre-Famille.com<\/p>\n\n\n\n<p><strong>21 octobre 2010<\/strong>&nbsp;contrat de mise en ligne avec BSD concept sur Plan\u00e8te-G\u00e9n\u00e9alogie<\/p>\n\n\n\n<p>Donn\u00e9es SAGA consultables sur Plan\u00e8te G\u00e9n\u00e9alogie puis<\/p>\n\n\n\n<p><strong>20 octobre 2014<\/strong>&nbsp;&nbsp;contrat de mise en ligne avec BSD concept sur Heredis online<\/p>\n\n\n\n<p>Donn\u00e9es SAGA consultables sur heredis-online.com<\/p>\n\n\n\n<p><strong>D\u00e9cembre 2018 <\/strong>geneardeche.org est remplac\u00e9 par sagardeche.fr cr\u00e9\u00e9 par&nbsp;Emmanuel Coiraton&nbsp;webmaster.<\/p>\n\n\n\n<p>Donn\u00e9es SAGA consultables sur sagardeche et sur heredis-online&nbsp;(arr\u00eat des M\u00e0J sur ce dernier site)<\/p>\n\n\n\n<p><br><strong>F\u00e9vrier 2021<\/strong><\/p>\n\n\n\n<p>&nbsp;la SAGA d\u00e9nonce le contrat de mise en ligne des donn\u00e9es avec HeredisSCOPARL (ex BSD CONCEPT) car les donn\u00e9es ne sont pas correctement mises \u00e0 jour.<\/p>\n\n\n\n<p><strong>Fin 2022<\/strong>&nbsp;Henry-Pascal Eldin&nbsp;devient webmaster<\/p>\n","protected":false},"excerpt":{"rendered":"<p>1998, 1er service informatique : Les donn\u00e9es SAGA sont consultables sur 3617 ABMS et 3617 GENEALOGY sur Minitel&nbsp; 1er trimestre 1998&nbsp; services t\u00e9l\u00e9matiques cr\u00e9\u00e9s et g\u00e9r\u00e9s par SWIC dirig\u00e9 par Laurent F. (puis \u00ab\u00a0repris\u00a0\u00bb par NotreFamille.com lors de l&rsquo;achat de cette soci\u00e9t\u00e9)\u00a0disparition en 2010 et premier site Internet\u00a0 http:\/\/www.mygale.org\/02\/saga\u00a0cr\u00e9\u00e9 par\u00a0Pascal B. Voir OA n\u00b05 page [&hellip;]<\/p>\n","protected":false},"author":2,"featured_media":0,"parent":0,"menu_order":0,"comment_status":"closed","ping_status":"closed","template":"","meta":{"footnotes":""},"categories":[29],"tags":[],"class_list":["post-2628","page","type-page","status-publish","hentry","category-actualites"],"yoast_head":"<!-- This site is optimized with the Yoast SEO plugin v24.2 - https:\/\/yoast.com\/wordpress\/plugins\/seo\/ -->\n<title>Saga informatique de la SAGA - SagArdeche<\/title>\n<meta name=\"description\" content=\"Saga informatique de la SAGA SagArdeche Actualit\u00e9s Soci\u00e9t\u00e9 amateurs g\u00e9n\u00e9alogie Ard\u00e8che Registres BMS Notaires paroissiaux Origines Ard\u00e9choises expoactes saga protestants\" \/>\n<meta name=\"robots\" content=\"index, follow, max-snippet:-1, max-image-preview:large, max-video-preview:-1\" \/>\n<link rel=\"canonical\" href=\"https:\/\/sagardeche.fr\/wordpress\/index.php\/saga-informatique-de-la-saga\/\" \/>\n<meta property=\"og:locale\" content=\"fr_FR\" \/>\n<meta property=\"og:type\" content=\"article\" \/>\n<meta property=\"og:title\" content=\"Saga informatique de la SAGA - SagArdeche\" \/>\n<meta property=\"og:description\" content=\"Saga informatique de la SAGA SagArdeche Actualit\u00e9s Soci\u00e9t\u00e9 amateurs g\u00e9n\u00e9alogie Ard\u00e8che Registres BMS Notaires paroissiaux Origines Ard\u00e9choises expoactes saga protestants\" \/>\n<meta property=\"og:url\" content=\"https:\/\/sagardeche.fr\/wordpress\/index.php\/saga-informatique-de-la-saga\/\" \/>\n<meta property=\"og:site_name\" content=\"SagArdeche\" \/>\n<meta property=\"article:publisher\" content=\"https:\/\/www.facebook.com\/geneardeche\" \/>\n<meta property=\"article:modified_time\" content=\"2023-04-05T13:51:00+00:00\" \/>\n<meta name=\"twitter:card\" content=\"summary_large_image\" \/>\n<meta name=\"twitter:label1\" content=\"Dur\u00e9e de lecture estim\u00e9e\" \/>\n\t<meta name=\"twitter:data1\" content=\"2 minutes\" \/>\n<script type=\"application\/ld+json\" class=\"yoast-schema-graph\">{\"@context\":\"https:\/\/schema.org\",\"@graph\":[{\"@type\":\"WebPage\",\"@id\":\"https:\/\/sagardeche.fr\/wordpress\/index.php\/saga-informatique-de-la-saga\/\",\"url\":\"https:\/\/sagardeche.fr\/wordpress\/index.php\/saga-informatique-de-la-saga\/\",\"name\":\"Saga informatique de la SAGA - SagArdeche\",\"isPartOf\":{\"@id\":\"https:\/\/sagardeche.fr\/wordpress\/#website\"},\"datePublished\":\"2023-03-31T06:30:21+00:00\",\"dateModified\":\"2023-04-05T13:51:00+00:00\",\"description\":\"Saga informatique de la SAGA SagArdeche Actualit\u00e9s Soci\u00e9t\u00e9 amateurs g\u00e9n\u00e9alogie Ard\u00e8che Registres BMS Notaires paroissiaux Origines Ard\u00e9choises expoactes saga protestants\",\"breadcrumb\":{\"@id\":\"https:\/\/sagardeche.fr\/wordpress\/index.php\/saga-informatique-de-la-saga\/#breadcrumb\"},\"inLanguage\":\"fr-FR\",\"potentialAction\":[{\"@type\":\"ReadAction\",\"target\":[\"https:\/\/sagardeche.fr\/wordpress\/index.php\/saga-informatique-de-la-saga\/\"]}]},{\"@type\":\"BreadcrumbList\",\"@id\":\"https:\/\/sagardeche.fr\/wordpress\/index.php\/saga-informatique-de-la-saga\/#breadcrumb\",\"itemListElement\":[{\"@type\":\"ListItem\",\"position\":1,\"name\":\"Accueil\",\"item\":\"https:\/\/sagardeche.fr\/wordpress\/\"},{\"@type\":\"ListItem\",\"position\":2,\"name\":\"Saga informatique de la SAGA\"}]},{\"@type\":\"WebSite\",\"@id\":\"https:\/\/sagardeche.fr\/wordpress\/#website\",\"url\":\"https:\/\/sagardeche.fr\/wordpress\/\",\"name\":\"SagArdeche\",\"description\":\"Soci\u00e9t\u00e9 des Amateurs de G\u00e9n\u00e9alogie de l&#039;Ard\u00e8che\",\"publisher\":{\"@id\":\"https:\/\/sagardeche.fr\/wordpress\/#organization\"},\"alternateName\":\"saga\",\"potentialAction\":[{\"@type\":\"SearchAction\",\"target\":{\"@type\":\"EntryPoint\",\"urlTemplate\":\"https:\/\/sagardeche.fr\/wordpress\/?s={search_term_string}\"},\"query-input\":{\"@type\":\"PropertyValueSpecification\",\"valueRequired\":true,\"valueName\":\"search_term_string\"}}],\"inLanguage\":\"fr-FR\"},{\"@type\":\"Organization\",\"@id\":\"https:\/\/sagardeche.fr\/wordpress\/#organization\",\"name\":\"Soci\u00e9t\u00e9 des Amateurs de G\u00e9n\u00e9alogie de l'Ard\u00e8che\",\"alternateName\":\"SAGA\",\"url\":\"https:\/\/sagardeche.fr\/wordpress\/\",\"logo\":{\"@type\":\"ImageObject\",\"inLanguage\":\"fr-FR\",\"@id\":\"https:\/\/sagardeche.fr\/wordpress\/#\/schema\/logo\/image\/\",\"url\":\"https:\/\/sagardeche.fr\/wordpress\/wp-content\/uploads\/2022\/06\/cropped-LogoSAGA3-1.jpg\",\"contentUrl\":\"https:\/\/sagardeche.fr\/wordpress\/wp-content\/uploads\/2022\/06\/cropped-LogoSAGA3-1.jpg\",\"width\":50,\"height\":80,\"caption\":\"Soci\u00e9t\u00e9 des Amateurs de G\u00e9n\u00e9alogie de l'Ard\u00e8che\"},\"image\":{\"@id\":\"https:\/\/sagardeche.fr\/wordpress\/#\/schema\/logo\/image\/\"},\"sameAs\":[\"https:\/\/www.facebook.com\/geneardeche\"]}]}<\/script>\n<!-- \/ Yoast SEO plugin. -->","yoast_head_json":{"title":"Saga informatique de la SAGA - SagArdeche","description":"Saga informatique de la SAGA SagArdeche Actualit\u00e9s Soci\u00e9t\u00e9 amateurs g\u00e9n\u00e9alogie Ard\u00e8che Registres BMS Notaires paroissiaux Origines Ard\u00e9choises expoactes saga protestants","robots":{"index":"index","follow":"follow","max-snippet":"max-snippet:-1","max-image-preview":"max-image-preview:large","max-video-preview":"max-video-preview:-1"},"canonical":"https:\/\/sagardeche.fr\/wordpress\/index.php\/saga-informatique-de-la-saga\/","og_locale":"fr_FR","og_type":"article","og_title":"Saga informatique de la SAGA - SagArdeche","og_description":"Saga informatique de la SAGA SagArdeche Actualit\u00e9s Soci\u00e9t\u00e9 amateurs g\u00e9n\u00e9alogie Ard\u00e8che Registres BMS Notaires paroissiaux Origines Ard\u00e9choises expoactes saga protestants","og_url":"https:\/\/sagardeche.fr\/wordpress\/index.php\/saga-informatique-de-la-saga\/","og_site_name":"SagArdeche","article_publisher":"https:\/\/www.facebook.com\/geneardeche","article_modified_time":"2023-04-05T13:51:00+00:00","twitter_card":"summary_large_image","twitter_misc":{"Dur\u00e9e de lecture estim\u00e9e":"2 minutes"},"schema":{"@context":"https:\/\/schema.org","@graph":[{"@type":"WebPage","@id":"https:\/\/sagardeche.fr\/wordpress\/index.php\/saga-informatique-de-la-saga\/","url":"https:\/\/sagardeche.fr\/wordpress\/index.php\/saga-informatique-de-la-saga\/","name":"Saga informatique de la SAGA - SagArdeche","isPartOf":{"@id":"https:\/\/sagardeche.fr\/wordpress\/#website"},"datePublished":"2023-03-31T06:30:21+00:00","dateModified":"2023-04-05T13:51:00+00:00","description":"Saga informatique de la SAGA SagArdeche Actualit\u00e9s Soci\u00e9t\u00e9 amateurs g\u00e9n\u00e9alogie Ard\u00e8che Registres BMS Notaires paroissiaux Origines Ard\u00e9choises expoactes saga protestants","breadcrumb":{"@id":"https:\/\/sagardeche.fr\/wordpress\/index.php\/saga-informatique-de-la-saga\/#breadcrumb"},"inLanguage":"fr-FR","potentialAction":[{"@type":"ReadAction","target":["https:\/\/sagardeche.fr\/wordpress\/index.php\/saga-informatique-de-la-saga\/"]}]},{"@type":"BreadcrumbList","@id":"https:\/\/sagardeche.fr\/wordpress\/index.php\/saga-informatique-de-la-saga\/#breadcrumb","itemListElement":[{"@type":"ListItem","position":1,"name":"Accueil","item":"https:\/\/sagardeche.fr\/wordpress\/"},{"@type":"ListItem","position":2,"name":"Saga informatique de la SAGA"}]},{"@type":"WebSite","@id":"https:\/\/sagardeche.fr\/wordpress\/#website","url":"https:\/\/sagardeche.fr\/wordpress\/","name":"SagArdeche","description":"Soci\u00e9t\u00e9 des Amateurs de G\u00e9n\u00e9alogie de l&#039;Ard\u00e8che","publisher":{"@id":"https:\/\/sagardeche.fr\/wordpress\/#organization"},"alternateName":"saga","potentialAction":[{"@type":"SearchAction","target":{"@type":"EntryPoint","urlTemplate":"https:\/\/sagardeche.fr\/wordpress\/?s={search_term_string}"},"query-input":{"@type":"PropertyValueSpecification","valueRequired":true,"valueName":"search_term_string"}}],"inLanguage":"fr-FR"},{"@type":"Organization","@id":"https:\/\/sagardeche.fr\/wordpress\/#organization","name":"Soci\u00e9t\u00e9 des Amateurs de G\u00e9n\u00e9alogie de l'Ard\u00e8che","alternateName":"SAGA","url":"https:\/\/sagardeche.fr\/wordpress\/","logo":{"@type":"ImageObject","inLanguage":"fr-FR","@id":"https:\/\/sagardeche.fr\/wordpress\/#\/schema\/logo\/image\/","url":"https:\/\/sagardeche.fr\/wordpress\/wp-content\/uploads\/2022\/06\/cropped-LogoSAGA3-1.jpg","contentUrl":"https:\/\/sagardeche.fr\/wordpress\/wp-content\/uploads\/2022\/06\/cropped-LogoSAGA3-1.jpg","width":50,"height":80,"caption":"Soci\u00e9t\u00e9 des Amateurs de G\u00e9n\u00e9alogie de l'Ard\u00e8che"},"image":{"@id":"https:\/\/sagardeche.fr\/wordpress\/#\/schema\/logo\/image\/"},"sameAs":["https:\/\/www.facebook.com\/geneardeche"]}]}},"_links":{"self":[{"href":"https:\/\/sagardeche.fr\/wordpress\/index.php\/wp-json\/wp\/v2\/pages\/2628","targetHints":{"allow":["GET"]}}],"collection":[{"href":"https:\/\/sagardeche.fr\/wordpress\/index.php\/wp-json\/wp\/v2\/pages"}],"about":[{"href":"https:\/\/sagardeche.fr\/wordpress\/index.php\/wp-json\/wp\/v2\/types\/page"}],"author":[{"embeddable":true,"href":"https:\/\/sagardeche.fr\/wordpress\/index.php\/wp-json\/wp\/v2\/users\/2"}],"replies":[{"embeddable":true,"href":"https:\/\/sagardeche.fr\/wordpress\/index.php\/wp-json\/wp\/v2\/comments?post=2628"}],"version-history":[{"count":2,"href":"https:\/\/sagardeche.fr\/wordpress\/index.php\/wp-json\/wp\/v2\/pages\/2628\/revisions"}],"predecessor-version":[{"id":2764,"href":"https:\/\/sagardeche.fr\/wordpress\/index.php\/wp-json\/wp\/v2\/pages\/2628\/revisions\/2764"}],"wp:attachment":[{"href":"https:\/\/sagardeche.fr\/wordpress\/index.php\/wp-json\/wp\/v2\/media?parent=2628"}],"wp:term":[{"taxonomy":"category","embeddable":true,"href":"https:\/\/sagardeche.fr\/wordpress\/index.php\/wp-json\/wp\/v2\/categories?post=2628"},{"taxonomy":"post_tag","embeddable":true,"href":"https:\/\/sagardeche.fr\/wordpress\/index.php\/wp-json\/wp\/v2\/tags?post=2628"}],"curies":[{"name":"wp","href":"https:\/\/api.w.org\/{rel}","templated":true}]}}