{"id":2231,"date":"2023-03-06T07:11:01","date_gmt":"2023-03-06T06:11:01","guid":{"rendered":"https:\/\/sagardeche.fr\/wordpress\/?page_id=2231"},"modified":"2023-08-08T07:03:50","modified_gmt":"2023-08-08T05:03:50","slug":"ardechois-present-lors-de-la-guerre-dindependance-americaine-adherents","status":"publish","type":"page","link":"https:\/\/sagardeche.fr\/wordpress\/index.php\/ardechois-present-lors-de-la-guerre-dindependance-americaine-adherents\/","title":{"rendered":"Ard\u00e9chois pr\u00e9sent lors de la guerre d&rsquo;ind\u00e9pendance am\u00e9ricaine"},"content":{"rendered":"\n<p><\/p>\n\n\n\n<div data-wp-interactive=\"core\/file\" class=\"wp-block-file\"><object data-wp-bind--hidden=\"!state.hasPdfPreview\" hidden class=\"wp-block-file__embed\" data=\"https:\/\/sagardeche.fr\/wordpress\/wp-content\/uploads\/2023\/08\/Ardechois-independance-americaine.pdf\" type=\"application\/pdf\" style=\"width:100%;height:600px\" aria-label=\"Embed of Contenu embarqu\u00e9 Ard\u00e9chois ind\u00e9pendance am\u00e9ricaine..\"><\/object><a id=\"wp-block-file--media-bb03c138-8761-42f0-b0db-731b6e87f96d\" href=\"https:\/\/sagardeche.fr\/wordpress\/wp-content\/uploads\/2023\/08\/Ardechois-independance-americaine.pdf\">Ard\u00e9chois ind\u00e9pendance am\u00e9ricaine<\/a><a href=\"https:\/\/sagardeche.fr\/wordpress\/wp-content\/uploads\/2023\/08\/Ardechois-independance-americaine.pdf\" class=\"wp-block-file__button\" download aria-describedby=\"wp-block-file--media-bb03c138-8761-42f0-b0db-731b6e87f96d\">T\u00e9l\u00e9charger<\/a><\/div>\n\n\n\n<p><\/p>\n\n\n\n<p>Par Daniel Ferradou<\/p>\n","protected":false},"excerpt":{"rendered":"<p>Par Daniel Ferradou<\/p>\n","protected":false},"author":2,"featured_media":0,"parent":0,"menu_order":0,"comment_status":"closed","ping_status":"closed","template":"","meta":{"footnotes":""},"categories":[22],"tags":[],"class_list":["post-2231","page","type-page","status-publish","hentry","category-militaires-ardechois"],"yoast_head":"<!-- This site is optimized with the Yoast SEO plugin v24.2 - https:\/\/yoast.com\/wordpress\/plugins\/seo\/ -->\n<title>Ard\u00e9chois pr\u00e9sent lors de la guerre d&#039;ind\u00e9pendance am\u00e9ricaine - SagArdeche<\/title>\n<meta name=\"description\" content=\"Ard\u00e9chois pr\u00e9sent lors de la guerre d&#039;ind\u00e9pendance am\u00e9ricaine SagArdeche Militaires Ard\u00e8chois Soci\u00e9t\u00e9 amateurs g\u00e9n\u00e9alogie Ard\u00e8che Registres BMS Notaires paroissiaux Origines Ard\u00e9choises expoactes saga protestants\" \/>\n<meta name=\"robots\" content=\"index, follow, max-snippet:-1, max-image-preview:large, max-video-preview:-1\" \/>\n<link rel=\"canonical\" href=\"https:\/\/sagardeche.fr\/wordpress\/index.php\/ardechois-present-lors-de-la-guerre-dindependance-americaine-adherents\/\" \/>\n<meta property=\"og:locale\" content=\"fr_FR\" \/>\n<meta property=\"og:type\" content=\"article\" \/>\n<meta property=\"og:title\" content=\"Ard\u00e9chois pr\u00e9sent lors de la guerre d&#039;ind\u00e9pendance am\u00e9ricaine - SagArdeche\" \/>\n<meta property=\"og:description\" content=\"Ard\u00e9chois pr\u00e9sent lors de la guerre d&#039;ind\u00e9pendance am\u00e9ricaine SagArdeche Militaires Ard\u00e8chois Soci\u00e9t\u00e9 amateurs g\u00e9n\u00e9alogie Ard\u00e8che Registres BMS Notaires paroissiaux Origines Ard\u00e9choises expoactes saga protestants\" \/>\n<meta property=\"og:url\" content=\"https:\/\/sagardeche.fr\/wordpress\/index.php\/ardechois-present-lors-de-la-guerre-dindependance-americaine-adherents\/\" \/>\n<meta property=\"og:site_name\" content=\"SagArdeche\" \/>\n<meta property=\"article:publisher\" content=\"https:\/\/www.facebook.com\/geneardeche\" \/>\n<meta property=\"article:modified_time\" content=\"2023-08-08T05:03:50+00:00\" \/>\n<meta name=\"twitter:card\" content=\"summary_large_image\" \/>\n<meta name=\"twitter:label1\" content=\"Dur\u00e9e de lecture estim\u00e9e\" \/>\n\t<meta name=\"twitter:data1\" content=\"1 minute\" \/>\n<script type=\"application\/ld+json\" class=\"yoast-schema-graph\">{\"@context\":\"https:\/\/schema.org\",\"@graph\":[{\"@type\":\"WebPage\",\"@id\":\"https:\/\/sagardeche.fr\/wordpress\/index.php\/ardechois-present-lors-de-la-guerre-dindependance-americaine-adherents\/\",\"url\":\"https:\/\/sagardeche.fr\/wordpress\/index.php\/ardechois-present-lors-de-la-guerre-dindependance-americaine-adherents\/\",\"name\":\"Ard\u00e9chois pr\u00e9sent lors de la guerre d'ind\u00e9pendance am\u00e9ricaine - SagArdeche\",\"isPartOf\":{\"@id\":\"https:\/\/sagardeche.fr\/wordpress\/#website\"},\"datePublished\":\"2023-03-06T06:11:01+00:00\",\"dateModified\":\"2023-08-08T05:03:50+00:00\",\"description\":\"Ard\u00e9chois pr\u00e9sent lors de la guerre d'ind\u00e9pendance am\u00e9ricaine SagArdeche Militaires Ard\u00e8chois Soci\u00e9t\u00e9 amateurs g\u00e9n\u00e9alogie Ard\u00e8che Registres BMS Notaires paroissiaux Origines Ard\u00e9choises expoactes saga protestants\",\"breadcrumb\":{\"@id\":\"https:\/\/sagardeche.fr\/wordpress\/index.php\/ardechois-present-lors-de-la-guerre-dindependance-americaine-adherents\/#breadcrumb\"},\"inLanguage\":\"fr-FR\",\"potentialAction\":[{\"@type\":\"ReadAction\",\"target\":[\"https:\/\/sagardeche.fr\/wordpress\/index.php\/ardechois-present-lors-de-la-guerre-dindependance-americaine-adherents\/\"]}]},{\"@type\":\"BreadcrumbList\",\"@id\":\"https:\/\/sagardeche.fr\/wordpress\/index.php\/ardechois-present-lors-de-la-guerre-dindependance-americaine-adherents\/#breadcrumb\",\"itemListElement\":[{\"@type\":\"ListItem\",\"position\":1,\"name\":\"Accueil\",\"item\":\"https:\/\/sagardeche.fr\/wordpress\/\"},{\"@type\":\"ListItem\",\"position\":2,\"name\":\"Ard\u00e9chois pr\u00e9sent lors de la guerre d&rsquo;ind\u00e9pendance am\u00e9ricaine\"}]},{\"@type\":\"WebSite\",\"@id\":\"https:\/\/sagardeche.fr\/wordpress\/#website\",\"url\":\"https:\/\/sagardeche.fr\/wordpress\/\",\"name\":\"SagArdeche\",\"description\":\"Soci\u00e9t\u00e9 des Amateurs de G\u00e9n\u00e9alogie de l&#039;Ard\u00e8che\",\"publisher\":{\"@id\":\"https:\/\/sagardeche.fr\/wordpress\/#organization\"},\"alternateName\":\"saga\",\"potentialAction\":[{\"@type\":\"SearchAction\",\"target\":{\"@type\":\"EntryPoint\",\"urlTemplate\":\"https:\/\/sagardeche.fr\/wordpress\/?s={search_term_string}\"},\"query-input\":{\"@type\":\"PropertyValueSpecification\",\"valueRequired\":true,\"valueName\":\"search_term_string\"}}],\"inLanguage\":\"fr-FR\"},{\"@type\":\"Organization\",\"@id\":\"https:\/\/sagardeche.fr\/wordpress\/#organization\",\"name\":\"Soci\u00e9t\u00e9 des Amateurs de G\u00e9n\u00e9alogie de l'Ard\u00e8che\",\"alternateName\":\"SAGA\",\"url\":\"https:\/\/sagardeche.fr\/wordpress\/\",\"logo\":{\"@type\":\"ImageObject\",\"inLanguage\":\"fr-FR\",\"@id\":\"https:\/\/sagardeche.fr\/wordpress\/#\/schema\/logo\/image\/\",\"url\":\"https:\/\/sagardeche.fr\/wordpress\/wp-content\/uploads\/2022\/06\/cropped-LogoSAGA3-1.jpg\",\"contentUrl\":\"https:\/\/sagardeche.fr\/wordpress\/wp-content\/uploads\/2022\/06\/cropped-LogoSAGA3-1.jpg\",\"width\":50,\"height\":80,\"caption\":\"Soci\u00e9t\u00e9 des Amateurs de G\u00e9n\u00e9alogie de l'Ard\u00e8che\"},\"image\":{\"@id\":\"https:\/\/sagardeche.fr\/wordpress\/#\/schema\/logo\/image\/\"},\"sameAs\":[\"https:\/\/www.facebook.com\/geneardeche\"]}]}<\/script>\n<!-- \/ Yoast SEO plugin. -->","yoast_head_json":{"title":"Ard\u00e9chois pr\u00e9sent lors de la guerre d'ind\u00e9pendance am\u00e9ricaine - SagArdeche","description":"Ard\u00e9chois pr\u00e9sent lors de la guerre d'ind\u00e9pendance am\u00e9ricaine SagArdeche Militaires Ard\u00e8chois Soci\u00e9t\u00e9 amateurs g\u00e9n\u00e9alogie Ard\u00e8che Registres BMS Notaires paroissiaux Origines Ard\u00e9choises expoactes saga protestants","robots":{"index":"index","follow":"follow","max-snippet":"max-snippet:-1","max-image-preview":"max-image-preview:large","max-video-preview":"max-video-preview:-1"},"canonical":"https:\/\/sagardeche.fr\/wordpress\/index.php\/ardechois-present-lors-de-la-guerre-dindependance-americaine-adherents\/","og_locale":"fr_FR","og_type":"article","og_title":"Ard\u00e9chois pr\u00e9sent lors de la guerre d'ind\u00e9pendance am\u00e9ricaine - SagArdeche","og_description":"Ard\u00e9chois pr\u00e9sent lors de la guerre d'ind\u00e9pendance am\u00e9ricaine SagArdeche Militaires Ard\u00e8chois Soci\u00e9t\u00e9 amateurs g\u00e9n\u00e9alogie Ard\u00e8che Registres BMS Notaires paroissiaux Origines Ard\u00e9choises expoactes saga protestants","og_url":"https:\/\/sagardeche.fr\/wordpress\/index.php\/ardechois-present-lors-de-la-guerre-dindependance-americaine-adherents\/","og_site_name":"SagArdeche","article_publisher":"https:\/\/www.facebook.com\/geneardeche","article_modified_time":"2023-08-08T05:03:50+00:00","twitter_card":"summary_large_image","twitter_misc":{"Dur\u00e9e de lecture estim\u00e9e":"1 minute"},"schema":{"@context":"https:\/\/schema.org","@graph":[{"@type":"WebPage","@id":"https:\/\/sagardeche.fr\/wordpress\/index.php\/ardechois-present-lors-de-la-guerre-dindependance-americaine-adherents\/","url":"https:\/\/sagardeche.fr\/wordpress\/index.php\/ardechois-present-lors-de-la-guerre-dindependance-americaine-adherents\/","name":"Ard\u00e9chois pr\u00e9sent lors de la guerre d'ind\u00e9pendance am\u00e9ricaine - SagArdeche","isPartOf":{"@id":"https:\/\/sagardeche.fr\/wordpress\/#website"},"datePublished":"2023-03-06T06:11:01+00:00","dateModified":"2023-08-08T05:03:50+00:00","description":"Ard\u00e9chois pr\u00e9sent lors de la guerre d'ind\u00e9pendance am\u00e9ricaine SagArdeche Militaires Ard\u00e8chois Soci\u00e9t\u00e9 amateurs g\u00e9n\u00e9alogie Ard\u00e8che Registres BMS Notaires paroissiaux Origines Ard\u00e9choises expoactes saga protestants","breadcrumb":{"@id":"https:\/\/sagardeche.fr\/wordpress\/index.php\/ardechois-present-lors-de-la-guerre-dindependance-americaine-adherents\/#breadcrumb"},"inLanguage":"fr-FR","potentialAction":[{"@type":"ReadAction","target":["https:\/\/sagardeche.fr\/wordpress\/index.php\/ardechois-present-lors-de-la-guerre-dindependance-americaine-adherents\/"]}]},{"@type":"BreadcrumbList","@id":"https:\/\/sagardeche.fr\/wordpress\/index.php\/ardechois-present-lors-de-la-guerre-dindependance-americaine-adherents\/#breadcrumb","itemListElement":[{"@type":"ListItem","position":1,"name":"Accueil","item":"https:\/\/sagardeche.fr\/wordpress\/"},{"@type":"ListItem","position":2,"name":"Ard\u00e9chois pr\u00e9sent lors de la guerre d&rsquo;ind\u00e9pendance am\u00e9ricaine"}]},{"@type":"WebSite","@id":"https:\/\/sagardeche.fr\/wordpress\/#website","url":"https:\/\/sagardeche.fr\/wordpress\/","name":"SagArdeche","description":"Soci\u00e9t\u00e9 des Amateurs de G\u00e9n\u00e9alogie de l&#039;Ard\u00e8che","publisher":{"@id":"https:\/\/sagardeche.fr\/wordpress\/#organization"},"alternateName":"saga","potentialAction":[{"@type":"SearchAction","target":{"@type":"EntryPoint","urlTemplate":"https:\/\/sagardeche.fr\/wordpress\/?s={search_term_string}"},"query-input":{"@type":"PropertyValueSpecification","valueRequired":true,"valueName":"search_term_string"}}],"inLanguage":"fr-FR"},{"@type":"Organization","@id":"https:\/\/sagardeche.fr\/wordpress\/#organization","name":"Soci\u00e9t\u00e9 des Amateurs de G\u00e9n\u00e9alogie de l'Ard\u00e8che","alternateName":"SAGA","url":"https:\/\/sagardeche.fr\/wordpress\/","logo":{"@type":"ImageObject","inLanguage":"fr-FR","@id":"https:\/\/sagardeche.fr\/wordpress\/#\/schema\/logo\/image\/","url":"https:\/\/sagardeche.fr\/wordpress\/wp-content\/uploads\/2022\/06\/cropped-LogoSAGA3-1.jpg","contentUrl":"https:\/\/sagardeche.fr\/wordpress\/wp-content\/uploads\/2022\/06\/cropped-LogoSAGA3-1.jpg","width":50,"height":80,"caption":"Soci\u00e9t\u00e9 des Amateurs de G\u00e9n\u00e9alogie de l'Ard\u00e8che"},"image":{"@id":"https:\/\/sagardeche.fr\/wordpress\/#\/schema\/logo\/image\/"},"sameAs":["https:\/\/www.facebook.com\/geneardeche"]}]}},"_links":{"self":[{"href":"https:\/\/sagardeche.fr\/wordpress\/index.php\/wp-json\/wp\/v2\/pages\/2231","targetHints":{"allow":["GET"]}}],"collection":[{"href":"https:\/\/sagardeche.fr\/wordpress\/index.php\/wp-json\/wp\/v2\/pages"}],"about":[{"href":"https:\/\/sagardeche.fr\/wordpress\/index.php\/wp-json\/wp\/v2\/types\/page"}],"author":[{"embeddable":true,"href":"https:\/\/sagardeche.fr\/wordpress\/index.php\/wp-json\/wp\/v2\/users\/2"}],"replies":[{"embeddable":true,"href":"https:\/\/sagardeche.fr\/wordpress\/index.php\/wp-json\/wp\/v2\/comments?post=2231"}],"version-history":[{"count":6,"href":"https:\/\/sagardeche.fr\/wordpress\/index.php\/wp-json\/wp\/v2\/pages\/2231\/revisions"}],"predecessor-version":[{"id":3101,"href":"https:\/\/sagardeche.fr\/wordpress\/index.php\/wp-json\/wp\/v2\/pages\/2231\/revisions\/3101"}],"wp:attachment":[{"href":"https:\/\/sagardeche.fr\/wordpress\/index.php\/wp-json\/wp\/v2\/media?parent=2231"}],"wp:term":[{"taxonomy":"category","embeddable":true,"href":"https:\/\/sagardeche.fr\/wordpress\/index.php\/wp-json\/wp\/v2\/categories?post=2231"},{"taxonomy":"post_tag","embeddable":true,"href":"https:\/\/sagardeche.fr\/wordpress\/index.php\/wp-json\/wp\/v2\/tags?post=2231"}],"curies":[{"name":"wp","href":"https:\/\/api.w.org\/{rel}","templated":true}]}}