{"id":1868,"date":"2022-12-22T07:04:40","date_gmt":"2022-12-22T06:04:40","guid":{"rendered":"https:\/\/sagardeche.fr\/wordpress\/?page_id=1868"},"modified":"2023-03-27T14:40:03","modified_gmt":"2023-03-27T12:40:03","slug":"decembre-2022","status":"publish","type":"page","link":"https:\/\/sagardeche.fr\/wordpress\/index.php\/decembre-2022\/","title":{"rendered":"D\u00e9cembre 2022"},"content":{"rendered":"<div class=\"wp-block-image\">\n<figure class=\"aligncenter size-full\"><img loading=\"lazy\" decoding=\"async\" width=\"500\" height=\"166\" src=\"https:\/\/sagardeche.fr\/wordpress\/wp-content\/uploads\/2022\/07\/SAGA_INFOS.jpg\" alt=\"\" class=\"wp-image-786\" srcset=\"https:\/\/sagardeche.fr\/wordpress\/wp-content\/uploads\/2022\/07\/SAGA_INFOS.jpg 500w, https:\/\/sagardeche.fr\/wordpress\/wp-content\/uploads\/2022\/07\/SAGA_INFOS-300x100.jpg 300w\" sizes=\"auto, (max-width: 500px) 100vw, 500px\" \/><\/figure><\/div>\n\n\n<p><em>Afin de vous apporter plus r\u00e9guli\u00e8rement des nouvelles sur la vie de notre association, l&rsquo;\u00e9quipe animatrice de la SAGA vous propose un nouveau rendez-vous avec cette lettre d&rsquo;information que nous essaierons de faire para\u00eetre r\u00e9guli\u00e8rement.<\/em><\/p>\n\n\n\n<p>Mise \u00e0 jour : 20 D\u00e9cembre 2022<\/p>\n\n\n\n<p><strong>LA SAGA EN ACTIONS<\/strong><\/p>\n\n\n\n<p>Nous pr\u00e9parons l&rsquo;assembl\u00e9e g\u00e9n\u00e9rale qui se d\u00e9roulera \u00e0 Chom\u00e9rac le jeudi 16 mars 2023.<\/p>\n\n\n\n<p><strong>OPERATION NOTAIRES<\/strong><\/p>\n\n\n\n<p>le 15-09-2022<br>88 registres remis aux AD07 + Tables expoactes mises sur notre site<\/p>\n\n\n\n<p>le 23-11-2022<br>54 registres remis au AD07 et 14000 lignes pr\u00eates \u00e0 \u00eatre vers\u00e9es sur Expoactes, d\u00e8s que les AD auront mis les images en ligne sur leur site (pr\u00e9vu fin d\u00e9cembre\/d\u00e9but janvier)<br>Pour 2022 un total de 142 registres et tables.<\/p>\n\n\n\n<p><strong>OPERATION REVISION<\/strong><\/p>\n\n\n\n<p>R\u00e9vision des Tables<\/p>\n\n\n\n<ul class=\"wp-block-list\"><li>tables BMS r\u00e9vis\u00e9es (Nord, Sud et Centre) = 148 termin\u00e9es + 20 en cours.<\/li><li>tables M 1903-1942 (N, S et C) = 101<\/li><\/ul>\n\n\n\n<p><strong>Paroissiaux Catholiques et Etat Civil 1793-1803 Secteur Nord<\/strong><\/p>\n\n\n\n<p>voici la liste des communes r\u00e9vis\u00e9es et mises en ligne depuis la derni\u00e8re lettre<br>Arras-sur-Rh\u00f4ne Transfert BMS 1673-1792 : le 20 janvier 2022<br>Arras-sur-Rh\u00f4ne Transfert NMDP 1793-1806 : le 23 janvier 2022<br>Vion Transfert BMS 1671-1792 : le 8 mars 2022<br>Pr\u00e9aux Transfert BMS 1624-1816 et Catholicit\u00e9 : le 19 avril<br>Saint-Jean-de-Muzols Transfert BMS 1749-1792 : le 28 avril 2022<br>Saint-Jean-de-Muzols Transfert BMS de Catholicit\u00e9 1793-1802 : le 29 avril 2022 Fichier<br>Saint-Victor Transfert BMS 1634-1792 et Protestants : le 8 juin 2022<br>Villevocance Transfert BMS 1668-1792 : le 14 juin 2022 + l&rsquo;ajout de 2 Images<br>S\u00e9cheras Transfert BMS 1653-1792 : le 16 juin 2022<br>Saint-Fortunat Transfert BMS 1671-1792 et Protestants : le 31 ao\u00fbt 2022<\/p>\n\n\n\n<p>R\u00e9visions en cours :<br>Roiffieux<br>Sarras<br>Saint-Andr\u00e9-en-Vivarais<br>Etables<br>Saint-Prix<br>Limony<\/p>\n\n\n\n<p>Registres protestants<br>Transfert actes Protestants de Lamastre Pr\u00e9aux Silhac Saint-Michel-de-Chabrillanoux Saint-Jeure d&rsquo;Ay Boffres Saint-Victor Saint-Fortunat : le 5 septembre 2022<\/p>\n\n\n\n<p><strong>Mise en ligne de l&rsquo;EC Mariages 1803 \u00e0 1902<\/strong><\/p>\n\n\n\n<p>101 communes 1903-1942 \u00e0 ce jour<br>-Fichier de Transfert des Mariages filiatifs 1903-1942 du Chambon : le 4 f\u00e9vrier 2022,<br>-Fichier de Transfert des Mariages filiatifs 1903-1942 et Divorces de Chambonas : le 18 f\u00e9vrier 2022,<br>-Fichier de Transfert des Mariages filiatifs 1903-1942 et Divorces de Colombier-le-Vieux : le 23 f\u00e9vrier 2022,<br>-Fichier de Transfert des Mariages filiatifs 1903-1942 et Divorces de<br>Chan\u00e9ac le 21 avril 2022,<br>Saint-Didier-sous-Aubenas le 21 avril 2022,<br>Vernoux-en-Vivarais : le 21 avril 2022,<br>-Fichier de Transfert des Mariages filiatifs 1903-1942 et Divorces de Saint-Etienne-de-Boulogne : le 14 mai 2022,<br>-Fichier de Transfert des Mariages filiatifs 1903-1942 et Divorces de Saint-Julien-Vocance : le 17 juin 2022,<br>-Fichier de Transfert des Mariages filiatifs 1903-1942 et Divorces de Saint-Symphorien-de-Mahun : le 9 juillet 2022,<br>-Fichier de Transfert des Mariages filiatifs 1903-1942 et Divorces de Saint-Etienne-de-Fontbellon : le 24 juillet 2022<br>-Fichier de Transfert des Mariages filiatifs 1903-1942 et Divorces de Saint-Sylvestre : le 15 ao\u00fbt 2022,<br>-Fichier de Transfert des Mariages filiatifs 1903-1942 et Divorces de Saint-Fortunat : le 11 septembre 2022,<br>-Fichier de Transfert des Mariages filiatifs 1903-1942 et Divorces de Gilhac-et-Bruzac : le 5 octobre 2022,<br>-Fichier de Transfert des Mariages filiatifs 1903-1942 et Divorces du B\u00e9age : le 14 octobre 2022,<br>-Fichier de Transfert des Mariages filiatifs 1903-1942 et Divorces de Saint-Etienne-de-Serre : le 2 novembre 2022,<br>-Fichier de Transfert des Mariages filiatifs 1903-1942 et Divorces de Duni\u00e8re-sur-Eyrieux : le 8 novembre 2022,<br>-Fichier de Transfert des Mariages filiatifs 1903-1942 et Divorces de Lachamp-Rapha\u00ebl : le 12 novembre 2022,<br>-Fichier de Transfert des Mariages filiatifs 1903-1942 et Divorces de Lachapelle-sous-Chan\u00e9ac : le 27 novembre 2022,<br>-Fichier de Transfert des Mariages filiatifs 1903-1942 et Divorces de Lanas : le 11 d\u00e9cembre 2022,<\/p>\n\n\n\n<p><strong>Registres protestants<\/strong><\/p>\n\n\n\n<p>La table des abjurations d&rsquo;Annonay de 1644 \u00e0 1660 est \u00e0 jour, les images sont pr\u00e9sentes \u00e0 la Saga. Seront-elles disponibles en ligne sur le site des AD? Si oui, nous compl\u00e9terons le site Expoactes avec lien sur les images.<\/p>\n\n\n\n<p>La mise \u00e0 jour des registres continuent lentement avec notamment la rectification des num\u00e9ros d&rsquo;images. Ce qui demande toute notre attention depuis que nos liens vont directement sur l&rsquo;image des AD.<br>Nous avons revu 14 registres du d\u00e9sert, 13 registres de l&rsquo;Edit de tol\u00e9rance et 13 registres avant la R\u00e9vocation de l&rsquo;Edit de Nantes. Certains sont filiatifs.<\/p>\n\n\n\n<p>Mise en ligne de l&rsquo;EC Mariages 1803 \u00e0 1902<\/p>\n\n\n\n<p>Mise en ligne de l&rsquo;Etat-civil de 1803-1902 pour les communes de Accons \u00e0 Charmes-sur-Rh\u00f4ne.<\/p>\n\n\n\n<p>Si vous constatez des erreurs veuillez nous les transmettre. Nous ferons notre possible pour les corriger.<\/p>\n\n\n\n<p><strong>Nouveaut\u00e9s sur notre site<\/strong><\/p>\n\n\n\n<ul class=\"wp-block-list\"><li>Changement d&rsquo;h\u00e9bergeur<\/li><li>Mise \u00e0 jour globale du site pour les nouvelles versions de PHP<\/li><li>Mise a jour de Expoactes en version 3.2-4<\/li><li>Ajout de fonctionnalit\u00e9s sur les listes de registres<\/li><li>Ajout d&rsquo;options cartographique<\/li><li>D\u00e9but de fiabilisation de la base des actes<\/li><li>normalisation des noms de communes<\/li><li>normalisation des libell\u00e9s des actes<\/li><li>d\u00e9but de suppression des actes en double<\/li><li>Acc\u00e9s direct aux photos pour les registres protestants et BMS<\/li><li>Mise en place de statistiques de fr\u00e9quentation du site<\/li><li>Mise en place d&rsquo;un forum<\/li><li>Changement de pr\u00e9sentation du site pr\u00e9vu pour d\u00e9but 2023<\/li><\/ul>\n\n\n\n<div data-wp-interactive=\"core\/file\" class=\"wp-block-file\"><object data-wp-bind--hidden=\"!state.hasPdfPreview\" hidden class=\"wp-block-file__embed\" data=\"https:\/\/sagardeche.fr\/wordpress\/wp-content\/uploads\/2022\/12\/Statistiques_12-2022.pdf\" type=\"application\/pdf\" style=\"width:100%;height:600px\" aria-label=\"Embed of Contenu embarqu\u00e9 Statistiques_12-2022..\"><\/object><a id=\"wp-block-file--media-2b24ffd3-c679-4b01-bc13-f5f5ec866a66\" href=\"https:\/\/sagardeche.fr\/wordpress\/wp-content\/uploads\/2022\/12\/Statistiques_12-2022.pdf\">Statistiques_12-2022<\/a><a href=\"https:\/\/sagardeche.fr\/wordpress\/wp-content\/uploads\/2022\/12\/Statistiques_12-2022.pdf\" class=\"wp-block-file__button\" download aria-describedby=\"wp-block-file--media-2b24ffd3-c679-4b01-bc13-f5f5ec866a66\">T\u00e9l\u00e9charger<\/a><\/div>\n","protected":false},"excerpt":{"rendered":"<p>Afin de vous apporter plus r\u00e9guli\u00e8rement des nouvelles sur la vie de notre association, l&rsquo;\u00e9quipe animatrice de la SAGA vous propose un nouveau rendez-vous avec cette lettre d&rsquo;information que nous essaierons de faire para\u00eetre r\u00e9guli\u00e8rement. Mise \u00e0 jour : 20 D\u00e9cembre 2022 LA SAGA EN ACTIONS Nous pr\u00e9parons l&rsquo;assembl\u00e9e g\u00e9n\u00e9rale qui se d\u00e9roulera \u00e0 Chom\u00e9rac [&hellip;]<\/p>\n","protected":false},"author":1,"featured_media":0,"parent":0,"menu_order":0,"comment_status":"closed","ping_status":"closed","template":"","meta":{"footnotes":""},"categories":[8],"tags":[],"class_list":["post-1868","page","type-page","status-publish","hentry","category-saga-infos"],"yoast_head":"<!-- This site is optimized with the Yoast SEO plugin v24.2 - https:\/\/yoast.com\/wordpress\/plugins\/seo\/ -->\n<title>D\u00e9cembre 2022 - SagArdeche<\/title>\n<meta name=\"description\" content=\"D\u00e9cembre 2022 SagArdeche Soci\u00e9t\u00e9 amateurs g\u00e9n\u00e9alogie Ard\u00e8che Registres BMS Notaires paroissiaux Origines Ard\u00e9choises expoactes saga protestants\" \/>\n<meta name=\"robots\" content=\"index, follow, max-snippet:-1, max-image-preview:large, max-video-preview:-1\" \/>\n<link rel=\"canonical\" href=\"https:\/\/sagardeche.fr\/wordpress\/index.php\/decembre-2022\/\" \/>\n<meta property=\"og:locale\" content=\"fr_FR\" \/>\n<meta property=\"og:type\" content=\"article\" \/>\n<meta property=\"og:title\" content=\"D\u00e9cembre 2022 - SagArdeche\" \/>\n<meta property=\"og:description\" content=\"D\u00e9cembre 2022 SagArdeche Soci\u00e9t\u00e9 amateurs g\u00e9n\u00e9alogie Ard\u00e8che Registres BMS Notaires paroissiaux Origines Ard\u00e9choises expoactes saga protestants\" \/>\n<meta property=\"og:url\" content=\"https:\/\/sagardeche.fr\/wordpress\/index.php\/decembre-2022\/\" \/>\n<meta property=\"og:site_name\" content=\"SagArdeche\" \/>\n<meta property=\"article:publisher\" content=\"https:\/\/www.facebook.com\/geneardeche\" \/>\n<meta property=\"article:modified_time\" content=\"2023-03-27T12:40:03+00:00\" \/>\n<meta property=\"og:image\" content=\"https:\/\/sagardeche.fr\/wordpress\/wp-content\/uploads\/2022\/07\/SAGA_INFOS.jpg\" \/>\n<meta name=\"twitter:card\" content=\"summary_large_image\" \/>\n<meta name=\"twitter:label1\" content=\"Dur\u00e9e de lecture estim\u00e9e\" \/>\n\t<meta name=\"twitter:data1\" content=\"4 minutes\" \/>\n<script type=\"application\/ld+json\" class=\"yoast-schema-graph\">{\"@context\":\"https:\/\/schema.org\",\"@graph\":[{\"@type\":\"WebPage\",\"@id\":\"https:\/\/sagardeche.fr\/wordpress\/index.php\/decembre-2022\/\",\"url\":\"https:\/\/sagardeche.fr\/wordpress\/index.php\/decembre-2022\/\",\"name\":\"D\u00e9cembre 2022 - SagArdeche\",\"isPartOf\":{\"@id\":\"https:\/\/sagardeche.fr\/wordpress\/#website\"},\"primaryImageOfPage\":{\"@id\":\"https:\/\/sagardeche.fr\/wordpress\/index.php\/decembre-2022\/#primaryimage\"},\"image\":{\"@id\":\"https:\/\/sagardeche.fr\/wordpress\/index.php\/decembre-2022\/#primaryimage\"},\"thumbnailUrl\":\"https:\/\/sagardeche.fr\/wordpress\/wp-content\/uploads\/2022\/07\/SAGA_INFOS.jpg\",\"datePublished\":\"2022-12-22T06:04:40+00:00\",\"dateModified\":\"2023-03-27T12:40:03+00:00\",\"description\":\"D\u00e9cembre 2022 SagArdeche Soci\u00e9t\u00e9 amateurs g\u00e9n\u00e9alogie Ard\u00e8che Registres BMS Notaires paroissiaux Origines Ard\u00e9choises expoactes saga protestants\",\"breadcrumb\":{\"@id\":\"https:\/\/sagardeche.fr\/wordpress\/index.php\/decembre-2022\/#breadcrumb\"},\"inLanguage\":\"fr-FR\",\"potentialAction\":[{\"@type\":\"ReadAction\",\"target\":[\"https:\/\/sagardeche.fr\/wordpress\/index.php\/decembre-2022\/\"]}]},{\"@type\":\"ImageObject\",\"inLanguage\":\"fr-FR\",\"@id\":\"https:\/\/sagardeche.fr\/wordpress\/index.php\/decembre-2022\/#primaryimage\",\"url\":\"https:\/\/sagardeche.fr\/wordpress\/wp-content\/uploads\/2022\/07\/SAGA_INFOS.jpg\",\"contentUrl\":\"https:\/\/sagardeche.fr\/wordpress\/wp-content\/uploads\/2022\/07\/SAGA_INFOS.jpg\",\"width\":500,\"height\":166},{\"@type\":\"BreadcrumbList\",\"@id\":\"https:\/\/sagardeche.fr\/wordpress\/index.php\/decembre-2022\/#breadcrumb\",\"itemListElement\":[{\"@type\":\"ListItem\",\"position\":1,\"name\":\"Accueil\",\"item\":\"https:\/\/sagardeche.fr\/wordpress\/\"},{\"@type\":\"ListItem\",\"position\":2,\"name\":\"D\u00e9cembre 2022\"}]},{\"@type\":\"WebSite\",\"@id\":\"https:\/\/sagardeche.fr\/wordpress\/#website\",\"url\":\"https:\/\/sagardeche.fr\/wordpress\/\",\"name\":\"SagArdeche\",\"description\":\"Soci\u00e9t\u00e9 des Amateurs de G\u00e9n\u00e9alogie de l&#039;Ard\u00e8che\",\"publisher\":{\"@id\":\"https:\/\/sagardeche.fr\/wordpress\/#organization\"},\"alternateName\":\"saga\",\"potentialAction\":[{\"@type\":\"SearchAction\",\"target\":{\"@type\":\"EntryPoint\",\"urlTemplate\":\"https:\/\/sagardeche.fr\/wordpress\/?s={search_term_string}\"},\"query-input\":{\"@type\":\"PropertyValueSpecification\",\"valueRequired\":true,\"valueName\":\"search_term_string\"}}],\"inLanguage\":\"fr-FR\"},{\"@type\":\"Organization\",\"@id\":\"https:\/\/sagardeche.fr\/wordpress\/#organization\",\"name\":\"Soci\u00e9t\u00e9 des Amateurs de G\u00e9n\u00e9alogie de l'Ard\u00e8che\",\"alternateName\":\"SAGA\",\"url\":\"https:\/\/sagardeche.fr\/wordpress\/\",\"logo\":{\"@type\":\"ImageObject\",\"inLanguage\":\"fr-FR\",\"@id\":\"https:\/\/sagardeche.fr\/wordpress\/#\/schema\/logo\/image\/\",\"url\":\"https:\/\/sagardeche.fr\/wordpress\/wp-content\/uploads\/2022\/06\/cropped-LogoSAGA3-1.jpg\",\"contentUrl\":\"https:\/\/sagardeche.fr\/wordpress\/wp-content\/uploads\/2022\/06\/cropped-LogoSAGA3-1.jpg\",\"width\":50,\"height\":80,\"caption\":\"Soci\u00e9t\u00e9 des Amateurs de G\u00e9n\u00e9alogie de l'Ard\u00e8che\"},\"image\":{\"@id\":\"https:\/\/sagardeche.fr\/wordpress\/#\/schema\/logo\/image\/\"},\"sameAs\":[\"https:\/\/www.facebook.com\/geneardeche\"]}]}<\/script>\n<!-- \/ Yoast SEO plugin. -->","yoast_head_json":{"title":"D\u00e9cembre 2022 - SagArdeche","description":"D\u00e9cembre 2022 SagArdeche Soci\u00e9t\u00e9 amateurs g\u00e9n\u00e9alogie Ard\u00e8che Registres BMS Notaires paroissiaux Origines Ard\u00e9choises expoactes saga protestants","robots":{"index":"index","follow":"follow","max-snippet":"max-snippet:-1","max-image-preview":"max-image-preview:large","max-video-preview":"max-video-preview:-1"},"canonical":"https:\/\/sagardeche.fr\/wordpress\/index.php\/decembre-2022\/","og_locale":"fr_FR","og_type":"article","og_title":"D\u00e9cembre 2022 - SagArdeche","og_description":"D\u00e9cembre 2022 SagArdeche Soci\u00e9t\u00e9 amateurs g\u00e9n\u00e9alogie Ard\u00e8che Registres BMS Notaires paroissiaux Origines Ard\u00e9choises expoactes saga protestants","og_url":"https:\/\/sagardeche.fr\/wordpress\/index.php\/decembre-2022\/","og_site_name":"SagArdeche","article_publisher":"https:\/\/www.facebook.com\/geneardeche","article_modified_time":"2023-03-27T12:40:03+00:00","og_image":[{"url":"https:\/\/sagardeche.fr\/wordpress\/wp-content\/uploads\/2022\/07\/SAGA_INFOS.jpg","type":"","width":"","height":""}],"twitter_card":"summary_large_image","twitter_misc":{"Dur\u00e9e de lecture estim\u00e9e":"4 minutes"},"schema":{"@context":"https:\/\/schema.org","@graph":[{"@type":"WebPage","@id":"https:\/\/sagardeche.fr\/wordpress\/index.php\/decembre-2022\/","url":"https:\/\/sagardeche.fr\/wordpress\/index.php\/decembre-2022\/","name":"D\u00e9cembre 2022 - SagArdeche","isPartOf":{"@id":"https:\/\/sagardeche.fr\/wordpress\/#website"},"primaryImageOfPage":{"@id":"https:\/\/sagardeche.fr\/wordpress\/index.php\/decembre-2022\/#primaryimage"},"image":{"@id":"https:\/\/sagardeche.fr\/wordpress\/index.php\/decembre-2022\/#primaryimage"},"thumbnailUrl":"https:\/\/sagardeche.fr\/wordpress\/wp-content\/uploads\/2022\/07\/SAGA_INFOS.jpg","datePublished":"2022-12-22T06:04:40+00:00","dateModified":"2023-03-27T12:40:03+00:00","description":"D\u00e9cembre 2022 SagArdeche Soci\u00e9t\u00e9 amateurs g\u00e9n\u00e9alogie Ard\u00e8che Registres BMS Notaires paroissiaux Origines Ard\u00e9choises expoactes saga protestants","breadcrumb":{"@id":"https:\/\/sagardeche.fr\/wordpress\/index.php\/decembre-2022\/#breadcrumb"},"inLanguage":"fr-FR","potentialAction":[{"@type":"ReadAction","target":["https:\/\/sagardeche.fr\/wordpress\/index.php\/decembre-2022\/"]}]},{"@type":"ImageObject","inLanguage":"fr-FR","@id":"https:\/\/sagardeche.fr\/wordpress\/index.php\/decembre-2022\/#primaryimage","url":"https:\/\/sagardeche.fr\/wordpress\/wp-content\/uploads\/2022\/07\/SAGA_INFOS.jpg","contentUrl":"https:\/\/sagardeche.fr\/wordpress\/wp-content\/uploads\/2022\/07\/SAGA_INFOS.jpg","width":500,"height":166},{"@type":"BreadcrumbList","@id":"https:\/\/sagardeche.fr\/wordpress\/index.php\/decembre-2022\/#breadcrumb","itemListElement":[{"@type":"ListItem","position":1,"name":"Accueil","item":"https:\/\/sagardeche.fr\/wordpress\/"},{"@type":"ListItem","position":2,"name":"D\u00e9cembre 2022"}]},{"@type":"WebSite","@id":"https:\/\/sagardeche.fr\/wordpress\/#website","url":"https:\/\/sagardeche.fr\/wordpress\/","name":"SagArdeche","description":"Soci\u00e9t\u00e9 des Amateurs de G\u00e9n\u00e9alogie de l&#039;Ard\u00e8che","publisher":{"@id":"https:\/\/sagardeche.fr\/wordpress\/#organization"},"alternateName":"saga","potentialAction":[{"@type":"SearchAction","target":{"@type":"EntryPoint","urlTemplate":"https:\/\/sagardeche.fr\/wordpress\/?s={search_term_string}"},"query-input":{"@type":"PropertyValueSpecification","valueRequired":true,"valueName":"search_term_string"}}],"inLanguage":"fr-FR"},{"@type":"Organization","@id":"https:\/\/sagardeche.fr\/wordpress\/#organization","name":"Soci\u00e9t\u00e9 des Amateurs de G\u00e9n\u00e9alogie de l'Ard\u00e8che","alternateName":"SAGA","url":"https:\/\/sagardeche.fr\/wordpress\/","logo":{"@type":"ImageObject","inLanguage":"fr-FR","@id":"https:\/\/sagardeche.fr\/wordpress\/#\/schema\/logo\/image\/","url":"https:\/\/sagardeche.fr\/wordpress\/wp-content\/uploads\/2022\/06\/cropped-LogoSAGA3-1.jpg","contentUrl":"https:\/\/sagardeche.fr\/wordpress\/wp-content\/uploads\/2022\/06\/cropped-LogoSAGA3-1.jpg","width":50,"height":80,"caption":"Soci\u00e9t\u00e9 des Amateurs de G\u00e9n\u00e9alogie de l'Ard\u00e8che"},"image":{"@id":"https:\/\/sagardeche.fr\/wordpress\/#\/schema\/logo\/image\/"},"sameAs":["https:\/\/www.facebook.com\/geneardeche"]}]}},"_links":{"self":[{"href":"https:\/\/sagardeche.fr\/wordpress\/index.php\/wp-json\/wp\/v2\/pages\/1868","targetHints":{"allow":["GET"]}}],"collection":[{"href":"https:\/\/sagardeche.fr\/wordpress\/index.php\/wp-json\/wp\/v2\/pages"}],"about":[{"href":"https:\/\/sagardeche.fr\/wordpress\/index.php\/wp-json\/wp\/v2\/types\/page"}],"author":[{"embeddable":true,"href":"https:\/\/sagardeche.fr\/wordpress\/index.php\/wp-json\/wp\/v2\/users\/1"}],"replies":[{"embeddable":true,"href":"https:\/\/sagardeche.fr\/wordpress\/index.php\/wp-json\/wp\/v2\/comments?post=1868"}],"version-history":[{"count":4,"href":"https:\/\/sagardeche.fr\/wordpress\/index.php\/wp-json\/wp\/v2\/pages\/1868\/revisions"}],"predecessor-version":[{"id":2508,"href":"https:\/\/sagardeche.fr\/wordpress\/index.php\/wp-json\/wp\/v2\/pages\/1868\/revisions\/2508"}],"wp:attachment":[{"href":"https:\/\/sagardeche.fr\/wordpress\/index.php\/wp-json\/wp\/v2\/media?parent=1868"}],"wp:term":[{"taxonomy":"category","embeddable":true,"href":"https:\/\/sagardeche.fr\/wordpress\/index.php\/wp-json\/wp\/v2\/categories?post=1868"},{"taxonomy":"post_tag","embeddable":true,"href":"https:\/\/sagardeche.fr\/wordpress\/index.php\/wp-json\/wp\/v2\/tags?post=1868"}],"curies":[{"name":"wp","href":"https:\/\/api.w.org\/{rel}","templated":true}]}}