{"id":1801,"date":"2022-12-20T15:22:50","date_gmt":"2022-12-20T14:22:50","guid":{"rendered":"https:\/\/sagardeche.fr\/wordpress\/?page_id=1801"},"modified":"2024-12-26T17:36:43","modified_gmt":"2024-12-26T16:36:43","slug":"mentions-legales","status":"publish","type":"page","link":"https:\/\/sagardeche.fr\/wordpress\/index.php\/mentions-legales\/","title":{"rendered":"Mentions L\u00e9gales"},"content":{"rendered":"\n<p><\/p>\n\n\n\n<p><strong>Responsable de publication<\/strong><\/p>\n\n\n\n<p><strong><em>SOCIETE DES AMATEURS DE GENEALOGIE DE L&rsquo;ARDECHE<\/em><\/strong><br>Si\u00e8ge: Archives D\u00e9partementales<br>Place Andr\u00e9 Malraux &#8211; 07000 PRIVAS<\/p>\n\n\n\n<p>Bureau : 178 Route de Privas &#8211; 07210 CHOMERAC<br>Tel : 04 75 64 84 13<br><em>Email : contact@sagardeche.fr<\/em><\/p>\n\n\n\n<p><strong>Direction de publication<\/strong><\/p>\n\n\n\n<p>Emmanuel Coiraton, Pr\u00e9sident de la <strong>SOCIETE DES AMATEURS DE GENEALOGIE DE L&rsquo;ARDECHE<\/strong><\/p>\n\n\n\n<p><strong>H\u00e9bergement :<\/strong><\/p>\n\n\n\n<p>Sur son propre serveur, en compl\u00e8te autonomie.<\/p>\n\n\n\n<p>Contact de l&rsquo;\u00e9quipe Informatique :  <em>admin@sagardeche.fr<\/em><\/p>\n\n\n\n<p>Gestionnaire du DataCenter : SCALEWAY SAS BP 438 75366 PARIS CEDEX 08 FRANCE<\/p>\n\n\n\n<p><strong>Site Internet sagardeche.fr<\/strong><\/p>\n\n\n\n<p>Le Site dans son ensemble, ainsi que les \u00e9l\u00e9ments techniques qui le composent (notamment, charte graphique, logiciels mis en \u0153uvre pour le fonctionnement du Site, animations, bases de donn\u00e9es, etc.) sont la propri\u00e9t\u00e9 exclusive de la <strong>SOCIETE DES AMATEURS DE GENEALOGIE DE L&rsquo;ARDECHE<\/strong>, seule habilit\u00e9e \u00e0 utiliser les droits de propri\u00e9t\u00e9 intellectuelle et droits de la personnalit\u00e9 y aff\u00e9rents, notamment marques, mod\u00e8les, droits d&rsquo;auteur et droit \u00e0 l&rsquo;image, \u00e0 titre originaire ou par l&rsquo;effet d&rsquo;une licence ou d&rsquo;une autorisation expresse.<\/p>\n\n\n\n<p>En outre, les textes, images, photographies, documents, ainsi que toutes \u0153uvres int\u00e9gr\u00e9es dans le site sont la propri\u00e9t\u00e9 de la <strong>SOCIETE DES AMATEURS DE GENEALOGIE DE L&rsquo;ARDECHE.<\/strong><\/p>\n\n\n\n<p>L\u2019ensemble de ces \u00e9l\u00e9ments constituent des \u0153uvres de l&rsquo;esprit prot\u00e9g\u00e9es par les articles L.111-1 et suivants du Code de la propri\u00e9t\u00e9 intellectuelle.<\/p>\n\n\n\n<p>L&rsquo;usage de tout ou partie du Site, notamment par extraction, t\u00e9l\u00e9chargement, reproduction, transmission, \u00ab\u00a0reverse engineering\u00a0\u00bb, d\u00e9compilation, d\u00e9sassemblage, repr\u00e9sentation ou diffusion \u00e0 d&rsquo;autres fins que pour l&rsquo;usage personnel et priv\u00e9 dans un but non commercial de l&rsquo;internaute est strictement interdit. La violation de ces dispositions soumet son auteur aux sanctions pr\u00e9vues tant par le Code de la propri\u00e9t\u00e9 intellectuelle au titre notamment de la contrefa\u00e7on de droits d&rsquo;auteur (articles L.335-3 et suivants), de droit des marques (articles L.716-9 et suivants) que par le Code civil en mati\u00e8re de responsabilit\u00e9 civile (article 9, articles 1382 et suivants).<\/p>\n\n\n\n<p><strong>Liens hypertextes<\/strong><\/p>\n\n\n\n<p>Tous les sites ayant un lien hypertexte dirigeant vers le Site ou l&rsquo;un quelconque des \u00e9l\u00e9ments qui le composent ne sont pas sous le contr\u00f4le de la <strong>SOCIETE DES AMATEURS DE GENEALOGIE DE L&rsquo;ARDECHE<\/strong> et celle-ci d\u00e9cline par cons\u00e9quent toute responsabilit\u00e9 (notamment \u00e9ditoriale) concernant l&rsquo;acc\u00e8s et le contenu de ces sites.<\/p>\n\n\n\n<p>L\u2019Internaute s\u2019engage \u00e0 respecter pleinement l\u2019int\u00e9gralit\u00e9 des droits de la<strong> SOCIETE DES AMATEURS DE GENEALOGIE DE L&rsquo;ARDECHE<\/strong>. A ce titre, il reconna\u00eet qu&rsquo;il n&rsquo;est cessionnaire d&rsquo;aucun autre droit que celui d&rsquo;utiliser les moyens notamment techniques mis \u00e0 sa disposition par le Site.<\/p>\n\n\n\n<p><strong>Contenus<\/strong><\/p>\n\n\n\n<p>Les services de la <strong>SOCIETE DES AMATEURS DE GENEALOGIE DE L&rsquo;ARDECHE<\/strong> en charge des mises \u00e0 jour et de l\u2019animation du site mettent tout en \u0153uvre pour vous offrir des informations claires, d\u00e9taill\u00e9es et fiables.<br>Cependant, si malgr\u00e9 toute l\u2019attention port\u00e9e \u00e0 la gestion de ces contenus par nos services vous deviez constater des inexactitudes, des manques d\u2019informations ou des erreurs, nous vous invitons \u00e0 en informer la <strong>SOCIETE DES AMATEURS DE GENEALOGIE DE L&rsquo;ARDECHE<\/strong>, par courrier \u00e9lectronique via notre adresse email ou bien par courrier postal.<\/p>\n\n\n\n<p><strong>Protection et traitement de donn\u00e9es \u00e0 caract\u00e8re personnel<\/strong><\/p>\n\n\n\n<p><strong>Respect des lois en vigueur<\/strong><br>Le site <strong>www.sagardeche.fr<\/strong> respecte la vie priv\u00e9e de l\u2019internaute et se conforme strictement aux lois en vigueur sur la protection de la vie priv\u00e9e et des libert\u00e9s individuelles. Aucune information personnelle n\u2019est collect\u00e9e \u00e0 votre insu. Aucune information personnelle n\u2019est c\u00e9d\u00e9e \u00e0 des tiers. Les courriels, les adresses \u00e9lectroniques ou autres informations nominatives dont ce site est destinataire ne font l\u2019objet d\u2019aucune exploitation et ne sont conserv\u00e9s que pour la dur\u00e9e n\u00e9cessaire \u00e0 leur traitement.<\/p>\n\n\n\n<p><strong>Droit des internautes : droit d\u2019acc\u00e8s et de rectification<\/strong><br>La <strong>SOCIETE DES AMATEURS DE GENEALOGIE DE L&rsquo;ARDECHE<\/strong> s\u2019engage \u00e0 ce que la collecte et le traitement de vos donn\u00e9es, effectu\u00e9s \u00e0 partir du site soient conformes au r\u00e8glement g\u00e9n\u00e9ral sur la protection des donn\u00e9es (RGPD) et \u00e0 la loi Informatique et Libert\u00e9s.<\/p>\n\n\n\n<p>Pour toute information ou exercice de vos droits Informatique et Libert\u00e9s sur les traitements de donn\u00e9es personnelles, vous pouvez contacter son d\u00e9l\u00e9gu\u00e9 \u00e0 la protection des donn\u00e9es (DPD) par courriel contact@sagardeche.fr ou par courrier \u00e0 l\u2019adresse suivante :<\/p>\n\n\n\n<p>SAGA   178 Route de Privas 07210 CHOMERAC<\/p>\n\n\n\n<p>La politique du site <strong>www.sagardeche.fr<\/strong> est en conformit\u00e9 avec la loi n\u00b02004-575 du 21 juin 2004 pour la confiance dans l\u2019\u00e9conomie num\u00e9rique.<\/p>\n\n\n\n<p><strong>Cookies<\/strong><br>Lors de la consultation de notre site <strong>sagardeche.fr<\/strong>, des cookies sont d\u00e9pos\u00e9s sur votre ordinateur, votre mobile ou votre tablette.<br>Les seuls cookies utilis\u00e9s par le site sont ceux destin\u00e9s au fonctionnement du site et \u00e0 la mesure d&rsquo;audience. Ils ne collectent pas de donn\u00e9es personnelles. Les outils de mesures d\u2019audience sont interne \u00e0 la <strong>SOCIETE DES AMATEURS DE GENEALOGIE DE L&rsquo;ARDECHE <\/strong>et d\u00e9ploy\u00e9s afin d\u2019obtenir des informations sur la navigation des visiteurs. Ils permettent notamment de comprendre comment les utilisateurs arrivent sur le site et de reconstituer leur parcours. Vous pouvez \u00e0 tout moment choisir de d\u00e9sactiver ces cookies mais cela peut entrainer des dysfonctionnements.<\/p>\n\n\n\n<p><\/p>\n","protected":false},"excerpt":{"rendered":"<p>Responsable de publication SOCIETE DES AMATEURS DE GENEALOGIE DE L&rsquo;ARDECHESi\u00e8ge: Archives D\u00e9partementalesPlace Andr\u00e9 Malraux &#8211; 07000 PRIVAS Bureau : 178 Route de Privas &#8211; 07210 CHOMERACTel : 04 75 64 84 13Email : contact@sagardeche.fr Direction de publication Emmanuel Coiraton, Pr\u00e9sident de la SOCIETE DES AMATEURS DE GENEALOGIE DE L&rsquo;ARDECHE H\u00e9bergement : Sur son propre serveur, [&hellip;]<\/p>\n","protected":false},"author":1,"featured_media":0,"parent":0,"menu_order":0,"comment_status":"closed","ping_status":"closed","template":"","meta":{"footnotes":""},"categories":[3],"tags":[],"class_list":["post-1801","page","type-page","status-publish","hentry","category-association"],"yoast_head":"<!-- This site is optimized with the Yoast SEO plugin v24.2 - https:\/\/yoast.com\/wordpress\/plugins\/seo\/ -->\n<title>Mentions L\u00e9gales - SagArdeche<\/title>\n<meta name=\"description\" content=\"Mentions L\u00e9gales SagArdeche Association Soci\u00e9t\u00e9 amateurs g\u00e9n\u00e9alogie Ard\u00e8che Registres BMS Notaires paroissiaux Origines Ard\u00e9choises expoactes saga protestants\" \/>\n<meta name=\"robots\" content=\"index, follow, max-snippet:-1, max-image-preview:large, max-video-preview:-1\" \/>\n<link rel=\"canonical\" href=\"https:\/\/sagardeche.fr\/wordpress\/index.php\/mentions-legales\/\" \/>\n<meta property=\"og:locale\" content=\"fr_FR\" \/>\n<meta property=\"og:type\" content=\"article\" \/>\n<meta property=\"og:title\" content=\"Mentions L\u00e9gales - SagArdeche\" \/>\n<meta property=\"og:description\" content=\"Mentions L\u00e9gales SagArdeche Association Soci\u00e9t\u00e9 amateurs g\u00e9n\u00e9alogie Ard\u00e8che Registres BMS Notaires paroissiaux Origines Ard\u00e9choises expoactes saga protestants\" \/>\n<meta property=\"og:url\" content=\"https:\/\/sagardeche.fr\/wordpress\/index.php\/mentions-legales\/\" \/>\n<meta property=\"og:site_name\" content=\"SagArdeche\" \/>\n<meta property=\"article:publisher\" content=\"https:\/\/www.facebook.com\/geneardeche\" \/>\n<meta property=\"article:modified_time\" content=\"2024-12-26T16:36:43+00:00\" \/>\n<meta name=\"twitter:card\" content=\"summary_large_image\" \/>\n<meta name=\"twitter:label1\" content=\"Dur\u00e9e de lecture estim\u00e9e\" \/>\n\t<meta name=\"twitter:data1\" content=\"5 minutes\" \/>\n<script type=\"application\/ld+json\" class=\"yoast-schema-graph\">{\"@context\":\"https:\/\/schema.org\",\"@graph\":[{\"@type\":\"WebPage\",\"@id\":\"https:\/\/sagardeche.fr\/wordpress\/index.php\/mentions-legales\/\",\"url\":\"https:\/\/sagardeche.fr\/wordpress\/index.php\/mentions-legales\/\",\"name\":\"Mentions L\u00e9gales - SagArdeche\",\"isPartOf\":{\"@id\":\"https:\/\/sagardeche.fr\/wordpress\/#website\"},\"datePublished\":\"2022-12-20T14:22:50+00:00\",\"dateModified\":\"2024-12-26T16:36:43+00:00\",\"description\":\"Mentions L\u00e9gales SagArdeche Association Soci\u00e9t\u00e9 amateurs g\u00e9n\u00e9alogie Ard\u00e8che Registres BMS Notaires paroissiaux Origines Ard\u00e9choises expoactes saga protestants\",\"breadcrumb\":{\"@id\":\"https:\/\/sagardeche.fr\/wordpress\/index.php\/mentions-legales\/#breadcrumb\"},\"inLanguage\":\"fr-FR\",\"potentialAction\":[{\"@type\":\"ReadAction\",\"target\":[\"https:\/\/sagardeche.fr\/wordpress\/index.php\/mentions-legales\/\"]}]},{\"@type\":\"BreadcrumbList\",\"@id\":\"https:\/\/sagardeche.fr\/wordpress\/index.php\/mentions-legales\/#breadcrumb\",\"itemListElement\":[{\"@type\":\"ListItem\",\"position\":1,\"name\":\"Accueil\",\"item\":\"https:\/\/sagardeche.fr\/wordpress\/\"},{\"@type\":\"ListItem\",\"position\":2,\"name\":\"Mentions L\u00e9gales\"}]},{\"@type\":\"WebSite\",\"@id\":\"https:\/\/sagardeche.fr\/wordpress\/#website\",\"url\":\"https:\/\/sagardeche.fr\/wordpress\/\",\"name\":\"SagArdeche\",\"description\":\"Soci\u00e9t\u00e9 des Amateurs de G\u00e9n\u00e9alogie de l&#039;Ard\u00e8che\",\"publisher\":{\"@id\":\"https:\/\/sagardeche.fr\/wordpress\/#organization\"},\"alternateName\":\"saga\",\"potentialAction\":[{\"@type\":\"SearchAction\",\"target\":{\"@type\":\"EntryPoint\",\"urlTemplate\":\"https:\/\/sagardeche.fr\/wordpress\/?s={search_term_string}\"},\"query-input\":{\"@type\":\"PropertyValueSpecification\",\"valueRequired\":true,\"valueName\":\"search_term_string\"}}],\"inLanguage\":\"fr-FR\"},{\"@type\":\"Organization\",\"@id\":\"https:\/\/sagardeche.fr\/wordpress\/#organization\",\"name\":\"Soci\u00e9t\u00e9 des Amateurs de G\u00e9n\u00e9alogie de l'Ard\u00e8che\",\"alternateName\":\"SAGA\",\"url\":\"https:\/\/sagardeche.fr\/wordpress\/\",\"logo\":{\"@type\":\"ImageObject\",\"inLanguage\":\"fr-FR\",\"@id\":\"https:\/\/sagardeche.fr\/wordpress\/#\/schema\/logo\/image\/\",\"url\":\"https:\/\/sagardeche.fr\/wordpress\/wp-content\/uploads\/2022\/06\/cropped-LogoSAGA3-1.jpg\",\"contentUrl\":\"https:\/\/sagardeche.fr\/wordpress\/wp-content\/uploads\/2022\/06\/cropped-LogoSAGA3-1.jpg\",\"width\":50,\"height\":80,\"caption\":\"Soci\u00e9t\u00e9 des Amateurs de G\u00e9n\u00e9alogie de l'Ard\u00e8che\"},\"image\":{\"@id\":\"https:\/\/sagardeche.fr\/wordpress\/#\/schema\/logo\/image\/\"},\"sameAs\":[\"https:\/\/www.facebook.com\/geneardeche\"]}]}<\/script>\n<!-- \/ Yoast SEO plugin. -->","yoast_head_json":{"title":"Mentions L\u00e9gales - SagArdeche","description":"Mentions L\u00e9gales SagArdeche Association Soci\u00e9t\u00e9 amateurs g\u00e9n\u00e9alogie Ard\u00e8che Registres BMS Notaires paroissiaux Origines Ard\u00e9choises expoactes saga protestants","robots":{"index":"index","follow":"follow","max-snippet":"max-snippet:-1","max-image-preview":"max-image-preview:large","max-video-preview":"max-video-preview:-1"},"canonical":"https:\/\/sagardeche.fr\/wordpress\/index.php\/mentions-legales\/","og_locale":"fr_FR","og_type":"article","og_title":"Mentions L\u00e9gales - SagArdeche","og_description":"Mentions L\u00e9gales SagArdeche Association Soci\u00e9t\u00e9 amateurs g\u00e9n\u00e9alogie Ard\u00e8che Registres BMS Notaires paroissiaux Origines Ard\u00e9choises expoactes saga protestants","og_url":"https:\/\/sagardeche.fr\/wordpress\/index.php\/mentions-legales\/","og_site_name":"SagArdeche","article_publisher":"https:\/\/www.facebook.com\/geneardeche","article_modified_time":"2024-12-26T16:36:43+00:00","twitter_card":"summary_large_image","twitter_misc":{"Dur\u00e9e de lecture estim\u00e9e":"5 minutes"},"schema":{"@context":"https:\/\/schema.org","@graph":[{"@type":"WebPage","@id":"https:\/\/sagardeche.fr\/wordpress\/index.php\/mentions-legales\/","url":"https:\/\/sagardeche.fr\/wordpress\/index.php\/mentions-legales\/","name":"Mentions L\u00e9gales - SagArdeche","isPartOf":{"@id":"https:\/\/sagardeche.fr\/wordpress\/#website"},"datePublished":"2022-12-20T14:22:50+00:00","dateModified":"2024-12-26T16:36:43+00:00","description":"Mentions L\u00e9gales SagArdeche Association Soci\u00e9t\u00e9 amateurs g\u00e9n\u00e9alogie Ard\u00e8che Registres BMS Notaires paroissiaux Origines Ard\u00e9choises expoactes saga protestants","breadcrumb":{"@id":"https:\/\/sagardeche.fr\/wordpress\/index.php\/mentions-legales\/#breadcrumb"},"inLanguage":"fr-FR","potentialAction":[{"@type":"ReadAction","target":["https:\/\/sagardeche.fr\/wordpress\/index.php\/mentions-legales\/"]}]},{"@type":"BreadcrumbList","@id":"https:\/\/sagardeche.fr\/wordpress\/index.php\/mentions-legales\/#breadcrumb","itemListElement":[{"@type":"ListItem","position":1,"name":"Accueil","item":"https:\/\/sagardeche.fr\/wordpress\/"},{"@type":"ListItem","position":2,"name":"Mentions L\u00e9gales"}]},{"@type":"WebSite","@id":"https:\/\/sagardeche.fr\/wordpress\/#website","url":"https:\/\/sagardeche.fr\/wordpress\/","name":"SagArdeche","description":"Soci\u00e9t\u00e9 des Amateurs de G\u00e9n\u00e9alogie de l&#039;Ard\u00e8che","publisher":{"@id":"https:\/\/sagardeche.fr\/wordpress\/#organization"},"alternateName":"saga","potentialAction":[{"@type":"SearchAction","target":{"@type":"EntryPoint","urlTemplate":"https:\/\/sagardeche.fr\/wordpress\/?s={search_term_string}"},"query-input":{"@type":"PropertyValueSpecification","valueRequired":true,"valueName":"search_term_string"}}],"inLanguage":"fr-FR"},{"@type":"Organization","@id":"https:\/\/sagardeche.fr\/wordpress\/#organization","name":"Soci\u00e9t\u00e9 des Amateurs de G\u00e9n\u00e9alogie de l'Ard\u00e8che","alternateName":"SAGA","url":"https:\/\/sagardeche.fr\/wordpress\/","logo":{"@type":"ImageObject","inLanguage":"fr-FR","@id":"https:\/\/sagardeche.fr\/wordpress\/#\/schema\/logo\/image\/","url":"https:\/\/sagardeche.fr\/wordpress\/wp-content\/uploads\/2022\/06\/cropped-LogoSAGA3-1.jpg","contentUrl":"https:\/\/sagardeche.fr\/wordpress\/wp-content\/uploads\/2022\/06\/cropped-LogoSAGA3-1.jpg","width":50,"height":80,"caption":"Soci\u00e9t\u00e9 des Amateurs de G\u00e9n\u00e9alogie de l'Ard\u00e8che"},"image":{"@id":"https:\/\/sagardeche.fr\/wordpress\/#\/schema\/logo\/image\/"},"sameAs":["https:\/\/www.facebook.com\/geneardeche"]}]}},"_links":{"self":[{"href":"https:\/\/sagardeche.fr\/wordpress\/index.php\/wp-json\/wp\/v2\/pages\/1801","targetHints":{"allow":["GET"]}}],"collection":[{"href":"https:\/\/sagardeche.fr\/wordpress\/index.php\/wp-json\/wp\/v2\/pages"}],"about":[{"href":"https:\/\/sagardeche.fr\/wordpress\/index.php\/wp-json\/wp\/v2\/types\/page"}],"author":[{"embeddable":true,"href":"https:\/\/sagardeche.fr\/wordpress\/index.php\/wp-json\/wp\/v2\/users\/1"}],"replies":[{"embeddable":true,"href":"https:\/\/sagardeche.fr\/wordpress\/index.php\/wp-json\/wp\/v2\/comments?post=1801"}],"version-history":[{"count":22,"href":"https:\/\/sagardeche.fr\/wordpress\/index.php\/wp-json\/wp\/v2\/pages\/1801\/revisions"}],"predecessor-version":[{"id":3626,"href":"https:\/\/sagardeche.fr\/wordpress\/index.php\/wp-json\/wp\/v2\/pages\/1801\/revisions\/3626"}],"wp:attachment":[{"href":"https:\/\/sagardeche.fr\/wordpress\/index.php\/wp-json\/wp\/v2\/media?parent=1801"}],"wp:term":[{"taxonomy":"category","embeddable":true,"href":"https:\/\/sagardeche.fr\/wordpress\/index.php\/wp-json\/wp\/v2\/categories?post=1801"},{"taxonomy":"post_tag","embeddable":true,"href":"https:\/\/sagardeche.fr\/wordpress\/index.php\/wp-json\/wp\/v2\/tags?post=1801"}],"curies":[{"name":"wp","href":"https:\/\/api.w.org\/{rel}","templated":true}]}}