{"id":1464,"date":"2022-09-25T07:49:04","date_gmt":"2022-09-25T05:49:04","guid":{"rendered":"https:\/\/sagardeche.fr\/wordpress\/?page_id=1464"},"modified":"2022-09-25T07:49:13","modified_gmt":"2022-09-25T05:49:13","slug":"la-saga-des-patronymes-4","status":"publish","type":"page","link":"https:\/\/sagardeche.fr\/wordpress\/index.php\/la-saga-des-patronymes-4\/","title":{"rendered":"LA SAGA DES PATRONYMES"},"content":{"rendered":"\n<p>Peut-on changer de nom ?<\/p>\n\n\n\n<p>hacun de nous tient \u00e0 son nom. Il est une partie de notre personnalit\u00e9 que nous recevons \u00e0 la naissance en m\u00eame temps que notre patrimoine g\u00e9n\u00e9tique. Mais comment vit-on la possession d&rsquo;un nom ridicule? Est-il facile, \u00ab\u00a0confortable\u00a0\u00bb, de s&rsquo;entendre, chaque matin, interpeller d&rsquo;un sonore :\u00a0\u00bbBonjour Monsieur CONNARD\u00a0\u00bb, \u00e0 la cantonnade et accompagn\u00e9 de ce petit sourire au coin des l\u00e8vres ? Supportable sans doute pour qui poss\u00e8de en outre une forte personnalit\u00e9, d\u00e9primant, \u00e0 coup s\u00fbr, pour le commun des mortels&#8230;!<\/p>\n\n\n\n<p><img loading=\"lazy\" decoding=\"async\" src=\"https:\/\/geneardeche.org\/v1\/gifs\/lettrine\/E3.GIF\" alt=\"E\" width=\"29\" height=\"29\">t pourtant ils sont l\u00e9gion, ces noms lourds \u00e0 porter. Mademoiselle COURTECUISSE acceptera son patronyme si elle a la chance de poss\u00e9der de longues jambes fusel\u00e9es. Mais si elle est petite et boulotte ? Monsieur GROSMOLLARD sera contraint de rencontrer souvent le directeur du coll\u00e8ge pour obtenir de lui que les \u00ab\u00a0sales gosses\u00a0\u00bb du coll\u00e8ge ne crachent plus sur ses enfants. Comment ce timide jeune homme, s\u00e9duisant au demeurant, pourra-t-il avouer \u00e0 la jeune fille qu&rsquo;il vient d&rsquo;aborder apr\u00e8s des semaines d&rsquo;angoisse et d&rsquo;h\u00e9sitations qu&rsquo;il s&rsquo;appelle BRISECUL ?<\/p>\n\n\n\n<p><img loading=\"lazy\" decoding=\"async\" src=\"https:\/\/geneardeche.org\/v1\/gifs\/lettrine\/O3.GIF\" alt=\"O\" width=\"29\" height=\"29\">utre les noms ridicules, ils y a ceux qui sont entach\u00e9s d&rsquo;une marque ind\u00e9l\u00e9bile d&rsquo;infamie. Monsieur HITLER signera discr\u00e8tement HILLER quand il pourra le faire. Il s&rsquo;\u00e9tonnera d&rsquo;ailleurs de constater que les plus jeunes ne sursautent plus \u00e0 l&rsquo;\u00e9nonc\u00e9 de son nom tant l&rsquo;oubli saupoudre vite les sursauts de l&rsquo;histoire. Qui se souvient aujourd&rsquo;hui de Charles ROLET, procureur au Parlement de Paris, condamn\u00e9 au bannissement en 1681 ? Son nom fut pourtant \u00e0 l&rsquo;\u00e9poque synonyme d&rsquo;escroc et son fils obtint du roi de pouvoir se faire appeler SAINT-BUT. Seul le c\u00e9l\u00e8bre vers de Boileau chante encore dans nos m\u00e9moires: \u00ab\u00a0J&rsquo;appelle un chat un chat et ROLET un fripon\u00a0\u00bb. S&rsquo;il est devenu facile aujourd&rsquo;hui de s&rsquo;appeler ROLET, il est \u00e0 peine plus difficile de s&rsquo;appeler LANDRU ou PETIOT.<\/p>\n\n\n\n<p><img loading=\"lazy\" decoding=\"async\" src=\"https:\/\/geneardeche.org\/v1\/gifs\/lettrine\/M3.GIF\" alt=\"M\" width=\"29\" height=\"29\">ais lorsqu&rsquo;on tra\u00eene son nom comme un fardeau, lorsqu&rsquo;il ne signifie plus rien, sinon les r\u00e9flexions et les sourires qu&rsquo;il suscite, existe-t-il une solution? La r\u00e9ponse est en demi-teinte. Changer de nom rel\u00e8ve, en France, du parcours du combattant. Seul le Conseil d&rsquo;Etat est habilit\u00e9 \u00e0 se prononcer et sa jurisprudence est claire: le plaignant ne pourra changer de nom que s&rsquo;il r\u00e9ussit \u00e0 prouver de fa\u00e7on indubitable que celui-ci lui porte pr\u00e9judice. Or cette preuve est bien difficile \u00e0 apporter. Tr\u00e8s peu y parviendront. Est-il vraiment pr\u00e9judiciable de s&rsquo;appeler BROUTECHOUX alors que la plupart des porteurs de ce nom ne s&rsquo;en plaignent nullement ? Les CASSECOUILLE, eux, n&rsquo;auront (en principe) pas de difficult\u00e9. Il existe, heureusement, et comme c&rsquo;est toujours le cas, quelques modestes moyens de contourner cette rigueur de la loi. Tout d&rsquo;abord, la loi elle m\u00eame a pr\u00e9vu quelques soupapes de s\u00e9curit\u00e9: 2 cas au moins sont pr\u00e9vus pour lesquels une modification du nom est admise: 1\u00b0- Les \u00ab\u00a0noms \u00e0 consonnance isra\u00e9lite\u00a0\u00bb peuvent \u00eatre \u00ab\u00a0francis\u00e9s\u00a0\u00bb ( loi du 28 juillet 1808) 2\u00b0- Les \u00ab\u00a0noms des personnes naturalis\u00e9es\u00a0\u00bb peuvent \u00e9galement \u00eatre francis\u00e9s (loi du 25 octobre 1972). Ces dispositions ont permis, dans les p\u00e9riodes troubl\u00e9es o\u00f9 antis\u00e9mitisme et x\u00e9nophobie refont surface, aux porteurs de noms trop voyants, de rentrer dans un certain \u00ab\u00a0anonymat d&rsquo;origine\u00a0\u00bb. Par contre, un nom \u00e9tranger francis\u00e9 ne pourra jamais, en France, reprendre sa graphie \u00e9trang\u00e8re. Le seul cas autoris\u00e9 de modification d&rsquo;un nom \u00e9tranger en un autre nom \u00e9tranger touche les Arm\u00e9niens: en 1934, le pouvoir ottoman d\u00e9cida une \u00ab\u00a0turquisation\u00a0\u00bb obligatoire les noms arm\u00e9niens. Un Arm\u00e9nien naturalis\u00e9 fran\u00e7ais est donc autoris\u00e9 \u00e0 reprendre la graphie d&rsquo;origine de son nom. C&rsquo;est pourquoi un certain nombre d&rsquo;AVEDIKOGLOU furent autoris\u00e9s \u00e0 reprendre leur nom d&rsquo;AVEDIKIAN.<\/p>\n\n\n\n<p><img loading=\"lazy\" decoding=\"async\" src=\"https:\/\/geneardeche.org\/v1\/gifs\/lettrine\/A3.GIF\" alt=\"A\" width=\"29\" height=\"29\">utre possibilit\u00e9 admise: celle de \u00ab\u00a0relever\u00a0\u00bb le patronyme disparu d&rsquo;un parent mort pour la France (loi du 25 octobre 1972). Cette disposition permit \u00e0 quelques uns de faire admettre un changement d\u00e9sir\u00e9. De m\u00eame, on admit que les grands r\u00e9sistants fussent autoris\u00e9s \u00e0 adjoindre leur nom de guerre \u00e0 leur patronyme: CHABAN-DELMAS, CLAUDIUS-PETIT, BOURGES-MAUNOURY en sont des exemples connus.<\/p>\n\n\n\n<p><img loading=\"lazy\" decoding=\"async\" src=\"https:\/\/geneardeche.org\/v1\/gifs\/lettrine\/E3.GIF\" alt=\"E\" width=\"29\" height=\"29\">nfin, si un accord du Conseil d&rsquo;Etat n&rsquo;est pas toujours possible, l&rsquo;usage transgresse souvent la loi et brave le souverain \u00ab\u00a0bureau du Sceau\u00a0\u00bb au minist\u00e8re de la Justice: la rumeur publique affecte souvent et pour des raisons obscures parfois, un surnom \u00e0 de nombreuses personnes qui peuvent n&rsquo;en \u00eatre pas plus satisfaites que de leur v\u00e9ritable patronyme. Mais c&rsquo;est l\u00e0 un autre sujet que nous aborderons aussi&#8230;<\/p>\n\n\n\n<figure class=\"wp-block-table\"><table><tbody><tr><td><em>Michel GUIGAL<br>avril 1997<\/em><\/td><\/tr><\/tbody><\/table><\/figure>\n","protected":false},"excerpt":{"rendered":"<p>Peut-on changer de nom ? hacun de nous tient \u00e0 son nom. Il est une partie de notre personnalit\u00e9 que nous recevons \u00e0 la naissance en m\u00eame temps que notre patrimoine g\u00e9n\u00e9tique. Mais comment vit-on la possession d&rsquo;un nom ridicule? Est-il facile, \u00ab\u00a0confortable\u00a0\u00bb, de s&rsquo;entendre, chaque matin, interpeller d&rsquo;un sonore :\u00a0\u00bbBonjour Monsieur CONNARD\u00a0\u00bb, \u00e0 la [&hellip;]<\/p>\n","protected":false},"author":1,"featured_media":0,"parent":0,"menu_order":0,"comment_status":"closed","ping_status":"closed","template":"","meta":{"footnotes":""},"categories":[24],"tags":[],"class_list":["post-1464","page","type-page","status-publish","hentry","category-archives"],"yoast_head":"<!-- This site is optimized with the Yoast SEO plugin v24.2 - https:\/\/yoast.com\/wordpress\/plugins\/seo\/ -->\n<title>LA SAGA DES PATRONYMES - SagArdeche<\/title>\n<meta name=\"description\" content=\"LA SAGA DES PATRONYMES SagArdeche Soci\u00e9t\u00e9 amateurs g\u00e9n\u00e9alogie Ard\u00e8che Registres BMS Notaires paroissiaux Origines Ard\u00e9choises expoactes saga protestants\" \/>\n<meta name=\"robots\" content=\"index, follow, max-snippet:-1, max-image-preview:large, max-video-preview:-1\" \/>\n<link rel=\"canonical\" href=\"https:\/\/sagardeche.fr\/wordpress\/index.php\/la-saga-des-patronymes-4\/\" \/>\n<meta property=\"og:locale\" content=\"fr_FR\" \/>\n<meta property=\"og:type\" content=\"article\" \/>\n<meta property=\"og:title\" content=\"LA SAGA DES PATRONYMES - SagArdeche\" \/>\n<meta property=\"og:description\" content=\"LA SAGA DES PATRONYMES SagArdeche Soci\u00e9t\u00e9 amateurs g\u00e9n\u00e9alogie Ard\u00e8che Registres BMS Notaires paroissiaux Origines Ard\u00e9choises expoactes saga protestants\" \/>\n<meta property=\"og:url\" content=\"https:\/\/sagardeche.fr\/wordpress\/index.php\/la-saga-des-patronymes-4\/\" \/>\n<meta property=\"og:site_name\" content=\"SagArdeche\" \/>\n<meta property=\"article:publisher\" content=\"https:\/\/www.facebook.com\/geneardeche\" \/>\n<meta property=\"article:modified_time\" content=\"2022-09-25T05:49:13+00:00\" \/>\n<meta property=\"og:image\" content=\"https:\/\/geneardeche.org\/v1\/gifs\/lettrine\/E3.GIF\" \/>\n<meta name=\"twitter:card\" content=\"summary_large_image\" \/>\n<meta name=\"twitter:label1\" content=\"Dur\u00e9e de lecture estim\u00e9e\" \/>\n\t<meta name=\"twitter:data1\" content=\"4 minutes\" \/>\n<script type=\"application\/ld+json\" class=\"yoast-schema-graph\">{\"@context\":\"https:\/\/schema.org\",\"@graph\":[{\"@type\":\"WebPage\",\"@id\":\"https:\/\/sagardeche.fr\/wordpress\/index.php\/la-saga-des-patronymes-4\/\",\"url\":\"https:\/\/sagardeche.fr\/wordpress\/index.php\/la-saga-des-patronymes-4\/\",\"name\":\"LA SAGA DES PATRONYMES - SagArdeche\",\"isPartOf\":{\"@id\":\"https:\/\/sagardeche.fr\/wordpress\/#website\"},\"primaryImageOfPage\":{\"@id\":\"https:\/\/sagardeche.fr\/wordpress\/index.php\/la-saga-des-patronymes-4\/#primaryimage\"},\"image\":{\"@id\":\"https:\/\/sagardeche.fr\/wordpress\/index.php\/la-saga-des-patronymes-4\/#primaryimage\"},\"thumbnailUrl\":\"https:\/\/geneardeche.org\/v1\/gifs\/lettrine\/E3.GIF\",\"datePublished\":\"2022-09-25T05:49:04+00:00\",\"dateModified\":\"2022-09-25T05:49:13+00:00\",\"description\":\"LA SAGA DES PATRONYMES SagArdeche Soci\u00e9t\u00e9 amateurs g\u00e9n\u00e9alogie Ard\u00e8che Registres BMS Notaires paroissiaux Origines Ard\u00e9choises expoactes saga protestants\",\"breadcrumb\":{\"@id\":\"https:\/\/sagardeche.fr\/wordpress\/index.php\/la-saga-des-patronymes-4\/#breadcrumb\"},\"inLanguage\":\"fr-FR\",\"potentialAction\":[{\"@type\":\"ReadAction\",\"target\":[\"https:\/\/sagardeche.fr\/wordpress\/index.php\/la-saga-des-patronymes-4\/\"]}]},{\"@type\":\"ImageObject\",\"inLanguage\":\"fr-FR\",\"@id\":\"https:\/\/sagardeche.fr\/wordpress\/index.php\/la-saga-des-patronymes-4\/#primaryimage\",\"url\":\"https:\/\/geneardeche.org\/v1\/gifs\/lettrine\/E3.GIF\",\"contentUrl\":\"https:\/\/geneardeche.org\/v1\/gifs\/lettrine\/E3.GIF\"},{\"@type\":\"BreadcrumbList\",\"@id\":\"https:\/\/sagardeche.fr\/wordpress\/index.php\/la-saga-des-patronymes-4\/#breadcrumb\",\"itemListElement\":[{\"@type\":\"ListItem\",\"position\":1,\"name\":\"Accueil\",\"item\":\"https:\/\/sagardeche.fr\/wordpress\/\"},{\"@type\":\"ListItem\",\"position\":2,\"name\":\"LA SAGA DES PATRONYMES\"}]},{\"@type\":\"WebSite\",\"@id\":\"https:\/\/sagardeche.fr\/wordpress\/#website\",\"url\":\"https:\/\/sagardeche.fr\/wordpress\/\",\"name\":\"SagArdeche\",\"description\":\"Soci\u00e9t\u00e9 des Amateurs de G\u00e9n\u00e9alogie de l&#039;Ard\u00e8che\",\"publisher\":{\"@id\":\"https:\/\/sagardeche.fr\/wordpress\/#organization\"},\"alternateName\":\"saga\",\"potentialAction\":[{\"@type\":\"SearchAction\",\"target\":{\"@type\":\"EntryPoint\",\"urlTemplate\":\"https:\/\/sagardeche.fr\/wordpress\/?s={search_term_string}\"},\"query-input\":{\"@type\":\"PropertyValueSpecification\",\"valueRequired\":true,\"valueName\":\"search_term_string\"}}],\"inLanguage\":\"fr-FR\"},{\"@type\":\"Organization\",\"@id\":\"https:\/\/sagardeche.fr\/wordpress\/#organization\",\"name\":\"Soci\u00e9t\u00e9 des Amateurs de G\u00e9n\u00e9alogie de l'Ard\u00e8che\",\"alternateName\":\"SAGA\",\"url\":\"https:\/\/sagardeche.fr\/wordpress\/\",\"logo\":{\"@type\":\"ImageObject\",\"inLanguage\":\"fr-FR\",\"@id\":\"https:\/\/sagardeche.fr\/wordpress\/#\/schema\/logo\/image\/\",\"url\":\"https:\/\/sagardeche.fr\/wordpress\/wp-content\/uploads\/2022\/06\/cropped-LogoSAGA3-1.jpg\",\"contentUrl\":\"https:\/\/sagardeche.fr\/wordpress\/wp-content\/uploads\/2022\/06\/cropped-LogoSAGA3-1.jpg\",\"width\":50,\"height\":80,\"caption\":\"Soci\u00e9t\u00e9 des Amateurs de G\u00e9n\u00e9alogie de l'Ard\u00e8che\"},\"image\":{\"@id\":\"https:\/\/sagardeche.fr\/wordpress\/#\/schema\/logo\/image\/\"},\"sameAs\":[\"https:\/\/www.facebook.com\/geneardeche\"]}]}<\/script>\n<!-- \/ Yoast SEO plugin. -->","yoast_head_json":{"title":"LA SAGA DES PATRONYMES - SagArdeche","description":"LA SAGA DES PATRONYMES SagArdeche Soci\u00e9t\u00e9 amateurs g\u00e9n\u00e9alogie Ard\u00e8che Registres BMS Notaires paroissiaux Origines Ard\u00e9choises expoactes saga protestants","robots":{"index":"index","follow":"follow","max-snippet":"max-snippet:-1","max-image-preview":"max-image-preview:large","max-video-preview":"max-video-preview:-1"},"canonical":"https:\/\/sagardeche.fr\/wordpress\/index.php\/la-saga-des-patronymes-4\/","og_locale":"fr_FR","og_type":"article","og_title":"LA SAGA DES PATRONYMES - SagArdeche","og_description":"LA SAGA DES PATRONYMES SagArdeche Soci\u00e9t\u00e9 amateurs g\u00e9n\u00e9alogie Ard\u00e8che Registres BMS Notaires paroissiaux Origines Ard\u00e9choises expoactes saga protestants","og_url":"https:\/\/sagardeche.fr\/wordpress\/index.php\/la-saga-des-patronymes-4\/","og_site_name":"SagArdeche","article_publisher":"https:\/\/www.facebook.com\/geneardeche","article_modified_time":"2022-09-25T05:49:13+00:00","og_image":[{"url":"https:\/\/geneardeche.org\/v1\/gifs\/lettrine\/E3.GIF","type":"","width":"","height":""}],"twitter_card":"summary_large_image","twitter_misc":{"Dur\u00e9e de lecture estim\u00e9e":"4 minutes"},"schema":{"@context":"https:\/\/schema.org","@graph":[{"@type":"WebPage","@id":"https:\/\/sagardeche.fr\/wordpress\/index.php\/la-saga-des-patronymes-4\/","url":"https:\/\/sagardeche.fr\/wordpress\/index.php\/la-saga-des-patronymes-4\/","name":"LA SAGA DES PATRONYMES - SagArdeche","isPartOf":{"@id":"https:\/\/sagardeche.fr\/wordpress\/#website"},"primaryImageOfPage":{"@id":"https:\/\/sagardeche.fr\/wordpress\/index.php\/la-saga-des-patronymes-4\/#primaryimage"},"image":{"@id":"https:\/\/sagardeche.fr\/wordpress\/index.php\/la-saga-des-patronymes-4\/#primaryimage"},"thumbnailUrl":"https:\/\/geneardeche.org\/v1\/gifs\/lettrine\/E3.GIF","datePublished":"2022-09-25T05:49:04+00:00","dateModified":"2022-09-25T05:49:13+00:00","description":"LA SAGA DES PATRONYMES SagArdeche Soci\u00e9t\u00e9 amateurs g\u00e9n\u00e9alogie Ard\u00e8che Registres BMS Notaires paroissiaux Origines Ard\u00e9choises expoactes saga protestants","breadcrumb":{"@id":"https:\/\/sagardeche.fr\/wordpress\/index.php\/la-saga-des-patronymes-4\/#breadcrumb"},"inLanguage":"fr-FR","potentialAction":[{"@type":"ReadAction","target":["https:\/\/sagardeche.fr\/wordpress\/index.php\/la-saga-des-patronymes-4\/"]}]},{"@type":"ImageObject","inLanguage":"fr-FR","@id":"https:\/\/sagardeche.fr\/wordpress\/index.php\/la-saga-des-patronymes-4\/#primaryimage","url":"https:\/\/geneardeche.org\/v1\/gifs\/lettrine\/E3.GIF","contentUrl":"https:\/\/geneardeche.org\/v1\/gifs\/lettrine\/E3.GIF"},{"@type":"BreadcrumbList","@id":"https:\/\/sagardeche.fr\/wordpress\/index.php\/la-saga-des-patronymes-4\/#breadcrumb","itemListElement":[{"@type":"ListItem","position":1,"name":"Accueil","item":"https:\/\/sagardeche.fr\/wordpress\/"},{"@type":"ListItem","position":2,"name":"LA SAGA DES PATRONYMES"}]},{"@type":"WebSite","@id":"https:\/\/sagardeche.fr\/wordpress\/#website","url":"https:\/\/sagardeche.fr\/wordpress\/","name":"SagArdeche","description":"Soci\u00e9t\u00e9 des Amateurs de G\u00e9n\u00e9alogie de l&#039;Ard\u00e8che","publisher":{"@id":"https:\/\/sagardeche.fr\/wordpress\/#organization"},"alternateName":"saga","potentialAction":[{"@type":"SearchAction","target":{"@type":"EntryPoint","urlTemplate":"https:\/\/sagardeche.fr\/wordpress\/?s={search_term_string}"},"query-input":{"@type":"PropertyValueSpecification","valueRequired":true,"valueName":"search_term_string"}}],"inLanguage":"fr-FR"},{"@type":"Organization","@id":"https:\/\/sagardeche.fr\/wordpress\/#organization","name":"Soci\u00e9t\u00e9 des Amateurs de G\u00e9n\u00e9alogie de l'Ard\u00e8che","alternateName":"SAGA","url":"https:\/\/sagardeche.fr\/wordpress\/","logo":{"@type":"ImageObject","inLanguage":"fr-FR","@id":"https:\/\/sagardeche.fr\/wordpress\/#\/schema\/logo\/image\/","url":"https:\/\/sagardeche.fr\/wordpress\/wp-content\/uploads\/2022\/06\/cropped-LogoSAGA3-1.jpg","contentUrl":"https:\/\/sagardeche.fr\/wordpress\/wp-content\/uploads\/2022\/06\/cropped-LogoSAGA3-1.jpg","width":50,"height":80,"caption":"Soci\u00e9t\u00e9 des Amateurs de G\u00e9n\u00e9alogie de l'Ard\u00e8che"},"image":{"@id":"https:\/\/sagardeche.fr\/wordpress\/#\/schema\/logo\/image\/"},"sameAs":["https:\/\/www.facebook.com\/geneardeche"]}]}},"_links":{"self":[{"href":"https:\/\/sagardeche.fr\/wordpress\/index.php\/wp-json\/wp\/v2\/pages\/1464","targetHints":{"allow":["GET"]}}],"collection":[{"href":"https:\/\/sagardeche.fr\/wordpress\/index.php\/wp-json\/wp\/v2\/pages"}],"about":[{"href":"https:\/\/sagardeche.fr\/wordpress\/index.php\/wp-json\/wp\/v2\/types\/page"}],"author":[{"embeddable":true,"href":"https:\/\/sagardeche.fr\/wordpress\/index.php\/wp-json\/wp\/v2\/users\/1"}],"replies":[{"embeddable":true,"href":"https:\/\/sagardeche.fr\/wordpress\/index.php\/wp-json\/wp\/v2\/comments?post=1464"}],"version-history":[{"count":1,"href":"https:\/\/sagardeche.fr\/wordpress\/index.php\/wp-json\/wp\/v2\/pages\/1464\/revisions"}],"predecessor-version":[{"id":1465,"href":"https:\/\/sagardeche.fr\/wordpress\/index.php\/wp-json\/wp\/v2\/pages\/1464\/revisions\/1465"}],"wp:attachment":[{"href":"https:\/\/sagardeche.fr\/wordpress\/index.php\/wp-json\/wp\/v2\/media?parent=1464"}],"wp:term":[{"taxonomy":"category","embeddable":true,"href":"https:\/\/sagardeche.fr\/wordpress\/index.php\/wp-json\/wp\/v2\/categories?post=1464"},{"taxonomy":"post_tag","embeddable":true,"href":"https:\/\/sagardeche.fr\/wordpress\/index.php\/wp-json\/wp\/v2\/tags?post=1464"}],"curies":[{"name":"wp","href":"https:\/\/api.w.org\/{rel}","templated":true}]}}