{"id":1462,"date":"2022-09-25T07:47:54","date_gmt":"2022-09-25T05:47:54","guid":{"rendered":"https:\/\/sagardeche.fr\/wordpress\/?page_id=1462"},"modified":"2022-09-25T07:48:07","modified_gmt":"2022-09-25T05:48:07","slug":"mariages-dardechois-en-haute-loire","status":"publish","type":"page","link":"https:\/\/sagardeche.fr\/wordpress\/index.php\/mariages-dardechois-en-haute-loire\/","title":{"rendered":"Mariages d&rsquo;Ard\u00e9chois en Haute-Loire"},"content":{"rendered":"\n<h3 class=\"wp-block-heading\">Mariages \u00e0 Araules pour la p\u00e9riode 1627-AnXI<\/h3>\n\n\n\n<figure class=\"wp-block-table\"><table><tbody><tr><td>PAULET Claude 25ans, cultivateur, f. de Jean-Baptiste et Marie PICHON de Riotord (43) x 21 Vend\u00e9miaire An VI BEAULIEU Marie 18 ans, fa de Jean et +Marguerite MOUNIER de Vanaux.<\/td><\/tr><tr><td>NOUVET Pierre, 22 a ns, f de Pierre et Ysabeau FERIER du lieu de La Chau \u00e0 Araules x 05 Nivose An X BLANC Marianne18 ans, fa de Mathieu et +Jeanne BONNET de St-Agr\u00e8ve.<\/td><\/tr><tr><td>CHIROULET Joseph, 20 ans, f de Andr\u00e9 et Catherine ARCHIER du Monestier x 24Vend\u00e9miaireAnVI GUION Marie, 19 ans, fa de Louis et Marianne FANGET de Vanaux.<\/td><\/tr><tr><td>DAMON Benoit f de +Jean-Pierre et Catherine GISSON? d&rsquo;Ard\u00e8che, x 12 Vend\u00e9miaire An XI GARNIER Marie-Fran\u00e7oise fa de +Jacques et Fran\u00e7oise GARNIER du lieu de Boucharinc \u00e0 Araules.<\/td><\/tr><tr><td>DUMAS Etienne, 33 ans, f de Michel et Marie PITIOT de St-F\u00e9licien, x 01 Thermidor An X ROCHER Marie-Victoire, 29 ans, fa de Louis et Marie-H\u00e9l\u00e8ne LAFAYOLLE du lieu des Changeas \u00e0 Araules.<\/td><\/tr><tr><td>SAIGNES Jacques, 34 ans, f de Jean-Pierre et Marianne CHARIER de St-Romain le D\u00e9sert, x 01 Nivose An X NOUVET Catherine, 26 ans, fa de Pierre et Ysabeau FERIER du lieu de La Chau \u00e0 Araules.<\/td><\/tr><tr><td>TREMOULIN Jacques f de Pierre et Marguerite FAURE de St Julien Bouteyre x 03.08.1756 BAYLE (DE) Marianne fa de +Sieur Pierre et Anne SALQUE du lieu de La Chau \u00e0 Araules.<\/td><\/tr><tr><td>MEULIER Claude f de Claude et Catherine BOYER de St-Andr\u00e9 Vivarais x12.07.1683 AULANHIER Marie fa de +Claude et Anne MORON ? du lieu de Grousset \u00e0 Araules.<\/td><\/tr><\/tbody><\/table><\/figure>\n\n\n\n<h3 class=\"wp-block-heading\">Mariages Brignon pour la p\u00e9riode 1753-1862<\/h3>\n\n\n\n<figure class=\"wp-block-table\"><table><tbody><tr><td>BREYSSE Pierre f de Jacques et Marianne VISPRON d&rsquo;Issarl\u00e8s x 20.09.1849 BARTHELEMY Marguerite \u00b013.03.1820 fa de Etienne x Jeanne DURASTEL du Brignon.<\/td><\/tr><tr><td>CHASTEL Pierre \u00b028.01.1803 f de Mathieu et Marguerite BRUCHET de L&rsquo; Esperon x 18.10.1832 GIMBERT Anne Marie \u00b011.09.1804 fa d&rsquo;Antoine et Catherine FALCON du Brignon.<\/td><\/tr><tr><td>GRANGIS Fran\u00e7ois \u00b022.02.1824 f de Paul et Marie DUMAS, des Ceyssous paroisse du Brignon, x 23.10.1846 CROUZET Rosalie \u00b020.07.1819 fa de Jean Antoine et Anne Marie BREYSSE d&rsquo;Issarl\u00e8s.<\/td><\/tr><tr><td>GRANGIS Jean Pierre \u00b028.08.1827 f de Paul et Anne Marie CHAPUIS, des Ceyssous paroisse du Brignon, x 28.02.1854 CROUZET Virginie \u00b014.08.1829 fa d&rsquo;Andr\u00e9 et Magdelaine RIBEYRE d&rsquo;Issarl\u00e8s.<\/td><\/tr><tr><td>GIBERT Victor \u00b028.07.1833 f de Bernard et Anne-Marie MATHIEU de St Alban la Montagne x 24.05.1860 DENAND El\u00e9onore \u00b002.04.1841 fa de Victor et Marie COMPTE du Brignon.<\/td><\/tr><tr><td>GRANGIS Paul, veuf de Marie-Anne CHAPUIS, f de Th\u00e9ofr\u00e8de et Marie TEYSSIER, des Ceyssous paroisse du Brignon, x 09.08.1847 MOULIN Jeanne Marie \u00b021 brumaire 12 fa d&rsquo; Antoine et Magdelaine ROCHETTE d&rsquo;Issarles.<\/td><\/tr><tr><td>ODDES Th\u00e9ofr\u00e8de \u00b006.09.1813 f de Jean Pierre et Ursule ENJOLRAS de Coucouron, x 23.05.1845 BARTHELEMY Magdelaine, veuve, fa de Jean et Jeanne Marie PASCAL, des Ceyssous paroisse du Brignon.<\/td><\/tr><tr><td>OLLIER Jacques \u00b028.04.1794 f de Claude et Marie OLLIER de Coucouron, x 02.02.1834 ENJOLVY Marie \u00b002.12.1813 fa de Jean Andr\u00e9 et Marianne ROCHE des B\u00e9ssarioux paroisse du Brignon.<\/td><\/tr><tr><td>DONAT Fran\u00e7ois \u00b005.10.1830 f de N&#8230; et Ang\u00e9lique MICHEL du Brignon, x13.01.1858 OLLIER Julie \u00b018.04.1837 fa de Jacques et Marie ENJOLVY, de Coucouron.<\/td><\/tr><tr><td>MARCONNES Jean Fran\u00e7ois \u00b029.10.1828 f d&rsquo;Antoine et Agathe ANJOLRAS, de Tarret paroisse du Brignon, x 07.02.1861 ROCHER Virginie \u00b006.12.1833 fa de Joseph et Marie GAUTHIER de La Villate en Vivarais<\/td><\/tr><tr><td>BONNEFOI Jean Antoine \u00b005.10.1838 f d&rsquo; Augustin et Magdeleine BARTHELEMY, des Ceyssous paroisse du Brignon x 11.09.1862 TEYSSIER Rosalie fa de Pierre et Agathe SUREL, de Coucouron.<\/td><\/tr><tr><td>VEYRADIER Jean Antoine \u00b012.11.1795 f de Jean etTh\u00e9r\u00e8se HAON, du B\u00e9age, x 31.01.1828-43039 BONNEFOI Anne Marie, veuve, fa de Pierre et Catherine CHACORNAC du Brignon.<\/td><\/tr><tr><td>VITAL Baptiste \u00b025.07.1819 f de Joseph et Marie Anne TEYSSIER, des Mayres x 13.10.1842 CROS Rosalie \u00b009.12.1821 fa de Jean Pierre et Marie Anne MENUT, des B\u00e9ssarioux paroisse du Brignon.<\/td><\/tr><tr><td>HAOND Jean, veuf de Margueritte COSTE, f de Jean et Jeanne LEVEQUE, du Cros de Giorand, x 12.06.1760 CROS Jeanne Marie fa de Jean et Rose ARREY? de Fleurac.<\/td><\/tr><tr><td>DE VILLARS Marc, veuf de Jeanne GERBIER, f d&rsquo;Antoine et Magdelaine N.., d&rsquo;Aunac paroisse du Brignon, x 06.02.1755 SAUJANEL Anne fa d&rsquo; Honor\u00e9 et Marguerite MASSEBEUF? d&rsquo;Issarl\u00e8s.<\/td><\/tr><\/tbody><\/table><\/figure>\n\n\n\n<h3 class=\"wp-block-heading\">Mariages Bouchet St Nicolas pour la p\u00e9riode 1645-1803<\/h3>\n\n\n\n<figure class=\"wp-block-table\"><table><tbody><tr><td>COURTIAL Louys f de + Anthoine et Claude NOUVET du lieu de Viale paroisse de Coucouron, x 02.11.1670 FEUILHET Catherine fa de Jean et Jeanne MERCIER du lieu de Viale paroisse de Coucouron.<\/td><\/tr><tr><td>FAIOU ?Jean de Coucouron, x 07.10.1656 MENINGOT Marguerite de Coucouron.<\/td><\/tr><\/tbody><\/table><\/figure>\n\n\n\n<h3 class=\"wp-block-heading\">Mariages aux ESTABLES<\/h3>\n\n\n\n<figure class=\"wp-block-table\"><table><tbody><tr><td>x 01\/06\/1785 de Jean-Antoine ALIX fs d&rsquo;Arcis et de Marianne MAZOYER de Bor\u00e9e avec Marie-Agn\u00e8s CHAVE fa de Jacques et de Marianne PATOUILLARD des Estables.<\/td><\/tr><tr><td>x 22\/01\/1789 de Jean-Baptiste GAGNE fs de +Pierre et de Jeanne PAYRACHE, veuf de Jeanne-Marie ARSAC, des Estables, avec Marie Rose ARNAUD fa de Fran\u00e7ois et de +marguerite GIBERT du B\u00e9age.<\/td><\/tr><tr><td>x 03\/06\/1783 de Jacques CHARE fs de +Pierre et de +Anne-Marie REY, veuf de Marianne PATOUILLARD, des Estables, avec Anne-Marie CHARE fa Christophe et de +Anne-Marie ROCHETTE, veuve de Jean-Louis COULAUD, de Bor\u00e9e.<\/td><\/tr><tr><td>x 21\/11\/1782 de Claude PLANTIN fs de +Jean-Antoine et de Claudine JOANEL de Chanaux (Estables) avec Rose COMBE fa de +Jean et de Jeanne-Marie JALADE du B\u00e9age.<\/td><\/tr><tr><td>x 17\/02\/1789 de Pierre GAGNE fs de +Pierre et de Anne-Marie FAUCON, des Estables avec Magdeleine COULAUD fa de +Pierre et de Marianne JOTHY de Bor\u00e9e.<\/td><\/tr><tr><td>x 20\/02\/1781 de Pierre COULAUD fs de +Pierre et de Izabeau MARIAC de Bor\u00e9e avec Izabeau ARCIS fa de +Pierre et de Marguerite MAZOYER des Estables.<\/td><\/tr><tr><td>x 25\/11\/1791 de Jean-Louis MALOSSE fs de +Jean-Louis et de Marianne HILLAIRE des Estables, avec Jeanne FAURE fa +Jean et de Magdeleine LEUGEAUIS, du B\u00e9age.<\/td><\/tr><tr><td>x 14\/02\/1786 de Pierre AYRAUD fs de +Jean et de Marguerite THOUD? avec Jeanne-Marie HILAIRE fa de +Jean-Louis et de Marie LAFONT de Bor\u00e9e.<\/td><\/tr><tr><td>x 13\/02\/1781 de Jean MONTEYS fs de +Mathieu et de Marianne BRIOUDE de la Chartreuse de Bonnefoy avec Marguerite MARION fa de +Vital et de Marie-Marthe ARNAUD de St-Martial.<\/td><\/tr><tr><td>x 07\/02\/1786 de Jean-Fran\u00e7ois MICHEL fs de +Jean-Louis et de Marie-Jeanne MOULIN du Grand Bor\u00e9e avec Magdeleine TEYSSIER fa de Jean-Pierre et de Marianne RAYNAUD des Estables.<\/td><\/tr><tr><td>x 23\/11\/1788 de Jacques MOULIN fs de Jacques et de Marie OLLIER du B\u00e9age avec Marianne GIBERT fa de Mathieu et de Jeanne EXBRAYAT du mas de Blot (Estables).<\/td><\/tr><tr><td>x 25\/10\/1785 de Jean-Andr\u00e9 PAUT fs d&rsquo;Andr\u00e9 et de Rose LASCOMBES de Burzet avec Anne CHALAMEL fa de Barth\u00e9l\u00e9my et de Marianne ROCHE des Estables.<\/td><\/tr><tr><td>x 13\/10\/1791 de Fran\u00e7ois TEYSSIER fs de Michel et de Marianne MALOSSE du mas de Chauset (Estables) avec Rose ROUX fa de +Jean et de Elisabeth VOLHE de Ste-Eulalie.<\/td><\/tr><tr><td>x 12\/02\/1782 de Victor SOUTEYRAN fs de +Honor\u00e9 et de Catherine CHARNARD du B\u00e9age avec Izabeau GIRAUD fa de Jean-Antoine et d&rsquo;Agn\u00e8s GIRAUD des Estables : dispense 3\u00e8me et 4\u00e8me degr\u00e9.<\/td><\/tr><tr><td>x 19\/09\/1786 de Jean-Pierre VEY fs de +Jean-Claude et de Marie GIRAUD du B\u00e9age avec Marie RIBBES fa de Pierre et de Th\u00e9r\u00e8se BERNARD des Estables.<\/td><\/tr><tr><td>x 19\/11\/1782 de Pierre VOLLE fs de +Antoine te de Marie BRIOUDE du B\u00e9age avec Marianne MOULIN fa de +Jean et de Marguerite CEYTE du domaine de Brahi (Estables)<\/td><\/tr><\/tbody><\/table><\/figure>\n\n\n\n<p><em>Josiane Caillot<\/em><\/p>\n","protected":false},"excerpt":{"rendered":"<p>Mariages \u00e0 Araules pour la p\u00e9riode 1627-AnXI PAULET Claude 25ans, cultivateur, f. de Jean-Baptiste et Marie PICHON de Riotord (43) x 21 Vend\u00e9miaire An VI BEAULIEU Marie 18 ans, fa de Jean et +Marguerite MOUNIER de Vanaux. NOUVET Pierre, 22 a ns, f de Pierre et Ysabeau FERIER du lieu de La Chau \u00e0 Araules [&hellip;]<\/p>\n","protected":false},"author":1,"featured_media":0,"parent":0,"menu_order":0,"comment_status":"closed","ping_status":"closed","template":"","meta":{"footnotes":""},"categories":[24],"tags":[],"class_list":["post-1462","page","type-page","status-publish","hentry","category-archives"],"yoast_head":"<!-- This site is optimized with the Yoast SEO plugin v24.2 - https:\/\/yoast.com\/wordpress\/plugins\/seo\/ -->\n<title>Mariages d&#039;Ard\u00e9chois en Haute-Loire - SagArdeche<\/title>\n<meta name=\"description\" content=\"Mariages d&#039;Ard\u00e9chois en Haute-Loire SagArdeche Soci\u00e9t\u00e9 amateurs g\u00e9n\u00e9alogie Ard\u00e8che Registres BMS Notaires paroissiaux Origines Ard\u00e9choises expoactes saga protestants\" \/>\n<meta name=\"robots\" content=\"index, follow, max-snippet:-1, max-image-preview:large, max-video-preview:-1\" \/>\n<link rel=\"canonical\" href=\"https:\/\/sagardeche.fr\/wordpress\/index.php\/mariages-dardechois-en-haute-loire\/\" \/>\n<meta property=\"og:locale\" content=\"fr_FR\" \/>\n<meta property=\"og:type\" content=\"article\" \/>\n<meta property=\"og:title\" content=\"Mariages d&#039;Ard\u00e9chois en Haute-Loire - SagArdeche\" \/>\n<meta property=\"og:description\" content=\"Mariages d&#039;Ard\u00e9chois en Haute-Loire SagArdeche Soci\u00e9t\u00e9 amateurs g\u00e9n\u00e9alogie Ard\u00e8che Registres BMS Notaires paroissiaux Origines Ard\u00e9choises expoactes saga protestants\" \/>\n<meta property=\"og:url\" content=\"https:\/\/sagardeche.fr\/wordpress\/index.php\/mariages-dardechois-en-haute-loire\/\" \/>\n<meta property=\"og:site_name\" content=\"SagArdeche\" \/>\n<meta property=\"article:publisher\" content=\"https:\/\/www.facebook.com\/geneardeche\" \/>\n<meta property=\"article:modified_time\" content=\"2022-09-25T05:48:07+00:00\" \/>\n<meta name=\"twitter:card\" content=\"summary_large_image\" \/>\n<meta name=\"twitter:label1\" content=\"Dur\u00e9e de lecture estim\u00e9e\" \/>\n\t<meta name=\"twitter:data1\" content=\"6 minutes\" \/>\n<script type=\"application\/ld+json\" class=\"yoast-schema-graph\">{\"@context\":\"https:\/\/schema.org\",\"@graph\":[{\"@type\":\"WebPage\",\"@id\":\"https:\/\/sagardeche.fr\/wordpress\/index.php\/mariages-dardechois-en-haute-loire\/\",\"url\":\"https:\/\/sagardeche.fr\/wordpress\/index.php\/mariages-dardechois-en-haute-loire\/\",\"name\":\"Mariages d'Ard\u00e9chois en Haute-Loire - SagArdeche\",\"isPartOf\":{\"@id\":\"https:\/\/sagardeche.fr\/wordpress\/#website\"},\"datePublished\":\"2022-09-25T05:47:54+00:00\",\"dateModified\":\"2022-09-25T05:48:07+00:00\",\"description\":\"Mariages d'Ard\u00e9chois en Haute-Loire SagArdeche Soci\u00e9t\u00e9 amateurs g\u00e9n\u00e9alogie Ard\u00e8che Registres BMS Notaires paroissiaux Origines Ard\u00e9choises expoactes saga protestants\",\"breadcrumb\":{\"@id\":\"https:\/\/sagardeche.fr\/wordpress\/index.php\/mariages-dardechois-en-haute-loire\/#breadcrumb\"},\"inLanguage\":\"fr-FR\",\"potentialAction\":[{\"@type\":\"ReadAction\",\"target\":[\"https:\/\/sagardeche.fr\/wordpress\/index.php\/mariages-dardechois-en-haute-loire\/\"]}]},{\"@type\":\"BreadcrumbList\",\"@id\":\"https:\/\/sagardeche.fr\/wordpress\/index.php\/mariages-dardechois-en-haute-loire\/#breadcrumb\",\"itemListElement\":[{\"@type\":\"ListItem\",\"position\":1,\"name\":\"Accueil\",\"item\":\"https:\/\/sagardeche.fr\/wordpress\/\"},{\"@type\":\"ListItem\",\"position\":2,\"name\":\"Mariages d&rsquo;Ard\u00e9chois en Haute-Loire\"}]},{\"@type\":\"WebSite\",\"@id\":\"https:\/\/sagardeche.fr\/wordpress\/#website\",\"url\":\"https:\/\/sagardeche.fr\/wordpress\/\",\"name\":\"SagArdeche\",\"description\":\"Soci\u00e9t\u00e9 des Amateurs de G\u00e9n\u00e9alogie de l&#039;Ard\u00e8che\",\"publisher\":{\"@id\":\"https:\/\/sagardeche.fr\/wordpress\/#organization\"},\"alternateName\":\"saga\",\"potentialAction\":[{\"@type\":\"SearchAction\",\"target\":{\"@type\":\"EntryPoint\",\"urlTemplate\":\"https:\/\/sagardeche.fr\/wordpress\/?s={search_term_string}\"},\"query-input\":{\"@type\":\"PropertyValueSpecification\",\"valueRequired\":true,\"valueName\":\"search_term_string\"}}],\"inLanguage\":\"fr-FR\"},{\"@type\":\"Organization\",\"@id\":\"https:\/\/sagardeche.fr\/wordpress\/#organization\",\"name\":\"Soci\u00e9t\u00e9 des Amateurs de G\u00e9n\u00e9alogie de l'Ard\u00e8che\",\"alternateName\":\"SAGA\",\"url\":\"https:\/\/sagardeche.fr\/wordpress\/\",\"logo\":{\"@type\":\"ImageObject\",\"inLanguage\":\"fr-FR\",\"@id\":\"https:\/\/sagardeche.fr\/wordpress\/#\/schema\/logo\/image\/\",\"url\":\"https:\/\/sagardeche.fr\/wordpress\/wp-content\/uploads\/2022\/06\/cropped-LogoSAGA3-1.jpg\",\"contentUrl\":\"https:\/\/sagardeche.fr\/wordpress\/wp-content\/uploads\/2022\/06\/cropped-LogoSAGA3-1.jpg\",\"width\":50,\"height\":80,\"caption\":\"Soci\u00e9t\u00e9 des Amateurs de G\u00e9n\u00e9alogie de l'Ard\u00e8che\"},\"image\":{\"@id\":\"https:\/\/sagardeche.fr\/wordpress\/#\/schema\/logo\/image\/\"},\"sameAs\":[\"https:\/\/www.facebook.com\/geneardeche\"]}]}<\/script>\n<!-- \/ Yoast SEO plugin. -->","yoast_head_json":{"title":"Mariages d'Ard\u00e9chois en Haute-Loire - SagArdeche","description":"Mariages d'Ard\u00e9chois en Haute-Loire SagArdeche Soci\u00e9t\u00e9 amateurs g\u00e9n\u00e9alogie Ard\u00e8che Registres BMS Notaires paroissiaux Origines Ard\u00e9choises expoactes saga protestants","robots":{"index":"index","follow":"follow","max-snippet":"max-snippet:-1","max-image-preview":"max-image-preview:large","max-video-preview":"max-video-preview:-1"},"canonical":"https:\/\/sagardeche.fr\/wordpress\/index.php\/mariages-dardechois-en-haute-loire\/","og_locale":"fr_FR","og_type":"article","og_title":"Mariages d'Ard\u00e9chois en Haute-Loire - SagArdeche","og_description":"Mariages d'Ard\u00e9chois en Haute-Loire SagArdeche Soci\u00e9t\u00e9 amateurs g\u00e9n\u00e9alogie Ard\u00e8che Registres BMS Notaires paroissiaux Origines Ard\u00e9choises expoactes saga protestants","og_url":"https:\/\/sagardeche.fr\/wordpress\/index.php\/mariages-dardechois-en-haute-loire\/","og_site_name":"SagArdeche","article_publisher":"https:\/\/www.facebook.com\/geneardeche","article_modified_time":"2022-09-25T05:48:07+00:00","twitter_card":"summary_large_image","twitter_misc":{"Dur\u00e9e de lecture estim\u00e9e":"6 minutes"},"schema":{"@context":"https:\/\/schema.org","@graph":[{"@type":"WebPage","@id":"https:\/\/sagardeche.fr\/wordpress\/index.php\/mariages-dardechois-en-haute-loire\/","url":"https:\/\/sagardeche.fr\/wordpress\/index.php\/mariages-dardechois-en-haute-loire\/","name":"Mariages d'Ard\u00e9chois en Haute-Loire - SagArdeche","isPartOf":{"@id":"https:\/\/sagardeche.fr\/wordpress\/#website"},"datePublished":"2022-09-25T05:47:54+00:00","dateModified":"2022-09-25T05:48:07+00:00","description":"Mariages d'Ard\u00e9chois en Haute-Loire SagArdeche Soci\u00e9t\u00e9 amateurs g\u00e9n\u00e9alogie Ard\u00e8che Registres BMS Notaires paroissiaux Origines Ard\u00e9choises expoactes saga protestants","breadcrumb":{"@id":"https:\/\/sagardeche.fr\/wordpress\/index.php\/mariages-dardechois-en-haute-loire\/#breadcrumb"},"inLanguage":"fr-FR","potentialAction":[{"@type":"ReadAction","target":["https:\/\/sagardeche.fr\/wordpress\/index.php\/mariages-dardechois-en-haute-loire\/"]}]},{"@type":"BreadcrumbList","@id":"https:\/\/sagardeche.fr\/wordpress\/index.php\/mariages-dardechois-en-haute-loire\/#breadcrumb","itemListElement":[{"@type":"ListItem","position":1,"name":"Accueil","item":"https:\/\/sagardeche.fr\/wordpress\/"},{"@type":"ListItem","position":2,"name":"Mariages d&rsquo;Ard\u00e9chois en Haute-Loire"}]},{"@type":"WebSite","@id":"https:\/\/sagardeche.fr\/wordpress\/#website","url":"https:\/\/sagardeche.fr\/wordpress\/","name":"SagArdeche","description":"Soci\u00e9t\u00e9 des Amateurs de G\u00e9n\u00e9alogie de l&#039;Ard\u00e8che","publisher":{"@id":"https:\/\/sagardeche.fr\/wordpress\/#organization"},"alternateName":"saga","potentialAction":[{"@type":"SearchAction","target":{"@type":"EntryPoint","urlTemplate":"https:\/\/sagardeche.fr\/wordpress\/?s={search_term_string}"},"query-input":{"@type":"PropertyValueSpecification","valueRequired":true,"valueName":"search_term_string"}}],"inLanguage":"fr-FR"},{"@type":"Organization","@id":"https:\/\/sagardeche.fr\/wordpress\/#organization","name":"Soci\u00e9t\u00e9 des Amateurs de G\u00e9n\u00e9alogie de l'Ard\u00e8che","alternateName":"SAGA","url":"https:\/\/sagardeche.fr\/wordpress\/","logo":{"@type":"ImageObject","inLanguage":"fr-FR","@id":"https:\/\/sagardeche.fr\/wordpress\/#\/schema\/logo\/image\/","url":"https:\/\/sagardeche.fr\/wordpress\/wp-content\/uploads\/2022\/06\/cropped-LogoSAGA3-1.jpg","contentUrl":"https:\/\/sagardeche.fr\/wordpress\/wp-content\/uploads\/2022\/06\/cropped-LogoSAGA3-1.jpg","width":50,"height":80,"caption":"Soci\u00e9t\u00e9 des Amateurs de G\u00e9n\u00e9alogie de l'Ard\u00e8che"},"image":{"@id":"https:\/\/sagardeche.fr\/wordpress\/#\/schema\/logo\/image\/"},"sameAs":["https:\/\/www.facebook.com\/geneardeche"]}]}},"_links":{"self":[{"href":"https:\/\/sagardeche.fr\/wordpress\/index.php\/wp-json\/wp\/v2\/pages\/1462","targetHints":{"allow":["GET"]}}],"collection":[{"href":"https:\/\/sagardeche.fr\/wordpress\/index.php\/wp-json\/wp\/v2\/pages"}],"about":[{"href":"https:\/\/sagardeche.fr\/wordpress\/index.php\/wp-json\/wp\/v2\/types\/page"}],"author":[{"embeddable":true,"href":"https:\/\/sagardeche.fr\/wordpress\/index.php\/wp-json\/wp\/v2\/users\/1"}],"replies":[{"embeddable":true,"href":"https:\/\/sagardeche.fr\/wordpress\/index.php\/wp-json\/wp\/v2\/comments?post=1462"}],"version-history":[{"count":1,"href":"https:\/\/sagardeche.fr\/wordpress\/index.php\/wp-json\/wp\/v2\/pages\/1462\/revisions"}],"predecessor-version":[{"id":1463,"href":"https:\/\/sagardeche.fr\/wordpress\/index.php\/wp-json\/wp\/v2\/pages\/1462\/revisions\/1463"}],"wp:attachment":[{"href":"https:\/\/sagardeche.fr\/wordpress\/index.php\/wp-json\/wp\/v2\/media?parent=1462"}],"wp:term":[{"taxonomy":"category","embeddable":true,"href":"https:\/\/sagardeche.fr\/wordpress\/index.php\/wp-json\/wp\/v2\/categories?post=1462"},{"taxonomy":"post_tag","embeddable":true,"href":"https:\/\/sagardeche.fr\/wordpress\/index.php\/wp-json\/wp\/v2\/tags?post=1462"}],"curies":[{"name":"wp","href":"https:\/\/api.w.org\/{rel}","templated":true}]}}