{"id":1458,"date":"2022-09-25T07:45:50","date_gmt":"2022-09-25T05:45:50","guid":{"rendered":"https:\/\/sagardeche.fr\/wordpress\/?page_id=1458"},"modified":"2022-09-25T07:45:58","modified_gmt":"2022-09-25T05:45:58","slug":"declaration-de-grossesse","status":"publish","type":"page","link":"https:\/\/sagardeche.fr\/wordpress\/index.php\/declaration-de-grossesse\/","title":{"rendered":"D\u00e9claration de grossesse"},"content":{"rendered":"\n<p>\u00ab\u00a0L&rsquo; an mil sept cens soixante et dix huit et le troisi\u00e8me jour du mois de f\u00e9vrier, par devant nous Jean Louis LAVILLE, avocat en Parlement, lieutenant du Bailli de la Compt\u00e9 d&rsquo;Aps et d\u00e9pendances, dans notre maison au lieu du Buis d&rsquo;Aps, paroisse dudict Aps et Jean Pierre DELAIGUE-CHAMPANET que nous avons pris pour notre greffier duement \u00ab\u00a0sermant\u00e9\u00a0\u00bb (sic).<\/p>\n\n\n\n<p>A comparu Anne MAZOYER qui nous a dit que pour satisfaire aux d\u00e9clarations de Sa Majest\u00e9 et arrest de r\u00e8glement, elle se pr\u00e9sente devant nous pour faire sa d\u00e9claration de grossesse et, en cons\u00e9quence, apr\u00e8s lui avoir fait prester \u00ab\u00a0serrement\u00a0\u00bb (sic), la main mise sur les Saints Evangiles, l&rsquo;avons interrog\u00e9e comme suit:<br>Enquise de ses nom, surnoms, \u00e2ge, qualit\u00e9, a r\u00e9pondu s&rsquo;appeler Anne MAZOYER, ag\u00e9e d&rsquo;environ vingt huit ans, restant chez son p\u00e8re au mas de Colombier, paroisse d&rsquo;Aubignas.<\/p>\n\n\n\n<p>Interrog\u00e9e depuis quel temps et des oeuvres de qui elle est enceinte, a r\u00e9pondu qu&rsquo;elle est enceinte depuis le mois d&rsquo;aoust dernier des oauvres de Louis ROUX restant pour berger chez Monsieur LAFFONT.<\/p>\n\n\n\n<p>Interrog\u00e9e si elle n&rsquo;a pas connu d&rsquo;autre gar\u00e7on, a r\u00e9pondu qu&rsquo;elle n&rsquo;en a pas connu d&rsquo;autres et ce ne fut m\u00eame que sous les promesses r\u00e9it\u00e9t\u00e9es de mariage qu&rsquo;elle consentit \u00e0 sa d\u00e9faite.<\/p>\n\n\n\n<p>Lecture faite \u00e0 ladite MAZOYER pour savoir si elle ne veut point augmenter sa d\u00e9claration et si elle contient v\u00e9rit\u00e9, a d\u00e9clar\u00e9 vouloir ni augmenter ni diminuer et contenir v\u00e9rit\u00e9, a persist\u00e9 et requis acte. Nous, lieutenent de Bailli avons octroy\u00e9 acte \u00e0 ladite MAZOYER de sa dite d\u00e9claration apr\u00e8s lui avoir recommand\u00e9 d&rsquo;appeler une sage-femme lors de ses couches et n&rsquo;a su signer de ce enquise et requise.<\/p>\n\n\n\n<p>Sign\u00e9: J.L. LAVILLE, lieutenant de Bailli<br>DELAIGUE, greffier.\u00a0\u00bb<\/p>\n\n\n\n<p><em>Recueilli par Michel Morice<\/em><\/p>\n\n\n\n<p>NDLR.: La premi\u00e8re mesure prise en France contre le fait pour une femme non mari\u00e9e de cacher sa grossesse est un \u00e9dit de Henri II dat\u00e9 de f\u00e9vrier 1556. En 1585, Henri III confirmait cette d\u00e9cision, enfin, la d\u00e9claration du 26 f\u00e9vrier 1708 pr\u00e9cisait les conditions dans lesquelles cette d\u00e9claration devait \u00eatre faite. Le point commun de ces trois textes l\u00e9gislatifs est contenu dans la gravit\u00e9 de la sentence en cas de non-d\u00e9claration: la peine de mort.<\/p>\n\n\n\n<p>D\u00e8s qu&rsquo;elle \u00e9tait en mesure d&rsquo;\u00eatre certaine de son \u00e9tat de grossesse, la femme non-mari\u00e9e, ou veuve depuis plus d&rsquo;un an, devait donc, sous peine de mort, effectuer cette d\u00e9claration devant une autorit\u00e9. Mais aucun des trois \u00e9dits cit\u00e9s ne pr\u00e9cise exactement laquelle. La seule indication contenue dans ces textes est que cette d\u00e9claration devait \u00eatre gratuite. Ce qui fait que, selon les r\u00e9gions, l&rsquo;usage fut diff\u00e9rent: \u00e0 Paris, ces d\u00e9clarations furent re\u00e7ues le plus souvent par les commissaires. Dans le reste du royaume, ce furent plut\u00f4t les greffes ou les juges. Quelques d\u00e9clarations de grossesse furent faites devant les notaires, mais il est bien \u00e9vident que, dans ce cas, elles ne pouvaient \u00eatre gratuites.<\/p>\n\n\n\n<p>L&rsquo;officier recevant le d\u00e9claration \u00e9tait tenu de demander \u00e0 la d\u00e9clarante le nom du p\u00e8re de l&rsquo;enfant, mais il ne poss\u00e9dait evidemment aucun moyen d&rsquo;obtenir une r\u00e9ponse si la d\u00e9clarante refusait de l&rsquo;indiquer. Dans le cas o\u00f9 le p\u00e8re \u00e9tait d\u00e9sign\u00e9 dans la d\u00e9claration, le juge, si c&rsquo;\u00e9tait lui qui recevait la d\u00e9claration, pouvait convoquer le p\u00e8re et tenter de le convaincre de r\u00e9parer. Certains magistrats, par exc\u00e8s de z\u00e8le, tent\u00e8rent parfois d&rsquo;obtenir des \u00ab\u00a0matrones\u00a0\u00bb la d\u00e9nonciation des accouchements non-d\u00e9clar\u00e9s. Cette pratique fut r\u00e9prouv\u00e9e par les Parlements qui craignaient d&rsquo;inciter ainsi les filles-m\u00e8res d&rsquo;accoucher en cachette sans le secours des sages-femmes.<\/p>\n\n\n\n<p>Il semble enfin que cette l\u00e9gislation concernant les d\u00e9clarations de grossesse soit tomb\u00e9e en d\u00e9su\u00e9tude d\u00e8s le milieu du XVIII\u00b0 si\u00e8cle. Dans les ann\u00e9es qui pr\u00e9c\u00e9d\u00e8rent la R\u00e9volution, il semble qu&rsquo;on puisse affirmer que nombre de filles qui accouchaient clandestinement ignoraient totalement qu&rsquo;une ancienne loi les condamnait \u00e0 la pendaison&#8230;.. C&rsquo;est ce qui fait l&rsquo;originalit\u00e9 de la d\u00e9claration ci-dessus, dat\u00e9e de 1778.<\/p>\n\n\n\n<p>On trouve donc les d\u00e9clarations de grossesse surtout dans les archives de la police et des tribunaux, c&rsquo;est \u00e0 dire dans la s\u00e9rie B ( Cours et Juridictions d&rsquo;Ancien R\u00e9gime) des Archives D\u00e9partementales. On peut en trouver quelques unes dans les minutiers des notaires mais aussi parfois dans les archives municipales des villes o\u00f9 si\u00e9geait une cour de justice.<\/p>\n\n\n\n<p><em>Michel GUIGAL<\/em><\/p>\n","protected":false},"excerpt":{"rendered":"<p>\u00ab\u00a0L&rsquo; an mil sept cens soixante et dix huit et le troisi\u00e8me jour du mois de f\u00e9vrier, par devant nous Jean Louis LAVILLE, avocat en Parlement, lieutenant du Bailli de la Compt\u00e9 d&rsquo;Aps et d\u00e9pendances, dans notre maison au lieu du Buis d&rsquo;Aps, paroisse dudict Aps et Jean Pierre DELAIGUE-CHAMPANET que nous avons pris pour [&hellip;]<\/p>\n","protected":false},"author":1,"featured_media":0,"parent":0,"menu_order":0,"comment_status":"closed","ping_status":"closed","template":"","meta":{"footnotes":""},"categories":[24],"tags":[],"class_list":["post-1458","page","type-page","status-publish","hentry","category-archives"],"yoast_head":"<!-- This site is optimized with the Yoast SEO plugin v24.2 - https:\/\/yoast.com\/wordpress\/plugins\/seo\/ -->\n<title>D\u00e9claration de grossesse - SagArdeche<\/title>\n<meta name=\"description\" content=\"D\u00e9claration de grossesse SagArdeche Soci\u00e9t\u00e9 amateurs g\u00e9n\u00e9alogie Ard\u00e8che Registres BMS Notaires paroissiaux Origines Ard\u00e9choises expoactes saga protestants\" \/>\n<meta name=\"robots\" content=\"index, follow, max-snippet:-1, max-image-preview:large, max-video-preview:-1\" \/>\n<link rel=\"canonical\" href=\"https:\/\/sagardeche.fr\/wordpress\/index.php\/declaration-de-grossesse\/\" \/>\n<meta property=\"og:locale\" content=\"fr_FR\" \/>\n<meta property=\"og:type\" content=\"article\" \/>\n<meta property=\"og:title\" content=\"D\u00e9claration de grossesse - SagArdeche\" \/>\n<meta property=\"og:description\" content=\"D\u00e9claration de grossesse SagArdeche Soci\u00e9t\u00e9 amateurs g\u00e9n\u00e9alogie Ard\u00e8che Registres BMS Notaires paroissiaux Origines Ard\u00e9choises expoactes saga protestants\" \/>\n<meta property=\"og:url\" content=\"https:\/\/sagardeche.fr\/wordpress\/index.php\/declaration-de-grossesse\/\" \/>\n<meta property=\"og:site_name\" content=\"SagArdeche\" \/>\n<meta property=\"article:publisher\" content=\"https:\/\/www.facebook.com\/geneardeche\" \/>\n<meta property=\"article:modified_time\" content=\"2022-09-25T05:45:58+00:00\" \/>\n<meta name=\"twitter:card\" content=\"summary_large_image\" \/>\n<meta name=\"twitter:label1\" content=\"Dur\u00e9e de lecture estim\u00e9e\" \/>\n\t<meta name=\"twitter:data1\" content=\"4 minutes\" \/>\n<script type=\"application\/ld+json\" class=\"yoast-schema-graph\">{\"@context\":\"https:\/\/schema.org\",\"@graph\":[{\"@type\":\"WebPage\",\"@id\":\"https:\/\/sagardeche.fr\/wordpress\/index.php\/declaration-de-grossesse\/\",\"url\":\"https:\/\/sagardeche.fr\/wordpress\/index.php\/declaration-de-grossesse\/\",\"name\":\"D\u00e9claration de grossesse - SagArdeche\",\"isPartOf\":{\"@id\":\"https:\/\/sagardeche.fr\/wordpress\/#website\"},\"datePublished\":\"2022-09-25T05:45:50+00:00\",\"dateModified\":\"2022-09-25T05:45:58+00:00\",\"description\":\"D\u00e9claration de grossesse SagArdeche Soci\u00e9t\u00e9 amateurs g\u00e9n\u00e9alogie Ard\u00e8che Registres BMS Notaires paroissiaux Origines Ard\u00e9choises expoactes saga protestants\",\"breadcrumb\":{\"@id\":\"https:\/\/sagardeche.fr\/wordpress\/index.php\/declaration-de-grossesse\/#breadcrumb\"},\"inLanguage\":\"fr-FR\",\"potentialAction\":[{\"@type\":\"ReadAction\",\"target\":[\"https:\/\/sagardeche.fr\/wordpress\/index.php\/declaration-de-grossesse\/\"]}]},{\"@type\":\"BreadcrumbList\",\"@id\":\"https:\/\/sagardeche.fr\/wordpress\/index.php\/declaration-de-grossesse\/#breadcrumb\",\"itemListElement\":[{\"@type\":\"ListItem\",\"position\":1,\"name\":\"Accueil\",\"item\":\"https:\/\/sagardeche.fr\/wordpress\/\"},{\"@type\":\"ListItem\",\"position\":2,\"name\":\"D\u00e9claration de grossesse\"}]},{\"@type\":\"WebSite\",\"@id\":\"https:\/\/sagardeche.fr\/wordpress\/#website\",\"url\":\"https:\/\/sagardeche.fr\/wordpress\/\",\"name\":\"SagArdeche\",\"description\":\"Soci\u00e9t\u00e9 des Amateurs de G\u00e9n\u00e9alogie de l&#039;Ard\u00e8che\",\"publisher\":{\"@id\":\"https:\/\/sagardeche.fr\/wordpress\/#organization\"},\"alternateName\":\"saga\",\"potentialAction\":[{\"@type\":\"SearchAction\",\"target\":{\"@type\":\"EntryPoint\",\"urlTemplate\":\"https:\/\/sagardeche.fr\/wordpress\/?s={search_term_string}\"},\"query-input\":{\"@type\":\"PropertyValueSpecification\",\"valueRequired\":true,\"valueName\":\"search_term_string\"}}],\"inLanguage\":\"fr-FR\"},{\"@type\":\"Organization\",\"@id\":\"https:\/\/sagardeche.fr\/wordpress\/#organization\",\"name\":\"Soci\u00e9t\u00e9 des Amateurs de G\u00e9n\u00e9alogie de l'Ard\u00e8che\",\"alternateName\":\"SAGA\",\"url\":\"https:\/\/sagardeche.fr\/wordpress\/\",\"logo\":{\"@type\":\"ImageObject\",\"inLanguage\":\"fr-FR\",\"@id\":\"https:\/\/sagardeche.fr\/wordpress\/#\/schema\/logo\/image\/\",\"url\":\"https:\/\/sagardeche.fr\/wordpress\/wp-content\/uploads\/2022\/06\/cropped-LogoSAGA3-1.jpg\",\"contentUrl\":\"https:\/\/sagardeche.fr\/wordpress\/wp-content\/uploads\/2022\/06\/cropped-LogoSAGA3-1.jpg\",\"width\":50,\"height\":80,\"caption\":\"Soci\u00e9t\u00e9 des Amateurs de G\u00e9n\u00e9alogie de l'Ard\u00e8che\"},\"image\":{\"@id\":\"https:\/\/sagardeche.fr\/wordpress\/#\/schema\/logo\/image\/\"},\"sameAs\":[\"https:\/\/www.facebook.com\/geneardeche\"]}]}<\/script>\n<!-- \/ Yoast SEO plugin. -->","yoast_head_json":{"title":"D\u00e9claration de grossesse - SagArdeche","description":"D\u00e9claration de grossesse SagArdeche Soci\u00e9t\u00e9 amateurs g\u00e9n\u00e9alogie Ard\u00e8che Registres BMS Notaires paroissiaux Origines Ard\u00e9choises expoactes saga protestants","robots":{"index":"index","follow":"follow","max-snippet":"max-snippet:-1","max-image-preview":"max-image-preview:large","max-video-preview":"max-video-preview:-1"},"canonical":"https:\/\/sagardeche.fr\/wordpress\/index.php\/declaration-de-grossesse\/","og_locale":"fr_FR","og_type":"article","og_title":"D\u00e9claration de grossesse - SagArdeche","og_description":"D\u00e9claration de grossesse SagArdeche Soci\u00e9t\u00e9 amateurs g\u00e9n\u00e9alogie Ard\u00e8che Registres BMS Notaires paroissiaux Origines Ard\u00e9choises expoactes saga protestants","og_url":"https:\/\/sagardeche.fr\/wordpress\/index.php\/declaration-de-grossesse\/","og_site_name":"SagArdeche","article_publisher":"https:\/\/www.facebook.com\/geneardeche","article_modified_time":"2022-09-25T05:45:58+00:00","twitter_card":"summary_large_image","twitter_misc":{"Dur\u00e9e de lecture estim\u00e9e":"4 minutes"},"schema":{"@context":"https:\/\/schema.org","@graph":[{"@type":"WebPage","@id":"https:\/\/sagardeche.fr\/wordpress\/index.php\/declaration-de-grossesse\/","url":"https:\/\/sagardeche.fr\/wordpress\/index.php\/declaration-de-grossesse\/","name":"D\u00e9claration de grossesse - SagArdeche","isPartOf":{"@id":"https:\/\/sagardeche.fr\/wordpress\/#website"},"datePublished":"2022-09-25T05:45:50+00:00","dateModified":"2022-09-25T05:45:58+00:00","description":"D\u00e9claration de grossesse SagArdeche Soci\u00e9t\u00e9 amateurs g\u00e9n\u00e9alogie Ard\u00e8che Registres BMS Notaires paroissiaux Origines Ard\u00e9choises expoactes saga protestants","breadcrumb":{"@id":"https:\/\/sagardeche.fr\/wordpress\/index.php\/declaration-de-grossesse\/#breadcrumb"},"inLanguage":"fr-FR","potentialAction":[{"@type":"ReadAction","target":["https:\/\/sagardeche.fr\/wordpress\/index.php\/declaration-de-grossesse\/"]}]},{"@type":"BreadcrumbList","@id":"https:\/\/sagardeche.fr\/wordpress\/index.php\/declaration-de-grossesse\/#breadcrumb","itemListElement":[{"@type":"ListItem","position":1,"name":"Accueil","item":"https:\/\/sagardeche.fr\/wordpress\/"},{"@type":"ListItem","position":2,"name":"D\u00e9claration de grossesse"}]},{"@type":"WebSite","@id":"https:\/\/sagardeche.fr\/wordpress\/#website","url":"https:\/\/sagardeche.fr\/wordpress\/","name":"SagArdeche","description":"Soci\u00e9t\u00e9 des Amateurs de G\u00e9n\u00e9alogie de l&#039;Ard\u00e8che","publisher":{"@id":"https:\/\/sagardeche.fr\/wordpress\/#organization"},"alternateName":"saga","potentialAction":[{"@type":"SearchAction","target":{"@type":"EntryPoint","urlTemplate":"https:\/\/sagardeche.fr\/wordpress\/?s={search_term_string}"},"query-input":{"@type":"PropertyValueSpecification","valueRequired":true,"valueName":"search_term_string"}}],"inLanguage":"fr-FR"},{"@type":"Organization","@id":"https:\/\/sagardeche.fr\/wordpress\/#organization","name":"Soci\u00e9t\u00e9 des Amateurs de G\u00e9n\u00e9alogie de l'Ard\u00e8che","alternateName":"SAGA","url":"https:\/\/sagardeche.fr\/wordpress\/","logo":{"@type":"ImageObject","inLanguage":"fr-FR","@id":"https:\/\/sagardeche.fr\/wordpress\/#\/schema\/logo\/image\/","url":"https:\/\/sagardeche.fr\/wordpress\/wp-content\/uploads\/2022\/06\/cropped-LogoSAGA3-1.jpg","contentUrl":"https:\/\/sagardeche.fr\/wordpress\/wp-content\/uploads\/2022\/06\/cropped-LogoSAGA3-1.jpg","width":50,"height":80,"caption":"Soci\u00e9t\u00e9 des Amateurs de G\u00e9n\u00e9alogie de l'Ard\u00e8che"},"image":{"@id":"https:\/\/sagardeche.fr\/wordpress\/#\/schema\/logo\/image\/"},"sameAs":["https:\/\/www.facebook.com\/geneardeche"]}]}},"_links":{"self":[{"href":"https:\/\/sagardeche.fr\/wordpress\/index.php\/wp-json\/wp\/v2\/pages\/1458","targetHints":{"allow":["GET"]}}],"collection":[{"href":"https:\/\/sagardeche.fr\/wordpress\/index.php\/wp-json\/wp\/v2\/pages"}],"about":[{"href":"https:\/\/sagardeche.fr\/wordpress\/index.php\/wp-json\/wp\/v2\/types\/page"}],"author":[{"embeddable":true,"href":"https:\/\/sagardeche.fr\/wordpress\/index.php\/wp-json\/wp\/v2\/users\/1"}],"replies":[{"embeddable":true,"href":"https:\/\/sagardeche.fr\/wordpress\/index.php\/wp-json\/wp\/v2\/comments?post=1458"}],"version-history":[{"count":1,"href":"https:\/\/sagardeche.fr\/wordpress\/index.php\/wp-json\/wp\/v2\/pages\/1458\/revisions"}],"predecessor-version":[{"id":1459,"href":"https:\/\/sagardeche.fr\/wordpress\/index.php\/wp-json\/wp\/v2\/pages\/1458\/revisions\/1459"}],"wp:attachment":[{"href":"https:\/\/sagardeche.fr\/wordpress\/index.php\/wp-json\/wp\/v2\/media?parent=1458"}],"wp:term":[{"taxonomy":"category","embeddable":true,"href":"https:\/\/sagardeche.fr\/wordpress\/index.php\/wp-json\/wp\/v2\/categories?post=1458"},{"taxonomy":"post_tag","embeddable":true,"href":"https:\/\/sagardeche.fr\/wordpress\/index.php\/wp-json\/wp\/v2\/tags?post=1458"}],"curies":[{"name":"wp","href":"https:\/\/api.w.org\/{rel}","templated":true}]}}