{"id":1456,"date":"2022-09-25T07:44:25","date_gmt":"2022-09-25T05:44:25","guid":{"rendered":"https:\/\/sagardeche.fr\/wordpress\/?page_id=1456"},"modified":"2022-09-25T07:45:05","modified_gmt":"2022-09-25T05:45:05","slug":"la-saga-des-patronymes-3","status":"publish","type":"page","link":"https:\/\/sagardeche.fr\/wordpress\/index.php\/la-saga-des-patronymes-3\/","title":{"rendered":"LA SAGA DES PATRONYMES"},"content":{"rendered":"\n<p>Les surnoms<\/p>\n\n\n\n<figure class=\"wp-block-table\"><table class=\"has-fixed-layout\"><tbody><tr><th class=\"has-text-align-left\" data-align=\"left\" scope=\"col\">En Alsace, on entend l&rsquo;histoire suivante:\u00a0\u00bb Il y en avait un qui s&rsquo;appelait LAGARDE. Les allemands sont arriv\u00e9s et ont traduit son nom: WACHE. Les fran\u00e7ais sont revenus, ils l&rsquo;ont appel\u00e9 VACHE. Les allemands on r\u00e9envahi et ils ont \u00e0 nouveau traduit: de VACHE, il est devenu KUHE. Les fran\u00e7ais ont \u00e0 nouveau gagn\u00e9: il s&rsquo;appelle CUL maintenant.\u00a0\u00bb (Cit\u00e9 par Nicole LAPIERRE: \u00ab\u00a0Changer de nom \u00a0\u00bb Stock.)<br>Tous les surnoms n&rsquo;ont pas une justification aussi subtile, la plupart m\u00eame sont d&rsquo;origine inconnue. Mais ils jouent parfois dans certaines soci\u00e9t\u00e9s un r\u00f4le notoire. Ils ont \u00e9t\u00e9, pour un certain nombre d&rsquo;entre-eux du moins, \u00e0 l&rsquo;origine des patronymes et ont le m\u00eame r\u00f4le qu&rsquo;eux . Dans une soci\u00e9t\u00e9 en expansion, des confusions peuvent appara\u00eetre lorsque l&rsquo;homonymie se multiplie. Le surnom pr\u00e9cise ou encore se substitue au patronyme. Il existe chez nous en Ard\u00e8che des soci\u00e9t\u00e9s villageoises au sein desquelles un patronyme se r\u00e9pand au point de devenir majoritaire, voire presque exclusif. A Vernosc-les-Annonay, les CLOT et les SEUX sont devenus si nombreux que chaque famille CLOT et SEUX se voit affubl\u00e9e d&rsquo;un surnom de n\u00e9cessit\u00e9 qui est devenu indispensable pour reconna\u00eetre le cercle familial: il y a les CLOT-BERNIQUE, les CLOT-TATELLE, etc&#8230; Tous ces surnoms ont \u00e9t\u00e9 ceux d&rsquo;un des membres de la famille et se sont transmis \u00e0 sa descendance.<br>Contrairement au \u00ab\u00a0nom de guerre\u00a0\u00bb, au \u00ab\u00a0nom d&rsquo;artiste\u00a0\u00bb que l&rsquo;on choisit, le surnom est impos\u00e9 et peut, de ce fait, \u00eatre aussi lourd \u00e0 porter qu&rsquo;un patronyme ridicule. Et contre lui, aucun recours possible! Comme pour le patronyme, l&rsquo;allusion \u00e0 une particularit\u00e9 physique peut \u00eatre supportable si, justement, on n&rsquo;en est pas porteur. Mais combien de PATAPOUF ressemblent \u00e0 leur grand p\u00e8re qui \u00e9tait ob\u00e8se, combien de MIRAUD portent lunettes eux aussi ! Les surnoms non m\u00e9rit\u00e9s sont aussi insupportables parfois et \u00e9tablissent une r\u00e9putation surfaite. On connait tant de COQ qui se montrent si timides avec les filles&#8230;Il est vrai que le surnom peut \u00eatre d\u00fb, comme l&rsquo;est le patronyme, \u00e0 un anc\u00eatre cuisinier.<br>Pour l&rsquo;histoire des familles, le surnom peut pr\u00e9senter un grand int\u00e9r\u00eat et on s&rsquo;aper\u00e7oit souvent que le surnom familial traverse les si\u00e8cles. La famille de l&rsquo;un de nos adh\u00e9rents annon\u00e9ens portait, outre son patronyme, le surnom de \u00ab\u00a0Chanas\u00a0\u00bb dont notre ami ignorait l&rsquo;origine. Intrigu\u00e9 par ce surnom, il avait imagin\u00e9 que ses ascendants avaient pu conserver le nom de leur village d&rsquo;origine et avant m\u00eame d&rsquo;avoir entrepris ses recherches g\u00e9n\u00e9alogiques, il avait consult\u00e9 les registres paroissiaux du village de Chanas (Is\u00e8re)<\/th><th class=\"has-text-align-left\" data-align=\"left\" scope=\"col\">Mais son patronyme n&rsquo;y \u00e9tait pas repr\u00e9sent\u00e9. La recherche de ses ascendants, commenc\u00e9e ensuite, l&rsquo;amena, \u00e0 la cinqui\u00e8me g\u00e9n\u00e9ration seulement, au village de Charnas (Ard\u00e8che), v\u00e9ritable berceau de sa famille. Quelle ne fut pas sa surprise de constater que c&rsquo;\u00e9tait \u00ab\u00a0son Stradonitz 10\u00a0\u00bb, c&rsquo;est \u00e0 dire le grand p\u00e8re de son arri\u00e8re grand p\u00e8re en lign\u00e9e agnatique qui s&rsquo;\u00e9tait install\u00e9 en 1793 \u00e0 Annonay o\u00f9 il avait achet\u00e9 un \u00ab\u00a0pas de porte\u00a0\u00bb. Comme il venait de Charnas, les gens du quartier l&rsquo;avaient baptis\u00e9 \u00ab\u00a0Charnas\u00a0\u00bb. Au cours des si\u00e8cles, le \u00ab\u00a0r\u00a0\u00bb, sans doute p\u00e9nible \u00e0 prononcer, \u00e9tait tomb\u00e9, d&rsquo;o\u00f9 la confusion avec le toponyme is\u00e9rois. Plus de 2 si\u00e8cles, quel bel \u00e2ge pour un surnom! Il est h\u00e9las en train de mourir. Seuls les tr\u00e8s vieux appellent encore notre ami: \u00ab\u00a0Lo pitchoun de vez Chanas\u00a0\u00bb ( le petit de chez Chanas). Nous avons la chance de trouver parfois, sur les actes des registres paroissiaux, la mention de surnoms. Si le pr\u00eatre les a not\u00e9s, cela signifie sans doute que leur usage \u00e9tait tr\u00e8s important pour l&rsquo;identification de la personne concern\u00e9e. Il convient donc de ne pas n\u00e9gliger cette indication. Mais attention au pi\u00e8ge: le surnom est parfois si usit\u00e9 qu&rsquo;il peut arriver que le pr\u00eatre lui m\u00eame, s&rsquo;il est depuis peu titulaire de la cure, ignore le patronyme v\u00e9ritable. Un autre de nos amis recherchait depuis des ann\u00e9es l&rsquo;ascendance \u00e0 Ardoix (Ard\u00e8che) de son anc\u00eatre Jean VALLIER, n\u00e9 vers 1650. Son acte de bapt\u00eame portait le seul mon du p\u00e8re: Claude VALLIER. Au del\u00e0 dans le temps: plus de VALLIER. Epluchant tous les actes du registres \u00e0 la m\u00eame \u00e9poque, notre ami r\u00e9ussit \u00e0 identifier un autre couple ayant eu des enfants \u00e0 la m\u00eame \u00e9poque. Et il d\u00e9couvrit avec stupeur que seul le plus jeune des enfants de ce couple portait le nom de VALLIER, tous les autres enfants de Claude ROLLAND dit VALLIER portaient le nom de ROLLAND. L&rsquo;acte de bapt\u00eame du dernier enfant, r\u00e9dig\u00e9 par un jeune vicaire, \u00e9tait celui de Jean VALLIER, le nom de ROLLAND n&rsquo;apparaissait plus, comme il n&rsquo;apparut plus d\u00e9sormais dans sa descendance. Le surnom \u00e9tait devenu patronyme&#8230; \u00a0 <br><br><br><em>Michel Guigal<\/em><\/th><\/tr><\/tbody><\/table><\/figure>\n","protected":false},"excerpt":{"rendered":"<p>Les surnoms En Alsace, on entend l&rsquo;histoire suivante:\u00a0\u00bb Il y en avait un qui s&rsquo;appelait LAGARDE. Les allemands sont arriv\u00e9s et ont traduit son nom: WACHE. Les fran\u00e7ais sont revenus, ils l&rsquo;ont appel\u00e9 VACHE. Les allemands on r\u00e9envahi et ils ont \u00e0 nouveau traduit: de VACHE, il est devenu KUHE. Les fran\u00e7ais ont \u00e0 nouveau [&hellip;]<\/p>\n","protected":false},"author":1,"featured_media":0,"parent":0,"menu_order":0,"comment_status":"closed","ping_status":"closed","template":"","meta":{"footnotes":""},"categories":[24],"tags":[],"class_list":["post-1456","page","type-page","status-publish","hentry","category-archives"],"yoast_head":"<!-- This site is optimized with the Yoast SEO plugin v24.2 - https:\/\/yoast.com\/wordpress\/plugins\/seo\/ -->\n<title>LA SAGA DES PATRONYMES - SagArdeche<\/title>\n<meta name=\"description\" content=\"LA SAGA DES PATRONYMES SagArdeche Soci\u00e9t\u00e9 amateurs g\u00e9n\u00e9alogie Ard\u00e8che Registres BMS Notaires paroissiaux Origines Ard\u00e9choises expoactes saga protestants\" \/>\n<meta name=\"robots\" content=\"index, follow, max-snippet:-1, max-image-preview:large, max-video-preview:-1\" \/>\n<link rel=\"canonical\" href=\"https:\/\/sagardeche.fr\/wordpress\/index.php\/la-saga-des-patronymes-3\/\" \/>\n<meta property=\"og:locale\" content=\"fr_FR\" \/>\n<meta property=\"og:type\" content=\"article\" \/>\n<meta property=\"og:title\" content=\"LA SAGA DES PATRONYMES - SagArdeche\" \/>\n<meta property=\"og:description\" content=\"LA SAGA DES PATRONYMES SagArdeche Soci\u00e9t\u00e9 amateurs g\u00e9n\u00e9alogie Ard\u00e8che Registres BMS Notaires paroissiaux Origines Ard\u00e9choises expoactes saga protestants\" \/>\n<meta property=\"og:url\" content=\"https:\/\/sagardeche.fr\/wordpress\/index.php\/la-saga-des-patronymes-3\/\" \/>\n<meta property=\"og:site_name\" content=\"SagArdeche\" \/>\n<meta property=\"article:publisher\" content=\"https:\/\/www.facebook.com\/geneardeche\" \/>\n<meta property=\"article:modified_time\" content=\"2022-09-25T05:45:05+00:00\" \/>\n<meta name=\"twitter:card\" content=\"summary_large_image\" \/>\n<meta name=\"twitter:label1\" content=\"Dur\u00e9e de lecture estim\u00e9e\" \/>\n\t<meta name=\"twitter:data1\" content=\"4 minutes\" \/>\n<script type=\"application\/ld+json\" class=\"yoast-schema-graph\">{\"@context\":\"https:\/\/schema.org\",\"@graph\":[{\"@type\":\"WebPage\",\"@id\":\"https:\/\/sagardeche.fr\/wordpress\/index.php\/la-saga-des-patronymes-3\/\",\"url\":\"https:\/\/sagardeche.fr\/wordpress\/index.php\/la-saga-des-patronymes-3\/\",\"name\":\"LA SAGA DES PATRONYMES - SagArdeche\",\"isPartOf\":{\"@id\":\"https:\/\/sagardeche.fr\/wordpress\/#website\"},\"datePublished\":\"2022-09-25T05:44:25+00:00\",\"dateModified\":\"2022-09-25T05:45:05+00:00\",\"description\":\"LA SAGA DES PATRONYMES SagArdeche Soci\u00e9t\u00e9 amateurs g\u00e9n\u00e9alogie Ard\u00e8che Registres BMS Notaires paroissiaux Origines Ard\u00e9choises expoactes saga protestants\",\"breadcrumb\":{\"@id\":\"https:\/\/sagardeche.fr\/wordpress\/index.php\/la-saga-des-patronymes-3\/#breadcrumb\"},\"inLanguage\":\"fr-FR\",\"potentialAction\":[{\"@type\":\"ReadAction\",\"target\":[\"https:\/\/sagardeche.fr\/wordpress\/index.php\/la-saga-des-patronymes-3\/\"]}]},{\"@type\":\"BreadcrumbList\",\"@id\":\"https:\/\/sagardeche.fr\/wordpress\/index.php\/la-saga-des-patronymes-3\/#breadcrumb\",\"itemListElement\":[{\"@type\":\"ListItem\",\"position\":1,\"name\":\"Accueil\",\"item\":\"https:\/\/sagardeche.fr\/wordpress\/\"},{\"@type\":\"ListItem\",\"position\":2,\"name\":\"LA SAGA DES PATRONYMES\"}]},{\"@type\":\"WebSite\",\"@id\":\"https:\/\/sagardeche.fr\/wordpress\/#website\",\"url\":\"https:\/\/sagardeche.fr\/wordpress\/\",\"name\":\"SagArdeche\",\"description\":\"Soci\u00e9t\u00e9 des Amateurs de G\u00e9n\u00e9alogie de l&#039;Ard\u00e8che\",\"publisher\":{\"@id\":\"https:\/\/sagardeche.fr\/wordpress\/#organization\"},\"alternateName\":\"saga\",\"potentialAction\":[{\"@type\":\"SearchAction\",\"target\":{\"@type\":\"EntryPoint\",\"urlTemplate\":\"https:\/\/sagardeche.fr\/wordpress\/?s={search_term_string}\"},\"query-input\":{\"@type\":\"PropertyValueSpecification\",\"valueRequired\":true,\"valueName\":\"search_term_string\"}}],\"inLanguage\":\"fr-FR\"},{\"@type\":\"Organization\",\"@id\":\"https:\/\/sagardeche.fr\/wordpress\/#organization\",\"name\":\"Soci\u00e9t\u00e9 des Amateurs de G\u00e9n\u00e9alogie de l'Ard\u00e8che\",\"alternateName\":\"SAGA\",\"url\":\"https:\/\/sagardeche.fr\/wordpress\/\",\"logo\":{\"@type\":\"ImageObject\",\"inLanguage\":\"fr-FR\",\"@id\":\"https:\/\/sagardeche.fr\/wordpress\/#\/schema\/logo\/image\/\",\"url\":\"https:\/\/sagardeche.fr\/wordpress\/wp-content\/uploads\/2022\/06\/cropped-LogoSAGA3-1.jpg\",\"contentUrl\":\"https:\/\/sagardeche.fr\/wordpress\/wp-content\/uploads\/2022\/06\/cropped-LogoSAGA3-1.jpg\",\"width\":50,\"height\":80,\"caption\":\"Soci\u00e9t\u00e9 des Amateurs de G\u00e9n\u00e9alogie de l'Ard\u00e8che\"},\"image\":{\"@id\":\"https:\/\/sagardeche.fr\/wordpress\/#\/schema\/logo\/image\/\"},\"sameAs\":[\"https:\/\/www.facebook.com\/geneardeche\"]}]}<\/script>\n<!-- \/ Yoast SEO plugin. -->","yoast_head_json":{"title":"LA SAGA DES PATRONYMES - SagArdeche","description":"LA SAGA DES PATRONYMES SagArdeche Soci\u00e9t\u00e9 amateurs g\u00e9n\u00e9alogie Ard\u00e8che Registres BMS Notaires paroissiaux Origines Ard\u00e9choises expoactes saga protestants","robots":{"index":"index","follow":"follow","max-snippet":"max-snippet:-1","max-image-preview":"max-image-preview:large","max-video-preview":"max-video-preview:-1"},"canonical":"https:\/\/sagardeche.fr\/wordpress\/index.php\/la-saga-des-patronymes-3\/","og_locale":"fr_FR","og_type":"article","og_title":"LA SAGA DES PATRONYMES - SagArdeche","og_description":"LA SAGA DES PATRONYMES SagArdeche Soci\u00e9t\u00e9 amateurs g\u00e9n\u00e9alogie Ard\u00e8che Registres BMS Notaires paroissiaux Origines Ard\u00e9choises expoactes saga protestants","og_url":"https:\/\/sagardeche.fr\/wordpress\/index.php\/la-saga-des-patronymes-3\/","og_site_name":"SagArdeche","article_publisher":"https:\/\/www.facebook.com\/geneardeche","article_modified_time":"2022-09-25T05:45:05+00:00","twitter_card":"summary_large_image","twitter_misc":{"Dur\u00e9e de lecture estim\u00e9e":"4 minutes"},"schema":{"@context":"https:\/\/schema.org","@graph":[{"@type":"WebPage","@id":"https:\/\/sagardeche.fr\/wordpress\/index.php\/la-saga-des-patronymes-3\/","url":"https:\/\/sagardeche.fr\/wordpress\/index.php\/la-saga-des-patronymes-3\/","name":"LA SAGA DES PATRONYMES - SagArdeche","isPartOf":{"@id":"https:\/\/sagardeche.fr\/wordpress\/#website"},"datePublished":"2022-09-25T05:44:25+00:00","dateModified":"2022-09-25T05:45:05+00:00","description":"LA SAGA DES PATRONYMES SagArdeche Soci\u00e9t\u00e9 amateurs g\u00e9n\u00e9alogie Ard\u00e8che Registres BMS Notaires paroissiaux Origines Ard\u00e9choises expoactes saga protestants","breadcrumb":{"@id":"https:\/\/sagardeche.fr\/wordpress\/index.php\/la-saga-des-patronymes-3\/#breadcrumb"},"inLanguage":"fr-FR","potentialAction":[{"@type":"ReadAction","target":["https:\/\/sagardeche.fr\/wordpress\/index.php\/la-saga-des-patronymes-3\/"]}]},{"@type":"BreadcrumbList","@id":"https:\/\/sagardeche.fr\/wordpress\/index.php\/la-saga-des-patronymes-3\/#breadcrumb","itemListElement":[{"@type":"ListItem","position":1,"name":"Accueil","item":"https:\/\/sagardeche.fr\/wordpress\/"},{"@type":"ListItem","position":2,"name":"LA SAGA DES PATRONYMES"}]},{"@type":"WebSite","@id":"https:\/\/sagardeche.fr\/wordpress\/#website","url":"https:\/\/sagardeche.fr\/wordpress\/","name":"SagArdeche","description":"Soci\u00e9t\u00e9 des Amateurs de G\u00e9n\u00e9alogie de l&#039;Ard\u00e8che","publisher":{"@id":"https:\/\/sagardeche.fr\/wordpress\/#organization"},"alternateName":"saga","potentialAction":[{"@type":"SearchAction","target":{"@type":"EntryPoint","urlTemplate":"https:\/\/sagardeche.fr\/wordpress\/?s={search_term_string}"},"query-input":{"@type":"PropertyValueSpecification","valueRequired":true,"valueName":"search_term_string"}}],"inLanguage":"fr-FR"},{"@type":"Organization","@id":"https:\/\/sagardeche.fr\/wordpress\/#organization","name":"Soci\u00e9t\u00e9 des Amateurs de G\u00e9n\u00e9alogie de l'Ard\u00e8che","alternateName":"SAGA","url":"https:\/\/sagardeche.fr\/wordpress\/","logo":{"@type":"ImageObject","inLanguage":"fr-FR","@id":"https:\/\/sagardeche.fr\/wordpress\/#\/schema\/logo\/image\/","url":"https:\/\/sagardeche.fr\/wordpress\/wp-content\/uploads\/2022\/06\/cropped-LogoSAGA3-1.jpg","contentUrl":"https:\/\/sagardeche.fr\/wordpress\/wp-content\/uploads\/2022\/06\/cropped-LogoSAGA3-1.jpg","width":50,"height":80,"caption":"Soci\u00e9t\u00e9 des Amateurs de G\u00e9n\u00e9alogie de l'Ard\u00e8che"},"image":{"@id":"https:\/\/sagardeche.fr\/wordpress\/#\/schema\/logo\/image\/"},"sameAs":["https:\/\/www.facebook.com\/geneardeche"]}]}},"_links":{"self":[{"href":"https:\/\/sagardeche.fr\/wordpress\/index.php\/wp-json\/wp\/v2\/pages\/1456","targetHints":{"allow":["GET"]}}],"collection":[{"href":"https:\/\/sagardeche.fr\/wordpress\/index.php\/wp-json\/wp\/v2\/pages"}],"about":[{"href":"https:\/\/sagardeche.fr\/wordpress\/index.php\/wp-json\/wp\/v2\/types\/page"}],"author":[{"embeddable":true,"href":"https:\/\/sagardeche.fr\/wordpress\/index.php\/wp-json\/wp\/v2\/users\/1"}],"replies":[{"embeddable":true,"href":"https:\/\/sagardeche.fr\/wordpress\/index.php\/wp-json\/wp\/v2\/comments?post=1456"}],"version-history":[{"count":1,"href":"https:\/\/sagardeche.fr\/wordpress\/index.php\/wp-json\/wp\/v2\/pages\/1456\/revisions"}],"predecessor-version":[{"id":1457,"href":"https:\/\/sagardeche.fr\/wordpress\/index.php\/wp-json\/wp\/v2\/pages\/1456\/revisions\/1457"}],"wp:attachment":[{"href":"https:\/\/sagardeche.fr\/wordpress\/index.php\/wp-json\/wp\/v2\/media?parent=1456"}],"wp:term":[{"taxonomy":"category","embeddable":true,"href":"https:\/\/sagardeche.fr\/wordpress\/index.php\/wp-json\/wp\/v2\/categories?post=1456"},{"taxonomy":"post_tag","embeddable":true,"href":"https:\/\/sagardeche.fr\/wordpress\/index.php\/wp-json\/wp\/v2\/tags?post=1456"}],"curies":[{"name":"wp","href":"https:\/\/api.w.org\/{rel}","templated":true}]}}