{"id":1452,"date":"2022-09-25T07:41:36","date_gmt":"2022-09-25T05:41:36","guid":{"rendered":"https:\/\/sagardeche.fr\/wordpress\/?page_id=1452"},"modified":"2022-09-25T07:42:05","modified_gmt":"2022-09-25T05:42:05","slug":"linformatique-pour-quoi-faire","status":"publish","type":"page","link":"https:\/\/sagardeche.fr\/wordpress\/index.php\/linformatique-pour-quoi-faire\/","title":{"rendered":"L&rsquo;INFORMATIQUE : POUR QUOI FAIRE ?"},"content":{"rendered":"\n<p>G\u00e9n\u00e9a\u2026logiciels<\/p>\n\n\n\n<figure class=\"wp-block-table\"><table class=\"has-fixed-layout\"><tbody><tr><th class=\"has-text-align-left\" data-align=\"left\" scope=\"col\">\u00ab\u00a0Je ne suis pas \u00e9quip\u00e9 en informatique et je n&rsquo;y connais rien&#8230;&#8230; Et d&rsquo;ailleurs je me d\u00e9brouille tr\u00e8s bien comme \u00e7a&#8230;..\u00a0\u00bb C&rsquo;est la r\u00e9ponse st\u00e9r\u00e9otyp\u00e9e de ceux qui n&rsquo;ont pas franchi le pas. Effectivement, ils se d\u00e9brouillent tr\u00e8s bien, surtout quand ils sont tout \u00e0 fait d\u00e9butants et qu&rsquo;ils n&rsquo;ont \u00e0 g\u00e9rer que quelques centaines de fiches tout au plus, ou encore quand ils sont des chercheurs chevronn\u00e9s et extr\u00eamement m\u00e9thodiques. Mais entre les deux, il y a ceux qui ne sont ni d\u00e9butants, ni m\u00e9thodiques. Et ils sont si nombreux qu&rsquo;on en oublie les autres. Essayons de construire une typologie de ces chercheurs innombrables qui ont l&rsquo;impression de se d\u00e9brouiller tr\u00e8s bien sans l&rsquo;informatique: &#8211; Il y a d&rsquo;abord les impatients: ceux qui commencent leur recherche g\u00e9n\u00e9alogique en remontant en fl\u00e8che leur lign\u00e9e agnatique comme ils montent un escalier: quatre \u00e0 quatre&#8230;&#8230; 2, 4, 8, 16, 32, 64&#8230; Ils ont d\u00e9j\u00e0 identifi\u00e9 celui qui portait leur patronyme sous Henri II avant d&rsquo;avoir recherch\u00e9 la date de mariage de leur grand oncle. Oui, mais ils s&rsquo;aper\u00e7oivent alors que ce mariage pendant la R\u00e9volution Fran\u00e7aise \u00e9tait si mal \u00e9crit qu&rsquo;ils l&rsquo;ont mal lu. Leur BONNET \u00e9tait un BOUVET, leur ESCLEINE un ESCUDIER et tout est \u00e0 reprendre: patatras ! &#8211; Il y a ensuite ceux qui seraient m\u00e9thodiques s&rsquo;ils connaissaient une m\u00e9thode: mais ils se sont lanc\u00e9s dans l&rsquo;aventure avec l&rsquo;innocence et la candeur de leur ignorance. \u00ab\u00a0On verra bien ! \u00a0\u00bb Et patiemment, ils ont feuillet\u00e9 des registres, des tables decennales. Bien s\u00fbr, ils ont appris \u00e0 s&rsquo;en servir par eux m\u00eames, en t\u00e2tonnant un peu au d\u00e9but. Puis avec une certaine ma\u00eetrise. Ils ont franchi all\u00e8grement les quelques d\u00e9cennies pendant lesquelles tout va bien pour le chercheur: de 1902 \u00e0 1802. Puis au-del\u00e0, ils sont tomb\u00e9s dans la panade r\u00e9volutionnaire: plus de tables decennales, des dates incompr\u00e9hensibles (3\u00b0 sans-culottide an VI : KEKSEKSA ?), une \u00e9criture qu&rsquo;on voudrait plus lisible et une orthographe des patronymes de plus en plus fantaisiste. De quoi se d\u00e9courager si l&rsquo;on n&rsquo;a pas la chance d&rsquo;avoir sous la main un permanent de la SAGA pour vous dire: \u00ab\u00a03\u00b0 sans-culottide an VI = 19 septembre 1798\u00a0\u00bb. &nbsp;<\/th><th class=\"has-text-align-left\" data-align=\"left\" scope=\"col\">&#8211; Il y a les quelques dilettantes: ceux qui survolent, lisent, et ne notent rien. Tr\u00e8s vite, ils sont attir\u00e9s par l&rsquo;aspect anecdotique des registres, les mentions marginales, les documents annex\u00e9s: \u00ab\u00a0Tiens ! Une victime de la guerre des Dardanelles ! Un communard !\u00a0\u00bb Puis quelques semaines apr\u00e8s: \u00ab\u00a0Au fait, le Communard, c&rsquo;\u00e9tait qui ?\u00a0\u00bb. &#8211; Il y a aussi les perfectionnistes, les m\u00e9ticuleux, ceux qui notent tout. En quelques heures de travail, ils ont d\u00e9j\u00e0 300 fiches individuelles qu&rsquo;ils classent soigneusement. Mais voyons comment les classer: Alphab\u00e9tique ? Chronologique ? Hum ? Et puis, comment les retrouver quand il y en aura 3.000 ? &#8211; Il y a encore ceux qui ne r\u00eavent que d&rsquo;arbres somptueux et qui, r\u00e8gles et \u00e9querres en main, dessinent, ornent, calligraphient, oubliant parfois de v\u00e9rifier les filiations auparavant. Ceux -l\u00e0 passent beaucoup de temps \u00e0 dessiner et le temps leur manque parfois pour la recherche. Face \u00e0 ces esp\u00e8ces vari\u00e9es de g\u00e9n\u00e9alogiste amateurs, il y a ceux que certains consid\u00e8rent comme des chanceux, d&rsquo;autres comme des maniaques: les \u00ab\u00a0G.A.I.\u00a0\u00bb Attention: pas de confusion! Il s&rsquo;agit des \u00ab\u00a0G\u00e9n\u00e9alogistes Amateurs Informatis\u00e9s\u00a0\u00bb et rien d&rsquo;autre&#8230;. Pour ceux l\u00e0, pas de probl\u00e8me de \u00ab\u00a0m\u00e9moire qui flanche\u00a0\u00bb, pas de probl\u00e8mes de fiches qui se m\u00e9langent ou se confondent, pas de probl\u00e8me de calendrier r\u00e9publicain, pas de probl\u00e8me de construction d&rsquo;arbres, qu&rsquo;ils soient ascendants ou descendants. Une pression l\u00e9g\u00e8re sur un bouton et crac! Voici la fiche recherch\u00e9e, la liste \u00e9clair souhait\u00e9e, la nomenclature alphab\u00e9tique, chronologique des anc\u00eatres qui demanderait des heures de travail. Voil\u00e0 un arbre ascendant ou descendant, une liste indent\u00e9e, un plan de cousinage. Et tout cela imprim\u00e9 noir sur blanc ou en couleurs \u00e0 la demande. <br><br>Alors ? Quand est-ce qu&rsquo;on s&rsquo;informatise ? <br><br><em>Michel Guigal<\/em><\/th><\/tr><\/tbody><\/table><\/figure>\n","protected":false},"excerpt":{"rendered":"<p>G\u00e9n\u00e9a\u2026logiciels \u00ab\u00a0Je ne suis pas \u00e9quip\u00e9 en informatique et je n&rsquo;y connais rien&#8230;&#8230; Et d&rsquo;ailleurs je me d\u00e9brouille tr\u00e8s bien comme \u00e7a&#8230;..\u00a0\u00bb C&rsquo;est la r\u00e9ponse st\u00e9r\u00e9otyp\u00e9e de ceux qui n&rsquo;ont pas franchi le pas. Effectivement, ils se d\u00e9brouillent tr\u00e8s bien, surtout quand ils sont tout \u00e0 fait d\u00e9butants et qu&rsquo;ils n&rsquo;ont \u00e0 g\u00e9rer que quelques [&hellip;]<\/p>\n","protected":false},"author":1,"featured_media":0,"parent":0,"menu_order":0,"comment_status":"closed","ping_status":"closed","template":"","meta":{"footnotes":""},"categories":[24],"tags":[],"class_list":["post-1452","page","type-page","status-publish","hentry","category-archives"],"yoast_head":"<!-- This site is optimized with the Yoast SEO plugin v24.2 - https:\/\/yoast.com\/wordpress\/plugins\/seo\/ -->\n<title>L&#039;INFORMATIQUE : POUR QUOI FAIRE ? - SagArdeche<\/title>\n<meta name=\"description\" content=\"L&#039;INFORMATIQUE : POUR QUOI FAIRE ? SagArdeche Soci\u00e9t\u00e9 amateurs g\u00e9n\u00e9alogie Ard\u00e8che Registres BMS Notaires paroissiaux Origines Ard\u00e9choises expoactes saga protestants\" \/>\n<meta name=\"robots\" content=\"index, follow, max-snippet:-1, max-image-preview:large, max-video-preview:-1\" \/>\n<link rel=\"canonical\" href=\"https:\/\/sagardeche.fr\/wordpress\/index.php\/linformatique-pour-quoi-faire\/\" \/>\n<meta property=\"og:locale\" content=\"fr_FR\" \/>\n<meta property=\"og:type\" content=\"article\" \/>\n<meta property=\"og:title\" content=\"L&#039;INFORMATIQUE : POUR QUOI FAIRE ? - SagArdeche\" \/>\n<meta property=\"og:description\" content=\"L&#039;INFORMATIQUE : POUR QUOI FAIRE ? SagArdeche Soci\u00e9t\u00e9 amateurs g\u00e9n\u00e9alogie Ard\u00e8che Registres BMS Notaires paroissiaux Origines Ard\u00e9choises expoactes saga protestants\" \/>\n<meta property=\"og:url\" content=\"https:\/\/sagardeche.fr\/wordpress\/index.php\/linformatique-pour-quoi-faire\/\" \/>\n<meta property=\"og:site_name\" content=\"SagArdeche\" \/>\n<meta property=\"article:publisher\" content=\"https:\/\/www.facebook.com\/geneardeche\" \/>\n<meta property=\"article:modified_time\" content=\"2022-09-25T05:42:05+00:00\" \/>\n<meta name=\"twitter:card\" content=\"summary_large_image\" \/>\n<meta name=\"twitter:label1\" content=\"Dur\u00e9e de lecture estim\u00e9e\" \/>\n\t<meta name=\"twitter:data1\" content=\"3 minutes\" \/>\n<script type=\"application\/ld+json\" class=\"yoast-schema-graph\">{\"@context\":\"https:\/\/schema.org\",\"@graph\":[{\"@type\":\"WebPage\",\"@id\":\"https:\/\/sagardeche.fr\/wordpress\/index.php\/linformatique-pour-quoi-faire\/\",\"url\":\"https:\/\/sagardeche.fr\/wordpress\/index.php\/linformatique-pour-quoi-faire\/\",\"name\":\"L'INFORMATIQUE : POUR QUOI FAIRE ? - SagArdeche\",\"isPartOf\":{\"@id\":\"https:\/\/sagardeche.fr\/wordpress\/#website\"},\"datePublished\":\"2022-09-25T05:41:36+00:00\",\"dateModified\":\"2022-09-25T05:42:05+00:00\",\"description\":\"L'INFORMATIQUE : POUR QUOI FAIRE ? SagArdeche Soci\u00e9t\u00e9 amateurs g\u00e9n\u00e9alogie Ard\u00e8che Registres BMS Notaires paroissiaux Origines Ard\u00e9choises expoactes saga protestants\",\"breadcrumb\":{\"@id\":\"https:\/\/sagardeche.fr\/wordpress\/index.php\/linformatique-pour-quoi-faire\/#breadcrumb\"},\"inLanguage\":\"fr-FR\",\"potentialAction\":[{\"@type\":\"ReadAction\",\"target\":[\"https:\/\/sagardeche.fr\/wordpress\/index.php\/linformatique-pour-quoi-faire\/\"]}]},{\"@type\":\"BreadcrumbList\",\"@id\":\"https:\/\/sagardeche.fr\/wordpress\/index.php\/linformatique-pour-quoi-faire\/#breadcrumb\",\"itemListElement\":[{\"@type\":\"ListItem\",\"position\":1,\"name\":\"Accueil\",\"item\":\"https:\/\/sagardeche.fr\/wordpress\/\"},{\"@type\":\"ListItem\",\"position\":2,\"name\":\"L&rsquo;INFORMATIQUE : POUR QUOI FAIRE ?\"}]},{\"@type\":\"WebSite\",\"@id\":\"https:\/\/sagardeche.fr\/wordpress\/#website\",\"url\":\"https:\/\/sagardeche.fr\/wordpress\/\",\"name\":\"SagArdeche\",\"description\":\"Soci\u00e9t\u00e9 des Amateurs de G\u00e9n\u00e9alogie de l&#039;Ard\u00e8che\",\"publisher\":{\"@id\":\"https:\/\/sagardeche.fr\/wordpress\/#organization\"},\"alternateName\":\"saga\",\"potentialAction\":[{\"@type\":\"SearchAction\",\"target\":{\"@type\":\"EntryPoint\",\"urlTemplate\":\"https:\/\/sagardeche.fr\/wordpress\/?s={search_term_string}\"},\"query-input\":{\"@type\":\"PropertyValueSpecification\",\"valueRequired\":true,\"valueName\":\"search_term_string\"}}],\"inLanguage\":\"fr-FR\"},{\"@type\":\"Organization\",\"@id\":\"https:\/\/sagardeche.fr\/wordpress\/#organization\",\"name\":\"Soci\u00e9t\u00e9 des Amateurs de G\u00e9n\u00e9alogie de l'Ard\u00e8che\",\"alternateName\":\"SAGA\",\"url\":\"https:\/\/sagardeche.fr\/wordpress\/\",\"logo\":{\"@type\":\"ImageObject\",\"inLanguage\":\"fr-FR\",\"@id\":\"https:\/\/sagardeche.fr\/wordpress\/#\/schema\/logo\/image\/\",\"url\":\"https:\/\/sagardeche.fr\/wordpress\/wp-content\/uploads\/2022\/06\/cropped-LogoSAGA3-1.jpg\",\"contentUrl\":\"https:\/\/sagardeche.fr\/wordpress\/wp-content\/uploads\/2022\/06\/cropped-LogoSAGA3-1.jpg\",\"width\":50,\"height\":80,\"caption\":\"Soci\u00e9t\u00e9 des Amateurs de G\u00e9n\u00e9alogie de l'Ard\u00e8che\"},\"image\":{\"@id\":\"https:\/\/sagardeche.fr\/wordpress\/#\/schema\/logo\/image\/\"},\"sameAs\":[\"https:\/\/www.facebook.com\/geneardeche\"]}]}<\/script>\n<!-- \/ Yoast SEO plugin. -->","yoast_head_json":{"title":"L'INFORMATIQUE : POUR QUOI FAIRE ? - SagArdeche","description":"L'INFORMATIQUE : POUR QUOI FAIRE ? SagArdeche Soci\u00e9t\u00e9 amateurs g\u00e9n\u00e9alogie Ard\u00e8che Registres BMS Notaires paroissiaux Origines Ard\u00e9choises expoactes saga protestants","robots":{"index":"index","follow":"follow","max-snippet":"max-snippet:-1","max-image-preview":"max-image-preview:large","max-video-preview":"max-video-preview:-1"},"canonical":"https:\/\/sagardeche.fr\/wordpress\/index.php\/linformatique-pour-quoi-faire\/","og_locale":"fr_FR","og_type":"article","og_title":"L'INFORMATIQUE : POUR QUOI FAIRE ? - SagArdeche","og_description":"L'INFORMATIQUE : POUR QUOI FAIRE ? SagArdeche Soci\u00e9t\u00e9 amateurs g\u00e9n\u00e9alogie Ard\u00e8che Registres BMS Notaires paroissiaux Origines Ard\u00e9choises expoactes saga protestants","og_url":"https:\/\/sagardeche.fr\/wordpress\/index.php\/linformatique-pour-quoi-faire\/","og_site_name":"SagArdeche","article_publisher":"https:\/\/www.facebook.com\/geneardeche","article_modified_time":"2022-09-25T05:42:05+00:00","twitter_card":"summary_large_image","twitter_misc":{"Dur\u00e9e de lecture estim\u00e9e":"3 minutes"},"schema":{"@context":"https:\/\/schema.org","@graph":[{"@type":"WebPage","@id":"https:\/\/sagardeche.fr\/wordpress\/index.php\/linformatique-pour-quoi-faire\/","url":"https:\/\/sagardeche.fr\/wordpress\/index.php\/linformatique-pour-quoi-faire\/","name":"L'INFORMATIQUE : POUR QUOI FAIRE ? - SagArdeche","isPartOf":{"@id":"https:\/\/sagardeche.fr\/wordpress\/#website"},"datePublished":"2022-09-25T05:41:36+00:00","dateModified":"2022-09-25T05:42:05+00:00","description":"L'INFORMATIQUE : POUR QUOI FAIRE ? SagArdeche Soci\u00e9t\u00e9 amateurs g\u00e9n\u00e9alogie Ard\u00e8che Registres BMS Notaires paroissiaux Origines Ard\u00e9choises expoactes saga protestants","breadcrumb":{"@id":"https:\/\/sagardeche.fr\/wordpress\/index.php\/linformatique-pour-quoi-faire\/#breadcrumb"},"inLanguage":"fr-FR","potentialAction":[{"@type":"ReadAction","target":["https:\/\/sagardeche.fr\/wordpress\/index.php\/linformatique-pour-quoi-faire\/"]}]},{"@type":"BreadcrumbList","@id":"https:\/\/sagardeche.fr\/wordpress\/index.php\/linformatique-pour-quoi-faire\/#breadcrumb","itemListElement":[{"@type":"ListItem","position":1,"name":"Accueil","item":"https:\/\/sagardeche.fr\/wordpress\/"},{"@type":"ListItem","position":2,"name":"L&rsquo;INFORMATIQUE : POUR QUOI FAIRE ?"}]},{"@type":"WebSite","@id":"https:\/\/sagardeche.fr\/wordpress\/#website","url":"https:\/\/sagardeche.fr\/wordpress\/","name":"SagArdeche","description":"Soci\u00e9t\u00e9 des Amateurs de G\u00e9n\u00e9alogie de l&#039;Ard\u00e8che","publisher":{"@id":"https:\/\/sagardeche.fr\/wordpress\/#organization"},"alternateName":"saga","potentialAction":[{"@type":"SearchAction","target":{"@type":"EntryPoint","urlTemplate":"https:\/\/sagardeche.fr\/wordpress\/?s={search_term_string}"},"query-input":{"@type":"PropertyValueSpecification","valueRequired":true,"valueName":"search_term_string"}}],"inLanguage":"fr-FR"},{"@type":"Organization","@id":"https:\/\/sagardeche.fr\/wordpress\/#organization","name":"Soci\u00e9t\u00e9 des Amateurs de G\u00e9n\u00e9alogie de l'Ard\u00e8che","alternateName":"SAGA","url":"https:\/\/sagardeche.fr\/wordpress\/","logo":{"@type":"ImageObject","inLanguage":"fr-FR","@id":"https:\/\/sagardeche.fr\/wordpress\/#\/schema\/logo\/image\/","url":"https:\/\/sagardeche.fr\/wordpress\/wp-content\/uploads\/2022\/06\/cropped-LogoSAGA3-1.jpg","contentUrl":"https:\/\/sagardeche.fr\/wordpress\/wp-content\/uploads\/2022\/06\/cropped-LogoSAGA3-1.jpg","width":50,"height":80,"caption":"Soci\u00e9t\u00e9 des Amateurs de G\u00e9n\u00e9alogie de l'Ard\u00e8che"},"image":{"@id":"https:\/\/sagardeche.fr\/wordpress\/#\/schema\/logo\/image\/"},"sameAs":["https:\/\/www.facebook.com\/geneardeche"]}]}},"_links":{"self":[{"href":"https:\/\/sagardeche.fr\/wordpress\/index.php\/wp-json\/wp\/v2\/pages\/1452","targetHints":{"allow":["GET"]}}],"collection":[{"href":"https:\/\/sagardeche.fr\/wordpress\/index.php\/wp-json\/wp\/v2\/pages"}],"about":[{"href":"https:\/\/sagardeche.fr\/wordpress\/index.php\/wp-json\/wp\/v2\/types\/page"}],"author":[{"embeddable":true,"href":"https:\/\/sagardeche.fr\/wordpress\/index.php\/wp-json\/wp\/v2\/users\/1"}],"replies":[{"embeddable":true,"href":"https:\/\/sagardeche.fr\/wordpress\/index.php\/wp-json\/wp\/v2\/comments?post=1452"}],"version-history":[{"count":3,"href":"https:\/\/sagardeche.fr\/wordpress\/index.php\/wp-json\/wp\/v2\/pages\/1452\/revisions"}],"predecessor-version":[{"id":1455,"href":"https:\/\/sagardeche.fr\/wordpress\/index.php\/wp-json\/wp\/v2\/pages\/1452\/revisions\/1455"}],"wp:attachment":[{"href":"https:\/\/sagardeche.fr\/wordpress\/index.php\/wp-json\/wp\/v2\/media?parent=1452"}],"wp:term":[{"taxonomy":"category","embeddable":true,"href":"https:\/\/sagardeche.fr\/wordpress\/index.php\/wp-json\/wp\/v2\/categories?post=1452"},{"taxonomy":"post_tag","embeddable":true,"href":"https:\/\/sagardeche.fr\/wordpress\/index.php\/wp-json\/wp\/v2\/tags?post=1452"}],"curies":[{"name":"wp","href":"https:\/\/api.w.org\/{rel}","templated":true}]}}