{"id":1436,"date":"2022-09-25T07:23:52","date_gmt":"2022-09-25T05:23:52","guid":{"rendered":"https:\/\/sagardeche.fr\/wordpress\/?page_id=1436"},"modified":"2022-09-25T07:31:44","modified_gmt":"2022-09-25T05:31:44","slug":"les-degres-de-parente","status":"publish","type":"page","link":"https:\/\/sagardeche.fr\/wordpress\/index.php\/les-degres-de-parente\/","title":{"rendered":"LES DEGR\u00c9S DE PARENT\u00c9"},"content":{"rendered":"\n<figure class=\"wp-block-table\"><table class=\"has-fixed-layout\"><tbody><tr><th class=\"has-text-align-left\" data-align=\"left\" scope=\"col\">Vous avez souvent trouv\u00e9, dans des actes divers mais en particulier dans des actes de mariage, la mention de degr\u00e9 de parent\u00e9. L&rsquo;\u00e9glise a en effet veill\u00e9, au cours des si\u00e8cles, \u00e0 ce que des mariages n&rsquo;aient pas lieu entre \u00e9poux proches parents. La limite de la parent\u00e9 autoris\u00e9e entre \u00e9poux a vari\u00e9: elle \u00e9volua en fonction de consid\u00e9rations diverses mais il fut souvent possible, en cas de d\u00e9passement de cette limite, de demander \u00e0 l&rsquo;autorit\u00e9 eccl\u00e9siastique une dispense. La notion de parent\u00e9 fut m\u00eame \u00e9tendue \u00e0 la parent\u00e9 spirituelle puisque le mariage entre parrain et marraine d&rsquo;un m\u00eame enfant fut longtemps prohib\u00e9.<br>De nos jours, cette notion de degr\u00e9 de parent\u00e9 est encore utilis\u00e9e, en particulier en droit matrimonial et successoral. Mais la fa\u00e7on de l&rsquo;exprimer est diff\u00e9rente, ce qui pourrait pr\u00eater \u00e0 confusion. La question nous \u00e9tant souvent pos\u00e9e, nous avons pens\u00e9 qu&rsquo;il \u00e9tait n\u00e9cessaire de pr\u00e9ciser le mode de ce calcul.<\/th><th class=\"has-text-align-left\" data-align=\"left\" scope=\"col\">1\u00ba- En droit canon: le degr\u00e9 de parent\u00e9 s&rsquo;exprime en une seule donn\u00e9e si les personnes interess\u00e9es appartiennent \u00e0 la m\u00eame g\u00e9n\u00e9ration, en deux s&rsquo;ils appartiennent \u00e0 des g\u00e9n\u00e9rations diff\u00e9rentes. Ces donn\u00e9es expriment le nombre de g\u00e9n\u00e9rations qui s\u00e9parent chaque personne de l&rsquo;anc\u00eatre commun.<br>2\u00ba- En droit civil: le degr\u00e9 de parent\u00e9 indique le nombre d&rsquo;intervalles qui s\u00e9parent les deux personnes en remontant de l&rsquo;un \u00e0 l&rsquo;anc\u00eatre commun puis en redescendant jusqu&rsquo;\u00e0 l&rsquo;autre.<br>Notons pour les d\u00e9butants que les dispenses obtenues de l&rsquo;autorit\u00e9 ecclesiastique sont souvent tr\u00e8s explicites en ce qui concerne l&rsquo;ascendance des futurs conjoints. Ce sont donc des documents extr\u00eamement pr\u00e9cieux, en l&rsquo;absence de registres paroissiaux surtout. <em>Michel GUIGAL<\/em><\/th><\/tr><\/tbody><\/table><\/figure>\n","protected":false},"excerpt":{"rendered":"<p>Vous avez souvent trouv\u00e9, dans des actes divers mais en particulier dans des actes de mariage, la mention de degr\u00e9 de parent\u00e9. L&rsquo;\u00e9glise a en effet veill\u00e9, au cours des si\u00e8cles, \u00e0 ce que des mariages n&rsquo;aient pas lieu entre \u00e9poux proches parents. La limite de la parent\u00e9 autoris\u00e9e entre \u00e9poux a vari\u00e9: elle \u00e9volua [&hellip;]<\/p>\n","protected":false},"author":1,"featured_media":0,"parent":0,"menu_order":0,"comment_status":"closed","ping_status":"closed","template":"","meta":{"footnotes":""},"categories":[24],"tags":[],"class_list":["post-1436","page","type-page","status-publish","hentry","category-archives"],"yoast_head":"<!-- This site is optimized with the Yoast SEO plugin v24.2 - https:\/\/yoast.com\/wordpress\/plugins\/seo\/ -->\n<title>LES DEGR\u00c9S DE PARENT\u00c9 - SagArdeche<\/title>\n<meta name=\"description\" content=\"LES DEGR\u00c9S DE PARENT\u00c9 SagArdeche Soci\u00e9t\u00e9 amateurs g\u00e9n\u00e9alogie Ard\u00e8che Registres BMS Notaires paroissiaux Origines Ard\u00e9choises expoactes saga protestants\" \/>\n<meta name=\"robots\" content=\"index, follow, max-snippet:-1, max-image-preview:large, max-video-preview:-1\" \/>\n<link rel=\"canonical\" href=\"https:\/\/sagardeche.fr\/wordpress\/index.php\/les-degres-de-parente\/\" \/>\n<meta property=\"og:locale\" content=\"fr_FR\" \/>\n<meta property=\"og:type\" content=\"article\" \/>\n<meta property=\"og:title\" content=\"LES DEGR\u00c9S DE PARENT\u00c9 - SagArdeche\" \/>\n<meta property=\"og:description\" content=\"LES DEGR\u00c9S DE PARENT\u00c9 SagArdeche Soci\u00e9t\u00e9 amateurs g\u00e9n\u00e9alogie Ard\u00e8che Registres BMS Notaires paroissiaux Origines Ard\u00e9choises expoactes saga protestants\" \/>\n<meta property=\"og:url\" content=\"https:\/\/sagardeche.fr\/wordpress\/index.php\/les-degres-de-parente\/\" \/>\n<meta property=\"og:site_name\" content=\"SagArdeche\" \/>\n<meta property=\"article:publisher\" content=\"https:\/\/www.facebook.com\/geneardeche\" \/>\n<meta property=\"article:modified_time\" content=\"2022-09-25T05:31:44+00:00\" \/>\n<meta name=\"twitter:card\" content=\"summary_large_image\" \/>\n<meta name=\"twitter:label1\" content=\"Dur\u00e9e de lecture estim\u00e9e\" \/>\n\t<meta name=\"twitter:data1\" content=\"1 minute\" \/>\n<script type=\"application\/ld+json\" class=\"yoast-schema-graph\">{\"@context\":\"https:\/\/schema.org\",\"@graph\":[{\"@type\":\"WebPage\",\"@id\":\"https:\/\/sagardeche.fr\/wordpress\/index.php\/les-degres-de-parente\/\",\"url\":\"https:\/\/sagardeche.fr\/wordpress\/index.php\/les-degres-de-parente\/\",\"name\":\"LES DEGR\u00c9S DE PARENT\u00c9 - SagArdeche\",\"isPartOf\":{\"@id\":\"https:\/\/sagardeche.fr\/wordpress\/#website\"},\"datePublished\":\"2022-09-25T05:23:52+00:00\",\"dateModified\":\"2022-09-25T05:31:44+00:00\",\"description\":\"LES DEGR\u00c9S DE PARENT\u00c9 SagArdeche Soci\u00e9t\u00e9 amateurs g\u00e9n\u00e9alogie Ard\u00e8che Registres BMS Notaires paroissiaux Origines Ard\u00e9choises expoactes saga protestants\",\"breadcrumb\":{\"@id\":\"https:\/\/sagardeche.fr\/wordpress\/index.php\/les-degres-de-parente\/#breadcrumb\"},\"inLanguage\":\"fr-FR\",\"potentialAction\":[{\"@type\":\"ReadAction\",\"target\":[\"https:\/\/sagardeche.fr\/wordpress\/index.php\/les-degres-de-parente\/\"]}]},{\"@type\":\"BreadcrumbList\",\"@id\":\"https:\/\/sagardeche.fr\/wordpress\/index.php\/les-degres-de-parente\/#breadcrumb\",\"itemListElement\":[{\"@type\":\"ListItem\",\"position\":1,\"name\":\"Accueil\",\"item\":\"https:\/\/sagardeche.fr\/wordpress\/\"},{\"@type\":\"ListItem\",\"position\":2,\"name\":\"LES DEGR\u00c9S DE PARENT\u00c9\"}]},{\"@type\":\"WebSite\",\"@id\":\"https:\/\/sagardeche.fr\/wordpress\/#website\",\"url\":\"https:\/\/sagardeche.fr\/wordpress\/\",\"name\":\"SagArdeche\",\"description\":\"Soci\u00e9t\u00e9 des Amateurs de G\u00e9n\u00e9alogie de l&#039;Ard\u00e8che\",\"publisher\":{\"@id\":\"https:\/\/sagardeche.fr\/wordpress\/#organization\"},\"alternateName\":\"saga\",\"potentialAction\":[{\"@type\":\"SearchAction\",\"target\":{\"@type\":\"EntryPoint\",\"urlTemplate\":\"https:\/\/sagardeche.fr\/wordpress\/?s={search_term_string}\"},\"query-input\":{\"@type\":\"PropertyValueSpecification\",\"valueRequired\":true,\"valueName\":\"search_term_string\"}}],\"inLanguage\":\"fr-FR\"},{\"@type\":\"Organization\",\"@id\":\"https:\/\/sagardeche.fr\/wordpress\/#organization\",\"name\":\"Soci\u00e9t\u00e9 des Amateurs de G\u00e9n\u00e9alogie de l'Ard\u00e8che\",\"alternateName\":\"SAGA\",\"url\":\"https:\/\/sagardeche.fr\/wordpress\/\",\"logo\":{\"@type\":\"ImageObject\",\"inLanguage\":\"fr-FR\",\"@id\":\"https:\/\/sagardeche.fr\/wordpress\/#\/schema\/logo\/image\/\",\"url\":\"https:\/\/sagardeche.fr\/wordpress\/wp-content\/uploads\/2022\/06\/cropped-LogoSAGA3-1.jpg\",\"contentUrl\":\"https:\/\/sagardeche.fr\/wordpress\/wp-content\/uploads\/2022\/06\/cropped-LogoSAGA3-1.jpg\",\"width\":50,\"height\":80,\"caption\":\"Soci\u00e9t\u00e9 des Amateurs de G\u00e9n\u00e9alogie de l'Ard\u00e8che\"},\"image\":{\"@id\":\"https:\/\/sagardeche.fr\/wordpress\/#\/schema\/logo\/image\/\"},\"sameAs\":[\"https:\/\/www.facebook.com\/geneardeche\"]}]}<\/script>\n<!-- \/ Yoast SEO plugin. -->","yoast_head_json":{"title":"LES DEGR\u00c9S DE PARENT\u00c9 - SagArdeche","description":"LES DEGR\u00c9S DE PARENT\u00c9 SagArdeche Soci\u00e9t\u00e9 amateurs g\u00e9n\u00e9alogie Ard\u00e8che Registres BMS Notaires paroissiaux Origines Ard\u00e9choises expoactes saga protestants","robots":{"index":"index","follow":"follow","max-snippet":"max-snippet:-1","max-image-preview":"max-image-preview:large","max-video-preview":"max-video-preview:-1"},"canonical":"https:\/\/sagardeche.fr\/wordpress\/index.php\/les-degres-de-parente\/","og_locale":"fr_FR","og_type":"article","og_title":"LES DEGR\u00c9S DE PARENT\u00c9 - SagArdeche","og_description":"LES DEGR\u00c9S DE PARENT\u00c9 SagArdeche Soci\u00e9t\u00e9 amateurs g\u00e9n\u00e9alogie Ard\u00e8che Registres BMS Notaires paroissiaux Origines Ard\u00e9choises expoactes saga protestants","og_url":"https:\/\/sagardeche.fr\/wordpress\/index.php\/les-degres-de-parente\/","og_site_name":"SagArdeche","article_publisher":"https:\/\/www.facebook.com\/geneardeche","article_modified_time":"2022-09-25T05:31:44+00:00","twitter_card":"summary_large_image","twitter_misc":{"Dur\u00e9e de lecture estim\u00e9e":"1 minute"},"schema":{"@context":"https:\/\/schema.org","@graph":[{"@type":"WebPage","@id":"https:\/\/sagardeche.fr\/wordpress\/index.php\/les-degres-de-parente\/","url":"https:\/\/sagardeche.fr\/wordpress\/index.php\/les-degres-de-parente\/","name":"LES DEGR\u00c9S DE PARENT\u00c9 - SagArdeche","isPartOf":{"@id":"https:\/\/sagardeche.fr\/wordpress\/#website"},"datePublished":"2022-09-25T05:23:52+00:00","dateModified":"2022-09-25T05:31:44+00:00","description":"LES DEGR\u00c9S DE PARENT\u00c9 SagArdeche Soci\u00e9t\u00e9 amateurs g\u00e9n\u00e9alogie Ard\u00e8che Registres BMS Notaires paroissiaux Origines Ard\u00e9choises expoactes saga protestants","breadcrumb":{"@id":"https:\/\/sagardeche.fr\/wordpress\/index.php\/les-degres-de-parente\/#breadcrumb"},"inLanguage":"fr-FR","potentialAction":[{"@type":"ReadAction","target":["https:\/\/sagardeche.fr\/wordpress\/index.php\/les-degres-de-parente\/"]}]},{"@type":"BreadcrumbList","@id":"https:\/\/sagardeche.fr\/wordpress\/index.php\/les-degres-de-parente\/#breadcrumb","itemListElement":[{"@type":"ListItem","position":1,"name":"Accueil","item":"https:\/\/sagardeche.fr\/wordpress\/"},{"@type":"ListItem","position":2,"name":"LES DEGR\u00c9S DE PARENT\u00c9"}]},{"@type":"WebSite","@id":"https:\/\/sagardeche.fr\/wordpress\/#website","url":"https:\/\/sagardeche.fr\/wordpress\/","name":"SagArdeche","description":"Soci\u00e9t\u00e9 des Amateurs de G\u00e9n\u00e9alogie de l&#039;Ard\u00e8che","publisher":{"@id":"https:\/\/sagardeche.fr\/wordpress\/#organization"},"alternateName":"saga","potentialAction":[{"@type":"SearchAction","target":{"@type":"EntryPoint","urlTemplate":"https:\/\/sagardeche.fr\/wordpress\/?s={search_term_string}"},"query-input":{"@type":"PropertyValueSpecification","valueRequired":true,"valueName":"search_term_string"}}],"inLanguage":"fr-FR"},{"@type":"Organization","@id":"https:\/\/sagardeche.fr\/wordpress\/#organization","name":"Soci\u00e9t\u00e9 des Amateurs de G\u00e9n\u00e9alogie de l'Ard\u00e8che","alternateName":"SAGA","url":"https:\/\/sagardeche.fr\/wordpress\/","logo":{"@type":"ImageObject","inLanguage":"fr-FR","@id":"https:\/\/sagardeche.fr\/wordpress\/#\/schema\/logo\/image\/","url":"https:\/\/sagardeche.fr\/wordpress\/wp-content\/uploads\/2022\/06\/cropped-LogoSAGA3-1.jpg","contentUrl":"https:\/\/sagardeche.fr\/wordpress\/wp-content\/uploads\/2022\/06\/cropped-LogoSAGA3-1.jpg","width":50,"height":80,"caption":"Soci\u00e9t\u00e9 des Amateurs de G\u00e9n\u00e9alogie de l'Ard\u00e8che"},"image":{"@id":"https:\/\/sagardeche.fr\/wordpress\/#\/schema\/logo\/image\/"},"sameAs":["https:\/\/www.facebook.com\/geneardeche"]}]}},"_links":{"self":[{"href":"https:\/\/sagardeche.fr\/wordpress\/index.php\/wp-json\/wp\/v2\/pages\/1436","targetHints":{"allow":["GET"]}}],"collection":[{"href":"https:\/\/sagardeche.fr\/wordpress\/index.php\/wp-json\/wp\/v2\/pages"}],"about":[{"href":"https:\/\/sagardeche.fr\/wordpress\/index.php\/wp-json\/wp\/v2\/types\/page"}],"author":[{"embeddable":true,"href":"https:\/\/sagardeche.fr\/wordpress\/index.php\/wp-json\/wp\/v2\/users\/1"}],"replies":[{"embeddable":true,"href":"https:\/\/sagardeche.fr\/wordpress\/index.php\/wp-json\/wp\/v2\/comments?post=1436"}],"version-history":[{"count":1,"href":"https:\/\/sagardeche.fr\/wordpress\/index.php\/wp-json\/wp\/v2\/pages\/1436\/revisions"}],"predecessor-version":[{"id":1437,"href":"https:\/\/sagardeche.fr\/wordpress\/index.php\/wp-json\/wp\/v2\/pages\/1436\/revisions\/1437"}],"wp:attachment":[{"href":"https:\/\/sagardeche.fr\/wordpress\/index.php\/wp-json\/wp\/v2\/media?parent=1436"}],"wp:term":[{"taxonomy":"category","embeddable":true,"href":"https:\/\/sagardeche.fr\/wordpress\/index.php\/wp-json\/wp\/v2\/categories?post=1436"},{"taxonomy":"post_tag","embeddable":true,"href":"https:\/\/sagardeche.fr\/wordpress\/index.php\/wp-json\/wp\/v2\/tags?post=1436"}],"curies":[{"name":"wp","href":"https:\/\/api.w.org\/{rel}","templated":true}]}}