{"id":1434,"date":"2022-09-25T07:21:43","date_gmt":"2022-09-25T05:21:43","guid":{"rendered":"https:\/\/sagardeche.fr\/wordpress\/?page_id=1434"},"modified":"2022-09-25T07:31:31","modified_gmt":"2022-09-25T05:31:31","slug":"les-patronymes-issus-des-noms-darbres","status":"publish","type":"page","link":"https:\/\/sagardeche.fr\/wordpress\/index.php\/les-patronymes-issus-des-noms-darbres\/","title":{"rendered":"LES PATRONYMES ISSUS DES NOMS D&rsquo;ARBRES"},"content":{"rendered":"\n<figure class=\"wp-block-table\"><table class=\"has-fixed-layout\"><tbody><tr><th scope=\"col\">Un grand nombre de patronymes ont pour origine le nom d\u00b4un arbre. On peut se demander pourquoi et la r\u00e9ponse n\u00b4est pas \u00e9vidente. Il faut imaginer deux possibilit\u00e9s&nbsp;: le patronyme peut avoir \u00e9t\u00e9 cr\u00e9\u00e9 \u00e0 partir d\u00b4un sobriquet, chaque esp\u00e8ce d\u00b4arbre est consid\u00e9r\u00e9e comme poss\u00e9dant une qualit\u00e9 ou un aspect caract\u00e9ristique. On dit volontiers \u00ab&nbsp;solide comme un ch\u00eane, souple comme un saule&nbsp;\u00bbetc\u2026. On peut penser qu\u00b4un homme solide aurait \u00e9t\u00e9 appel\u00e9 \u00ab&nbsp;Ch\u00eane&nbsp;\u00bb, un homme souple \u00ab&nbsp;Saule&nbsp;\u00bb. Mais plus raisonnablement, l\u00b4origine doit \u00eatre dans la pr\u00e9sence d\u00b4un arbre remarquable aupr\u00e8s de l\u00b4habitat de la personne d\u00e9sign\u00e9e&nbsp;: celui qui vivait pr\u00e8s d\u00b4une ch\u00e2taigneraie aurait \u00e9t\u00e9 appel\u00e9 \u00ab&nbsp;Chataigner&nbsp;\u00bb, celui dont la maison s\u00b4\u00e9levait au c\u0153ur d\u00b4une oliveraie aurait \u00e9t\u00e9 appel\u00e9 \u00ab&nbsp;Olivier&nbsp;\u00bb, etc&#8230; Il est vraisemblable que l\u00b4une et l\u00b4autre de ces possibilit\u00e9s aient pu intervenir \u00e0 un moment ou \u00e0 un autre sans qu\u00b4il soit possible de trancher \u00e0 ce sujet.<br>Sans pr\u00e9tendre \u00e0 l\u00b4exhaustivit\u00e9, citons quelques exemples ard\u00e9chois de ces curieux patronymes issus de noms d\u00b4arbres&nbsp;:<br>Certains sont imm\u00e9diatement reconnaissables puisqu\u00b4ils affectent la forme actuelle du nom de l\u00b4arbre, sans la moindre alt\u00e9ration. C\u00b4est le cas, en particulier, pour les trois patronymes suivants&nbsp;: Noyer, Ch\u00e2taigner, Ch\u00eane. Mais il est plus difficile de reconna\u00eetre ces trois noms quand ils affectent les formes suivantes&nbsp;: pour le noyer&nbsp;: Nogier, Nougier, Noyaret, Nougaret, etc\u2026 pour le ch\u00e2taigner&nbsp;: Chastanier, Castagn\u00e8de, pour le ch\u00eane enfin&nbsp;: Duquenoy, Roure ou Duroure, Rouvi\u00e8re (roure ou rouvre, du latin \u00ab&nbsp;robur&nbsp;\u00bb \u00e9tant l\u00b4une des appellations occitanes du ch\u00eane). Il est plus difficile encore de les identifier quand ces patronymes rappellent des formes plus anciennes encore et oubli\u00e9es des noms de ces arbres. Deux mots d\u00b4origine gauloise et d\u00e9signant aussi le ch\u00eane sont \u00e0 l\u00b4origine de plusieurs patronymes&nbsp;: ce sont les mots \u00ab&nbsp;cassanos&nbsp;\u00bb qui ont fait les patronymes Cassanier (\u00e0 ne pas confondre avec Castanier) Cassagn\u00e8res, Cassagnes, etc&#8230; et \u00ab&nbsp;blacca&nbsp;\u00bb qui est \u00e0 l\u00b4origine de Blache, Blachier, Blach\u00e8re, Blacherousse, etc&#8230;<br>Le saule a donn\u00e9 lui aussi de nombreux exemples&nbsp;: l\u00b4un des patronymes les plus r\u00e9pandus en Haut Vivarais en est peut \u00eatre issu. Il s\u00b4agit du patronyme Seux, si fr\u00e9quent dans certains villages que des sobriquets sont donn\u00e9s \u00e0 chaque famille pour les reconna\u00eetre. Pr\u00e9cisons cependant que certains onomasticiens ont mis en doute cette origine en s\u00b4appuyant sur les formes anciennes du patronyme. On trouve souvent la forme Seuc qui plaiderait en faveur d\u00b4un rapprochement avec le mot occitan \u00ab&nbsp;suc&nbsp;\u00bb qui d\u00e9signe un sommet, une colline. Par contre, le nom du saule, le salicius latin, a donn\u00e9 plus certainement les patronymes Sauze, Sauzeat, Sauzon, Salique, etc&#8230;<br>C\u00b4est au h\u00eatre que se rapporte les patronymes Fayolle, Fayard, Fay qui sont des am\u00e9nagements du \u00ab&nbsp;fagus&nbsp;\u00bb latin. Sahuc est peut \u00eatre un souvenir du \u00ab&nbsp;sabucus&nbsp;\u00bb latin&nbsp;: le sureau dont la pr\u00e9sence signe toujours dans la campagne le site d\u00b4un habitat humain, parfois oubli\u00e9. Compagnon indispensable de l\u00b4homme des champs dont il \u00e9tait la panac\u00e9e, le sureau perdure sur les sites o\u00f9 il a \u00e9t\u00e9 entretenu alors parfois que les maisons elles m\u00eames y ont depuis longtemps disparu.<\/th><th scope=\"col\">L\u00b4aulne est aussi \u00e0 l\u00b4origine de la naissance de certains patronymes et cela surtout \u00e0 partir de son appellation ancienne&nbsp;: le verne. On peut citer parmi ceux les plus courants en Ard\u00e8che&nbsp;: Vernet, Vergne, Vernier, etc\u2026<br>Probablement sobriquet attribu\u00e9 \u00e0 une personne grande, mince et tr\u00e8s droite, Pebelier est devenu patronyme. Il se rapporte au peuplier, arbre \u00e9lanc\u00e9 par excellence. Au contraire, celui qui fut affubl\u00e9 du sobriquet Pereyron avait sans doute une toute autre carrure. Petit et trapu, on le compara peut \u00eatre \u00e0 un petit poirier (pereyre). Une vari\u00e9t\u00e9 particuli\u00e8re du peuplier, le tremble ( du latin \u00ab&nbsp;tremulus&nbsp;\u00bb) a donn\u00e9 le patronyme Tr\u00e9molet, fr\u00e9quent en vall\u00e9e de l\u00b4Eyrieux.<br>Le fr\u00eane (fraxinus) a donn\u00e9 Dufresne, peu fr\u00e9quent en Ard\u00e8che, mais surtout les Fraisse de la r\u00e9gion de St F\u00e9licien, les Fraysse du secteur de Vals, les Fressenet des alentours de Tournon, les Freysson et les Frasse d\u00b4Aubenas, etc\u2026<br>L\u00b4arbousier des garrigues du sud de l\u00b4Ard\u00e8che a peut \u00eatre donn\u00e9 Darbousset par adjonction du \u00ab&nbsp;etum&nbsp;\u00bb qui marque la collectivit\u00e9 (lieu plant\u00e9 d\u00b4arbous) Mais peut \u00eatre la taupe (darbou en patois r\u00e9gional) est elle \u00e0 l\u00b4origine du sobriquet&nbsp;?<br>Le pin a donn\u00e9 Pigne, Pign\u00e8de, Pin\u00e8de dans le sud, Pinet plus au nord.<br>Quelques arbres fruitiers maintenant&nbsp;: les Griottier de la r\u00e9gion de Satillieu, les Pommier de Bourg St And\u00e9ol et d\u00b4Annonay, les Pommaret de la moyenne vall\u00e9e du Rh\u00f4ne,<br>Un certain nombre d\u00b4arbustes ou de plantes arbustives a aussi donn\u00e9 des patronymes bien connus en Ard\u00e8che&nbsp;: Roumezy, Romesin, Roumeas sont peut \u00eatre \u00e9galement issus de sobriquets. Mais ceux-ci ne se rapportaient plus \u00e0 une particularit\u00e9 physique, mais \u00e0 un trait de caract\u00e8re. Ils font allusion \u00e0 la ronce dont les porteurs avaient sans doute le piquant. Les Mourier, Morier, Moureyre ont la m\u00eame origine, \u00e0 partir du latin \u00ab&nbsp;morum&nbsp;\u00bb, ronce. Les Chalayer, les Chalaye et les Chall\u00e9at, les Feugier, les Fougier, les Fougeirol et les Fougeron ont-ils eu des maisons construites dans un lieu envahi par les foug\u00e8res&nbsp;, et par les gen\u00eats pour les Genest, Geneston, Genestier, Gineste ?<br>C\u00b4est enfin \u00e0 une particularit\u00e9 de l\u00b4habitat, plant\u00e9 d\u00b4un ou plusieurs arbres caract\u00e9ristiques et non plus cette fois \u00e0 un sobriquet que l\u00b4on doit les patronymes \u00e0 nom d\u00b4arbre pr\u00e9c\u00e9d\u00e9 du pr\u00e9fixe \u00ab&nbsp;de&nbsp;\u00bb. C\u00b4est le cas des Duquenoy, d\u00e9j\u00e0 cit\u00e9, des Dubesset (bouleau), des Decormes (sorbier) des Deleuze (ch\u00eane-vert) des Delorme, Delhomme et Delhoume (orme), des Delestit (tilleul), des Dufaud (h\u00eatre), des Dupin, des Duroure (d\u00e9j\u00e0 cit\u00e9s) Les Delarbre appartiennent \u00e0 cette cat\u00e9gorie de m\u00eame que les Dubois, La Selve, Servier, Servy (for\u00eat). <em>Michel GUIGAL<\/em> &nbsp;&nbsp;&nbsp;&nbsp;&nbsp;&nbsp;&nbsp;&nbsp;&nbsp;&nbsp;&nbsp;&nbsp;&nbsp;&nbsp;&nbsp;&nbsp;&nbsp;&nbsp;&nbsp;&nbsp;&nbsp;&nbsp;&nbsp;&nbsp;<\/th><\/tr><\/tbody><\/table><\/figure>\n","protected":false},"excerpt":{"rendered":"<p>Un grand nombre de patronymes ont pour origine le nom d\u00b4un arbre. On peut se demander pourquoi et la r\u00e9ponse n\u00b4est pas \u00e9vidente. Il faut imaginer deux possibilit\u00e9s&nbsp;: le patronyme peut avoir \u00e9t\u00e9 cr\u00e9\u00e9 \u00e0 partir d\u00b4un sobriquet, chaque esp\u00e8ce d\u00b4arbre est consid\u00e9r\u00e9e comme poss\u00e9dant une qualit\u00e9 ou un aspect caract\u00e9ristique. On dit volontiers \u00ab&nbsp;solide [&hellip;]<\/p>\n","protected":false},"author":1,"featured_media":0,"parent":0,"menu_order":0,"comment_status":"closed","ping_status":"closed","template":"","meta":{"footnotes":""},"categories":[24],"tags":[],"class_list":["post-1434","page","type-page","status-publish","hentry","category-archives"],"yoast_head":"<!-- This site is optimized with the Yoast SEO plugin v24.2 - https:\/\/yoast.com\/wordpress\/plugins\/seo\/ -->\n<title>LES PATRONYMES ISSUS DES NOMS D&#039;ARBRES - SagArdeche<\/title>\n<meta name=\"description\" content=\"LES PATRONYMES ISSUS DES NOMS D&#039;ARBRES SagArdeche Soci\u00e9t\u00e9 amateurs g\u00e9n\u00e9alogie Ard\u00e8che Registres BMS Notaires paroissiaux Origines Ard\u00e9choises expoactes saga protestants\" \/>\n<meta name=\"robots\" content=\"index, follow, max-snippet:-1, max-image-preview:large, max-video-preview:-1\" \/>\n<link rel=\"canonical\" href=\"https:\/\/sagardeche.fr\/wordpress\/index.php\/les-patronymes-issus-des-noms-darbres\/\" \/>\n<meta property=\"og:locale\" content=\"fr_FR\" \/>\n<meta property=\"og:type\" content=\"article\" \/>\n<meta property=\"og:title\" content=\"LES PATRONYMES ISSUS DES NOMS D&#039;ARBRES - SagArdeche\" \/>\n<meta property=\"og:description\" content=\"LES PATRONYMES ISSUS DES NOMS D&#039;ARBRES SagArdeche Soci\u00e9t\u00e9 amateurs g\u00e9n\u00e9alogie Ard\u00e8che Registres BMS Notaires paroissiaux Origines Ard\u00e9choises expoactes saga protestants\" \/>\n<meta property=\"og:url\" content=\"https:\/\/sagardeche.fr\/wordpress\/index.php\/les-patronymes-issus-des-noms-darbres\/\" \/>\n<meta property=\"og:site_name\" content=\"SagArdeche\" \/>\n<meta property=\"article:publisher\" content=\"https:\/\/www.facebook.com\/geneardeche\" \/>\n<meta property=\"article:modified_time\" content=\"2022-09-25T05:31:31+00:00\" \/>\n<meta name=\"twitter:card\" content=\"summary_large_image\" \/>\n<meta name=\"twitter:label1\" content=\"Dur\u00e9e de lecture estim\u00e9e\" \/>\n\t<meta name=\"twitter:data1\" content=\"6 minutes\" \/>\n<script type=\"application\/ld+json\" class=\"yoast-schema-graph\">{\"@context\":\"https:\/\/schema.org\",\"@graph\":[{\"@type\":\"WebPage\",\"@id\":\"https:\/\/sagardeche.fr\/wordpress\/index.php\/les-patronymes-issus-des-noms-darbres\/\",\"url\":\"https:\/\/sagardeche.fr\/wordpress\/index.php\/les-patronymes-issus-des-noms-darbres\/\",\"name\":\"LES PATRONYMES ISSUS DES NOMS D'ARBRES - SagArdeche\",\"isPartOf\":{\"@id\":\"https:\/\/sagardeche.fr\/wordpress\/#website\"},\"datePublished\":\"2022-09-25T05:21:43+00:00\",\"dateModified\":\"2022-09-25T05:31:31+00:00\",\"description\":\"LES PATRONYMES ISSUS DES NOMS D'ARBRES SagArdeche Soci\u00e9t\u00e9 amateurs g\u00e9n\u00e9alogie Ard\u00e8che Registres BMS Notaires paroissiaux Origines Ard\u00e9choises expoactes saga protestants\",\"breadcrumb\":{\"@id\":\"https:\/\/sagardeche.fr\/wordpress\/index.php\/les-patronymes-issus-des-noms-darbres\/#breadcrumb\"},\"inLanguage\":\"fr-FR\",\"potentialAction\":[{\"@type\":\"ReadAction\",\"target\":[\"https:\/\/sagardeche.fr\/wordpress\/index.php\/les-patronymes-issus-des-noms-darbres\/\"]}]},{\"@type\":\"BreadcrumbList\",\"@id\":\"https:\/\/sagardeche.fr\/wordpress\/index.php\/les-patronymes-issus-des-noms-darbres\/#breadcrumb\",\"itemListElement\":[{\"@type\":\"ListItem\",\"position\":1,\"name\":\"Accueil\",\"item\":\"https:\/\/sagardeche.fr\/wordpress\/\"},{\"@type\":\"ListItem\",\"position\":2,\"name\":\"LES PATRONYMES ISSUS DES NOMS D&rsquo;ARBRES\"}]},{\"@type\":\"WebSite\",\"@id\":\"https:\/\/sagardeche.fr\/wordpress\/#website\",\"url\":\"https:\/\/sagardeche.fr\/wordpress\/\",\"name\":\"SagArdeche\",\"description\":\"Soci\u00e9t\u00e9 des Amateurs de G\u00e9n\u00e9alogie de l&#039;Ard\u00e8che\",\"publisher\":{\"@id\":\"https:\/\/sagardeche.fr\/wordpress\/#organization\"},\"alternateName\":\"saga\",\"potentialAction\":[{\"@type\":\"SearchAction\",\"target\":{\"@type\":\"EntryPoint\",\"urlTemplate\":\"https:\/\/sagardeche.fr\/wordpress\/?s={search_term_string}\"},\"query-input\":{\"@type\":\"PropertyValueSpecification\",\"valueRequired\":true,\"valueName\":\"search_term_string\"}}],\"inLanguage\":\"fr-FR\"},{\"@type\":\"Organization\",\"@id\":\"https:\/\/sagardeche.fr\/wordpress\/#organization\",\"name\":\"Soci\u00e9t\u00e9 des Amateurs de G\u00e9n\u00e9alogie de l'Ard\u00e8che\",\"alternateName\":\"SAGA\",\"url\":\"https:\/\/sagardeche.fr\/wordpress\/\",\"logo\":{\"@type\":\"ImageObject\",\"inLanguage\":\"fr-FR\",\"@id\":\"https:\/\/sagardeche.fr\/wordpress\/#\/schema\/logo\/image\/\",\"url\":\"https:\/\/sagardeche.fr\/wordpress\/wp-content\/uploads\/2022\/06\/cropped-LogoSAGA3-1.jpg\",\"contentUrl\":\"https:\/\/sagardeche.fr\/wordpress\/wp-content\/uploads\/2022\/06\/cropped-LogoSAGA3-1.jpg\",\"width\":50,\"height\":80,\"caption\":\"Soci\u00e9t\u00e9 des Amateurs de G\u00e9n\u00e9alogie de l'Ard\u00e8che\"},\"image\":{\"@id\":\"https:\/\/sagardeche.fr\/wordpress\/#\/schema\/logo\/image\/\"},\"sameAs\":[\"https:\/\/www.facebook.com\/geneardeche\"]}]}<\/script>\n<!-- \/ Yoast SEO plugin. -->","yoast_head_json":{"title":"LES PATRONYMES ISSUS DES NOMS D'ARBRES - SagArdeche","description":"LES PATRONYMES ISSUS DES NOMS D'ARBRES SagArdeche Soci\u00e9t\u00e9 amateurs g\u00e9n\u00e9alogie Ard\u00e8che Registres BMS Notaires paroissiaux Origines Ard\u00e9choises expoactes saga protestants","robots":{"index":"index","follow":"follow","max-snippet":"max-snippet:-1","max-image-preview":"max-image-preview:large","max-video-preview":"max-video-preview:-1"},"canonical":"https:\/\/sagardeche.fr\/wordpress\/index.php\/les-patronymes-issus-des-noms-darbres\/","og_locale":"fr_FR","og_type":"article","og_title":"LES PATRONYMES ISSUS DES NOMS D'ARBRES - SagArdeche","og_description":"LES PATRONYMES ISSUS DES NOMS D'ARBRES SagArdeche Soci\u00e9t\u00e9 amateurs g\u00e9n\u00e9alogie Ard\u00e8che Registres BMS Notaires paroissiaux Origines Ard\u00e9choises expoactes saga protestants","og_url":"https:\/\/sagardeche.fr\/wordpress\/index.php\/les-patronymes-issus-des-noms-darbres\/","og_site_name":"SagArdeche","article_publisher":"https:\/\/www.facebook.com\/geneardeche","article_modified_time":"2022-09-25T05:31:31+00:00","twitter_card":"summary_large_image","twitter_misc":{"Dur\u00e9e de lecture estim\u00e9e":"6 minutes"},"schema":{"@context":"https:\/\/schema.org","@graph":[{"@type":"WebPage","@id":"https:\/\/sagardeche.fr\/wordpress\/index.php\/les-patronymes-issus-des-noms-darbres\/","url":"https:\/\/sagardeche.fr\/wordpress\/index.php\/les-patronymes-issus-des-noms-darbres\/","name":"LES PATRONYMES ISSUS DES NOMS D'ARBRES - SagArdeche","isPartOf":{"@id":"https:\/\/sagardeche.fr\/wordpress\/#website"},"datePublished":"2022-09-25T05:21:43+00:00","dateModified":"2022-09-25T05:31:31+00:00","description":"LES PATRONYMES ISSUS DES NOMS D'ARBRES SagArdeche Soci\u00e9t\u00e9 amateurs g\u00e9n\u00e9alogie Ard\u00e8che Registres BMS Notaires paroissiaux Origines Ard\u00e9choises expoactes saga protestants","breadcrumb":{"@id":"https:\/\/sagardeche.fr\/wordpress\/index.php\/les-patronymes-issus-des-noms-darbres\/#breadcrumb"},"inLanguage":"fr-FR","potentialAction":[{"@type":"ReadAction","target":["https:\/\/sagardeche.fr\/wordpress\/index.php\/les-patronymes-issus-des-noms-darbres\/"]}]},{"@type":"BreadcrumbList","@id":"https:\/\/sagardeche.fr\/wordpress\/index.php\/les-patronymes-issus-des-noms-darbres\/#breadcrumb","itemListElement":[{"@type":"ListItem","position":1,"name":"Accueil","item":"https:\/\/sagardeche.fr\/wordpress\/"},{"@type":"ListItem","position":2,"name":"LES PATRONYMES ISSUS DES NOMS D&rsquo;ARBRES"}]},{"@type":"WebSite","@id":"https:\/\/sagardeche.fr\/wordpress\/#website","url":"https:\/\/sagardeche.fr\/wordpress\/","name":"SagArdeche","description":"Soci\u00e9t\u00e9 des Amateurs de G\u00e9n\u00e9alogie de l&#039;Ard\u00e8che","publisher":{"@id":"https:\/\/sagardeche.fr\/wordpress\/#organization"},"alternateName":"saga","potentialAction":[{"@type":"SearchAction","target":{"@type":"EntryPoint","urlTemplate":"https:\/\/sagardeche.fr\/wordpress\/?s={search_term_string}"},"query-input":{"@type":"PropertyValueSpecification","valueRequired":true,"valueName":"search_term_string"}}],"inLanguage":"fr-FR"},{"@type":"Organization","@id":"https:\/\/sagardeche.fr\/wordpress\/#organization","name":"Soci\u00e9t\u00e9 des Amateurs de G\u00e9n\u00e9alogie de l'Ard\u00e8che","alternateName":"SAGA","url":"https:\/\/sagardeche.fr\/wordpress\/","logo":{"@type":"ImageObject","inLanguage":"fr-FR","@id":"https:\/\/sagardeche.fr\/wordpress\/#\/schema\/logo\/image\/","url":"https:\/\/sagardeche.fr\/wordpress\/wp-content\/uploads\/2022\/06\/cropped-LogoSAGA3-1.jpg","contentUrl":"https:\/\/sagardeche.fr\/wordpress\/wp-content\/uploads\/2022\/06\/cropped-LogoSAGA3-1.jpg","width":50,"height":80,"caption":"Soci\u00e9t\u00e9 des Amateurs de G\u00e9n\u00e9alogie de l'Ard\u00e8che"},"image":{"@id":"https:\/\/sagardeche.fr\/wordpress\/#\/schema\/logo\/image\/"},"sameAs":["https:\/\/www.facebook.com\/geneardeche"]}]}},"_links":{"self":[{"href":"https:\/\/sagardeche.fr\/wordpress\/index.php\/wp-json\/wp\/v2\/pages\/1434","targetHints":{"allow":["GET"]}}],"collection":[{"href":"https:\/\/sagardeche.fr\/wordpress\/index.php\/wp-json\/wp\/v2\/pages"}],"about":[{"href":"https:\/\/sagardeche.fr\/wordpress\/index.php\/wp-json\/wp\/v2\/types\/page"}],"author":[{"embeddable":true,"href":"https:\/\/sagardeche.fr\/wordpress\/index.php\/wp-json\/wp\/v2\/users\/1"}],"replies":[{"embeddable":true,"href":"https:\/\/sagardeche.fr\/wordpress\/index.php\/wp-json\/wp\/v2\/comments?post=1434"}],"version-history":[{"count":1,"href":"https:\/\/sagardeche.fr\/wordpress\/index.php\/wp-json\/wp\/v2\/pages\/1434\/revisions"}],"predecessor-version":[{"id":1435,"href":"https:\/\/sagardeche.fr\/wordpress\/index.php\/wp-json\/wp\/v2\/pages\/1434\/revisions\/1435"}],"wp:attachment":[{"href":"https:\/\/sagardeche.fr\/wordpress\/index.php\/wp-json\/wp\/v2\/media?parent=1434"}],"wp:term":[{"taxonomy":"category","embeddable":true,"href":"https:\/\/sagardeche.fr\/wordpress\/index.php\/wp-json\/wp\/v2\/categories?post=1434"},{"taxonomy":"post_tag","embeddable":true,"href":"https:\/\/sagardeche.fr\/wordpress\/index.php\/wp-json\/wp\/v2\/tags?post=1434"}],"curies":[{"name":"wp","href":"https:\/\/api.w.org\/{rel}","templated":true}]}}