{"id":1432,"date":"2022-09-25T07:20:50","date_gmt":"2022-09-25T05:20:50","guid":{"rendered":"https:\/\/sagardeche.fr\/wordpress\/?page_id=1432"},"modified":"2022-09-25T07:31:24","modified_gmt":"2022-09-25T05:31:24","slug":"les-patronymes-les-plus-courants-en-ardeche","status":"publish","type":"page","link":"https:\/\/sagardeche.fr\/wordpress\/index.php\/les-patronymes-les-plus-courants-en-ardeche\/","title":{"rendered":"LES PATRONYMES LES PLUS COURANTS EN ARD\u00c8CHE"},"content":{"rendered":"\n<figure class=\"wp-block-table\"><table class=\"has-fixed-layout\"><tbody><tr><th scope=\"col\">Certains noms de famille sont si r\u00e9pandus en France qu\u00b4il est impossible de d\u00e9terminer leur point d\u00b4origine. Le plus souvent d\u00b4ailleurs, les origines de ces noms semblent multiples, comme s\u00b4ils avaient \u00e9t\u00e9 attribu\u00e9s simultan\u00e9ment dans le pass\u00e9 en plusieurs points du territoire&nbsp;.<br>D\u00b4autres, au contraire, sont si rares et si \u00e9troitement cantonn\u00e9s \u00e0 une r\u00e9gion, parfois \u00e0 un village seulement, qu\u00b4on ne peut douter qu\u00b4une seule personne le porta un jour et que la seule descendance de cette personne le porte aujourd\u00b4hui.<br>Enfin, certains patronymes sont si caract\u00e9ristiques qu\u00b4on peut leur attribuer avec pr\u00e9cision une origine dans telle ou telle partie de l\u00b4Ard\u00e8che. L\u00b4exp\u00e9rience montre que pour ces noms, une \u00e9tude g\u00e9n\u00e9alogique rapide ram\u00e8ne celui qui le porte, m\u00eame s\u00b4il r\u00e9side \u00e0 l\u00b4autre extr\u00e9mit\u00e9 de la France, \u00e0 la recherche de ses anc\u00eatres les plus lointains en Ard\u00e8che.<br>Sans pr\u00e9tendre, bien s\u00fbr, \u00e0 l\u00b4exhaustivit\u00e9, voici quelques exemples de ces noms qui fleurent bon le terroir ard\u00e9chois.<br>Rendu relativement c\u00e9l\u00e8bre par une industrie florissante, le patronyme COMBALUZIER est l\u00b4un de ces noms ard\u00e9chois. Il a son origine dans le sud du d\u00e9partement et en particulier dans la commune de St Paul le Jeune.<br>A l\u00b4autre extr\u00e9mit\u00e9 du d\u00e9partement, les BECHETOILLE portent aussi un nom bien ard\u00e9chois. Gens de la terre devenus financiers de renom, leur nom est issu des pentes bois\u00e9es de la Vocance o\u00f9 beaucoup de paysans travaillaient le bois. Le bois de chauffage \u00e9tait utilis\u00e9 sous la forme de b\u00fbches que le patois occitan d\u00e9signe sous le nom d\u00b4&nbsp;\u00ab&nbsp;\u00e9telles&nbsp;\u00bb. \u00ab&nbsp;Bechar&nbsp;\u00bb signifiant frapper, le \u00ab&nbsp;b\u00e9chetelles&nbsp;\u00bb \u00e9tait celui qui coupe les b\u00fbches. Pour les m\u00eames raisons, le pic-vert \u00e9tait appel\u00e9 \u00ab&nbsp;bechebois&nbsp;\u00bb.<br>Issus de lieux-dits ard\u00e9chois, certain patronymes ne peuvent renier leurs origines. Il en est un bien particulier dont l\u00b4expansion montre peut \u00eatre le caract\u00e8re aventureux de ceux qui le portent&nbsp;: il a pour origine une petit hameau de l\u00b4actuelle commune de Vanosc qui porte aujourd\u00b4hui le nom de Vertrosc. Pourquoi ce toponyme, probablement ancien, fut-il au Moyen Age remplac\u00e9 par le nom latin \u00ab&nbsp;Inter Cingulis&nbsp;\u00bb&nbsp;? On trouve en effet Vertrosc affubl\u00e9 de ce nom dans certaine chartes.Les ENTRESSENGLE ou DENTRESSENGLE en seraient issus.<br>Les SENOUILLET sont aussi ard\u00e9chois de souche&nbsp;: leur origine est la commune de Darbres o\u00f9 un lieu-dit porte ce nom. De m\u00eame les chalabreysse retrouveront leur origne \u00e0 Genestelle, les SEIGNOVERT \u00e0 St Jeure d\u00b4Ay et les BALANDRAU \u00e0 St Symphorien de Mahun.<br>Les DATHUEY ont quitt\u00e9 un jour le village de Thueyts, les DANNONAY la capitale du Haut Vivarais, Les VICTOURON leur vieux St Victor, les CHAMPEYRACHE la vall\u00e9e de l\u00b4Ouv\u00e8ze et St Julien en Saint Alban, les BALAZUC leur vielle \u00e9glise romane de \u00ab&nbsp;Baladunum&nbsp;\u00bb, les CHAMONTIN la vall\u00e9e de l\u00b4Ard\u00e8che et Vallon Pont d\u00b4Arc, etc\u2026.<br><\/th><th scope=\"col\">Mais il faut citer parme les patronymes typiquement ard\u00e9chois des noms plus curieux encore. Connaissez-vous celui d\u00b4ARNISSOLLE&nbsp;? Il est issu d\u00b4une belle lante de la montagne que les gens des Bouti\u00e8res cueillaient autrefois \u00e0 des fins alimentaires. Le patronyme TAULEMESSE est aussi ard\u00e9chois et d\u00e9voilait le caract\u00e8re accueillant de ceux qui le portaient (\u00ab&nbsp;table mise&nbsp;\u00bb).<br>Les CHOMEL, les FANGET, les SAUZEAT, les PLAGNAT, les JURDIC sont issus du Nord Vivarais. Les VALLADIER, les MAYGRON, les PESCHAIRE, les ELDIN sont des enfants du sud de l\u00b4Ard\u00e8che. Les REYNOARD, les ESPIARD ont v\u00e9cu le long du Rh\u00f4ne moyen. On peut ainsi, au premier coup d\u00b4\u0153il, d\u00e9signer une origine assez pr\u00e9cise \u00e0 un grand nombre de patronymes ard\u00e9chois.<br>Le patronyme GUIGAL appara\u00eet \u00e0 St Jacques d\u00b4Atticieux au d\u00e9but du 14\u00ba si\u00e8cle, alors qu\u00b4on y trouve auparavant que des GUIGON. On est donc fond\u00e9 \u00e0 admettre qu\u00b4il peut en \u00eatre une d\u00e9formation accidentelle&nbsp;.<br>Le patronyme MONTCOUQUIOL occupe le centre du Vivarais et une belle l\u00e9gende s\u00b4attache \u00e0 ce curieux nom de famille. Lors du d\u00e9c\u00e8s inattendu du Dauphin Francois au Ch\u00e2teau de Tournon en 1534, son pr\u00e9cepteur italien le comte de MONTECUCULLI fut accus\u00e9 de l\u00b4avoir empoisonn\u00e9 et condamn\u00e9 \u00e0 mort. Son fils l\u00b4accompagnait, qui aurait fait souche en Ard\u00e8che. En l\u00b4absence de documents probants, quel cr\u00e9dit faut-il accorder \u00e0 cette belle histoire&nbsp;?<br>Mais ainsi que les langues, qui vivent, \u00e9voluent et meurent, les patronymes sont un mat\u00e9riau vivant. Certains disparaissent, d\u00b4autres s\u00b4expatrient ou se d\u00e9naturent. R. VALLADIER-CHANTE (1) estime que 30 % seulement des noms cit\u00e9 dans les Estimes de 1464 en Basse Ard\u00e8che perdurent aujourd\u00b4hui dans les m\u00eames lieux. En ce qui concerne le Haut Vivarais, la m\u00eame \u00e9tude serait \u00e0 faire mais des patronymes ont aussi disparu depuis les Estimes&nbsp;: citons \u00e0 titre d\u00b4exemple le nom de QUINTRAUD, tr\u00e8s commun dans la r\u00e9gion d\u00b4Annonay au 15\u00ba si\u00e8cle ainsi que deux patronyme ard\u00e9chois amusants d\u00b4autrefois&nbsp;: LANU (poilu, \u00ab&nbsp;laineux&nbsp;\u00bb) et QUATREPIES ( petite taille&nbsp;: 1, 30 m.).<br>Enfin, si l\u00b4on en croit Laurent FORDANT (2), les dix noms les plus port\u00e9s et n\u00b4existant aujourd\u00b4hui qu\u00b4en Ard\u00e8che sont&nbsp;:<br>ESTYOULLE, MONTREVEL, SASSOLAS-SERRAYET, TEILHAS, ANZORAS, LIOUTIER, PRALLY, ROCHALON, TOURVIEILHE et ISAAC-TOURRE. &nbsp;&nbsp;&nbsp;&nbsp;&nbsp;&nbsp;&nbsp;&nbsp;&nbsp;&nbsp;&nbsp;&nbsp;&nbsp;&nbsp;&nbsp;&nbsp;&nbsp;&nbsp;&nbsp;&nbsp;&nbsp;&nbsp;&nbsp;&nbsp;<strong><em>Michel GUIGAL<\/em><\/strong> <em>Robert VALLADIER-CHANTE&nbsp;: \u00ab&nbsp;Le Bas Vivarais au XV\u00ba si\u00e8cle&nbsp;\u00bb E. et R. 1998<br>Laurent FORDANT&nbsp;: \u00ab&nbsp;Atlas des noms de famille en France&nbsp;\u00bb A. et C. Swic 1999<\/em><\/th><\/tr><\/tbody><\/table><\/figure>\n","protected":false},"excerpt":{"rendered":"<p>Certains noms de famille sont si r\u00e9pandus en France qu\u00b4il est impossible de d\u00e9terminer leur point d\u00b4origine. Le plus souvent d\u00b4ailleurs, les origines de ces noms semblent multiples, comme s\u00b4ils avaient \u00e9t\u00e9 attribu\u00e9s simultan\u00e9ment dans le pass\u00e9 en plusieurs points du territoire&nbsp;.D\u00b4autres, au contraire, sont si rares et si \u00e9troitement cantonn\u00e9s \u00e0 une r\u00e9gion, parfois [&hellip;]<\/p>\n","protected":false},"author":1,"featured_media":0,"parent":0,"menu_order":0,"comment_status":"closed","ping_status":"closed","template":"","meta":{"footnotes":""},"categories":[24],"tags":[],"class_list":["post-1432","page","type-page","status-publish","hentry","category-archives"],"yoast_head":"<!-- This site is optimized with the Yoast SEO plugin v24.2 - https:\/\/yoast.com\/wordpress\/plugins\/seo\/ -->\n<title>LES PATRONYMES LES PLUS COURANTS EN ARD\u00c8CHE - SagArdeche<\/title>\n<meta name=\"description\" content=\"LES PATRONYMES LES PLUS COURANTS EN ARD\u00c8CHE SagArdeche Soci\u00e9t\u00e9 amateurs g\u00e9n\u00e9alogie Ard\u00e8che Registres BMS Notaires paroissiaux Origines Ard\u00e9choises expoactes saga protestants\" \/>\n<meta name=\"robots\" content=\"index, follow, max-snippet:-1, max-image-preview:large, max-video-preview:-1\" \/>\n<link rel=\"canonical\" href=\"https:\/\/sagardeche.fr\/wordpress\/index.php\/les-patronymes-les-plus-courants-en-ardeche\/\" \/>\n<meta property=\"og:locale\" content=\"fr_FR\" \/>\n<meta property=\"og:type\" content=\"article\" \/>\n<meta property=\"og:title\" content=\"LES PATRONYMES LES PLUS COURANTS EN ARD\u00c8CHE - SagArdeche\" \/>\n<meta property=\"og:description\" content=\"LES PATRONYMES LES PLUS COURANTS EN ARD\u00c8CHE SagArdeche Soci\u00e9t\u00e9 amateurs g\u00e9n\u00e9alogie Ard\u00e8che Registres BMS Notaires paroissiaux Origines Ard\u00e9choises expoactes saga protestants\" \/>\n<meta property=\"og:url\" content=\"https:\/\/sagardeche.fr\/wordpress\/index.php\/les-patronymes-les-plus-courants-en-ardeche\/\" \/>\n<meta property=\"og:site_name\" content=\"SagArdeche\" \/>\n<meta property=\"article:publisher\" content=\"https:\/\/www.facebook.com\/geneardeche\" \/>\n<meta property=\"article:modified_time\" content=\"2022-09-25T05:31:24+00:00\" \/>\n<meta name=\"twitter:card\" content=\"summary_large_image\" \/>\n<meta name=\"twitter:label1\" content=\"Dur\u00e9e de lecture estim\u00e9e\" \/>\n\t<meta name=\"twitter:data1\" content=\"5 minutes\" \/>\n<script type=\"application\/ld+json\" class=\"yoast-schema-graph\">{\"@context\":\"https:\/\/schema.org\",\"@graph\":[{\"@type\":\"WebPage\",\"@id\":\"https:\/\/sagardeche.fr\/wordpress\/index.php\/les-patronymes-les-plus-courants-en-ardeche\/\",\"url\":\"https:\/\/sagardeche.fr\/wordpress\/index.php\/les-patronymes-les-plus-courants-en-ardeche\/\",\"name\":\"LES PATRONYMES LES PLUS COURANTS EN ARD\u00c8CHE - SagArdeche\",\"isPartOf\":{\"@id\":\"https:\/\/sagardeche.fr\/wordpress\/#website\"},\"datePublished\":\"2022-09-25T05:20:50+00:00\",\"dateModified\":\"2022-09-25T05:31:24+00:00\",\"description\":\"LES PATRONYMES LES PLUS COURANTS EN ARD\u00c8CHE SagArdeche Soci\u00e9t\u00e9 amateurs g\u00e9n\u00e9alogie Ard\u00e8che Registres BMS Notaires paroissiaux Origines Ard\u00e9choises expoactes saga protestants\",\"breadcrumb\":{\"@id\":\"https:\/\/sagardeche.fr\/wordpress\/index.php\/les-patronymes-les-plus-courants-en-ardeche\/#breadcrumb\"},\"inLanguage\":\"fr-FR\",\"potentialAction\":[{\"@type\":\"ReadAction\",\"target\":[\"https:\/\/sagardeche.fr\/wordpress\/index.php\/les-patronymes-les-plus-courants-en-ardeche\/\"]}]},{\"@type\":\"BreadcrumbList\",\"@id\":\"https:\/\/sagardeche.fr\/wordpress\/index.php\/les-patronymes-les-plus-courants-en-ardeche\/#breadcrumb\",\"itemListElement\":[{\"@type\":\"ListItem\",\"position\":1,\"name\":\"Accueil\",\"item\":\"https:\/\/sagardeche.fr\/wordpress\/\"},{\"@type\":\"ListItem\",\"position\":2,\"name\":\"LES PATRONYMES LES PLUS COURANTS EN ARD\u00c8CHE\"}]},{\"@type\":\"WebSite\",\"@id\":\"https:\/\/sagardeche.fr\/wordpress\/#website\",\"url\":\"https:\/\/sagardeche.fr\/wordpress\/\",\"name\":\"SagArdeche\",\"description\":\"Soci\u00e9t\u00e9 des Amateurs de G\u00e9n\u00e9alogie de l&#039;Ard\u00e8che\",\"publisher\":{\"@id\":\"https:\/\/sagardeche.fr\/wordpress\/#organization\"},\"alternateName\":\"saga\",\"potentialAction\":[{\"@type\":\"SearchAction\",\"target\":{\"@type\":\"EntryPoint\",\"urlTemplate\":\"https:\/\/sagardeche.fr\/wordpress\/?s={search_term_string}\"},\"query-input\":{\"@type\":\"PropertyValueSpecification\",\"valueRequired\":true,\"valueName\":\"search_term_string\"}}],\"inLanguage\":\"fr-FR\"},{\"@type\":\"Organization\",\"@id\":\"https:\/\/sagardeche.fr\/wordpress\/#organization\",\"name\":\"Soci\u00e9t\u00e9 des Amateurs de G\u00e9n\u00e9alogie de l'Ard\u00e8che\",\"alternateName\":\"SAGA\",\"url\":\"https:\/\/sagardeche.fr\/wordpress\/\",\"logo\":{\"@type\":\"ImageObject\",\"inLanguage\":\"fr-FR\",\"@id\":\"https:\/\/sagardeche.fr\/wordpress\/#\/schema\/logo\/image\/\",\"url\":\"https:\/\/sagardeche.fr\/wordpress\/wp-content\/uploads\/2022\/06\/cropped-LogoSAGA3-1.jpg\",\"contentUrl\":\"https:\/\/sagardeche.fr\/wordpress\/wp-content\/uploads\/2022\/06\/cropped-LogoSAGA3-1.jpg\",\"width\":50,\"height\":80,\"caption\":\"Soci\u00e9t\u00e9 des Amateurs de G\u00e9n\u00e9alogie de l'Ard\u00e8che\"},\"image\":{\"@id\":\"https:\/\/sagardeche.fr\/wordpress\/#\/schema\/logo\/image\/\"},\"sameAs\":[\"https:\/\/www.facebook.com\/geneardeche\"]}]}<\/script>\n<!-- \/ Yoast SEO plugin. -->","yoast_head_json":{"title":"LES PATRONYMES LES PLUS COURANTS EN ARD\u00c8CHE - SagArdeche","description":"LES PATRONYMES LES PLUS COURANTS EN ARD\u00c8CHE SagArdeche Soci\u00e9t\u00e9 amateurs g\u00e9n\u00e9alogie Ard\u00e8che Registres BMS Notaires paroissiaux Origines Ard\u00e9choises expoactes saga protestants","robots":{"index":"index","follow":"follow","max-snippet":"max-snippet:-1","max-image-preview":"max-image-preview:large","max-video-preview":"max-video-preview:-1"},"canonical":"https:\/\/sagardeche.fr\/wordpress\/index.php\/les-patronymes-les-plus-courants-en-ardeche\/","og_locale":"fr_FR","og_type":"article","og_title":"LES PATRONYMES LES PLUS COURANTS EN ARD\u00c8CHE - SagArdeche","og_description":"LES PATRONYMES LES PLUS COURANTS EN ARD\u00c8CHE SagArdeche Soci\u00e9t\u00e9 amateurs g\u00e9n\u00e9alogie Ard\u00e8che Registres BMS Notaires paroissiaux Origines Ard\u00e9choises expoactes saga protestants","og_url":"https:\/\/sagardeche.fr\/wordpress\/index.php\/les-patronymes-les-plus-courants-en-ardeche\/","og_site_name":"SagArdeche","article_publisher":"https:\/\/www.facebook.com\/geneardeche","article_modified_time":"2022-09-25T05:31:24+00:00","twitter_card":"summary_large_image","twitter_misc":{"Dur\u00e9e de lecture estim\u00e9e":"5 minutes"},"schema":{"@context":"https:\/\/schema.org","@graph":[{"@type":"WebPage","@id":"https:\/\/sagardeche.fr\/wordpress\/index.php\/les-patronymes-les-plus-courants-en-ardeche\/","url":"https:\/\/sagardeche.fr\/wordpress\/index.php\/les-patronymes-les-plus-courants-en-ardeche\/","name":"LES PATRONYMES LES PLUS COURANTS EN ARD\u00c8CHE - SagArdeche","isPartOf":{"@id":"https:\/\/sagardeche.fr\/wordpress\/#website"},"datePublished":"2022-09-25T05:20:50+00:00","dateModified":"2022-09-25T05:31:24+00:00","description":"LES PATRONYMES LES PLUS COURANTS EN ARD\u00c8CHE SagArdeche Soci\u00e9t\u00e9 amateurs g\u00e9n\u00e9alogie Ard\u00e8che Registres BMS Notaires paroissiaux Origines Ard\u00e9choises expoactes saga protestants","breadcrumb":{"@id":"https:\/\/sagardeche.fr\/wordpress\/index.php\/les-patronymes-les-plus-courants-en-ardeche\/#breadcrumb"},"inLanguage":"fr-FR","potentialAction":[{"@type":"ReadAction","target":["https:\/\/sagardeche.fr\/wordpress\/index.php\/les-patronymes-les-plus-courants-en-ardeche\/"]}]},{"@type":"BreadcrumbList","@id":"https:\/\/sagardeche.fr\/wordpress\/index.php\/les-patronymes-les-plus-courants-en-ardeche\/#breadcrumb","itemListElement":[{"@type":"ListItem","position":1,"name":"Accueil","item":"https:\/\/sagardeche.fr\/wordpress\/"},{"@type":"ListItem","position":2,"name":"LES PATRONYMES LES PLUS COURANTS EN ARD\u00c8CHE"}]},{"@type":"WebSite","@id":"https:\/\/sagardeche.fr\/wordpress\/#website","url":"https:\/\/sagardeche.fr\/wordpress\/","name":"SagArdeche","description":"Soci\u00e9t\u00e9 des Amateurs de G\u00e9n\u00e9alogie de l&#039;Ard\u00e8che","publisher":{"@id":"https:\/\/sagardeche.fr\/wordpress\/#organization"},"alternateName":"saga","potentialAction":[{"@type":"SearchAction","target":{"@type":"EntryPoint","urlTemplate":"https:\/\/sagardeche.fr\/wordpress\/?s={search_term_string}"},"query-input":{"@type":"PropertyValueSpecification","valueRequired":true,"valueName":"search_term_string"}}],"inLanguage":"fr-FR"},{"@type":"Organization","@id":"https:\/\/sagardeche.fr\/wordpress\/#organization","name":"Soci\u00e9t\u00e9 des Amateurs de G\u00e9n\u00e9alogie de l'Ard\u00e8che","alternateName":"SAGA","url":"https:\/\/sagardeche.fr\/wordpress\/","logo":{"@type":"ImageObject","inLanguage":"fr-FR","@id":"https:\/\/sagardeche.fr\/wordpress\/#\/schema\/logo\/image\/","url":"https:\/\/sagardeche.fr\/wordpress\/wp-content\/uploads\/2022\/06\/cropped-LogoSAGA3-1.jpg","contentUrl":"https:\/\/sagardeche.fr\/wordpress\/wp-content\/uploads\/2022\/06\/cropped-LogoSAGA3-1.jpg","width":50,"height":80,"caption":"Soci\u00e9t\u00e9 des Amateurs de G\u00e9n\u00e9alogie de l'Ard\u00e8che"},"image":{"@id":"https:\/\/sagardeche.fr\/wordpress\/#\/schema\/logo\/image\/"},"sameAs":["https:\/\/www.facebook.com\/geneardeche"]}]}},"_links":{"self":[{"href":"https:\/\/sagardeche.fr\/wordpress\/index.php\/wp-json\/wp\/v2\/pages\/1432","targetHints":{"allow":["GET"]}}],"collection":[{"href":"https:\/\/sagardeche.fr\/wordpress\/index.php\/wp-json\/wp\/v2\/pages"}],"about":[{"href":"https:\/\/sagardeche.fr\/wordpress\/index.php\/wp-json\/wp\/v2\/types\/page"}],"author":[{"embeddable":true,"href":"https:\/\/sagardeche.fr\/wordpress\/index.php\/wp-json\/wp\/v2\/users\/1"}],"replies":[{"embeddable":true,"href":"https:\/\/sagardeche.fr\/wordpress\/index.php\/wp-json\/wp\/v2\/comments?post=1432"}],"version-history":[{"count":1,"href":"https:\/\/sagardeche.fr\/wordpress\/index.php\/wp-json\/wp\/v2\/pages\/1432\/revisions"}],"predecessor-version":[{"id":1433,"href":"https:\/\/sagardeche.fr\/wordpress\/index.php\/wp-json\/wp\/v2\/pages\/1432\/revisions\/1433"}],"wp:attachment":[{"href":"https:\/\/sagardeche.fr\/wordpress\/index.php\/wp-json\/wp\/v2\/media?parent=1432"}],"wp:term":[{"taxonomy":"category","embeddable":true,"href":"https:\/\/sagardeche.fr\/wordpress\/index.php\/wp-json\/wp\/v2\/categories?post=1432"},{"taxonomy":"post_tag","embeddable":true,"href":"https:\/\/sagardeche.fr\/wordpress\/index.php\/wp-json\/wp\/v2\/tags?post=1432"}],"curies":[{"name":"wp","href":"https:\/\/api.w.org\/{rel}","templated":true}]}}