{"id":1428,"date":"2022-09-25T07:16:47","date_gmt":"2022-09-25T05:16:47","guid":{"rendered":"https:\/\/sagardeche.fr\/wordpress\/?page_id=1428"},"modified":"2022-09-25T07:19:01","modified_gmt":"2022-09-25T05:19:01","slug":"chronique-du-millenaire","status":"publish","type":"page","link":"https:\/\/sagardeche.fr\/wordpress\/index.php\/chronique-du-millenaire\/","title":{"rendered":"CHRONIQUE du MILL\u00c9NAIRE"},"content":{"rendered":"\n<figure class=\"wp-block-table\"><table class=\"has-fixed-layout\"><tbody><tr><th scope=\"col\">D\u00e9cid\u00e9ment les serpents de mer ont la vie dure&#8230;<br>Faut-il y revenir ? Nous sommes toujours, en cet an 2000, au 2\u00e8me mill\u00e9naire et au 20\u00e8me si\u00e8cle. Nous ne changerons de si\u00e8cle et de mill\u00e9naire qu&rsquo;au premier janvier 2001. Plusieurs de nos lecteurs ont interpell\u00e9 notre ami Jean-Marie CODOUL qui \u00e9crivait dans le pr\u00e9c\u00e9dent num\u00e9ro de notre bulletin : \u00a0\u00bb Nous allons abandonner, \u00e0 la fin de l&rsquo;an prochain, le vieux si\u00e8cle qui \u00e9tait le n\u00f4tre. \u00a0\u00bb Notre ami Jacques RAPHAEL, par exemple, nous \u00e9crit : \u00a0\u00bb Il faut se rappeler que le z\u00e9ro est le d\u00e9but de toute \u00e9chelle de graduation et non pas le un. Ainsi, le 21\u00e8me si\u00e8cle et le 3\u00e8me mill\u00e9naire commencent \u00e0 0 h de l&rsquo;an 2000&Prime;. Je me demande pourquoi notre ami n&rsquo;a pas achev\u00e9 sa pens\u00e9e en \u00e9crivant plut\u00f4t : \u00a0\u00bb A 0h du 0 janvier de l&rsquo;an 2000 \u00ab\u00a0. Tiens ! Il n&rsquo;y a pas de 0 janvier ? Tout simplement, cher Jacques, parce que le calendrier n&rsquo;est pas un instrument de mesure. Il ne mesure pas le temps \u00e9coul\u00e9 depuis l&rsquo;origine du calendrier, il donne seulement la date, c&rsquo;est \u00e0 dire le num\u00e9ro ordinal du jour, le numero ordinal du mois et le numero ordinal de l&rsquo;ann\u00e9e. Le premier jour du premier si\u00e8cle porte le num\u00e9ro 1. Il n&rsquo;y a pas eu de jour z\u00e9ro, il n&rsquo;y a pas eu d&rsquo;ann\u00e9e z\u00e9ro. Le premier si\u00e8cle a donc englob\u00e9 l&rsquo;ann\u00e9e cent, et ainsi de suite. Pour donner la parole aux personnes comp\u00e9tentes, des journalistes ont interrog\u00e9 les sp\u00e9cialistes de l&rsquo;Institut de M\u00e9canique C\u00e9leste et de Calcul des Eph\u00e9m\u00e9rides. Ils sont formels : nous sommes encore au 20\u00e8me si\u00e8cle.<br>&nbsp;&nbsp;&nbsp;&nbsp;&nbsp;&nbsp;&nbsp;&nbsp;Mais, fort de cette affirmation des professionnels de la date, qui disent haut et fort qu&rsquo;il n&rsquo;y a pas d&rsquo;ann\u00e9e z\u00e9ro, un autre de nos amis, Daniel Valland, nous \u00e9crit : \u00a0\u00bb Cette fois, ce n&rsquo;est pas moi qui le dis. L&rsquo;an zero n&rsquo;existe pas, ce n&rsquo;est pas une vue de l&rsquo;esprit. \u00a0\u00bb Et il ajoute : \u00a0\u00bb Sur les tables de mortalit\u00e9, j&rsquo;ai toujours \u00e9crit, et je ne suis pas le seul, 8 Jours, 3 semaines, 6 mois et tous entraient dans la statistique des moins d&rsquo;un an \u00a0\u00bb Cette derniere phrase m\u00e9rite une explication.<\/th><th scope=\"col\">Dans nos tables alphab\u00e9tiques, nous notons l&rsquo;\u00e2ge au d\u00e9c\u00e8s (quand il est connu). Mais, pour permettre les statistiques, il se trouve que cet \u00e2ge doit \u00eatre not\u00e9 en ann\u00e9es, sans tenir compte des fractions d&rsquo;ann\u00e9es. Pour un adulte mort \u00e0 57 ans et six mois, l&rsquo;\u00e2ge retenu est 57 ans. Pour les b\u00e9b\u00e9s morts avant d&rsquo;avoir atteint l&rsquo;\u00e2ge d&rsquo;un an, nous notons donc 0. C&rsquo;est ce que notre ami conteste puisqu&rsquo;il n&rsquo;existe pas d&rsquo;ann\u00e9e z\u00e9ro&#8230;. !<br>Puisque seul l&rsquo;avis d&rsquo;un sp\u00e9cialiste est cr\u00e9dible, j&rsquo;ai soumis le probl\u00e8me \u00e0 Michel Heurtier, de l&rsquo;Institut de Calcul des Eph\u00e9m\u00e9rides. Ce scientifique de haut niveau, tr\u00e8s gentiment, me r\u00e9pond par un cours magistral abondamment document\u00e9. \u00a0\u00bb Un \u00e2ge, me dit-il, est la diff\u00e9rence entre deux dates. Une date ne repr\u00e9sente pas un \u00e2ge et la d\u00e9finition que vous proposez dans votre syst\u00e8me de notation correspond \u00e0 prendre la partie enti\u00e8re de l&rsquo;\u00e2ge exprim\u00e9e en ann\u00e9es. Donc 0,9 an = 0 an et 1,1 an = 1 an. \u00a0\u00bb S&rsquo;appuyant sur la d\u00e9finition donn\u00e9e par la norme ISO 8601 (\u00a7 5.5.3.2) publi\u00e9e par l&rsquo;AFNOR, il explique que l&rsquo;\u00e2ge s&rsquo;exprime par trois \u00e9l\u00e9ments : Y (nombre d&rsquo;ann\u00e9es enti\u00e8res \u00e9coul\u00e9es) M (nombre de mois entiers \u00e9coul\u00e9s) D (nombre de jours entiers \u00e9coul\u00e9s). Tant que le b\u00e9b\u00e9 n&rsquo;a pas pass\u00e9 le cap d&rsquo;une ann\u00e9e, l&rsquo;\u00e9l\u00e9ment Y est \u00e9gal \u00e0 z\u00e9ro.<br>&nbsp;&nbsp;&nbsp;&nbsp;&nbsp;&nbsp;&nbsp;&nbsp;A la d\u00e9charge de notre ami Daniel Valland, Michel Heurtier ajoute : \u00a0\u00bb La confusion classique entre la date et le temps \u00e9coul\u00e9 provient du fait que ces deux entit\u00e9s utilisent une forme de structure tr\u00e8s voisine. La notation ISO \u00e9vite donc toute confusion entre date du calendrier et dur\u00e9e \u00ab\u00a0.<br>&nbsp;&nbsp;&nbsp;&nbsp;&nbsp;&nbsp;&nbsp;&nbsp;Alors ? Le monstre du Loch Ness va-t-il enfin mourir ? Ou bien, comme le Ph\u00e9nix, va-t-il rena\u00eetre de ses cendres ? Michel GUIGAL<\/th><\/tr><\/tbody><\/table><\/figure>\n","protected":false},"excerpt":{"rendered":"<p>D\u00e9cid\u00e9ment les serpents de mer ont la vie dure&#8230;Faut-il y revenir ? Nous sommes toujours, en cet an 2000, au 2\u00e8me mill\u00e9naire et au 20\u00e8me si\u00e8cle. Nous ne changerons de si\u00e8cle et de mill\u00e9naire qu&rsquo;au premier janvier 2001. Plusieurs de nos lecteurs ont interpell\u00e9 notre ami Jean-Marie CODOUL qui \u00e9crivait dans le pr\u00e9c\u00e9dent num\u00e9ro de [&hellip;]<\/p>\n","protected":false},"author":1,"featured_media":0,"parent":0,"menu_order":0,"comment_status":"closed","ping_status":"closed","template":"","meta":{"footnotes":""},"categories":[24],"tags":[],"class_list":["post-1428","page","type-page","status-publish","hentry","category-archives"],"yoast_head":"<!-- This site is optimized with the Yoast SEO plugin v24.2 - https:\/\/yoast.com\/wordpress\/plugins\/seo\/ -->\n<title>CHRONIQUE du MILL\u00c9NAIRE - SagArdeche<\/title>\n<meta name=\"description\" content=\"CHRONIQUE du MILL\u00c9NAIRE SagArdeche Soci\u00e9t\u00e9 amateurs g\u00e9n\u00e9alogie Ard\u00e8che Registres BMS Notaires paroissiaux Origines Ard\u00e9choises expoactes saga protestants\" \/>\n<meta name=\"robots\" content=\"index, follow, max-snippet:-1, max-image-preview:large, max-video-preview:-1\" \/>\n<link rel=\"canonical\" href=\"https:\/\/sagardeche.fr\/wordpress\/index.php\/chronique-du-millenaire\/\" \/>\n<meta property=\"og:locale\" content=\"fr_FR\" \/>\n<meta property=\"og:type\" content=\"article\" \/>\n<meta property=\"og:title\" content=\"CHRONIQUE du MILL\u00c9NAIRE - SagArdeche\" \/>\n<meta property=\"og:description\" content=\"CHRONIQUE du MILL\u00c9NAIRE SagArdeche Soci\u00e9t\u00e9 amateurs g\u00e9n\u00e9alogie Ard\u00e8che Registres BMS Notaires paroissiaux Origines Ard\u00e9choises expoactes saga protestants\" \/>\n<meta property=\"og:url\" content=\"https:\/\/sagardeche.fr\/wordpress\/index.php\/chronique-du-millenaire\/\" \/>\n<meta property=\"og:site_name\" content=\"SagArdeche\" \/>\n<meta property=\"article:publisher\" content=\"https:\/\/www.facebook.com\/geneardeche\" \/>\n<meta property=\"article:modified_time\" content=\"2022-09-25T05:19:01+00:00\" \/>\n<meta name=\"twitter:card\" content=\"summary_large_image\" \/>\n<meta name=\"twitter:label1\" content=\"Dur\u00e9e de lecture estim\u00e9e\" \/>\n\t<meta name=\"twitter:data1\" content=\"4 minutes\" \/>\n<script type=\"application\/ld+json\" class=\"yoast-schema-graph\">{\"@context\":\"https:\/\/schema.org\",\"@graph\":[{\"@type\":\"WebPage\",\"@id\":\"https:\/\/sagardeche.fr\/wordpress\/index.php\/chronique-du-millenaire\/\",\"url\":\"https:\/\/sagardeche.fr\/wordpress\/index.php\/chronique-du-millenaire\/\",\"name\":\"CHRONIQUE du MILL\u00c9NAIRE - SagArdeche\",\"isPartOf\":{\"@id\":\"https:\/\/sagardeche.fr\/wordpress\/#website\"},\"datePublished\":\"2022-09-25T05:16:47+00:00\",\"dateModified\":\"2022-09-25T05:19:01+00:00\",\"description\":\"CHRONIQUE du MILL\u00c9NAIRE SagArdeche Soci\u00e9t\u00e9 amateurs g\u00e9n\u00e9alogie Ard\u00e8che Registres BMS Notaires paroissiaux Origines Ard\u00e9choises expoactes saga protestants\",\"breadcrumb\":{\"@id\":\"https:\/\/sagardeche.fr\/wordpress\/index.php\/chronique-du-millenaire\/#breadcrumb\"},\"inLanguage\":\"fr-FR\",\"potentialAction\":[{\"@type\":\"ReadAction\",\"target\":[\"https:\/\/sagardeche.fr\/wordpress\/index.php\/chronique-du-millenaire\/\"]}]},{\"@type\":\"BreadcrumbList\",\"@id\":\"https:\/\/sagardeche.fr\/wordpress\/index.php\/chronique-du-millenaire\/#breadcrumb\",\"itemListElement\":[{\"@type\":\"ListItem\",\"position\":1,\"name\":\"Accueil\",\"item\":\"https:\/\/sagardeche.fr\/wordpress\/\"},{\"@type\":\"ListItem\",\"position\":2,\"name\":\"CHRONIQUE du MILL\u00c9NAIRE\"}]},{\"@type\":\"WebSite\",\"@id\":\"https:\/\/sagardeche.fr\/wordpress\/#website\",\"url\":\"https:\/\/sagardeche.fr\/wordpress\/\",\"name\":\"SagArdeche\",\"description\":\"Soci\u00e9t\u00e9 des Amateurs de G\u00e9n\u00e9alogie de l&#039;Ard\u00e8che\",\"publisher\":{\"@id\":\"https:\/\/sagardeche.fr\/wordpress\/#organization\"},\"alternateName\":\"saga\",\"potentialAction\":[{\"@type\":\"SearchAction\",\"target\":{\"@type\":\"EntryPoint\",\"urlTemplate\":\"https:\/\/sagardeche.fr\/wordpress\/?s={search_term_string}\"},\"query-input\":{\"@type\":\"PropertyValueSpecification\",\"valueRequired\":true,\"valueName\":\"search_term_string\"}}],\"inLanguage\":\"fr-FR\"},{\"@type\":\"Organization\",\"@id\":\"https:\/\/sagardeche.fr\/wordpress\/#organization\",\"name\":\"Soci\u00e9t\u00e9 des Amateurs de G\u00e9n\u00e9alogie de l'Ard\u00e8che\",\"alternateName\":\"SAGA\",\"url\":\"https:\/\/sagardeche.fr\/wordpress\/\",\"logo\":{\"@type\":\"ImageObject\",\"inLanguage\":\"fr-FR\",\"@id\":\"https:\/\/sagardeche.fr\/wordpress\/#\/schema\/logo\/image\/\",\"url\":\"https:\/\/sagardeche.fr\/wordpress\/wp-content\/uploads\/2022\/06\/cropped-LogoSAGA3-1.jpg\",\"contentUrl\":\"https:\/\/sagardeche.fr\/wordpress\/wp-content\/uploads\/2022\/06\/cropped-LogoSAGA3-1.jpg\",\"width\":50,\"height\":80,\"caption\":\"Soci\u00e9t\u00e9 des Amateurs de G\u00e9n\u00e9alogie de l'Ard\u00e8che\"},\"image\":{\"@id\":\"https:\/\/sagardeche.fr\/wordpress\/#\/schema\/logo\/image\/\"},\"sameAs\":[\"https:\/\/www.facebook.com\/geneardeche\"]}]}<\/script>\n<!-- \/ Yoast SEO plugin. -->","yoast_head_json":{"title":"CHRONIQUE du MILL\u00c9NAIRE - SagArdeche","description":"CHRONIQUE du MILL\u00c9NAIRE SagArdeche Soci\u00e9t\u00e9 amateurs g\u00e9n\u00e9alogie Ard\u00e8che Registres BMS Notaires paroissiaux Origines Ard\u00e9choises expoactes saga protestants","robots":{"index":"index","follow":"follow","max-snippet":"max-snippet:-1","max-image-preview":"max-image-preview:large","max-video-preview":"max-video-preview:-1"},"canonical":"https:\/\/sagardeche.fr\/wordpress\/index.php\/chronique-du-millenaire\/","og_locale":"fr_FR","og_type":"article","og_title":"CHRONIQUE du MILL\u00c9NAIRE - SagArdeche","og_description":"CHRONIQUE du MILL\u00c9NAIRE SagArdeche Soci\u00e9t\u00e9 amateurs g\u00e9n\u00e9alogie Ard\u00e8che Registres BMS Notaires paroissiaux Origines Ard\u00e9choises expoactes saga protestants","og_url":"https:\/\/sagardeche.fr\/wordpress\/index.php\/chronique-du-millenaire\/","og_site_name":"SagArdeche","article_publisher":"https:\/\/www.facebook.com\/geneardeche","article_modified_time":"2022-09-25T05:19:01+00:00","twitter_card":"summary_large_image","twitter_misc":{"Dur\u00e9e de lecture estim\u00e9e":"4 minutes"},"schema":{"@context":"https:\/\/schema.org","@graph":[{"@type":"WebPage","@id":"https:\/\/sagardeche.fr\/wordpress\/index.php\/chronique-du-millenaire\/","url":"https:\/\/sagardeche.fr\/wordpress\/index.php\/chronique-du-millenaire\/","name":"CHRONIQUE du MILL\u00c9NAIRE - SagArdeche","isPartOf":{"@id":"https:\/\/sagardeche.fr\/wordpress\/#website"},"datePublished":"2022-09-25T05:16:47+00:00","dateModified":"2022-09-25T05:19:01+00:00","description":"CHRONIQUE du MILL\u00c9NAIRE SagArdeche Soci\u00e9t\u00e9 amateurs g\u00e9n\u00e9alogie Ard\u00e8che Registres BMS Notaires paroissiaux Origines Ard\u00e9choises expoactes saga protestants","breadcrumb":{"@id":"https:\/\/sagardeche.fr\/wordpress\/index.php\/chronique-du-millenaire\/#breadcrumb"},"inLanguage":"fr-FR","potentialAction":[{"@type":"ReadAction","target":["https:\/\/sagardeche.fr\/wordpress\/index.php\/chronique-du-millenaire\/"]}]},{"@type":"BreadcrumbList","@id":"https:\/\/sagardeche.fr\/wordpress\/index.php\/chronique-du-millenaire\/#breadcrumb","itemListElement":[{"@type":"ListItem","position":1,"name":"Accueil","item":"https:\/\/sagardeche.fr\/wordpress\/"},{"@type":"ListItem","position":2,"name":"CHRONIQUE du MILL\u00c9NAIRE"}]},{"@type":"WebSite","@id":"https:\/\/sagardeche.fr\/wordpress\/#website","url":"https:\/\/sagardeche.fr\/wordpress\/","name":"SagArdeche","description":"Soci\u00e9t\u00e9 des Amateurs de G\u00e9n\u00e9alogie de l&#039;Ard\u00e8che","publisher":{"@id":"https:\/\/sagardeche.fr\/wordpress\/#organization"},"alternateName":"saga","potentialAction":[{"@type":"SearchAction","target":{"@type":"EntryPoint","urlTemplate":"https:\/\/sagardeche.fr\/wordpress\/?s={search_term_string}"},"query-input":{"@type":"PropertyValueSpecification","valueRequired":true,"valueName":"search_term_string"}}],"inLanguage":"fr-FR"},{"@type":"Organization","@id":"https:\/\/sagardeche.fr\/wordpress\/#organization","name":"Soci\u00e9t\u00e9 des Amateurs de G\u00e9n\u00e9alogie de l'Ard\u00e8che","alternateName":"SAGA","url":"https:\/\/sagardeche.fr\/wordpress\/","logo":{"@type":"ImageObject","inLanguage":"fr-FR","@id":"https:\/\/sagardeche.fr\/wordpress\/#\/schema\/logo\/image\/","url":"https:\/\/sagardeche.fr\/wordpress\/wp-content\/uploads\/2022\/06\/cropped-LogoSAGA3-1.jpg","contentUrl":"https:\/\/sagardeche.fr\/wordpress\/wp-content\/uploads\/2022\/06\/cropped-LogoSAGA3-1.jpg","width":50,"height":80,"caption":"Soci\u00e9t\u00e9 des Amateurs de G\u00e9n\u00e9alogie de l'Ard\u00e8che"},"image":{"@id":"https:\/\/sagardeche.fr\/wordpress\/#\/schema\/logo\/image\/"},"sameAs":["https:\/\/www.facebook.com\/geneardeche"]}]}},"_links":{"self":[{"href":"https:\/\/sagardeche.fr\/wordpress\/index.php\/wp-json\/wp\/v2\/pages\/1428","targetHints":{"allow":["GET"]}}],"collection":[{"href":"https:\/\/sagardeche.fr\/wordpress\/index.php\/wp-json\/wp\/v2\/pages"}],"about":[{"href":"https:\/\/sagardeche.fr\/wordpress\/index.php\/wp-json\/wp\/v2\/types\/page"}],"author":[{"embeddable":true,"href":"https:\/\/sagardeche.fr\/wordpress\/index.php\/wp-json\/wp\/v2\/users\/1"}],"replies":[{"embeddable":true,"href":"https:\/\/sagardeche.fr\/wordpress\/index.php\/wp-json\/wp\/v2\/comments?post=1428"}],"version-history":[{"count":2,"href":"https:\/\/sagardeche.fr\/wordpress\/index.php\/wp-json\/wp\/v2\/pages\/1428\/revisions"}],"predecessor-version":[{"id":1431,"href":"https:\/\/sagardeche.fr\/wordpress\/index.php\/wp-json\/wp\/v2\/pages\/1428\/revisions\/1431"}],"wp:attachment":[{"href":"https:\/\/sagardeche.fr\/wordpress\/index.php\/wp-json\/wp\/v2\/media?parent=1428"}],"wp:term":[{"taxonomy":"category","embeddable":true,"href":"https:\/\/sagardeche.fr\/wordpress\/index.php\/wp-json\/wp\/v2\/categories?post=1428"},{"taxonomy":"post_tag","embeddable":true,"href":"https:\/\/sagardeche.fr\/wordpress\/index.php\/wp-json\/wp\/v2\/tags?post=1428"}],"curies":[{"name":"wp","href":"https:\/\/api.w.org\/{rel}","templated":true}]}}