{"id":1241,"date":"2022-09-17T13:54:34","date_gmt":"2022-09-17T11:54:34","guid":{"rendered":"https:\/\/sagardeche.fr\/wordpress\/?page_id=1241"},"modified":"2023-03-17T20:35:49","modified_gmt":"2023-03-17T19:35:49","slug":"le-village-de-serrieres","status":"publish","type":"page","link":"https:\/\/sagardeche.fr\/wordpress\/index.php\/le-village-de-serrieres\/","title":{"rendered":"Le village de Serri\u00e8res"},"content":{"rendered":"\n<p class=\"has-text-align-center\"><strong>Le village de Serri\u00e8res<\/strong><\/p>\n\n\n<div class=\"wp-block-image\">\n<figure class=\"aligncenter size-full\"><img loading=\"lazy\" decoding=\"async\" width=\"800\" height=\"600\" src=\"https:\/\/sagardeche.fr\/wordpress\/wp-content\/uploads\/2022\/09\/Serrieres.jpg\" alt=\"\" class=\"wp-image-1242\" srcset=\"https:\/\/sagardeche.fr\/wordpress\/wp-content\/uploads\/2022\/09\/Serrieres.jpg 800w, https:\/\/sagardeche.fr\/wordpress\/wp-content\/uploads\/2022\/09\/Serrieres-300x225.jpg 300w, https:\/\/sagardeche.fr\/wordpress\/wp-content\/uploads\/2022\/09\/Serrieres-768x576.jpg 768w\" sizes=\"auto, (max-width: 800px) 100vw, 800px\" \/><\/figure><\/div>\n\n\n<figure class=\"wp-block-table\"><table><tbody><tr><td><strong>Un peu d&rsquo;histoire<\/strong>&nbsp;:<br>Le nom de Serri\u00e8res vient de \u00ab&nbsp;Castrum Sarreriae&nbsp;\u00bb&nbsp;! Castrum en latin d\u00e9signe g\u00e9n\u00e9ralement une petite ville fortifi\u00e9e, et \u00ab&nbsp;Sarreriae&nbsp;\u00bb (ou \u00ab&nbsp;Sarerie&nbsp;\u00bb) est un nom celtique qui signifie \u00ab&nbsp;resserr\u00e9&nbsp;\u00bb, ce qui correspond bien a la situation de la commune, entre fleuve et colline&nbsp;! Pour le quartier de Saint-Sornin, il s&rsquo;agit d&rsquo;une d\u00e9formation de Saturnin&nbsp;!<br>Dans le sens nord-sud, Serri\u00e8res est situ\u00e9 sur le passage de l&rsquo;ex nationale 86 et de la voie ferr\u00e9e rive droite du Rh\u00f4ne, qui traverse le c\u0153ur du village&nbsp;! Situ\u00e9 au bord du Rh\u00f4ne \u00e0 un passage resserr\u00e9, le bourg a b\u00e9n\u00e9fici\u00e9 de sa situation de lieu de travers\u00e9e pratique: par bac \u00e0 traille depuis au moins le XIV\u00e8me&nbsp;si\u00e8cle, par pont suspendu \u00e0 partir de 1828&nbsp;!<br>Un acc\u00e8s principal au plateau d&rsquo;Annonay a ensuite \u00e9t\u00e9 logiquement am\u00e9nag\u00e9&nbsp;! La proximit\u00e9 de l&rsquo;\u00e9changeur autoroutier de Chanas a fait de Serri\u00e8res la principale porte nord de l&rsquo;Ard\u00e8che.<br><br><em>Mais Serri\u00e8res poss\u00e8de \u00e9galement bien des tr\u00e9sors en son histoire et son patrimoine qu&rsquo;il vous est possible de d\u00e9couvrir d\u00e8s \u00e0 pr\u00e9sent, dans un long article de 11 pages agr\u00e9ment\u00e9 de photos dont vous trouverez l&rsquo;int\u00e9gralit\u00e9 sur sagardeche (<a href=\"https:\/\/www.sagardeche.fr\/sagardeche\/images\/Le-village-de-Serrieres.pdf \">https:\/\/www.sagardeche.fr\/sagardeche\/images\/Le-village-de-Serrieres.pdf <\/a>), le Site pr\u00e9f\u00e9r\u00e9 de tous les adh\u00e9rents de la SAGA.<\/em><br><\/td><td>&nbsp;<\/td><\/tr><\/tbody><\/table><\/figure>\n\n\n\n<p>Freddy Hoffert<\/p>\n","protected":false},"excerpt":{"rendered":"<p>Le village de Serri\u00e8res Un peu d&rsquo;histoire&nbsp;:Le nom de Serri\u00e8res vient de \u00ab&nbsp;Castrum Sarreriae&nbsp;\u00bb&nbsp;! Castrum en latin d\u00e9signe g\u00e9n\u00e9ralement une petite ville fortifi\u00e9e, et \u00ab&nbsp;Sarreriae&nbsp;\u00bb (ou \u00ab&nbsp;Sarerie&nbsp;\u00bb) est un nom celtique qui signifie \u00ab&nbsp;resserr\u00e9&nbsp;\u00bb, ce qui correspond bien a la situation de la commune, entre fleuve et colline&nbsp;! Pour le quartier de Saint-Sornin, il s&rsquo;agit [&hellip;]<\/p>\n","protected":false},"author":1,"featured_media":0,"parent":0,"menu_order":0,"comment_status":"closed","ping_status":"closed","template":"","meta":{"footnotes":""},"categories":[12],"tags":[],"class_list":["post-1241","page","type-page","status-publish","hentry","category-histoire"],"yoast_head":"<!-- This site is optimized with the Yoast SEO plugin v24.2 - https:\/\/yoast.com\/wordpress\/plugins\/seo\/ -->\n<title>Le village de Serri\u00e8res - SagArdeche<\/title>\n<meta name=\"description\" content=\"Le village de Serri\u00e8res SagArdeche Histoire Soci\u00e9t\u00e9 amateurs g\u00e9n\u00e9alogie Ard\u00e8che Registres BMS Notaires paroissiaux Origines Ard\u00e9choises expoactes saga protestants\" \/>\n<meta name=\"robots\" content=\"index, follow, max-snippet:-1, max-image-preview:large, max-video-preview:-1\" \/>\n<link rel=\"canonical\" href=\"https:\/\/sagardeche.fr\/wordpress\/index.php\/le-village-de-serrieres\/\" \/>\n<meta property=\"og:locale\" content=\"fr_FR\" \/>\n<meta property=\"og:type\" content=\"article\" \/>\n<meta property=\"og:title\" content=\"Le village de Serri\u00e8res - SagArdeche\" \/>\n<meta property=\"og:description\" content=\"Le village de Serri\u00e8res SagArdeche Histoire Soci\u00e9t\u00e9 amateurs g\u00e9n\u00e9alogie Ard\u00e8che Registres BMS Notaires paroissiaux Origines Ard\u00e9choises expoactes saga protestants\" \/>\n<meta property=\"og:url\" content=\"https:\/\/sagardeche.fr\/wordpress\/index.php\/le-village-de-serrieres\/\" \/>\n<meta property=\"og:site_name\" content=\"SagArdeche\" \/>\n<meta property=\"article:publisher\" content=\"https:\/\/www.facebook.com\/geneardeche\" \/>\n<meta property=\"article:modified_time\" content=\"2023-03-17T19:35:49+00:00\" \/>\n<meta property=\"og:image\" content=\"https:\/\/sagardeche.fr\/wordpress\/wp-content\/uploads\/2022\/09\/Serrieres.jpg\" \/>\n<meta name=\"twitter:card\" content=\"summary_large_image\" \/>\n<meta name=\"twitter:label1\" content=\"Dur\u00e9e de lecture estim\u00e9e\" \/>\n\t<meta name=\"twitter:data1\" content=\"2 minutes\" \/>\n<script type=\"application\/ld+json\" class=\"yoast-schema-graph\">{\"@context\":\"https:\/\/schema.org\",\"@graph\":[{\"@type\":\"WebPage\",\"@id\":\"https:\/\/sagardeche.fr\/wordpress\/index.php\/le-village-de-serrieres\/\",\"url\":\"https:\/\/sagardeche.fr\/wordpress\/index.php\/le-village-de-serrieres\/\",\"name\":\"Le village de Serri\u00e8res - SagArdeche\",\"isPartOf\":{\"@id\":\"https:\/\/sagardeche.fr\/wordpress\/#website\"},\"primaryImageOfPage\":{\"@id\":\"https:\/\/sagardeche.fr\/wordpress\/index.php\/le-village-de-serrieres\/#primaryimage\"},\"image\":{\"@id\":\"https:\/\/sagardeche.fr\/wordpress\/index.php\/le-village-de-serrieres\/#primaryimage\"},\"thumbnailUrl\":\"https:\/\/sagardeche.fr\/wordpress\/wp-content\/uploads\/2022\/09\/Serrieres.jpg\",\"datePublished\":\"2022-09-17T11:54:34+00:00\",\"dateModified\":\"2023-03-17T19:35:49+00:00\",\"description\":\"Le village de Serri\u00e8res SagArdeche Histoire Soci\u00e9t\u00e9 amateurs g\u00e9n\u00e9alogie Ard\u00e8che Registres BMS Notaires paroissiaux Origines Ard\u00e9choises expoactes saga protestants\",\"breadcrumb\":{\"@id\":\"https:\/\/sagardeche.fr\/wordpress\/index.php\/le-village-de-serrieres\/#breadcrumb\"},\"inLanguage\":\"fr-FR\",\"potentialAction\":[{\"@type\":\"ReadAction\",\"target\":[\"https:\/\/sagardeche.fr\/wordpress\/index.php\/le-village-de-serrieres\/\"]}]},{\"@type\":\"ImageObject\",\"inLanguage\":\"fr-FR\",\"@id\":\"https:\/\/sagardeche.fr\/wordpress\/index.php\/le-village-de-serrieres\/#primaryimage\",\"url\":\"https:\/\/sagardeche.fr\/wordpress\/wp-content\/uploads\/2022\/09\/Serrieres.jpg\",\"contentUrl\":\"https:\/\/sagardeche.fr\/wordpress\/wp-content\/uploads\/2022\/09\/Serrieres.jpg\",\"width\":800,\"height\":600},{\"@type\":\"BreadcrumbList\",\"@id\":\"https:\/\/sagardeche.fr\/wordpress\/index.php\/le-village-de-serrieres\/#breadcrumb\",\"itemListElement\":[{\"@type\":\"ListItem\",\"position\":1,\"name\":\"Accueil\",\"item\":\"https:\/\/sagardeche.fr\/wordpress\/\"},{\"@type\":\"ListItem\",\"position\":2,\"name\":\"Le village de Serri\u00e8res\"}]},{\"@type\":\"WebSite\",\"@id\":\"https:\/\/sagardeche.fr\/wordpress\/#website\",\"url\":\"https:\/\/sagardeche.fr\/wordpress\/\",\"name\":\"SagArdeche\",\"description\":\"Soci\u00e9t\u00e9 des Amateurs de G\u00e9n\u00e9alogie de l&#039;Ard\u00e8che\",\"publisher\":{\"@id\":\"https:\/\/sagardeche.fr\/wordpress\/#organization\"},\"alternateName\":\"saga\",\"potentialAction\":[{\"@type\":\"SearchAction\",\"target\":{\"@type\":\"EntryPoint\",\"urlTemplate\":\"https:\/\/sagardeche.fr\/wordpress\/?s={search_term_string}\"},\"query-input\":{\"@type\":\"PropertyValueSpecification\",\"valueRequired\":true,\"valueName\":\"search_term_string\"}}],\"inLanguage\":\"fr-FR\"},{\"@type\":\"Organization\",\"@id\":\"https:\/\/sagardeche.fr\/wordpress\/#organization\",\"name\":\"Soci\u00e9t\u00e9 des Amateurs de G\u00e9n\u00e9alogie de l'Ard\u00e8che\",\"alternateName\":\"SAGA\",\"url\":\"https:\/\/sagardeche.fr\/wordpress\/\",\"logo\":{\"@type\":\"ImageObject\",\"inLanguage\":\"fr-FR\",\"@id\":\"https:\/\/sagardeche.fr\/wordpress\/#\/schema\/logo\/image\/\",\"url\":\"https:\/\/sagardeche.fr\/wordpress\/wp-content\/uploads\/2022\/06\/cropped-LogoSAGA3-1.jpg\",\"contentUrl\":\"https:\/\/sagardeche.fr\/wordpress\/wp-content\/uploads\/2022\/06\/cropped-LogoSAGA3-1.jpg\",\"width\":50,\"height\":80,\"caption\":\"Soci\u00e9t\u00e9 des Amateurs de G\u00e9n\u00e9alogie de l'Ard\u00e8che\"},\"image\":{\"@id\":\"https:\/\/sagardeche.fr\/wordpress\/#\/schema\/logo\/image\/\"},\"sameAs\":[\"https:\/\/www.facebook.com\/geneardeche\"]}]}<\/script>\n<!-- \/ Yoast SEO plugin. -->","yoast_head_json":{"title":"Le village de Serri\u00e8res - SagArdeche","description":"Le village de Serri\u00e8res SagArdeche Histoire Soci\u00e9t\u00e9 amateurs g\u00e9n\u00e9alogie Ard\u00e8che Registres BMS Notaires paroissiaux Origines Ard\u00e9choises expoactes saga protestants","robots":{"index":"index","follow":"follow","max-snippet":"max-snippet:-1","max-image-preview":"max-image-preview:large","max-video-preview":"max-video-preview:-1"},"canonical":"https:\/\/sagardeche.fr\/wordpress\/index.php\/le-village-de-serrieres\/","og_locale":"fr_FR","og_type":"article","og_title":"Le village de Serri\u00e8res - SagArdeche","og_description":"Le village de Serri\u00e8res SagArdeche Histoire Soci\u00e9t\u00e9 amateurs g\u00e9n\u00e9alogie Ard\u00e8che Registres BMS Notaires paroissiaux Origines Ard\u00e9choises expoactes saga protestants","og_url":"https:\/\/sagardeche.fr\/wordpress\/index.php\/le-village-de-serrieres\/","og_site_name":"SagArdeche","article_publisher":"https:\/\/www.facebook.com\/geneardeche","article_modified_time":"2023-03-17T19:35:49+00:00","og_image":[{"url":"https:\/\/sagardeche.fr\/wordpress\/wp-content\/uploads\/2022\/09\/Serrieres.jpg","type":"","width":"","height":""}],"twitter_card":"summary_large_image","twitter_misc":{"Dur\u00e9e de lecture estim\u00e9e":"2 minutes"},"schema":{"@context":"https:\/\/schema.org","@graph":[{"@type":"WebPage","@id":"https:\/\/sagardeche.fr\/wordpress\/index.php\/le-village-de-serrieres\/","url":"https:\/\/sagardeche.fr\/wordpress\/index.php\/le-village-de-serrieres\/","name":"Le village de Serri\u00e8res - SagArdeche","isPartOf":{"@id":"https:\/\/sagardeche.fr\/wordpress\/#website"},"primaryImageOfPage":{"@id":"https:\/\/sagardeche.fr\/wordpress\/index.php\/le-village-de-serrieres\/#primaryimage"},"image":{"@id":"https:\/\/sagardeche.fr\/wordpress\/index.php\/le-village-de-serrieres\/#primaryimage"},"thumbnailUrl":"https:\/\/sagardeche.fr\/wordpress\/wp-content\/uploads\/2022\/09\/Serrieres.jpg","datePublished":"2022-09-17T11:54:34+00:00","dateModified":"2023-03-17T19:35:49+00:00","description":"Le village de Serri\u00e8res SagArdeche Histoire Soci\u00e9t\u00e9 amateurs g\u00e9n\u00e9alogie Ard\u00e8che Registres BMS Notaires paroissiaux Origines Ard\u00e9choises expoactes saga protestants","breadcrumb":{"@id":"https:\/\/sagardeche.fr\/wordpress\/index.php\/le-village-de-serrieres\/#breadcrumb"},"inLanguage":"fr-FR","potentialAction":[{"@type":"ReadAction","target":["https:\/\/sagardeche.fr\/wordpress\/index.php\/le-village-de-serrieres\/"]}]},{"@type":"ImageObject","inLanguage":"fr-FR","@id":"https:\/\/sagardeche.fr\/wordpress\/index.php\/le-village-de-serrieres\/#primaryimage","url":"https:\/\/sagardeche.fr\/wordpress\/wp-content\/uploads\/2022\/09\/Serrieres.jpg","contentUrl":"https:\/\/sagardeche.fr\/wordpress\/wp-content\/uploads\/2022\/09\/Serrieres.jpg","width":800,"height":600},{"@type":"BreadcrumbList","@id":"https:\/\/sagardeche.fr\/wordpress\/index.php\/le-village-de-serrieres\/#breadcrumb","itemListElement":[{"@type":"ListItem","position":1,"name":"Accueil","item":"https:\/\/sagardeche.fr\/wordpress\/"},{"@type":"ListItem","position":2,"name":"Le village de Serri\u00e8res"}]},{"@type":"WebSite","@id":"https:\/\/sagardeche.fr\/wordpress\/#website","url":"https:\/\/sagardeche.fr\/wordpress\/","name":"SagArdeche","description":"Soci\u00e9t\u00e9 des Amateurs de G\u00e9n\u00e9alogie de l&#039;Ard\u00e8che","publisher":{"@id":"https:\/\/sagardeche.fr\/wordpress\/#organization"},"alternateName":"saga","potentialAction":[{"@type":"SearchAction","target":{"@type":"EntryPoint","urlTemplate":"https:\/\/sagardeche.fr\/wordpress\/?s={search_term_string}"},"query-input":{"@type":"PropertyValueSpecification","valueRequired":true,"valueName":"search_term_string"}}],"inLanguage":"fr-FR"},{"@type":"Organization","@id":"https:\/\/sagardeche.fr\/wordpress\/#organization","name":"Soci\u00e9t\u00e9 des Amateurs de G\u00e9n\u00e9alogie de l'Ard\u00e8che","alternateName":"SAGA","url":"https:\/\/sagardeche.fr\/wordpress\/","logo":{"@type":"ImageObject","inLanguage":"fr-FR","@id":"https:\/\/sagardeche.fr\/wordpress\/#\/schema\/logo\/image\/","url":"https:\/\/sagardeche.fr\/wordpress\/wp-content\/uploads\/2022\/06\/cropped-LogoSAGA3-1.jpg","contentUrl":"https:\/\/sagardeche.fr\/wordpress\/wp-content\/uploads\/2022\/06\/cropped-LogoSAGA3-1.jpg","width":50,"height":80,"caption":"Soci\u00e9t\u00e9 des Amateurs de G\u00e9n\u00e9alogie de l'Ard\u00e8che"},"image":{"@id":"https:\/\/sagardeche.fr\/wordpress\/#\/schema\/logo\/image\/"},"sameAs":["https:\/\/www.facebook.com\/geneardeche"]}]}},"_links":{"self":[{"href":"https:\/\/sagardeche.fr\/wordpress\/index.php\/wp-json\/wp\/v2\/pages\/1241","targetHints":{"allow":["GET"]}}],"collection":[{"href":"https:\/\/sagardeche.fr\/wordpress\/index.php\/wp-json\/wp\/v2\/pages"}],"about":[{"href":"https:\/\/sagardeche.fr\/wordpress\/index.php\/wp-json\/wp\/v2\/types\/page"}],"author":[{"embeddable":true,"href":"https:\/\/sagardeche.fr\/wordpress\/index.php\/wp-json\/wp\/v2\/users\/1"}],"replies":[{"embeddable":true,"href":"https:\/\/sagardeche.fr\/wordpress\/index.php\/wp-json\/wp\/v2\/comments?post=1241"}],"version-history":[{"count":5,"href":"https:\/\/sagardeche.fr\/wordpress\/index.php\/wp-json\/wp\/v2\/pages\/1241\/revisions"}],"predecessor-version":[{"id":2290,"href":"https:\/\/sagardeche.fr\/wordpress\/index.php\/wp-json\/wp\/v2\/pages\/1241\/revisions\/2290"}],"wp:attachment":[{"href":"https:\/\/sagardeche.fr\/wordpress\/index.php\/wp-json\/wp\/v2\/media?parent=1241"}],"wp:term":[{"taxonomy":"category","embeddable":true,"href":"https:\/\/sagardeche.fr\/wordpress\/index.php\/wp-json\/wp\/v2\/categories?post=1241"},{"taxonomy":"post_tag","embeddable":true,"href":"https:\/\/sagardeche.fr\/wordpress\/index.php\/wp-json\/wp\/v2\/tags?post=1241"}],"curies":[{"name":"wp","href":"https:\/\/api.w.org\/{rel}","templated":true}]}}