{"id":1233,"date":"2022-09-16T16:40:22","date_gmt":"2022-09-16T14:40:22","guid":{"rendered":"https:\/\/sagardeche.fr\/wordpress\/?page_id=1233"},"modified":"2023-03-17T20:35:14","modified_gmt":"2023-03-17T19:35:14","slug":"combats-en-alsace-1914-1915","status":"publish","type":"page","link":"https:\/\/sagardeche.fr\/wordpress\/index.php\/combats-en-alsace-1914-1915\/","title":{"rendered":"Combats en Alsace 1914-1915"},"content":{"rendered":"\n<figure class=\"wp-block-table\"><table><tbody><tr><td class=\"has-text-align-center\" data-align=\"center\"><strong>Combats en Alsace 1914-1915<\/strong><\/td><\/tr><\/tbody><\/table><\/figure>\n\n\n\n<figure class=\"wp-block-table\"><table><tbody><tr><td>&nbsp;<\/td><td><br>&#8230; La Marne, Verdun, la Somme, le Chemin des Dames sont toujours dans toutes les m\u00e9moires&nbsp;! Mais qui se souvient des combats des 2 Reichackerkopf, du Linge, de l&rsquo;Hartmannswillerkopf, de l&rsquo;Hilsenfirst, et de Metzeral qui firent plusieurs dizaines de milliers de morts&nbsp;? Saviez-vous que c&rsquo;est ici qu&rsquo;eurent lieu les premiers combats \u00e0 skis Europ\u00e9ens entre les Chasseurs Alpins Fran\u00e7ais et leurs homologues Bavarois sur l&rsquo;Hilsenfirst \u00e0 1274 m\u00e8tres d&rsquo;altitude et en plein hiver&nbsp;? Saviez-vous que &#8230;<br><br>&#8230; Les Allemands eux, n&rsquo;avaient qu&rsquo;un casque en cuir bouilli &#8230;<br><br><img decoding=\"async\" src=\"https:\/\/sagardeche.fr\/sagardeche\/images\/articles\/Combats%20Alsace%201914-1915\/56-Frontiere%20Traite%20de%20Francfort.svg.png\" alt=\"photo : 56-Frontiere Traite de Francfort.svg.png\"><br><br>&#8230; Apr\u00e8s le trait\u00e9 de Francfort du 10 mai 1871 mettant fin \u00e0 la guerre Franco-Allemande de 1870-1871, les d\u00e9partements de la Moselle, du Bas-Rhin et du Haut-Rhin sont annex\u00e9s par l&rsquo;Allemagne. En Lorraine, les villes de Thionville, Sarreguemines, Sarrebourg et surtout la place-forte de Metz deviennent possessions de l&rsquo;Allemagne. Dans les Vosges la fronti\u00e8re est d\u00e9limit\u00e9e par l&rsquo;actuelle \u00ab&nbsp;Route des Cr\u00eates&nbsp;\u00bb longue de 88 kilom\u00e8tres et allant d&rsquo;Uffholtz \u00e0 Sainte-Marie-aux-Mines &#8230;<br><br>&#8230; le 25 ao\u00fbt le g\u00e9n\u00e9ral Joffre ordonne le retrait de toutes ces troupes vers le point du col de La Schlucht, en vue de renforcer les divisions en difficult\u00e9 en Lorraine. Tout \u00e9tait \u00e0 refaire pour la prise de l&rsquo;Alsace. Les vall\u00e9es de Thann et de Masevaux \u00e9taient rest\u00e9es Fran\u00e7aises, mais l&rsquo;Arm\u00e9e d&rsquo;Alsace est dissoute.<br>Les op\u00e9rations ne vont v\u00e9ritablement reprendre qu&rsquo;en d\u00e9cembre 1914 dans le Sud de l&rsquo;Alsace \u00e0 Aspach, Steinbach, et la Cote 425 &#8230;<br><br>&#8230; Le 23 mars 1915, vingt-cinq canons de 220 et trente-deux canons de 155 \u00e9crasent durant quatre heures les tranch\u00e9es Allemandes sous leurs obus. A 15 heures, le 152\u00e8me RI part \u00e0 l&rsquo;assaut du sommet. Ces hommes, ba\u00efonnette au canon, progressent \u00e0 travers les tranch\u00e9es effondr\u00e9es, les barbel\u00e9s et l&rsquo;enchev\u00eatrement de sapins &#8230;<\/td><td>&nbsp;<\/td><\/tr><\/tbody><\/table><\/figure>\n\n\n\n<p class=\"has-text-align-center\">T\u00e9l\u00e9chargez l&rsquo;int\u00e9gralit\u00e9 de l&rsquo;article&nbsp;:<br><a href=\"https:\/\/www.sagardeche.fr\/sagardeche\/images\/1915-Combats-en-Haute-Alsace.pdf\" target=\"_blank\" rel=\"noreferrer noopener\">https:\/\/www.sagardeche.fr\/sagardeche\/images\/1915-Combats-en-Haute-Alsace.pdf<\/a><\/p>\n\n\n\n<p class=\"has-text-align-center\">Hoffert Freddy, le 23 f\u00e9vrier 2018<\/p>\n","protected":false},"excerpt":{"rendered":"<p>Combats en Alsace 1914-1915 &nbsp; &#8230; La Marne, Verdun, la Somme, le Chemin des Dames sont toujours dans toutes les m\u00e9moires&nbsp;! Mais qui se souvient des combats des 2 Reichackerkopf, du Linge, de l&rsquo;Hartmannswillerkopf, de l&rsquo;Hilsenfirst, et de Metzeral qui firent plusieurs dizaines de milliers de morts&nbsp;? Saviez-vous que c&rsquo;est ici qu&rsquo;eurent lieu les premiers [&hellip;]<\/p>\n","protected":false},"author":1,"featured_media":0,"parent":0,"menu_order":0,"comment_status":"closed","ping_status":"closed","template":"","meta":{"footnotes":""},"categories":[12],"tags":[],"class_list":["post-1233","page","type-page","status-publish","hentry","category-histoire"],"yoast_head":"<!-- This site is optimized with the Yoast SEO plugin v24.2 - https:\/\/yoast.com\/wordpress\/plugins\/seo\/ -->\n<title>Combats en Alsace 1914-1915 - SagArdeche<\/title>\n<meta name=\"description\" content=\"Combats en Alsace 1914-1915 SagArdeche Histoire Soci\u00e9t\u00e9 amateurs g\u00e9n\u00e9alogie Ard\u00e8che Registres BMS Notaires paroissiaux Origines Ard\u00e9choises expoactes saga protestants\" \/>\n<meta name=\"robots\" content=\"index, follow, max-snippet:-1, max-image-preview:large, max-video-preview:-1\" \/>\n<link rel=\"canonical\" href=\"https:\/\/sagardeche.fr\/wordpress\/index.php\/combats-en-alsace-1914-1915\/\" \/>\n<meta property=\"og:locale\" content=\"fr_FR\" \/>\n<meta property=\"og:type\" content=\"article\" \/>\n<meta property=\"og:title\" content=\"Combats en Alsace 1914-1915 - SagArdeche\" \/>\n<meta property=\"og:description\" content=\"Combats en Alsace 1914-1915 SagArdeche Histoire Soci\u00e9t\u00e9 amateurs g\u00e9n\u00e9alogie Ard\u00e8che Registres BMS Notaires paroissiaux Origines Ard\u00e9choises expoactes saga protestants\" \/>\n<meta property=\"og:url\" content=\"https:\/\/sagardeche.fr\/wordpress\/index.php\/combats-en-alsace-1914-1915\/\" \/>\n<meta property=\"og:site_name\" content=\"SagArdeche\" \/>\n<meta property=\"article:publisher\" content=\"https:\/\/www.facebook.com\/geneardeche\" \/>\n<meta property=\"article:modified_time\" content=\"2023-03-17T19:35:14+00:00\" \/>\n<meta property=\"og:image\" content=\"https:\/\/sagardeche.fr\/sagardeche\/images\/articles\/Combats%20Alsace%201914-1915\/56-Frontiere%20Traite%20de%20Francfort.svg.png\" \/>\n<meta name=\"twitter:card\" content=\"summary_large_image\" \/>\n<meta name=\"twitter:label1\" content=\"Dur\u00e9e de lecture estim\u00e9e\" \/>\n\t<meta name=\"twitter:data1\" content=\"2 minutes\" \/>\n<script type=\"application\/ld+json\" class=\"yoast-schema-graph\">{\"@context\":\"https:\/\/schema.org\",\"@graph\":[{\"@type\":\"WebPage\",\"@id\":\"https:\/\/sagardeche.fr\/wordpress\/index.php\/combats-en-alsace-1914-1915\/\",\"url\":\"https:\/\/sagardeche.fr\/wordpress\/index.php\/combats-en-alsace-1914-1915\/\",\"name\":\"Combats en Alsace 1914-1915 - SagArdeche\",\"isPartOf\":{\"@id\":\"https:\/\/sagardeche.fr\/wordpress\/#website\"},\"primaryImageOfPage\":{\"@id\":\"https:\/\/sagardeche.fr\/wordpress\/index.php\/combats-en-alsace-1914-1915\/#primaryimage\"},\"image\":{\"@id\":\"https:\/\/sagardeche.fr\/wordpress\/index.php\/combats-en-alsace-1914-1915\/#primaryimage\"},\"thumbnailUrl\":\"https:\/\/sagardeche.fr\/sagardeche\/images\/articles\/Combats%20Alsace%201914-1915\/56-Frontiere%20Traite%20de%20Francfort.svg.png\",\"datePublished\":\"2022-09-16T14:40:22+00:00\",\"dateModified\":\"2023-03-17T19:35:14+00:00\",\"description\":\"Combats en Alsace 1914-1915 SagArdeche Histoire Soci\u00e9t\u00e9 amateurs g\u00e9n\u00e9alogie Ard\u00e8che Registres BMS Notaires paroissiaux Origines Ard\u00e9choises expoactes saga protestants\",\"breadcrumb\":{\"@id\":\"https:\/\/sagardeche.fr\/wordpress\/index.php\/combats-en-alsace-1914-1915\/#breadcrumb\"},\"inLanguage\":\"fr-FR\",\"potentialAction\":[{\"@type\":\"ReadAction\",\"target\":[\"https:\/\/sagardeche.fr\/wordpress\/index.php\/combats-en-alsace-1914-1915\/\"]}]},{\"@type\":\"ImageObject\",\"inLanguage\":\"fr-FR\",\"@id\":\"https:\/\/sagardeche.fr\/wordpress\/index.php\/combats-en-alsace-1914-1915\/#primaryimage\",\"url\":\"https:\/\/sagardeche.fr\/sagardeche\/images\/articles\/Combats%20Alsace%201914-1915\/56-Frontiere%20Traite%20de%20Francfort.svg.png\",\"contentUrl\":\"https:\/\/sagardeche.fr\/sagardeche\/images\/articles\/Combats%20Alsace%201914-1915\/56-Frontiere%20Traite%20de%20Francfort.svg.png\"},{\"@type\":\"BreadcrumbList\",\"@id\":\"https:\/\/sagardeche.fr\/wordpress\/index.php\/combats-en-alsace-1914-1915\/#breadcrumb\",\"itemListElement\":[{\"@type\":\"ListItem\",\"position\":1,\"name\":\"Accueil\",\"item\":\"https:\/\/sagardeche.fr\/wordpress\/\"},{\"@type\":\"ListItem\",\"position\":2,\"name\":\"Combats en Alsace 1914-1915\"}]},{\"@type\":\"WebSite\",\"@id\":\"https:\/\/sagardeche.fr\/wordpress\/#website\",\"url\":\"https:\/\/sagardeche.fr\/wordpress\/\",\"name\":\"SagArdeche\",\"description\":\"Soci\u00e9t\u00e9 des Amateurs de G\u00e9n\u00e9alogie de l&#039;Ard\u00e8che\",\"publisher\":{\"@id\":\"https:\/\/sagardeche.fr\/wordpress\/#organization\"},\"alternateName\":\"saga\",\"potentialAction\":[{\"@type\":\"SearchAction\",\"target\":{\"@type\":\"EntryPoint\",\"urlTemplate\":\"https:\/\/sagardeche.fr\/wordpress\/?s={search_term_string}\"},\"query-input\":{\"@type\":\"PropertyValueSpecification\",\"valueRequired\":true,\"valueName\":\"search_term_string\"}}],\"inLanguage\":\"fr-FR\"},{\"@type\":\"Organization\",\"@id\":\"https:\/\/sagardeche.fr\/wordpress\/#organization\",\"name\":\"Soci\u00e9t\u00e9 des Amateurs de G\u00e9n\u00e9alogie de l'Ard\u00e8che\",\"alternateName\":\"SAGA\",\"url\":\"https:\/\/sagardeche.fr\/wordpress\/\",\"logo\":{\"@type\":\"ImageObject\",\"inLanguage\":\"fr-FR\",\"@id\":\"https:\/\/sagardeche.fr\/wordpress\/#\/schema\/logo\/image\/\",\"url\":\"https:\/\/sagardeche.fr\/wordpress\/wp-content\/uploads\/2022\/06\/cropped-LogoSAGA3-1.jpg\",\"contentUrl\":\"https:\/\/sagardeche.fr\/wordpress\/wp-content\/uploads\/2022\/06\/cropped-LogoSAGA3-1.jpg\",\"width\":50,\"height\":80,\"caption\":\"Soci\u00e9t\u00e9 des Amateurs de G\u00e9n\u00e9alogie de l'Ard\u00e8che\"},\"image\":{\"@id\":\"https:\/\/sagardeche.fr\/wordpress\/#\/schema\/logo\/image\/\"},\"sameAs\":[\"https:\/\/www.facebook.com\/geneardeche\"]}]}<\/script>\n<!-- \/ Yoast SEO plugin. -->","yoast_head_json":{"title":"Combats en Alsace 1914-1915 - SagArdeche","description":"Combats en Alsace 1914-1915 SagArdeche Histoire Soci\u00e9t\u00e9 amateurs g\u00e9n\u00e9alogie Ard\u00e8che Registres BMS Notaires paroissiaux Origines Ard\u00e9choises expoactes saga protestants","robots":{"index":"index","follow":"follow","max-snippet":"max-snippet:-1","max-image-preview":"max-image-preview:large","max-video-preview":"max-video-preview:-1"},"canonical":"https:\/\/sagardeche.fr\/wordpress\/index.php\/combats-en-alsace-1914-1915\/","og_locale":"fr_FR","og_type":"article","og_title":"Combats en Alsace 1914-1915 - SagArdeche","og_description":"Combats en Alsace 1914-1915 SagArdeche Histoire Soci\u00e9t\u00e9 amateurs g\u00e9n\u00e9alogie Ard\u00e8che Registres BMS Notaires paroissiaux Origines Ard\u00e9choises expoactes saga protestants","og_url":"https:\/\/sagardeche.fr\/wordpress\/index.php\/combats-en-alsace-1914-1915\/","og_site_name":"SagArdeche","article_publisher":"https:\/\/www.facebook.com\/geneardeche","article_modified_time":"2023-03-17T19:35:14+00:00","og_image":[{"url":"https:\/\/sagardeche.fr\/sagardeche\/images\/articles\/Combats%20Alsace%201914-1915\/56-Frontiere%20Traite%20de%20Francfort.svg.png","type":"","width":"","height":""}],"twitter_card":"summary_large_image","twitter_misc":{"Dur\u00e9e de lecture estim\u00e9e":"2 minutes"},"schema":{"@context":"https:\/\/schema.org","@graph":[{"@type":"WebPage","@id":"https:\/\/sagardeche.fr\/wordpress\/index.php\/combats-en-alsace-1914-1915\/","url":"https:\/\/sagardeche.fr\/wordpress\/index.php\/combats-en-alsace-1914-1915\/","name":"Combats en Alsace 1914-1915 - SagArdeche","isPartOf":{"@id":"https:\/\/sagardeche.fr\/wordpress\/#website"},"primaryImageOfPage":{"@id":"https:\/\/sagardeche.fr\/wordpress\/index.php\/combats-en-alsace-1914-1915\/#primaryimage"},"image":{"@id":"https:\/\/sagardeche.fr\/wordpress\/index.php\/combats-en-alsace-1914-1915\/#primaryimage"},"thumbnailUrl":"https:\/\/sagardeche.fr\/sagardeche\/images\/articles\/Combats%20Alsace%201914-1915\/56-Frontiere%20Traite%20de%20Francfort.svg.png","datePublished":"2022-09-16T14:40:22+00:00","dateModified":"2023-03-17T19:35:14+00:00","description":"Combats en Alsace 1914-1915 SagArdeche Histoire Soci\u00e9t\u00e9 amateurs g\u00e9n\u00e9alogie Ard\u00e8che Registres BMS Notaires paroissiaux Origines Ard\u00e9choises expoactes saga protestants","breadcrumb":{"@id":"https:\/\/sagardeche.fr\/wordpress\/index.php\/combats-en-alsace-1914-1915\/#breadcrumb"},"inLanguage":"fr-FR","potentialAction":[{"@type":"ReadAction","target":["https:\/\/sagardeche.fr\/wordpress\/index.php\/combats-en-alsace-1914-1915\/"]}]},{"@type":"ImageObject","inLanguage":"fr-FR","@id":"https:\/\/sagardeche.fr\/wordpress\/index.php\/combats-en-alsace-1914-1915\/#primaryimage","url":"https:\/\/sagardeche.fr\/sagardeche\/images\/articles\/Combats%20Alsace%201914-1915\/56-Frontiere%20Traite%20de%20Francfort.svg.png","contentUrl":"https:\/\/sagardeche.fr\/sagardeche\/images\/articles\/Combats%20Alsace%201914-1915\/56-Frontiere%20Traite%20de%20Francfort.svg.png"},{"@type":"BreadcrumbList","@id":"https:\/\/sagardeche.fr\/wordpress\/index.php\/combats-en-alsace-1914-1915\/#breadcrumb","itemListElement":[{"@type":"ListItem","position":1,"name":"Accueil","item":"https:\/\/sagardeche.fr\/wordpress\/"},{"@type":"ListItem","position":2,"name":"Combats en Alsace 1914-1915"}]},{"@type":"WebSite","@id":"https:\/\/sagardeche.fr\/wordpress\/#website","url":"https:\/\/sagardeche.fr\/wordpress\/","name":"SagArdeche","description":"Soci\u00e9t\u00e9 des Amateurs de G\u00e9n\u00e9alogie de l&#039;Ard\u00e8che","publisher":{"@id":"https:\/\/sagardeche.fr\/wordpress\/#organization"},"alternateName":"saga","potentialAction":[{"@type":"SearchAction","target":{"@type":"EntryPoint","urlTemplate":"https:\/\/sagardeche.fr\/wordpress\/?s={search_term_string}"},"query-input":{"@type":"PropertyValueSpecification","valueRequired":true,"valueName":"search_term_string"}}],"inLanguage":"fr-FR"},{"@type":"Organization","@id":"https:\/\/sagardeche.fr\/wordpress\/#organization","name":"Soci\u00e9t\u00e9 des Amateurs de G\u00e9n\u00e9alogie de l'Ard\u00e8che","alternateName":"SAGA","url":"https:\/\/sagardeche.fr\/wordpress\/","logo":{"@type":"ImageObject","inLanguage":"fr-FR","@id":"https:\/\/sagardeche.fr\/wordpress\/#\/schema\/logo\/image\/","url":"https:\/\/sagardeche.fr\/wordpress\/wp-content\/uploads\/2022\/06\/cropped-LogoSAGA3-1.jpg","contentUrl":"https:\/\/sagardeche.fr\/wordpress\/wp-content\/uploads\/2022\/06\/cropped-LogoSAGA3-1.jpg","width":50,"height":80,"caption":"Soci\u00e9t\u00e9 des Amateurs de G\u00e9n\u00e9alogie de l'Ard\u00e8che"},"image":{"@id":"https:\/\/sagardeche.fr\/wordpress\/#\/schema\/logo\/image\/"},"sameAs":["https:\/\/www.facebook.com\/geneardeche"]}]}},"_links":{"self":[{"href":"https:\/\/sagardeche.fr\/wordpress\/index.php\/wp-json\/wp\/v2\/pages\/1233","targetHints":{"allow":["GET"]}}],"collection":[{"href":"https:\/\/sagardeche.fr\/wordpress\/index.php\/wp-json\/wp\/v2\/pages"}],"about":[{"href":"https:\/\/sagardeche.fr\/wordpress\/index.php\/wp-json\/wp\/v2\/types\/page"}],"author":[{"embeddable":true,"href":"https:\/\/sagardeche.fr\/wordpress\/index.php\/wp-json\/wp\/v2\/users\/1"}],"replies":[{"embeddable":true,"href":"https:\/\/sagardeche.fr\/wordpress\/index.php\/wp-json\/wp\/v2\/comments?post=1233"}],"version-history":[{"count":7,"href":"https:\/\/sagardeche.fr\/wordpress\/index.php\/wp-json\/wp\/v2\/pages\/1233\/revisions"}],"predecessor-version":[{"id":2289,"href":"https:\/\/sagardeche.fr\/wordpress\/index.php\/wp-json\/wp\/v2\/pages\/1233\/revisions\/2289"}],"wp:attachment":[{"href":"https:\/\/sagardeche.fr\/wordpress\/index.php\/wp-json\/wp\/v2\/media?parent=1233"}],"wp:term":[{"taxonomy":"category","embeddable":true,"href":"https:\/\/sagardeche.fr\/wordpress\/index.php\/wp-json\/wp\/v2\/categories?post=1233"},{"taxonomy":"post_tag","embeddable":true,"href":"https:\/\/sagardeche.fr\/wordpress\/index.php\/wp-json\/wp\/v2\/tags?post=1233"}],"curies":[{"name":"wp","href":"https:\/\/api.w.org\/{rel}","templated":true}]}}