{"id":1228,"date":"2022-09-16T16:36:23","date_gmt":"2022-09-16T14:36:23","guid":{"rendered":"https:\/\/sagardeche.fr\/wordpress\/?page_id=1228"},"modified":"2023-03-17T20:34:11","modified_gmt":"2023-03-17T19:34:11","slug":"insurrection-de-1851","status":"publish","type":"page","link":"https:\/\/sagardeche.fr\/wordpress\/index.php\/insurrection-de-1851\/","title":{"rendered":"Insurrection de 1851"},"content":{"rendered":"\n<p><strong>Les Suites de l&rsquo;Insurrection de 1851 en Ard\u00e8che<\/strong><\/p>\n\n\n\n<p><strong>Liste des victimes de la r\u00e9pression<\/strong><br>Le 2 d\u00e9cembre 1851 survient un \u00e9v\u00e9nement qui va changer le visage politique de la France pour une vingtaine d&rsquo;ann\u00e9es&nbsp;: Louis Napol\u00e9on Bonaparte, pr\u00e9sident de la R\u00e9publique depuis plus de trois ans, va, sous le pr\u00e9texte de sauver la R\u00e9publique menac\u00e9e par les royalistes, r\u00e9ussir un coup d&rsquo;\u00e9tat foment\u00e9 avec un machiav\u00e9lisme surprenant.<br>Revenons bri\u00e8vement sur les origines de ce \u00e9pisode. La loi Falloux, vot\u00e9e par une chambre \u00e0 majorit\u00e9 \u00ab\u00a0l\u00e9gitimiste\u00a0\u00bb, n&rsquo;accorde le droit de vote qu&rsquo;aux \u00e9lecteurs r\u00e9sidant dans le canton depuis plus de trois ans. Cette disposition tr\u00e8s adroite supprime le droit de vote \u00e0 plus de trois millions d&rsquo;\u00e9lecteurs sur huit millions et justement \u00e0 trois millions d&rsquo;\u00e9lecteurs r\u00e9publicains. En effet, la r\u00e9volution industrielle a, depuis peu, amen\u00e9 une migration des petites gens de la campagne vers la ville pour y trouver du travail. C&rsquo;est dans ces milieux ouvriers que les partis r\u00e9publicains et socialistes recrutent leurs \u00e9lecteurs.<br>Louis-Napol\u00e9on Bonaparte se pose donc en d\u00e9fenseur des libert\u00e9s et de la R\u00e9publique en promulgant un d\u00e9cret qui, \u00e0 la fois, dissout l&rsquo;Assembl\u00e9e Nationale et r\u00e9tablit le suffrage universel. Ce d\u00e9cret est affich\u00e9 dans Paris dans la nuit du 1er au 2 d\u00e9cembre.<br>L&rsquo;opinion publique, dans un premier temps, semble presque favorable \u00e0 cette disposition. Quelques personnalit\u00e9s r\u00e9agissent pourtant: Victor Hugo clame son indignation et appelle \u00e0 la r\u00e9sistance. Quelques d\u00e9put\u00e9s suivent: Baudin, d\u00e9put\u00e9 de l&rsquo;Ain est tu\u00e9 sur une barricade.<br>Comble de la duplicit\u00e9, Louis Napol\u00e9on Bonaparte rectifie \u00e0 retardement son d\u00e9cret&nbsp;: le suffrage universel annonc\u00e9 n&rsquo;est pas maintenu: seuls pourront participer au vote les \u00e9lecteurs inscrits sur les listes de 1849. Mais Paris r\u00e9agit lentement, si lentement que les troupes quadrillent solidement la ville et la banlieue avant que n&rsquo;apparaissent les premiers soul\u00e8vements. L&rsquo;insurrection, vou\u00e9e \u00e0 l&rsquo;\u00e9chec, avorte.<br>Dans la foul\u00e9e, de nombreuses insurrections localis\u00e9es apparaissent dans diverses r\u00e9gions de France et en particulier en Dr\u00f4me et Ard\u00e8che. Elles aussi \u00e9taient vou\u00e9es \u00e0 l&rsquo;\u00e9chec. Le r\u00e9f\u00e9rendum, organis\u00e9 \u00e0 la h\u00e2te, met fin aux troubles par la victoire \u00e9crasante du oui (7.436.216 oui &#8211; 640.727 non). Vernoux est le seul canton de France \u00e0 donner la majorit\u00e9 au non.<br>Dans les jours qui suivent, une r\u00e9pression intense est mise en place, en Dr\u00f4me et Ard\u00e8che en particulier. Nous donnons ci-dessous les noms des victimes de cette r\u00e9pression en Ard\u00e8che. Peut-\u00eatre trouverez vous parmi elles quelque anc\u00eatre dont vous ne connaissiez pas les convictions politiques !<br>R\u00e9gine VALLIER. Michel GUIGAL<br>Sources&nbsp;: \u00ab\u00a0L&rsquo;espoir au coeur\u00a0\u00bb G.J. Arch\u00e9 Editions Curandera 1981<br>ANNEXES<\/p>\n\n\n\n<p><strong>A. CHRONOLOGIE DES EVENEMENTS<\/strong><br>Mardi 2 d\u00e9cembre 1851&nbsp;: Coup d&rsquo;Etat de Louis-Napoleon.<br>Mercredi 3 decembre 1851&nbsp;: Agitation \u00e0 Crest.<br>Jeudi 4 d\u00e9cembre 1851&nbsp;: Mouvement dune colonne d&rsquo;insurg\u00e9s depuis Die et Saillans. Mouvement d&rsquo;une autre colonne depuis Gr\u00e2ne. Combat dans la plaine du Lac \u00e0 Privas. Combat \u00e0 Largentiere.<br>Vendredi 5 d\u00e9cembre 1851&nbsp;: Mouvement d&rsquo;une troisi\u00e8me colonne depuis Dieulefit.<br>Samedi 6 d\u00e9cembre 1851&nbsp;: Passage de cette colonne \u00e0 Bourdeaux. Combat de la colonne de Gr\u00e2ne devant Crest. Le soir: combat de la colonne de Saillans \u00e0 Crest contre les renforts venus de Valence.<br>Dimanche 7 decembre 1851: Combat des Dieulefitois et Bourdelois \u00e0 Crest. Soul\u00e8vement \u00e0 Marsanne et retraite des colonnes du 13\u00e8me et du 63\u00e8me de ligne.<br>Lundi 8 decembre 1851&nbsp;:Combat \u00e0 Sauzet.<br>Mardi 9 decembre 1851&nbsp;:Commencement de la r\u00e9pression. Les insurg\u00e9s sont pourchass\u00e9s dans les deux d\u00e9partements par les troupes et la gendarmerie.<\/p>\n\n\n\n<p><strong>B. LISTE DES VICTIMES DE LA REPRESSION APRES L&rsquo;INSURRECTION DE 1851 (Statistiques pour servir \u00e0 l&rsquo;histoire de l&rsquo;insurrection de 1851)<\/strong><br>1. EN ARDECHE<br>MORT A CAYENNE<br>Plavares (Eug\u00e8ne), cultivateur, \u00e0 Salavas.<\/p>\n\n\n\n<p>AUTRES <\/p>\n\n\n\n<p> A CAYENNE<br>B\u00e9alet, cultivateur, \u00e0 Lamiot (?).<br>Fargin (Henry), cultivateur, \u00e0 Labagne.<br>Merlin, proprietaire, \u00e0 Saint-Lager.<br>Pisan (Regis), ma\u00e7on, \u00e0 Saint-Lager.<br>Sillol (Albert), charron, \u00e0 Mezanne (?).<br>Tournaire, cultivateur, \u00e0 Villeneuve-de-Berg.<br>Viouroux, m\u00e9decin, \u00e0 Vals.<br><\/p>\n\n\n\n<p>CONDAMNES AUX TRAVAUX FORCES<br>Blane (Louis), domestique, \u00e0 Lagorce.<br>Martin (Michel), journalier, \u00e0 Lagorce.<br>Monneyron (Pierre), cultivateur, a Lagorce.<\/p>\n\n\n\n<p>AFRIQUE &#8212; EXIL &#8212; INTERNEMENT &#8212; PRISON<br>Argaud (Frederic), proprietaire, \u00e0 Chomerac.<br>Audouard (Laurent).<br>Baume (Victor), \u00e0 Vallon.<br>Beaumette, ouvrier en soie, \u00e0 Rosieres.<br>Beolet, megissier, \u00e0 Annonay.<br>Berard pere, proprietaire, \u00e0 Saint-Lager.<br>Bertrand (Hippolyte), cabaretier, \u00e0 Chomerac.<br>Besson (Joseph), serrurier, \u00e0 Baix.<br>Bisson (Henri), marechal-ferrant, \u00e0 Vallon.<br>Boissin-Laroche (Th\u00e9odore), geometre, \u00e0 Saint-Andr\u00e9-de-Cruzieres.<br>Bolze (Jean), cultivateur, aux Vans.<br>Bonnaure, ex-maire de Saint-Michel-de-Boulogne .<br>Boulle (Jacques), platrier, \u00e0 Salavas.<br>Boyer (Jacques), cultivateur, \u00e0 Saint-Julien (?).<br>Breysse (Piere), cultivateur, \u00e0 Largentiere.<br>Briant (Louis), juge de paix, \u00e0 Aubenas.<br>Brunet (Jean-Baptiste), \u00e0 Largenti\u00e8re.<br>Carrail (Antoine), instituteur, \u00e0 Genestelle.<br>Chalmeton (Joseph), cultivateur, aux Assions.<br>Champagnet (Jean-Louis), cultivateur, \u00e0 Antraigues.<br>Champetier (Fran\u00e7ois), propri\u00e9taire, \u00e0 Sampzon.<br>Charmasson (Henri), cultivateur, \u00e0 Labastide.<br>Charon (Hippolyte g\u00e9ometre, \u00e0 Privas.<br>Chasson (Francois-R\u00e9gis), au Teil.<br>Chaunadant (Laurent), cordonnier, a Saint-Vincent.<br>Chave (Louis), proprietaire, \u00e0 Chom\u00e9rac.<br>Chazallet (Antoine), ex-garde champ\u00eatre, \u00e0 Saint-Laurent.<br>Clot, \u00e0 La Voulte.<br>Coulet, ancien notaire.<br>Coulomb (Jean-Louis), cultivateur, \u00e0 Largentiere.<br>Coulomb dit Combettes, B Laurac.<br>Courbier (Victor), cultivateur, \u00e0 Laurac.<br>Court (Casimir), mouleur, \u00e0 Aisac.<br>Courtin (Jean-Pierre), tailleur, \u00e0 Largenti\u00e8re.<br>Coustaury (Joseph) , cultivateur, \u00e0 Largenti\u00e8re.<br>Coustaury (Victor) fils, cultivateur, \u00e0 Largenti\u00e8re.<br>Crotte (Maurice), commis, \u00e0 Joyeuse.<br>Delenne, \u00e0 Lablach\u00e8re.<br>Deschanel (Jean-Pierre), boulanger, \u00e0 La Blach\u00e8re.<br>Don\u00e8de, dit Montier, \u00e0 Villeneuve-de-Berg.<br>Dumas (Jean-Pierre), cultivateur, \u00e0 Largenti\u00e8re.<br>Dumas (Antoine!, cultivateur, \u00e0 Balazuc.<br>Durand, \u00e0 Bourg Saint-Andeol.<br>Durand (Louis), ouvrier tanneur, \u00e0 Vallon.<br>Dutrone fils, cordonnier, \u00e0 Alboussi\u00e8res.<br>Eldin (Auguste), \u00e0 Salavas.<br>Eldin (Alexandre), \u00e0 Lagorce.<br>Espie, \u00e0 Ajoux.<br>Fay (Joseph), propri\u00e9taire, \u00e0 Saint-Lager-Bressac.<br>Fayolle (Louis), cultivateur, \u00e0 Joyeuse.<br>Feaugier (Jean-Pierre), aubergiste, \u00e0 Saint-Julien-du-Gua,<br>Feaugier (Noel), cultivateur, \u00e0 Saint-Vincent-de-Boulogne.<br>Feschet (Pierre), menuisier, \u00e0 Saint-Symphorien.<br>Fialon (Jean-Victor), instituteur, \u00e0 Sainte-Eulalie.<br>Fournier. Froment (Fran\u00e7ois), cultivateur, aux Vans.<br>Gauthier (Jean-Antoine), facteur rural, \u00e0 Privas.<br>Gilles (Etienne), proprietaire, \u00e0 Saint-Marcel.<br>Gilles fils, \u00e0 La Blach\u00e8re.<br>Gleizal, ouvrier en soie, \u00e0 Largenti\u00e8re.<br>Goutail (Felix), teinturier, \u00e0 Largenti\u00e8re.<br>Gravier, fils d&rsquo;huissier, \u00e0 Largenti\u00e8re.<br>Grel (Paul), ouvrier en soie, \u00e0 Largenti\u00e8re.<br>Guigne (Jean-Andre), cultivateur, \u00e0 Chom\u00e9rac.<br>Guiramand, medecin, \u00e0 Viviers.<br>Hugon.<br>Jacques p\u00e8re, menuisier, \u00e0 Salavas.<br>Joanny (Pierre-Joseph), cabaretier, \u00e0 Genestelle.<br>Lacombe (Germain), etudiant, \u00e0 Burzet.<br>Largier (Noel), fils, tailleur, \u00e0 Lagorce.<br>Lebre (Francois), cultivateur, \u00e0 Vallon.<br>Lebre-Theron (Victor), cultivateur, \u00e0 Aumieres(?).<br>Lemaire (Emile), avocat, \u00e0 Largenti\u00e8re.<br>Maleval, a Privas.<br>Mansard (Jean-Baptiste), tuilier, \u00e0 Saint-Ambroix (Gard?).<br>Marchier (Auguste), proprietaire, \u00e0 Chom\u00e9rac.<br>Martin (Jean), cultivateur, \u00e0 Vallon.<br>Martin (Joseph), cultivateur, \u00e0 Chandolas.<br>Martin (Etienne), cultivateur, \u00e0 Vagnas.<br>Martin (Numa-Th\u00e9ophile), brigadier au troisi\u00e8me escadron du train.<br>Martin (Henri), \u00e0 Vals.<br>Mazon, docteur en medecine, \u00e0 Largenti\u00e8re.<br>Millet (Michel). Morel (Joseph), platrier, \u00e0 Vallon.<br>Mouraret (Pierre), \u00e0 Laurac.<br>Mourrier (Pierre), scieur de long, \u00e0 Pranles.<br>Mouron (Jean-Antoine), proprietaire, \u00e0 Saint-Vincent (de Barres ? de Durfort ?).<br>Mure \u00e0 Tournon.<br>Pelier (Henri-Etienne), proprietaire, \u00e0 La Bastide-de-Virac.<br>Perrin (Honor\u00e9), cultivateur, \u00e0 Saint-Vincent-de-Barr\u00e8s.<br>Perruchon, \u00e0 Saint-Andeol.<br>Peschaire (Scipion), \u00e0 Vallon.<br>Picon (Jean), tailleur, \u00e0 Berrias.<br>Planet (L.-Etienne), garde-champetre, \u00e0 Chom\u00e9rac.<br>Prat (Florentin), mangonnier, \u00e0 Largentiere.<br>Vuiot (Clair), tailleur de pierres, \u00e0 Chom\u00e9rac.<br>Ranc (FranCois), mineur, \u00e0 Guilherand.<br>Ranc, pere, tailleur, \u00e0 Chom\u00e9rac.<br>Revire (Frederic), cultivateur, \u00e0 Saint-Vincent-de-Barr\u00e8s .<br>Salavert (Jean-Pierre), cultivateur.<br>Salet, p\u00e8re.<br>Saquiel(Francois), maire, \u00e0 Saint-Laurent-du-Pape .<br>Sarramejane (Jean), fils.<br>Seboul (Auguste), ferblantier, au Teil.<br>Serre (Cyprien), tailleur, au Teil.<br>Silhol (Pierre), moulinier en soie, \u00e0 Lagorce.<br>Souchon, \u00e0 Vallon.<br>Suchet (Francois), chaufournier, \u00e0 Largentiere.<br>Terrasse, \u00e0 Genestelle.<br>Valette (Frederic), tisserand, \u00e0 Brune (Chom\u00e9rac).<br>Varenne (Louis), cultivateur, \u00e0 Chom\u00e9rac.<br>Varennes (Charles), tailleur de pierres, \u00e0 Chom\u00e9rac.<br>Vezian (Claude), cultivateur, \u00e0 Chom\u00e9rac.<br>Victor (Amedee-Andre), sans profession, \u00e0 Largenti\u00e8re.<br>Vincent, cafetier, \u00e0 Chassiers.<br>Zicher (Jacques), potier, \u00e0 Vagnas.<\/p>\n","protected":false},"excerpt":{"rendered":"<p>Les Suites de l&rsquo;Insurrection de 1851 en Ard\u00e8che Liste des victimes de la r\u00e9pressionLe 2 d\u00e9cembre 1851 survient un \u00e9v\u00e9nement qui va changer le visage politique de la France pour une vingtaine d&rsquo;ann\u00e9es&nbsp;: Louis Napol\u00e9on Bonaparte, pr\u00e9sident de la R\u00e9publique depuis plus de trois ans, va, sous le pr\u00e9texte de sauver la R\u00e9publique menac\u00e9e par [&hellip;]<\/p>\n","protected":false},"author":1,"featured_media":0,"parent":0,"menu_order":0,"comment_status":"closed","ping_status":"closed","template":"","meta":{"footnotes":""},"categories":[12],"tags":[],"class_list":["post-1228","page","type-page","status-publish","hentry","category-histoire"],"yoast_head":"<!-- This site is optimized with the Yoast SEO plugin v24.2 - https:\/\/yoast.com\/wordpress\/plugins\/seo\/ -->\n<title>Insurrection de 1851 - SagArdeche<\/title>\n<meta name=\"description\" content=\"Insurrection de 1851 SagArdeche Histoire Soci\u00e9t\u00e9 amateurs g\u00e9n\u00e9alogie Ard\u00e8che Registres BMS Notaires paroissiaux Origines Ard\u00e9choises expoactes saga protestants\" \/>\n<meta name=\"robots\" content=\"index, follow, max-snippet:-1, max-image-preview:large, max-video-preview:-1\" \/>\n<link rel=\"canonical\" href=\"https:\/\/sagardeche.fr\/wordpress\/index.php\/insurrection-de-1851\/\" \/>\n<meta property=\"og:locale\" content=\"fr_FR\" \/>\n<meta property=\"og:type\" content=\"article\" \/>\n<meta property=\"og:title\" content=\"Insurrection de 1851 - SagArdeche\" \/>\n<meta property=\"og:description\" content=\"Insurrection de 1851 SagArdeche Histoire Soci\u00e9t\u00e9 amateurs g\u00e9n\u00e9alogie Ard\u00e8che Registres BMS Notaires paroissiaux Origines Ard\u00e9choises expoactes saga protestants\" \/>\n<meta property=\"og:url\" content=\"https:\/\/sagardeche.fr\/wordpress\/index.php\/insurrection-de-1851\/\" \/>\n<meta property=\"og:site_name\" content=\"SagArdeche\" \/>\n<meta property=\"article:publisher\" content=\"https:\/\/www.facebook.com\/geneardeche\" \/>\n<meta property=\"article:modified_time\" content=\"2023-03-17T19:34:11+00:00\" \/>\n<meta name=\"twitter:card\" content=\"summary_large_image\" \/>\n<meta name=\"twitter:label1\" content=\"Dur\u00e9e de lecture estim\u00e9e\" \/>\n\t<meta name=\"twitter:data1\" content=\"7 minutes\" \/>\n<script type=\"application\/ld+json\" class=\"yoast-schema-graph\">{\"@context\":\"https:\/\/schema.org\",\"@graph\":[{\"@type\":\"WebPage\",\"@id\":\"https:\/\/sagardeche.fr\/wordpress\/index.php\/insurrection-de-1851\/\",\"url\":\"https:\/\/sagardeche.fr\/wordpress\/index.php\/insurrection-de-1851\/\",\"name\":\"Insurrection de 1851 - SagArdeche\",\"isPartOf\":{\"@id\":\"https:\/\/sagardeche.fr\/wordpress\/#website\"},\"datePublished\":\"2022-09-16T14:36:23+00:00\",\"dateModified\":\"2023-03-17T19:34:11+00:00\",\"description\":\"Insurrection de 1851 SagArdeche Histoire Soci\u00e9t\u00e9 amateurs g\u00e9n\u00e9alogie Ard\u00e8che Registres BMS Notaires paroissiaux Origines Ard\u00e9choises expoactes saga protestants\",\"breadcrumb\":{\"@id\":\"https:\/\/sagardeche.fr\/wordpress\/index.php\/insurrection-de-1851\/#breadcrumb\"},\"inLanguage\":\"fr-FR\",\"potentialAction\":[{\"@type\":\"ReadAction\",\"target\":[\"https:\/\/sagardeche.fr\/wordpress\/index.php\/insurrection-de-1851\/\"]}]},{\"@type\":\"BreadcrumbList\",\"@id\":\"https:\/\/sagardeche.fr\/wordpress\/index.php\/insurrection-de-1851\/#breadcrumb\",\"itemListElement\":[{\"@type\":\"ListItem\",\"position\":1,\"name\":\"Accueil\",\"item\":\"https:\/\/sagardeche.fr\/wordpress\/\"},{\"@type\":\"ListItem\",\"position\":2,\"name\":\"Insurrection de 1851\"}]},{\"@type\":\"WebSite\",\"@id\":\"https:\/\/sagardeche.fr\/wordpress\/#website\",\"url\":\"https:\/\/sagardeche.fr\/wordpress\/\",\"name\":\"SagArdeche\",\"description\":\"Soci\u00e9t\u00e9 des Amateurs de G\u00e9n\u00e9alogie de l&#039;Ard\u00e8che\",\"publisher\":{\"@id\":\"https:\/\/sagardeche.fr\/wordpress\/#organization\"},\"alternateName\":\"saga\",\"potentialAction\":[{\"@type\":\"SearchAction\",\"target\":{\"@type\":\"EntryPoint\",\"urlTemplate\":\"https:\/\/sagardeche.fr\/wordpress\/?s={search_term_string}\"},\"query-input\":{\"@type\":\"PropertyValueSpecification\",\"valueRequired\":true,\"valueName\":\"search_term_string\"}}],\"inLanguage\":\"fr-FR\"},{\"@type\":\"Organization\",\"@id\":\"https:\/\/sagardeche.fr\/wordpress\/#organization\",\"name\":\"Soci\u00e9t\u00e9 des Amateurs de G\u00e9n\u00e9alogie de l'Ard\u00e8che\",\"alternateName\":\"SAGA\",\"url\":\"https:\/\/sagardeche.fr\/wordpress\/\",\"logo\":{\"@type\":\"ImageObject\",\"inLanguage\":\"fr-FR\",\"@id\":\"https:\/\/sagardeche.fr\/wordpress\/#\/schema\/logo\/image\/\",\"url\":\"https:\/\/sagardeche.fr\/wordpress\/wp-content\/uploads\/2022\/06\/cropped-LogoSAGA3-1.jpg\",\"contentUrl\":\"https:\/\/sagardeche.fr\/wordpress\/wp-content\/uploads\/2022\/06\/cropped-LogoSAGA3-1.jpg\",\"width\":50,\"height\":80,\"caption\":\"Soci\u00e9t\u00e9 des Amateurs de G\u00e9n\u00e9alogie de l'Ard\u00e8che\"},\"image\":{\"@id\":\"https:\/\/sagardeche.fr\/wordpress\/#\/schema\/logo\/image\/\"},\"sameAs\":[\"https:\/\/www.facebook.com\/geneardeche\"]}]}<\/script>\n<!-- \/ Yoast SEO plugin. -->","yoast_head_json":{"title":"Insurrection de 1851 - SagArdeche","description":"Insurrection de 1851 SagArdeche Histoire Soci\u00e9t\u00e9 amateurs g\u00e9n\u00e9alogie Ard\u00e8che Registres BMS Notaires paroissiaux Origines Ard\u00e9choises expoactes saga protestants","robots":{"index":"index","follow":"follow","max-snippet":"max-snippet:-1","max-image-preview":"max-image-preview:large","max-video-preview":"max-video-preview:-1"},"canonical":"https:\/\/sagardeche.fr\/wordpress\/index.php\/insurrection-de-1851\/","og_locale":"fr_FR","og_type":"article","og_title":"Insurrection de 1851 - SagArdeche","og_description":"Insurrection de 1851 SagArdeche Histoire Soci\u00e9t\u00e9 amateurs g\u00e9n\u00e9alogie Ard\u00e8che Registres BMS Notaires paroissiaux Origines Ard\u00e9choises expoactes saga protestants","og_url":"https:\/\/sagardeche.fr\/wordpress\/index.php\/insurrection-de-1851\/","og_site_name":"SagArdeche","article_publisher":"https:\/\/www.facebook.com\/geneardeche","article_modified_time":"2023-03-17T19:34:11+00:00","twitter_card":"summary_large_image","twitter_misc":{"Dur\u00e9e de lecture estim\u00e9e":"7 minutes"},"schema":{"@context":"https:\/\/schema.org","@graph":[{"@type":"WebPage","@id":"https:\/\/sagardeche.fr\/wordpress\/index.php\/insurrection-de-1851\/","url":"https:\/\/sagardeche.fr\/wordpress\/index.php\/insurrection-de-1851\/","name":"Insurrection de 1851 - SagArdeche","isPartOf":{"@id":"https:\/\/sagardeche.fr\/wordpress\/#website"},"datePublished":"2022-09-16T14:36:23+00:00","dateModified":"2023-03-17T19:34:11+00:00","description":"Insurrection de 1851 SagArdeche Histoire Soci\u00e9t\u00e9 amateurs g\u00e9n\u00e9alogie Ard\u00e8che Registres BMS Notaires paroissiaux Origines Ard\u00e9choises expoactes saga protestants","breadcrumb":{"@id":"https:\/\/sagardeche.fr\/wordpress\/index.php\/insurrection-de-1851\/#breadcrumb"},"inLanguage":"fr-FR","potentialAction":[{"@type":"ReadAction","target":["https:\/\/sagardeche.fr\/wordpress\/index.php\/insurrection-de-1851\/"]}]},{"@type":"BreadcrumbList","@id":"https:\/\/sagardeche.fr\/wordpress\/index.php\/insurrection-de-1851\/#breadcrumb","itemListElement":[{"@type":"ListItem","position":1,"name":"Accueil","item":"https:\/\/sagardeche.fr\/wordpress\/"},{"@type":"ListItem","position":2,"name":"Insurrection de 1851"}]},{"@type":"WebSite","@id":"https:\/\/sagardeche.fr\/wordpress\/#website","url":"https:\/\/sagardeche.fr\/wordpress\/","name":"SagArdeche","description":"Soci\u00e9t\u00e9 des Amateurs de G\u00e9n\u00e9alogie de l&#039;Ard\u00e8che","publisher":{"@id":"https:\/\/sagardeche.fr\/wordpress\/#organization"},"alternateName":"saga","potentialAction":[{"@type":"SearchAction","target":{"@type":"EntryPoint","urlTemplate":"https:\/\/sagardeche.fr\/wordpress\/?s={search_term_string}"},"query-input":{"@type":"PropertyValueSpecification","valueRequired":true,"valueName":"search_term_string"}}],"inLanguage":"fr-FR"},{"@type":"Organization","@id":"https:\/\/sagardeche.fr\/wordpress\/#organization","name":"Soci\u00e9t\u00e9 des Amateurs de G\u00e9n\u00e9alogie de l'Ard\u00e8che","alternateName":"SAGA","url":"https:\/\/sagardeche.fr\/wordpress\/","logo":{"@type":"ImageObject","inLanguage":"fr-FR","@id":"https:\/\/sagardeche.fr\/wordpress\/#\/schema\/logo\/image\/","url":"https:\/\/sagardeche.fr\/wordpress\/wp-content\/uploads\/2022\/06\/cropped-LogoSAGA3-1.jpg","contentUrl":"https:\/\/sagardeche.fr\/wordpress\/wp-content\/uploads\/2022\/06\/cropped-LogoSAGA3-1.jpg","width":50,"height":80,"caption":"Soci\u00e9t\u00e9 des Amateurs de G\u00e9n\u00e9alogie de l'Ard\u00e8che"},"image":{"@id":"https:\/\/sagardeche.fr\/wordpress\/#\/schema\/logo\/image\/"},"sameAs":["https:\/\/www.facebook.com\/geneardeche"]}]}},"_links":{"self":[{"href":"https:\/\/sagardeche.fr\/wordpress\/index.php\/wp-json\/wp\/v2\/pages\/1228","targetHints":{"allow":["GET"]}}],"collection":[{"href":"https:\/\/sagardeche.fr\/wordpress\/index.php\/wp-json\/wp\/v2\/pages"}],"about":[{"href":"https:\/\/sagardeche.fr\/wordpress\/index.php\/wp-json\/wp\/v2\/types\/page"}],"author":[{"embeddable":true,"href":"https:\/\/sagardeche.fr\/wordpress\/index.php\/wp-json\/wp\/v2\/users\/1"}],"replies":[{"embeddable":true,"href":"https:\/\/sagardeche.fr\/wordpress\/index.php\/wp-json\/wp\/v2\/comments?post=1228"}],"version-history":[{"count":5,"href":"https:\/\/sagardeche.fr\/wordpress\/index.php\/wp-json\/wp\/v2\/pages\/1228\/revisions"}],"predecessor-version":[{"id":2288,"href":"https:\/\/sagardeche.fr\/wordpress\/index.php\/wp-json\/wp\/v2\/pages\/1228\/revisions\/2288"}],"wp:attachment":[{"href":"https:\/\/sagardeche.fr\/wordpress\/index.php\/wp-json\/wp\/v2\/media?parent=1228"}],"wp:term":[{"taxonomy":"category","embeddable":true,"href":"https:\/\/sagardeche.fr\/wordpress\/index.php\/wp-json\/wp\/v2\/categories?post=1228"},{"taxonomy":"post_tag","embeddable":true,"href":"https:\/\/sagardeche.fr\/wordpress\/index.php\/wp-json\/wp\/v2\/tags?post=1228"}],"curies":[{"name":"wp","href":"https:\/\/api.w.org\/{rel}","templated":true}]}}