{"id":1221,"date":"2022-09-16T16:30:04","date_gmt":"2022-09-16T14:30:04","guid":{"rendered":"https:\/\/sagardeche.fr\/wordpress\/?page_id=1221"},"modified":"2022-09-18T16:21:04","modified_gmt":"2022-09-18T14:21:04","slug":"periode-revolutionnaire","status":"publish","type":"page","link":"https:\/\/sagardeche.fr\/wordpress\/index.php\/periode-revolutionnaire\/","title":{"rendered":"P\u00e9riode R\u00e9volutionnaire"},"content":{"rendered":"\n<p class=\"has-text-align-center\"><strong>Le Serment constitutionnel<\/strong><\/p>\n\n\n\n<p>Cur\u00e9s asserment\u00e9s \/ inserment\u00e9s<\/p>\n\n\n\n<p><strong><em>LE SERMENT CIVIQUE<\/em><\/strong><\/p>\n\n\n\n<p>Plusieurs serments ont port\u00e9 le nom de serment civique ; toutefois, cette qualification para\u00eet davantage convenir au premier de tous, qui fut d\u00e9cr\u00e9t\u00e9 par l&rsquo;Assembl\u00e9e nationale constituante, le 4 f\u00e9vrier 1790.<br>La formule de ce serment \u00e9tait la suivante&nbsp;:<\/p>\n\n\n\n<p>\u00ab\u00a0Je jure d&rsquo;\u00eatre fid\u00e8le \u00e0 la Nation, \u00e0 la Loi et au Roi et de maintenir de tout mon pouvoir la Constitution d\u00e9cr\u00e9t\u00e9e par l&rsquo;Assembl\u00e9e nationale et accept\u00e9e par le Roi.\u00a0\u00bb<\/p>\n\n\n\n<p>En 1790, des f\u00eates furent c\u00e9l\u00e9br\u00e9es en Vend\u00e9e, \u00e0 l&rsquo;occasion de la prestation du serment civique&nbsp;: \u00e0 Montaigu, le 6 avril ; \u00e0 Challans, le 13 mai ; aux Sables-d&rsquo;Olonne, \u00e0 Saint-Gilles, \u00e0 Fontenay, etc., le 14 juillet ; la plupart, avec le concours du clerg\u00e9.<\/p>\n\n\n\n<p><strong><em>LE SERMENT A LA CONSTITUTION CIVILE DU CLERG\u00c9<\/em><\/strong><\/p>\n\n\n\n<p>Ce serment, d\u00e9cr\u00e9t\u00e9 par l&rsquo;Assembl\u00e9e nationale constituante, le 12 juillet 1790 et confirm\u00e9 par le d\u00e9cret du 27 novembre suivant, avait re\u00e7u, le 26 d\u00e9cembre et apr\u00e8s de longues h\u00e9sitations, la sanction du roi. Il \u00e9tait ainsi formul\u00e9&nbsp;:<\/p>\n\n\n\n<p>\u00ab\u00a0Je jure de veiller avec soin sur les fid\u00e8les du dioc\u00e8se (de la paroisse) qui me sont confi\u00e9s, d&rsquo;\u00eatre fid\u00e8le \u00e0 la Nation, \u00e0 la Loi et au Roi et de maintenir de tout mon pouvoir la Constitution d\u00e9cr\u00e9t\u00e9e par l&rsquo;Assembl\u00e9e nationale et accept\u00e9e par le Roi.\u00a0\u00bb<\/p>\n\n\n\n<p><em>Seuls 5 \u00e9v\u00eaques ont pr\u00eat\u00e9 serment; tous les autres, ainsi que tous les pr\u00eatres des missions \u00e9trang\u00e8res de Paris et la moiti\u00e9 de l&rsquo;ensemble des cur\u00e9s l&rsquo;ont refus\u00e9<\/em><\/p>\n\n\n<div class=\"wp-block-image\">\n<figure class=\"aligncenter\"><img decoding=\"async\" src=\"https:\/\/sagardeche.fr\/sagardeche\/images\/articles\/Periode_revolutionnaire\/11_Refus_de_prA_ter_serment.jpg\" alt=\"photo : 11_Refus_de_prA_ter_serment.jpg\" title=\"11_Refus_de_prA_ter_serment.jpg\"\/><figcaption>Refus de pr\u00eater serment<\/figcaption><\/figure><\/div>","protected":false},"excerpt":{"rendered":"<p>Le Serment constitutionnel Cur\u00e9s asserment\u00e9s \/ inserment\u00e9s LE SERMENT CIVIQUE Plusieurs serments ont port\u00e9 le nom de serment civique ; toutefois, cette qualification para\u00eet davantage convenir au premier de tous, qui fut d\u00e9cr\u00e9t\u00e9 par l&rsquo;Assembl\u00e9e nationale constituante, le 4 f\u00e9vrier 1790.La formule de ce serment \u00e9tait la suivante&nbsp;: \u00ab\u00a0Je jure d&rsquo;\u00eatre fid\u00e8le \u00e0 la Nation, [&hellip;]<\/p>\n","protected":false},"author":1,"featured_media":0,"parent":0,"menu_order":0,"comment_status":"closed","ping_status":"closed","template":"","meta":{"footnotes":""},"categories":[12],"tags":[],"class_list":["post-1221","page","type-page","status-publish","hentry","category-histoire"],"yoast_head":"<!-- This site is optimized with the Yoast SEO plugin v24.2 - https:\/\/yoast.com\/wordpress\/plugins\/seo\/ -->\n<title>P\u00e9riode R\u00e9volutionnaire - SagArdeche<\/title>\n<meta name=\"description\" content=\"P\u00e9riode R\u00e9volutionnaire SagArdeche Soci\u00e9t\u00e9 amateurs g\u00e9n\u00e9alogie Ard\u00e8che Registres BMS Notaires paroissiaux Origines Ard\u00e9choises expoactes saga protestants\" \/>\n<meta name=\"robots\" content=\"index, follow, max-snippet:-1, max-image-preview:large, max-video-preview:-1\" \/>\n<link rel=\"canonical\" href=\"https:\/\/sagardeche.fr\/wordpress\/index.php\/periode-revolutionnaire\/\" \/>\n<meta property=\"og:locale\" content=\"fr_FR\" \/>\n<meta property=\"og:type\" content=\"article\" \/>\n<meta property=\"og:title\" content=\"P\u00e9riode R\u00e9volutionnaire - SagArdeche\" \/>\n<meta property=\"og:description\" content=\"P\u00e9riode R\u00e9volutionnaire SagArdeche Soci\u00e9t\u00e9 amateurs g\u00e9n\u00e9alogie Ard\u00e8che Registres BMS Notaires paroissiaux Origines Ard\u00e9choises expoactes saga protestants\" \/>\n<meta property=\"og:url\" content=\"https:\/\/sagardeche.fr\/wordpress\/index.php\/periode-revolutionnaire\/\" \/>\n<meta property=\"og:site_name\" content=\"SagArdeche\" \/>\n<meta property=\"article:publisher\" content=\"https:\/\/www.facebook.com\/geneardeche\" \/>\n<meta property=\"article:modified_time\" content=\"2022-09-18T14:21:04+00:00\" \/>\n<meta property=\"og:image\" content=\"https:\/\/sagardeche.fr\/sagardeche\/images\/articles\/Periode_revolutionnaire\/11_Refus_de_prA_ter_serment.jpg\" \/>\n<meta name=\"twitter:card\" content=\"summary_large_image\" \/>\n<meta name=\"twitter:label1\" content=\"Dur\u00e9e de lecture estim\u00e9e\" \/>\n\t<meta name=\"twitter:data1\" content=\"1 minute\" \/>\n<script type=\"application\/ld+json\" class=\"yoast-schema-graph\">{\"@context\":\"https:\/\/schema.org\",\"@graph\":[{\"@type\":\"WebPage\",\"@id\":\"https:\/\/sagardeche.fr\/wordpress\/index.php\/periode-revolutionnaire\/\",\"url\":\"https:\/\/sagardeche.fr\/wordpress\/index.php\/periode-revolutionnaire\/\",\"name\":\"P\u00e9riode R\u00e9volutionnaire - SagArdeche\",\"isPartOf\":{\"@id\":\"https:\/\/sagardeche.fr\/wordpress\/#website\"},\"primaryImageOfPage\":{\"@id\":\"https:\/\/sagardeche.fr\/wordpress\/index.php\/periode-revolutionnaire\/#primaryimage\"},\"image\":{\"@id\":\"https:\/\/sagardeche.fr\/wordpress\/index.php\/periode-revolutionnaire\/#primaryimage\"},\"thumbnailUrl\":\"https:\/\/sagardeche.fr\/sagardeche\/images\/articles\/Periode_revolutionnaire\/11_Refus_de_prA_ter_serment.jpg\",\"datePublished\":\"2022-09-16T14:30:04+00:00\",\"dateModified\":\"2022-09-18T14:21:04+00:00\",\"description\":\"P\u00e9riode R\u00e9volutionnaire SagArdeche Soci\u00e9t\u00e9 amateurs g\u00e9n\u00e9alogie Ard\u00e8che Registres BMS Notaires paroissiaux Origines Ard\u00e9choises expoactes saga protestants\",\"breadcrumb\":{\"@id\":\"https:\/\/sagardeche.fr\/wordpress\/index.php\/periode-revolutionnaire\/#breadcrumb\"},\"inLanguage\":\"fr-FR\",\"potentialAction\":[{\"@type\":\"ReadAction\",\"target\":[\"https:\/\/sagardeche.fr\/wordpress\/index.php\/periode-revolutionnaire\/\"]}]},{\"@type\":\"ImageObject\",\"inLanguage\":\"fr-FR\",\"@id\":\"https:\/\/sagardeche.fr\/wordpress\/index.php\/periode-revolutionnaire\/#primaryimage\",\"url\":\"https:\/\/sagardeche.fr\/sagardeche\/images\/articles\/Periode_revolutionnaire\/11_Refus_de_prA_ter_serment.jpg\",\"contentUrl\":\"https:\/\/sagardeche.fr\/sagardeche\/images\/articles\/Periode_revolutionnaire\/11_Refus_de_prA_ter_serment.jpg\"},{\"@type\":\"BreadcrumbList\",\"@id\":\"https:\/\/sagardeche.fr\/wordpress\/index.php\/periode-revolutionnaire\/#breadcrumb\",\"itemListElement\":[{\"@type\":\"ListItem\",\"position\":1,\"name\":\"Accueil\",\"item\":\"https:\/\/sagardeche.fr\/wordpress\/\"},{\"@type\":\"ListItem\",\"position\":2,\"name\":\"P\u00e9riode R\u00e9volutionnaire\"}]},{\"@type\":\"WebSite\",\"@id\":\"https:\/\/sagardeche.fr\/wordpress\/#website\",\"url\":\"https:\/\/sagardeche.fr\/wordpress\/\",\"name\":\"SagArdeche\",\"description\":\"Soci\u00e9t\u00e9 des Amateurs de G\u00e9n\u00e9alogie de l&#039;Ard\u00e8che\",\"publisher\":{\"@id\":\"https:\/\/sagardeche.fr\/wordpress\/#organization\"},\"alternateName\":\"saga\",\"potentialAction\":[{\"@type\":\"SearchAction\",\"target\":{\"@type\":\"EntryPoint\",\"urlTemplate\":\"https:\/\/sagardeche.fr\/wordpress\/?s={search_term_string}\"},\"query-input\":{\"@type\":\"PropertyValueSpecification\",\"valueRequired\":true,\"valueName\":\"search_term_string\"}}],\"inLanguage\":\"fr-FR\"},{\"@type\":\"Organization\",\"@id\":\"https:\/\/sagardeche.fr\/wordpress\/#organization\",\"name\":\"Soci\u00e9t\u00e9 des Amateurs de G\u00e9n\u00e9alogie de l'Ard\u00e8che\",\"alternateName\":\"SAGA\",\"url\":\"https:\/\/sagardeche.fr\/wordpress\/\",\"logo\":{\"@type\":\"ImageObject\",\"inLanguage\":\"fr-FR\",\"@id\":\"https:\/\/sagardeche.fr\/wordpress\/#\/schema\/logo\/image\/\",\"url\":\"https:\/\/sagardeche.fr\/wordpress\/wp-content\/uploads\/2022\/06\/cropped-LogoSAGA3-1.jpg\",\"contentUrl\":\"https:\/\/sagardeche.fr\/wordpress\/wp-content\/uploads\/2022\/06\/cropped-LogoSAGA3-1.jpg\",\"width\":50,\"height\":80,\"caption\":\"Soci\u00e9t\u00e9 des Amateurs de G\u00e9n\u00e9alogie de l'Ard\u00e8che\"},\"image\":{\"@id\":\"https:\/\/sagardeche.fr\/wordpress\/#\/schema\/logo\/image\/\"},\"sameAs\":[\"https:\/\/www.facebook.com\/geneardeche\"]}]}<\/script>\n<!-- \/ Yoast SEO plugin. -->","yoast_head_json":{"title":"P\u00e9riode R\u00e9volutionnaire - SagArdeche","description":"P\u00e9riode R\u00e9volutionnaire SagArdeche Soci\u00e9t\u00e9 amateurs g\u00e9n\u00e9alogie Ard\u00e8che Registres BMS Notaires paroissiaux Origines Ard\u00e9choises expoactes saga protestants","robots":{"index":"index","follow":"follow","max-snippet":"max-snippet:-1","max-image-preview":"max-image-preview:large","max-video-preview":"max-video-preview:-1"},"canonical":"https:\/\/sagardeche.fr\/wordpress\/index.php\/periode-revolutionnaire\/","og_locale":"fr_FR","og_type":"article","og_title":"P\u00e9riode R\u00e9volutionnaire - SagArdeche","og_description":"P\u00e9riode R\u00e9volutionnaire SagArdeche Soci\u00e9t\u00e9 amateurs g\u00e9n\u00e9alogie Ard\u00e8che Registres BMS Notaires paroissiaux Origines Ard\u00e9choises expoactes saga protestants","og_url":"https:\/\/sagardeche.fr\/wordpress\/index.php\/periode-revolutionnaire\/","og_site_name":"SagArdeche","article_publisher":"https:\/\/www.facebook.com\/geneardeche","article_modified_time":"2022-09-18T14:21:04+00:00","og_image":[{"url":"https:\/\/sagardeche.fr\/sagardeche\/images\/articles\/Periode_revolutionnaire\/11_Refus_de_prA_ter_serment.jpg","type":"","width":"","height":""}],"twitter_card":"summary_large_image","twitter_misc":{"Dur\u00e9e de lecture estim\u00e9e":"1 minute"},"schema":{"@context":"https:\/\/schema.org","@graph":[{"@type":"WebPage","@id":"https:\/\/sagardeche.fr\/wordpress\/index.php\/periode-revolutionnaire\/","url":"https:\/\/sagardeche.fr\/wordpress\/index.php\/periode-revolutionnaire\/","name":"P\u00e9riode R\u00e9volutionnaire - SagArdeche","isPartOf":{"@id":"https:\/\/sagardeche.fr\/wordpress\/#website"},"primaryImageOfPage":{"@id":"https:\/\/sagardeche.fr\/wordpress\/index.php\/periode-revolutionnaire\/#primaryimage"},"image":{"@id":"https:\/\/sagardeche.fr\/wordpress\/index.php\/periode-revolutionnaire\/#primaryimage"},"thumbnailUrl":"https:\/\/sagardeche.fr\/sagardeche\/images\/articles\/Periode_revolutionnaire\/11_Refus_de_prA_ter_serment.jpg","datePublished":"2022-09-16T14:30:04+00:00","dateModified":"2022-09-18T14:21:04+00:00","description":"P\u00e9riode R\u00e9volutionnaire SagArdeche Soci\u00e9t\u00e9 amateurs g\u00e9n\u00e9alogie Ard\u00e8che Registres BMS Notaires paroissiaux Origines Ard\u00e9choises expoactes saga protestants","breadcrumb":{"@id":"https:\/\/sagardeche.fr\/wordpress\/index.php\/periode-revolutionnaire\/#breadcrumb"},"inLanguage":"fr-FR","potentialAction":[{"@type":"ReadAction","target":["https:\/\/sagardeche.fr\/wordpress\/index.php\/periode-revolutionnaire\/"]}]},{"@type":"ImageObject","inLanguage":"fr-FR","@id":"https:\/\/sagardeche.fr\/wordpress\/index.php\/periode-revolutionnaire\/#primaryimage","url":"https:\/\/sagardeche.fr\/sagardeche\/images\/articles\/Periode_revolutionnaire\/11_Refus_de_prA_ter_serment.jpg","contentUrl":"https:\/\/sagardeche.fr\/sagardeche\/images\/articles\/Periode_revolutionnaire\/11_Refus_de_prA_ter_serment.jpg"},{"@type":"BreadcrumbList","@id":"https:\/\/sagardeche.fr\/wordpress\/index.php\/periode-revolutionnaire\/#breadcrumb","itemListElement":[{"@type":"ListItem","position":1,"name":"Accueil","item":"https:\/\/sagardeche.fr\/wordpress\/"},{"@type":"ListItem","position":2,"name":"P\u00e9riode R\u00e9volutionnaire"}]},{"@type":"WebSite","@id":"https:\/\/sagardeche.fr\/wordpress\/#website","url":"https:\/\/sagardeche.fr\/wordpress\/","name":"SagArdeche","description":"Soci\u00e9t\u00e9 des Amateurs de G\u00e9n\u00e9alogie de l&#039;Ard\u00e8che","publisher":{"@id":"https:\/\/sagardeche.fr\/wordpress\/#organization"},"alternateName":"saga","potentialAction":[{"@type":"SearchAction","target":{"@type":"EntryPoint","urlTemplate":"https:\/\/sagardeche.fr\/wordpress\/?s={search_term_string}"},"query-input":{"@type":"PropertyValueSpecification","valueRequired":true,"valueName":"search_term_string"}}],"inLanguage":"fr-FR"},{"@type":"Organization","@id":"https:\/\/sagardeche.fr\/wordpress\/#organization","name":"Soci\u00e9t\u00e9 des Amateurs de G\u00e9n\u00e9alogie de l'Ard\u00e8che","alternateName":"SAGA","url":"https:\/\/sagardeche.fr\/wordpress\/","logo":{"@type":"ImageObject","inLanguage":"fr-FR","@id":"https:\/\/sagardeche.fr\/wordpress\/#\/schema\/logo\/image\/","url":"https:\/\/sagardeche.fr\/wordpress\/wp-content\/uploads\/2022\/06\/cropped-LogoSAGA3-1.jpg","contentUrl":"https:\/\/sagardeche.fr\/wordpress\/wp-content\/uploads\/2022\/06\/cropped-LogoSAGA3-1.jpg","width":50,"height":80,"caption":"Soci\u00e9t\u00e9 des Amateurs de G\u00e9n\u00e9alogie de l'Ard\u00e8che"},"image":{"@id":"https:\/\/sagardeche.fr\/wordpress\/#\/schema\/logo\/image\/"},"sameAs":["https:\/\/www.facebook.com\/geneardeche"]}]}},"_links":{"self":[{"href":"https:\/\/sagardeche.fr\/wordpress\/index.php\/wp-json\/wp\/v2\/pages\/1221","targetHints":{"allow":["GET"]}}],"collection":[{"href":"https:\/\/sagardeche.fr\/wordpress\/index.php\/wp-json\/wp\/v2\/pages"}],"about":[{"href":"https:\/\/sagardeche.fr\/wordpress\/index.php\/wp-json\/wp\/v2\/types\/page"}],"author":[{"embeddable":true,"href":"https:\/\/sagardeche.fr\/wordpress\/index.php\/wp-json\/wp\/v2\/users\/1"}],"replies":[{"embeddable":true,"href":"https:\/\/sagardeche.fr\/wordpress\/index.php\/wp-json\/wp\/v2\/comments?post=1221"}],"version-history":[{"count":1,"href":"https:\/\/sagardeche.fr\/wordpress\/index.php\/wp-json\/wp\/v2\/pages\/1221\/revisions"}],"predecessor-version":[{"id":1222,"href":"https:\/\/sagardeche.fr\/wordpress\/index.php\/wp-json\/wp\/v2\/pages\/1221\/revisions\/1222"}],"wp:attachment":[{"href":"https:\/\/sagardeche.fr\/wordpress\/index.php\/wp-json\/wp\/v2\/media?parent=1221"}],"wp:term":[{"taxonomy":"category","embeddable":true,"href":"https:\/\/sagardeche.fr\/wordpress\/index.php\/wp-json\/wp\/v2\/categories?post=1221"},{"taxonomy":"post_tag","embeddable":true,"href":"https:\/\/sagardeche.fr\/wordpress\/index.php\/wp-json\/wp\/v2\/tags?post=1221"}],"curies":[{"name":"wp","href":"https:\/\/api.w.org\/{rel}","templated":true}]}}