{"id":1200,"date":"2022-09-16T16:12:25","date_gmt":"2022-09-16T14:12:25","guid":{"rendered":"https:\/\/sagardeche.fr\/wordpress\/?page_id=1200"},"modified":"2023-02-12T18:17:37","modified_gmt":"2023-02-12T17:17:37","slug":"le-calendrier-en-france","status":"publish","type":"page","link":"https:\/\/sagardeche.fr\/wordpress\/index.php\/le-calendrier-en-france\/","title":{"rendered":"Le Calendrier en France"},"content":{"rendered":"\n<p class=\"has-text-align-center\"><strong>Evolution du Calendrier<\/strong><\/p>\n\n\n<div class=\"wp-block-image\">\n<figure class=\"aligncenter\"><img decoding=\"async\" src=\"https:\/\/sagardeche.fr\/sagardeche\/images\/articles\/Le_calendrier_en_France\/Jules_Cesar.jpg\" alt=\"photo : Jules_Cesar.jpg\" title=\"Jules_Cesar.jpg\"\/><figcaption>Jules C\u00e9sar<\/figcaption><\/figure><\/div>\n\n\n<p>Le calendrier&nbsp;<strong>julien<\/strong>&nbsp;a \u00e9t\u00e9 instaur\u00e9 le 1er janvier de l&rsquo;an 708 de la fondation de Rome, soit en 45 avant JC, par Jules C\u00e9sar sur une id\u00e9e de Sosig\u00e8ne d&rsquo;Alexandrie. Il restera en vigueur jusqu&rsquo;au 4 octobre 1582<br>Et pour uniformiser la date de d\u00e9but de l&rsquo;ann\u00e9e, par l&rsquo;\u00e9dit de Paris de janvier 1563, le Roi Charles IX d\u00e9cr\u00e8te qu&rsquo;elle commencera dor\u00e9navant le 1er janvier et cela pour tout le royaume<\/p>\n\n\n<div class=\"wp-block-image\">\n<figure class=\"aligncenter\"><img decoding=\"async\" src=\"https:\/\/sagardeche.fr\/sagardeche\/images\/articles\/Le_calendrier_en_France\/GregoireXIII.jpg\" alt=\"photo : GregoireXIII.jpg\" title=\"GregoireXIII.jpg\"\/><figcaption>Gr\u00e9goire XIII<\/figcaption><\/figure><\/div>\n\n\n<p>A cette date et en neutralisant une p\u00e9riode de 10 jours il est remplac\u00e9 par le calendrier&nbsp;<strong>gr\u00e9gorien<\/strong>&nbsp;instaur\u00e9 par Ugo Boncompagni, le Pape Gr\u00e9goire XIII, avec effet au 15 octobre 1582, par sa bulle \u00ab\u00a0inter Gravissimas\u00a0\u00bb. Il est promulgu\u00e9 en France le 9 d\u00e9cembre suivant par le Roi Henri III et sa mise en application conna\u00eetra quelques jours de retard dans certaines provinces, un \u00e0 deux si\u00e8cles en Alsace et Lorraine. Il est toujours en vigueur aujourd&rsquo;hui<\/p>\n\n\n<div class=\"wp-block-image\">\n<figure class=\"aligncenter\"><img decoding=\"async\" src=\"https:\/\/sagardeche.fr\/sagardeche\/images\/articles\/Le_calendrier_en_France\/Fabre_d_Eglantine.jpg\" alt=\"photo : Fabre_d_Eglantine.jpg\" title=\"Fabre_d_Eglantine.jpg\"\/><figcaption>Philippe-Fran\u00e7ois Fabre d&rsquo;Eglantine<\/figcaption><\/figure><\/div>\n\n\n<p>Pendant la p\u00e9riode r\u00e9volutionnaire et sur ordre de la Convention il est \u00e0 son tour remplac\u00e9 par le calendrier&nbsp;<strong>r\u00e9publicain<\/strong>&nbsp;imagin\u00e9 par Fabre d&rsquo;Eglantine, qui entre en vigueur le 15 vend\u00e9miaire de l&rsquo;an II (d\u00e9cret du 14), soit le 6 octobre 1793 avec effet r\u00e9troactif au 1er septembre 1792 (retenu alors comme le 22 vend\u00e9miaire de l&rsquo;An I) pour se terminer avec le d\u00e9cret imp\u00e9rial de Napol\u00e9on 1er en date du 22 fructidor de l&rsquo;an XIII \u00e0 effet du 01\/01\/1806, ordonnant le retour au calendrier gr\u00e9gorien. Ce calendrier r\u00e9publicain a \u00e9t\u00e9 remis bri\u00e8vement en vigueur du 6 au 23 mai 1871, lors de la \u00ab\u00a0Commune\u00a0\u00bb de Paris. Il comptait 12 mois de 30 jours compl\u00e9t\u00e9s de 5 ou 6 sans-culottides (selon les ann\u00e9es bissextiles ou non) et pr\u00f4nait la nature et les vertus en rejetant toutes r\u00e9f\u00e9rences au Roi et \u00e0 la religion.<\/p>\n\n\n\n<p>C\u00e9l\u00e9brant le syst\u00e8me d\u00e9cimal et m\u00e9trique la journ\u00e9e \u00e9tait divis\u00e9e en 10 heures de chacune 100 minutes, et les horlogers de l&rsquo;\u00e9poque avaient judicieusement adapt\u00e9 leur production.<br>Voir le <a href=\"\/wordpress\/index.php\/conversion-de-dates\/\">convertisseur de date\u00a0:<\/a><\/p>\n\n\n<div class=\"wp-block-image\">\n<figure class=\"aligncenter\"><img decoding=\"async\" src=\"https:\/\/sagardeche.fr\/sagardeche\/images\/articles\/Le_calendrier_en_France\/Montre.jpg\" alt=\"photo : Montre.jpg\" title=\"Montre.jpg\"\/><figcaption>Montre r\u00e9publicaine<\/figcaption><\/figure><\/div>\n\n<div class=\"wp-block-image\">\n<figure class=\"aligncenter\"><img decoding=\"async\" src=\"https:\/\/sagardeche.fr\/sagardeche\/images\/articles\/Le_calendrier_en_France\/Napoleon_1er.jpg\" alt=\"photo : Napoleon_1er.jpg\" title=\"Napoleon_1er.jpg\"\/><figcaption>Napol\u00e9on 1er<\/figcaption><\/figure><\/div>\n\n\n<p class=\"has-text-align-center\">D\u00e9cret imp\u00e9rial du 24 fructidor An XIII<\/p>\n\n\n<div class=\"wp-block-image\">\n<figure class=\"aligncenter\"><img decoding=\"async\" src=\"https:\/\/sagardeche.fr\/sagardeche\/images\/articles\/Le_calendrier_en_France\/Retour.jpg\" alt=\"photo : Retour.jpg\" title=\"Retour.jpg\"\/><\/figure><\/div>\n\n\n<p>Il existe d&rsquo;autres calendriers plus ou moins en vigueur, plus ou moins observ\u00e9s, plus ou moins \u00e9tendus g\u00e9ographiquement, par exemple<br>* le calendrier chinois, luni-solaire, qui coexiste avec le calendrier gr\u00e9gorien<br>* le calendrier islamique qui commence le 16 juillet 622 jour du d\u00e9part de Mahomet vers M\u00e9dine. L&rsquo;ann\u00e9e 2018 de notre \u00e8re correspond \u00e0 l&rsquo;an 1396 de l&rsquo;H\u00e9gire<br>* le calendrier h\u00e9bra\u00efque, qui commence au cours du 1er livre de la Bible, en 3761 avant JC. L&rsquo;ann\u00e9e 2018 de notre \u00e8re correspond \u00e0 l&rsquo;an 5777 h\u00e9bra\u00efque<br>* les calendriers indien (\u00e8re Saka qui commence le 21 mars 78 de notre \u00e8re), maya, copte, \u00e9thiopien, arm\u00e9nien, persan, birman &#8230;<br>L&rsquo;Arabie elle-m\u00eame a abandonn\u00e9 r\u00e9cemment le calendrier musulman pour le gr\u00e9gorien<\/p>\n","protected":false},"excerpt":{"rendered":"<p>Evolution du Calendrier Le calendrier&nbsp;julien&nbsp;a \u00e9t\u00e9 instaur\u00e9 le 1er janvier de l&rsquo;an 708 de la fondation de Rome, soit en 45 avant JC, par Jules C\u00e9sar sur une id\u00e9e de Sosig\u00e8ne d&rsquo;Alexandrie. Il restera en vigueur jusqu&rsquo;au 4 octobre 1582Et pour uniformiser la date de d\u00e9but de l&rsquo;ann\u00e9e, par l&rsquo;\u00e9dit de Paris de janvier 1563, [&hellip;]<\/p>\n","protected":false},"author":1,"featured_media":0,"parent":0,"menu_order":0,"comment_status":"closed","ping_status":"closed","template":"","meta":{"footnotes":""},"categories":[12],"tags":[],"class_list":["post-1200","page","type-page","status-publish","hentry","category-histoire"],"yoast_head":"<!-- This site is optimized with the Yoast SEO plugin v24.2 - https:\/\/yoast.com\/wordpress\/plugins\/seo\/ -->\n<title>Le Calendrier en France - SagArdeche<\/title>\n<meta name=\"description\" content=\"Le Calendrier en France SagArdeche Soci\u00e9t\u00e9 amateurs g\u00e9n\u00e9alogie Ard\u00e8che Registres BMS Notaires paroissiaux Origines Ard\u00e9choises expoactes saga protestants\" \/>\n<meta name=\"robots\" content=\"index, follow, max-snippet:-1, max-image-preview:large, max-video-preview:-1\" \/>\n<link rel=\"canonical\" href=\"https:\/\/sagardeche.fr\/wordpress\/index.php\/le-calendrier-en-france\/\" \/>\n<meta property=\"og:locale\" content=\"fr_FR\" \/>\n<meta property=\"og:type\" content=\"article\" \/>\n<meta property=\"og:title\" content=\"Le Calendrier en France - SagArdeche\" \/>\n<meta property=\"og:description\" content=\"Le Calendrier en France SagArdeche Soci\u00e9t\u00e9 amateurs g\u00e9n\u00e9alogie Ard\u00e8che Registres BMS Notaires paroissiaux Origines Ard\u00e9choises expoactes saga protestants\" \/>\n<meta property=\"og:url\" content=\"https:\/\/sagardeche.fr\/wordpress\/index.php\/le-calendrier-en-france\/\" \/>\n<meta property=\"og:site_name\" content=\"SagArdeche\" \/>\n<meta property=\"article:publisher\" content=\"https:\/\/www.facebook.com\/geneardeche\" \/>\n<meta property=\"article:modified_time\" content=\"2023-02-12T17:17:37+00:00\" \/>\n<meta property=\"og:image\" content=\"https:\/\/sagardeche.fr\/sagardeche\/images\/articles\/Le_calendrier_en_France\/Jules_Cesar.jpg\" \/>\n<meta name=\"twitter:card\" content=\"summary_large_image\" \/>\n<meta name=\"twitter:label1\" content=\"Dur\u00e9e de lecture estim\u00e9e\" \/>\n\t<meta name=\"twitter:data1\" content=\"2 minutes\" \/>\n<script type=\"application\/ld+json\" class=\"yoast-schema-graph\">{\"@context\":\"https:\/\/schema.org\",\"@graph\":[{\"@type\":\"WebPage\",\"@id\":\"https:\/\/sagardeche.fr\/wordpress\/index.php\/le-calendrier-en-france\/\",\"url\":\"https:\/\/sagardeche.fr\/wordpress\/index.php\/le-calendrier-en-france\/\",\"name\":\"Le Calendrier en France - SagArdeche\",\"isPartOf\":{\"@id\":\"https:\/\/sagardeche.fr\/wordpress\/#website\"},\"primaryImageOfPage\":{\"@id\":\"https:\/\/sagardeche.fr\/wordpress\/index.php\/le-calendrier-en-france\/#primaryimage\"},\"image\":{\"@id\":\"https:\/\/sagardeche.fr\/wordpress\/index.php\/le-calendrier-en-france\/#primaryimage\"},\"thumbnailUrl\":\"https:\/\/sagardeche.fr\/sagardeche\/images\/articles\/Le_calendrier_en_France\/Jules_Cesar.jpg\",\"datePublished\":\"2022-09-16T14:12:25+00:00\",\"dateModified\":\"2023-02-12T17:17:37+00:00\",\"description\":\"Le Calendrier en France SagArdeche Soci\u00e9t\u00e9 amateurs g\u00e9n\u00e9alogie Ard\u00e8che Registres BMS Notaires paroissiaux Origines Ard\u00e9choises expoactes saga protestants\",\"breadcrumb\":{\"@id\":\"https:\/\/sagardeche.fr\/wordpress\/index.php\/le-calendrier-en-france\/#breadcrumb\"},\"inLanguage\":\"fr-FR\",\"potentialAction\":[{\"@type\":\"ReadAction\",\"target\":[\"https:\/\/sagardeche.fr\/wordpress\/index.php\/le-calendrier-en-france\/\"]}]},{\"@type\":\"ImageObject\",\"inLanguage\":\"fr-FR\",\"@id\":\"https:\/\/sagardeche.fr\/wordpress\/index.php\/le-calendrier-en-france\/#primaryimage\",\"url\":\"https:\/\/sagardeche.fr\/sagardeche\/images\/articles\/Le_calendrier_en_France\/Jules_Cesar.jpg\",\"contentUrl\":\"https:\/\/sagardeche.fr\/sagardeche\/images\/articles\/Le_calendrier_en_France\/Jules_Cesar.jpg\"},{\"@type\":\"BreadcrumbList\",\"@id\":\"https:\/\/sagardeche.fr\/wordpress\/index.php\/le-calendrier-en-france\/#breadcrumb\",\"itemListElement\":[{\"@type\":\"ListItem\",\"position\":1,\"name\":\"Accueil\",\"item\":\"https:\/\/sagardeche.fr\/wordpress\/\"},{\"@type\":\"ListItem\",\"position\":2,\"name\":\"Le Calendrier en France\"}]},{\"@type\":\"WebSite\",\"@id\":\"https:\/\/sagardeche.fr\/wordpress\/#website\",\"url\":\"https:\/\/sagardeche.fr\/wordpress\/\",\"name\":\"SagArdeche\",\"description\":\"Soci\u00e9t\u00e9 des Amateurs de G\u00e9n\u00e9alogie de l&#039;Ard\u00e8che\",\"publisher\":{\"@id\":\"https:\/\/sagardeche.fr\/wordpress\/#organization\"},\"alternateName\":\"saga\",\"potentialAction\":[{\"@type\":\"SearchAction\",\"target\":{\"@type\":\"EntryPoint\",\"urlTemplate\":\"https:\/\/sagardeche.fr\/wordpress\/?s={search_term_string}\"},\"query-input\":{\"@type\":\"PropertyValueSpecification\",\"valueRequired\":true,\"valueName\":\"search_term_string\"}}],\"inLanguage\":\"fr-FR\"},{\"@type\":\"Organization\",\"@id\":\"https:\/\/sagardeche.fr\/wordpress\/#organization\",\"name\":\"Soci\u00e9t\u00e9 des Amateurs de G\u00e9n\u00e9alogie de l'Ard\u00e8che\",\"alternateName\":\"SAGA\",\"url\":\"https:\/\/sagardeche.fr\/wordpress\/\",\"logo\":{\"@type\":\"ImageObject\",\"inLanguage\":\"fr-FR\",\"@id\":\"https:\/\/sagardeche.fr\/wordpress\/#\/schema\/logo\/image\/\",\"url\":\"https:\/\/sagardeche.fr\/wordpress\/wp-content\/uploads\/2022\/06\/cropped-LogoSAGA3-1.jpg\",\"contentUrl\":\"https:\/\/sagardeche.fr\/wordpress\/wp-content\/uploads\/2022\/06\/cropped-LogoSAGA3-1.jpg\",\"width\":50,\"height\":80,\"caption\":\"Soci\u00e9t\u00e9 des Amateurs de G\u00e9n\u00e9alogie de l'Ard\u00e8che\"},\"image\":{\"@id\":\"https:\/\/sagardeche.fr\/wordpress\/#\/schema\/logo\/image\/\"},\"sameAs\":[\"https:\/\/www.facebook.com\/geneardeche\"]}]}<\/script>\n<!-- \/ Yoast SEO plugin. -->","yoast_head_json":{"title":"Le Calendrier en France - SagArdeche","description":"Le Calendrier en France SagArdeche Soci\u00e9t\u00e9 amateurs g\u00e9n\u00e9alogie Ard\u00e8che Registres BMS Notaires paroissiaux Origines Ard\u00e9choises expoactes saga protestants","robots":{"index":"index","follow":"follow","max-snippet":"max-snippet:-1","max-image-preview":"max-image-preview:large","max-video-preview":"max-video-preview:-1"},"canonical":"https:\/\/sagardeche.fr\/wordpress\/index.php\/le-calendrier-en-france\/","og_locale":"fr_FR","og_type":"article","og_title":"Le Calendrier en France - SagArdeche","og_description":"Le Calendrier en France SagArdeche Soci\u00e9t\u00e9 amateurs g\u00e9n\u00e9alogie Ard\u00e8che Registres BMS Notaires paroissiaux Origines Ard\u00e9choises expoactes saga protestants","og_url":"https:\/\/sagardeche.fr\/wordpress\/index.php\/le-calendrier-en-france\/","og_site_name":"SagArdeche","article_publisher":"https:\/\/www.facebook.com\/geneardeche","article_modified_time":"2023-02-12T17:17:37+00:00","og_image":[{"url":"https:\/\/sagardeche.fr\/sagardeche\/images\/articles\/Le_calendrier_en_France\/Jules_Cesar.jpg","type":"","width":"","height":""}],"twitter_card":"summary_large_image","twitter_misc":{"Dur\u00e9e de lecture estim\u00e9e":"2 minutes"},"schema":{"@context":"https:\/\/schema.org","@graph":[{"@type":"WebPage","@id":"https:\/\/sagardeche.fr\/wordpress\/index.php\/le-calendrier-en-france\/","url":"https:\/\/sagardeche.fr\/wordpress\/index.php\/le-calendrier-en-france\/","name":"Le Calendrier en France - SagArdeche","isPartOf":{"@id":"https:\/\/sagardeche.fr\/wordpress\/#website"},"primaryImageOfPage":{"@id":"https:\/\/sagardeche.fr\/wordpress\/index.php\/le-calendrier-en-france\/#primaryimage"},"image":{"@id":"https:\/\/sagardeche.fr\/wordpress\/index.php\/le-calendrier-en-france\/#primaryimage"},"thumbnailUrl":"https:\/\/sagardeche.fr\/sagardeche\/images\/articles\/Le_calendrier_en_France\/Jules_Cesar.jpg","datePublished":"2022-09-16T14:12:25+00:00","dateModified":"2023-02-12T17:17:37+00:00","description":"Le Calendrier en France SagArdeche Soci\u00e9t\u00e9 amateurs g\u00e9n\u00e9alogie Ard\u00e8che Registres BMS Notaires paroissiaux Origines Ard\u00e9choises expoactes saga protestants","breadcrumb":{"@id":"https:\/\/sagardeche.fr\/wordpress\/index.php\/le-calendrier-en-france\/#breadcrumb"},"inLanguage":"fr-FR","potentialAction":[{"@type":"ReadAction","target":["https:\/\/sagardeche.fr\/wordpress\/index.php\/le-calendrier-en-france\/"]}]},{"@type":"ImageObject","inLanguage":"fr-FR","@id":"https:\/\/sagardeche.fr\/wordpress\/index.php\/le-calendrier-en-france\/#primaryimage","url":"https:\/\/sagardeche.fr\/sagardeche\/images\/articles\/Le_calendrier_en_France\/Jules_Cesar.jpg","contentUrl":"https:\/\/sagardeche.fr\/sagardeche\/images\/articles\/Le_calendrier_en_France\/Jules_Cesar.jpg"},{"@type":"BreadcrumbList","@id":"https:\/\/sagardeche.fr\/wordpress\/index.php\/le-calendrier-en-france\/#breadcrumb","itemListElement":[{"@type":"ListItem","position":1,"name":"Accueil","item":"https:\/\/sagardeche.fr\/wordpress\/"},{"@type":"ListItem","position":2,"name":"Le Calendrier en France"}]},{"@type":"WebSite","@id":"https:\/\/sagardeche.fr\/wordpress\/#website","url":"https:\/\/sagardeche.fr\/wordpress\/","name":"SagArdeche","description":"Soci\u00e9t\u00e9 des Amateurs de G\u00e9n\u00e9alogie de l&#039;Ard\u00e8che","publisher":{"@id":"https:\/\/sagardeche.fr\/wordpress\/#organization"},"alternateName":"saga","potentialAction":[{"@type":"SearchAction","target":{"@type":"EntryPoint","urlTemplate":"https:\/\/sagardeche.fr\/wordpress\/?s={search_term_string}"},"query-input":{"@type":"PropertyValueSpecification","valueRequired":true,"valueName":"search_term_string"}}],"inLanguage":"fr-FR"},{"@type":"Organization","@id":"https:\/\/sagardeche.fr\/wordpress\/#organization","name":"Soci\u00e9t\u00e9 des Amateurs de G\u00e9n\u00e9alogie de l'Ard\u00e8che","alternateName":"SAGA","url":"https:\/\/sagardeche.fr\/wordpress\/","logo":{"@type":"ImageObject","inLanguage":"fr-FR","@id":"https:\/\/sagardeche.fr\/wordpress\/#\/schema\/logo\/image\/","url":"https:\/\/sagardeche.fr\/wordpress\/wp-content\/uploads\/2022\/06\/cropped-LogoSAGA3-1.jpg","contentUrl":"https:\/\/sagardeche.fr\/wordpress\/wp-content\/uploads\/2022\/06\/cropped-LogoSAGA3-1.jpg","width":50,"height":80,"caption":"Soci\u00e9t\u00e9 des Amateurs de G\u00e9n\u00e9alogie de l'Ard\u00e8che"},"image":{"@id":"https:\/\/sagardeche.fr\/wordpress\/#\/schema\/logo\/image\/"},"sameAs":["https:\/\/www.facebook.com\/geneardeche"]}]}},"_links":{"self":[{"href":"https:\/\/sagardeche.fr\/wordpress\/index.php\/wp-json\/wp\/v2\/pages\/1200","targetHints":{"allow":["GET"]}}],"collection":[{"href":"https:\/\/sagardeche.fr\/wordpress\/index.php\/wp-json\/wp\/v2\/pages"}],"about":[{"href":"https:\/\/sagardeche.fr\/wordpress\/index.php\/wp-json\/wp\/v2\/types\/page"}],"author":[{"embeddable":true,"href":"https:\/\/sagardeche.fr\/wordpress\/index.php\/wp-json\/wp\/v2\/users\/1"}],"replies":[{"embeddable":true,"href":"https:\/\/sagardeche.fr\/wordpress\/index.php\/wp-json\/wp\/v2\/comments?post=1200"}],"version-history":[{"count":8,"href":"https:\/\/sagardeche.fr\/wordpress\/index.php\/wp-json\/wp\/v2\/pages\/1200\/revisions"}],"predecessor-version":[{"id":2189,"href":"https:\/\/sagardeche.fr\/wordpress\/index.php\/wp-json\/wp\/v2\/pages\/1200\/revisions\/2189"}],"wp:attachment":[{"href":"https:\/\/sagardeche.fr\/wordpress\/index.php\/wp-json\/wp\/v2\/media?parent=1200"}],"wp:term":[{"taxonomy":"category","embeddable":true,"href":"https:\/\/sagardeche.fr\/wordpress\/index.php\/wp-json\/wp\/v2\/categories?post=1200"},{"taxonomy":"post_tag","embeddable":true,"href":"https:\/\/sagardeche.fr\/wordpress\/index.php\/wp-json\/wp\/v2\/tags?post=1200"}],"curies":[{"name":"wp","href":"https:\/\/api.w.org\/{rel}","templated":true}]}}