{"id":1197,"date":"2022-09-16T16:10:06","date_gmt":"2022-09-16T14:10:06","guid":{"rendered":"https:\/\/sagardeche.fr\/wordpress\/?page_id=1197"},"modified":"2022-09-18T16:17:55","modified_gmt":"2022-09-18T14:17:55","slug":"la-peste-2","status":"publish","type":"page","link":"https:\/\/sagardeche.fr\/wordpress\/index.php\/la-peste-2\/","title":{"rendered":"La Peste 2"},"content":{"rendered":"\n<p><strong>LA PESTE,<\/strong><\/p>\n\n\n\n<p>puisqu&rsquo;il faut l&rsquo;appeler par son nom&#8230;. (La Fontaine)<\/p>\n\n\n\n<p>\u00a0\u00bb Jeanne, fille l\u00e9gitime de Me Jean BADON et de Marie MURET, du lieu des Giraudons, paroisse de Monteil, port\u00e9e en cette paroisse de Gilhoc \u00e0 cause de la ligne de s\u00e9paration faite pour emp\u00eacher la contagion de la peste et qui ne permet pas de la porter audict Monteil, a \u00e9t\u00e9 baptis\u00e9e le 13 mars 1722. Son parrain a \u00e9t\u00e9 Antoine BAUD, substitu\u00e9 \u00e0 la place de Jean MURET du lieu des Rochettes, paroisse dudict Monteil nomm\u00e9 parrain et qui n&rsquo;a pas pu passer \u00e0 cause de la dicte ligne et sa marraine Jeanne FOULIER dudict lieu des Giraudons de ladicte paroisse de Monteil, lesdicts parrain et marraine illit\u00e9r\u00e9s de ce enquis.<br>Fr\u00e8re F\u00e9licien , Rd Carme, vicaire\u00a0\u00bb<\/p>\n\n\n\n<p>Texte communiqu\u00e9 par <strong>Danielle GRAND<\/strong><\/p>\n\n\n\n<p>N.D.L.R.: Le 25 mai 1720, le \u00ab\u00a0Grand Saint Antoine\u00a0\u00bb, capitaine Jean-Baptiste CHATEAU, de Marseille, rentre apr\u00e8s dix mois et trois jours d&rsquo;absence. Il a fait escale \u00e0 Smyrne, \u00e0 Chypre, \u00e0 Tripoli, \u00e0 Chypre de nouveau, puis \u00e0 Livourne et il arrive en rade de Marseille. Le \u00ab\u00a0Grand Saint Antoine\u00a0\u00bb a eu cinq morts suspectes en route, mais il a des patentes de sant\u00e9 en bonne et due forme, sign\u00e9es par le m\u00e9decin de sant\u00e9 de Livourne, un expert en mati\u00e8re de peste.<br>Marseille a oubli\u00e9 la peste: les derni\u00e8res \u00e9pid\u00e9mies ont \u00e9t\u00e9 celles de 1630 et de 1649, il y a plus de 70 ans.Depuis, le port s&rsquo;est dot\u00e9 de la meilleure organisation sanitaire de la M\u00e9diterrann\u00e9e. Colbert y a construit les \u00ab\u00a0Infirmeries\u00a0\u00bb qui re\u00e7oivent marchandises et \u00e9quipages pour une quarantaine dont l&rsquo;efficacit\u00e9 n&rsquo;est plus \u00e0 prouver. En trois quarts de si\u00e8cle de fonctionnement, pas la moindre fuite ne s&rsquo;est produite, pas le moindre incident sanitaire. Marseille ne croit plus \u00e0 la peste.<br>Pourtant, le 20 juin, rue Belle-Table, une rue que les habitants des beaux quartiers ignorent, Marie Dauplan, une mis\u00e9reuse, meurt en quelques heures. Elle a un \u00ab\u00a0charbon\u00a0\u00bb sur la l\u00e8vre. Elle a re\u00e7u, \u00e0 titre d&rsquo;aum\u00f4ne, des v\u00eatements ayant appartenu \u00e0 l&rsquo;\u00e9quipage du \u00ab\u00a0Grand Saint Antoine\u00a0\u00bb. Le 28 juin, Michel Cresp, tailleur, meurt subitement sans le moindre signe.Le 30 juin, sa femme le suit. Trois morts suspectes dans le m\u00eame quartier: le corps sanitaire ne r\u00e9agit pas tant la r\u00e9putation des \u00ab\u00a0Infirmeries\u00a0\u00bb est solide. Le 1\u00b0 juillet, deux nouvelles victimes, deux femmes, avec un \u00ab\u00a0charbon\u00a0\u00bb sur le nez. Dans la semaine qui suit, la mort frappe encore, plusieurs fois par jour. Puis, le 9 juillet, un adolescent meurt dans un beau quartier cette fois. De vrais m\u00e9decins, les Puyssonnel p\u00e8re et fils, sont l\u00e0.<\/p>\n\n\n\n<p><br>\u00a0\u00a0\u00a0\u00a0\u00a0\u00a0\u00a0\u00a0\u00a0\u00a0\u00a0\u00a0\u00a0\u00a0\u00a0\u00a0\u00a0\u00a0\u00a0\u00a0Le diagnostic tombe enfin: la peste ! Mais trois semaines ont \u00e9t\u00e9 perdues: il est trop tard. Dans la maison du jeune gar\u00e7on, personne ne survit. Au lazaret, la peste fait d\u00e9j\u00e0 rage mais elle a aussi contamin\u00e9 la ville. Le dispositif d&rsquo;alarme n&rsquo;est pourtant mis en place que le 26 juillet par les \u00e9chevins. Le 31 juillet on chasse trois mille mendiants de la ville. La maladie se r\u00e9pand aux alentours. D\u00e9but ao\u00fbt, il meurt, dans la ville, cent personnes par jour. A la mi-ao\u00fbt: trois cents, fin ao\u00fbt\u00c2\u00c2\u00a0: cinq cents. D\u00e9but septembre, ce sont plus de mille cadavres qui, chaque jour s&rsquo;accumulent dans les rues. Car on meurt dans la rue et il n&rsquo;y a plus de charretiers pour emporter p\u00eale-m\u00eale ces cadavres jusqu&rsquo;au cr\u00e9matoire improvis\u00e9 qui n&rsquo;est d&rsquo;ailleurs plus \u00e0 m\u00eame de les recevoir. On ne verra r\u00e9appara\u00eetre les corbillards \u00e0 Marseille qu&rsquo;au d\u00e9but de 1721, quand le rythme des d\u00e9c\u00e8s se ralentit enfin. La population saluera ces corbillards comme le signe d&rsquo;une d\u00e9livrance. Pourtant, l&rsquo;\u00e9pid\u00e9mie, avec des hauts et des bas, est loin d&rsquo;\u00eatre termin\u00e9e. Avec l&rsquo;arriv\u00e9e des mendiants chass\u00e9s de Marseille, la maladie est apparue d&rsquo;abord dans les villages du littoral. Puis elle s&rsquo;est enfonc\u00e9e dans les terres. Le Parlement d&rsquo;Aix a interdit, sous peine de mort, les relations avec Marseille: peine perdue. La peste s&rsquo;\u00e9tend, remonte la vall\u00e9e du Rh\u00f4ne. Paris s&rsquo;\u00e9meut enfin et d\u00e9cide d&rsquo;opposer aux grands maux les grands rem\u00e8des. Une ligne de d\u00e9fense est instaur\u00e9e. Tout trafic sera bloqu\u00e9 entre le territoire infect\u00e9 et les territoires encore sains. L&rsquo;arm\u00e9e \u00e9tablit ce barrage \u00e0 travers montagnes et plaines, avec des postes de garde espac\u00e9s d&rsquo;une port\u00e9e de fusil. Personne ne peut franchir cette ligne. En cas de refus d&rsquo;obtemp\u00e9rer et de faire demi-tour, la consigne \u00e0 la troupe est claire: on ouvre le feu ! Aucune exception n&rsquo;est recevable, fut-elle le passage d&rsquo;un enfant \u00e0 baptiser.<\/p>\n\n\n\n<p><strong>Michel GUIGAL.<\/strong><\/p>\n\n\n\n<p>Le trac\u00e9 de cette \u00ab\u00a0ligne de la peste\u00a0\u00bb est mal connu. Nous avons l\u00e0 une indication pr\u00e9cieuse: la ligne passait entre Gilhoc et Monteil, sur l&rsquo;actuelle commune du Crestet. Si vous trouvez, au cours de vos recherches d&rsquo;autres indications sur la localisation de cette ligne, ne manquez pas de nous en faire part.<\/p>\n\n\n\n<p>La r\u00e9daction.<strong>TOUJOURS LA PESTE<\/strong><\/p>\n\n\n\n<p>Il faut notter que la contagion estant eschauff\u00e9e \u00e0 Joyeuse ladicte ann\u00e9e mil six cens vingt neuf la plupart de ses habitants sortirent de la ville le vingt deuxiesme du mois d&rsquo;aoust et nous cess\u00e2mes et de baptiser \u00e0 l&rsquo;\u00e9glise et d&rsquo;enterrer au cimeti\u00e8re jusque que nous fusmes retirer ce qui estoit rest\u00e9 de vivant, la contagion en ayant emport\u00e9 troys cens cinquante ou cinquante cinq personnes petitz et grands, au nombre desquels se firent plusieurs femmes enceintes.<br>Que Dieu appelle d\u00e8s maintenant leur enfant par une deslivrance et pour aucune l&rsquo;enfant dans leur<br>ventre. Il faut notter qu&rsquo;il y heust un mis\u00e9rable regain(?) en ce qu&rsquo;on treuva bon de mettre quelques soldats pour se prendre garde de la ville et en lieu de ce, les gardes mirent la peste aux quatre coins et furent cause de la mort de plusieurs et m\u00eame de la leur, pour ce qu&rsquo;ils pensoient seulement \u00e0 prendre et furent prins. Dieu aye piti\u00e9 d&rsquo;eulz et de tous les aultres et nous veuille garder de tel fl\u00e9au \u00e0 l&rsquo;advenir, nous faisant la gr\u00e2ce de vivre en Sa crainte.<\/p>\n\n\n\n<p>Signal\u00e9 par <strong>G. LHOPITAL<\/strong><\/p>\n\n\n\n<p>NDLR: Il s&rsquo;agit ici, non plus de la peste de Marseille de 1720 mais de celle qui s\u00e9vit cent ans plus t\u00f4t, en 1629 et 1630. Ses ravages furent cruels en Ard\u00e8che, mais les chiffres exacts sont mal connus. Ici nous avons la chance de trouver un chiffre assez pr\u00e9cis donn\u00e9 par un contemporain et, de plus, par une personne digne de foi en ce qui concerne des chiffres qu&rsquo;il devait mieux conna\u00eetre que quiconque. On peut estimer la population de Joyeuse, \u00e0 cette \u00e9poque, \u00e0 750 personnes environ. C&rsquo;est donc pratiquement la moiti\u00e9 de la population qui fut emport\u00e9e par la maladie. Ne manquez pas de nous signaler de tels chiffres quand vous les rencontrez.<\/p>\n\n\n\n<p><br>Ce texte est \u00e9galement un bel exercice de pal\u00e9ographie. Notre traduction vous satisfait-elle ? Avez-vous mieux \u00e0 nous proposer?<\/p>\n","protected":false},"excerpt":{"rendered":"<p>LA PESTE, puisqu&rsquo;il faut l&rsquo;appeler par son nom&#8230;. (La Fontaine) \u00a0\u00bb Jeanne, fille l\u00e9gitime de Me Jean BADON et de Marie MURET, du lieu des Giraudons, paroisse de Monteil, port\u00e9e en cette paroisse de Gilhoc \u00e0 cause de la ligne de s\u00e9paration faite pour emp\u00eacher la contagion de la peste et qui ne permet pas [&hellip;]<\/p>\n","protected":false},"author":1,"featured_media":0,"parent":0,"menu_order":0,"comment_status":"closed","ping_status":"closed","template":"","meta":{"footnotes":""},"categories":[4],"tags":[],"class_list":["post-1197","page","type-page","status-publish","hentry","category-dossiers"],"yoast_head":"<!-- This site is optimized with the Yoast SEO plugin v24.2 - https:\/\/yoast.com\/wordpress\/plugins\/seo\/ -->\n<title>La Peste 2 - SagArdeche<\/title>\n<meta name=\"description\" content=\"La Peste 2 SagArdeche Soci\u00e9t\u00e9 amateurs g\u00e9n\u00e9alogie Ard\u00e8che Registres BMS Notaires paroissiaux Origines Ard\u00e9choises expoactes saga protestants\" \/>\n<meta name=\"robots\" content=\"index, follow, max-snippet:-1, max-image-preview:large, max-video-preview:-1\" \/>\n<link rel=\"canonical\" href=\"https:\/\/sagardeche.fr\/wordpress\/index.php\/la-peste-2\/\" \/>\n<meta property=\"og:locale\" content=\"fr_FR\" \/>\n<meta property=\"og:type\" content=\"article\" \/>\n<meta property=\"og:title\" content=\"La Peste 2 - SagArdeche\" \/>\n<meta property=\"og:description\" content=\"La Peste 2 SagArdeche Soci\u00e9t\u00e9 amateurs g\u00e9n\u00e9alogie Ard\u00e8che Registres BMS Notaires paroissiaux Origines Ard\u00e9choises expoactes saga protestants\" \/>\n<meta property=\"og:url\" content=\"https:\/\/sagardeche.fr\/wordpress\/index.php\/la-peste-2\/\" \/>\n<meta property=\"og:site_name\" content=\"SagArdeche\" \/>\n<meta property=\"article:publisher\" content=\"https:\/\/www.facebook.com\/geneardeche\" \/>\n<meta property=\"article:modified_time\" content=\"2022-09-18T14:17:55+00:00\" \/>\n<meta name=\"twitter:card\" content=\"summary_large_image\" \/>\n<meta name=\"twitter:label1\" content=\"Dur\u00e9e de lecture estim\u00e9e\" \/>\n\t<meta name=\"twitter:data1\" content=\"6 minutes\" \/>\n<script type=\"application\/ld+json\" class=\"yoast-schema-graph\">{\"@context\":\"https:\/\/schema.org\",\"@graph\":[{\"@type\":\"WebPage\",\"@id\":\"https:\/\/sagardeche.fr\/wordpress\/index.php\/la-peste-2\/\",\"url\":\"https:\/\/sagardeche.fr\/wordpress\/index.php\/la-peste-2\/\",\"name\":\"La Peste 2 - SagArdeche\",\"isPartOf\":{\"@id\":\"https:\/\/sagardeche.fr\/wordpress\/#website\"},\"datePublished\":\"2022-09-16T14:10:06+00:00\",\"dateModified\":\"2022-09-18T14:17:55+00:00\",\"description\":\"La Peste 2 SagArdeche Soci\u00e9t\u00e9 amateurs g\u00e9n\u00e9alogie Ard\u00e8che Registres BMS Notaires paroissiaux Origines Ard\u00e9choises expoactes saga protestants\",\"breadcrumb\":{\"@id\":\"https:\/\/sagardeche.fr\/wordpress\/index.php\/la-peste-2\/#breadcrumb\"},\"inLanguage\":\"fr-FR\",\"potentialAction\":[{\"@type\":\"ReadAction\",\"target\":[\"https:\/\/sagardeche.fr\/wordpress\/index.php\/la-peste-2\/\"]}]},{\"@type\":\"BreadcrumbList\",\"@id\":\"https:\/\/sagardeche.fr\/wordpress\/index.php\/la-peste-2\/#breadcrumb\",\"itemListElement\":[{\"@type\":\"ListItem\",\"position\":1,\"name\":\"Accueil\",\"item\":\"https:\/\/sagardeche.fr\/wordpress\/\"},{\"@type\":\"ListItem\",\"position\":2,\"name\":\"La Peste 2\"}]},{\"@type\":\"WebSite\",\"@id\":\"https:\/\/sagardeche.fr\/wordpress\/#website\",\"url\":\"https:\/\/sagardeche.fr\/wordpress\/\",\"name\":\"SagArdeche\",\"description\":\"Soci\u00e9t\u00e9 des Amateurs de G\u00e9n\u00e9alogie de l&#039;Ard\u00e8che\",\"publisher\":{\"@id\":\"https:\/\/sagardeche.fr\/wordpress\/#organization\"},\"alternateName\":\"saga\",\"potentialAction\":[{\"@type\":\"SearchAction\",\"target\":{\"@type\":\"EntryPoint\",\"urlTemplate\":\"https:\/\/sagardeche.fr\/wordpress\/?s={search_term_string}\"},\"query-input\":{\"@type\":\"PropertyValueSpecification\",\"valueRequired\":true,\"valueName\":\"search_term_string\"}}],\"inLanguage\":\"fr-FR\"},{\"@type\":\"Organization\",\"@id\":\"https:\/\/sagardeche.fr\/wordpress\/#organization\",\"name\":\"Soci\u00e9t\u00e9 des Amateurs de G\u00e9n\u00e9alogie de l'Ard\u00e8che\",\"alternateName\":\"SAGA\",\"url\":\"https:\/\/sagardeche.fr\/wordpress\/\",\"logo\":{\"@type\":\"ImageObject\",\"inLanguage\":\"fr-FR\",\"@id\":\"https:\/\/sagardeche.fr\/wordpress\/#\/schema\/logo\/image\/\",\"url\":\"https:\/\/sagardeche.fr\/wordpress\/wp-content\/uploads\/2022\/06\/cropped-LogoSAGA3-1.jpg\",\"contentUrl\":\"https:\/\/sagardeche.fr\/wordpress\/wp-content\/uploads\/2022\/06\/cropped-LogoSAGA3-1.jpg\",\"width\":50,\"height\":80,\"caption\":\"Soci\u00e9t\u00e9 des Amateurs de G\u00e9n\u00e9alogie de l'Ard\u00e8che\"},\"image\":{\"@id\":\"https:\/\/sagardeche.fr\/wordpress\/#\/schema\/logo\/image\/\"},\"sameAs\":[\"https:\/\/www.facebook.com\/geneardeche\"]}]}<\/script>\n<!-- \/ Yoast SEO plugin. -->","yoast_head_json":{"title":"La Peste 2 - SagArdeche","description":"La Peste 2 SagArdeche Soci\u00e9t\u00e9 amateurs g\u00e9n\u00e9alogie Ard\u00e8che Registres BMS Notaires paroissiaux Origines Ard\u00e9choises expoactes saga protestants","robots":{"index":"index","follow":"follow","max-snippet":"max-snippet:-1","max-image-preview":"max-image-preview:large","max-video-preview":"max-video-preview:-1"},"canonical":"https:\/\/sagardeche.fr\/wordpress\/index.php\/la-peste-2\/","og_locale":"fr_FR","og_type":"article","og_title":"La Peste 2 - SagArdeche","og_description":"La Peste 2 SagArdeche Soci\u00e9t\u00e9 amateurs g\u00e9n\u00e9alogie Ard\u00e8che Registres BMS Notaires paroissiaux Origines Ard\u00e9choises expoactes saga protestants","og_url":"https:\/\/sagardeche.fr\/wordpress\/index.php\/la-peste-2\/","og_site_name":"SagArdeche","article_publisher":"https:\/\/www.facebook.com\/geneardeche","article_modified_time":"2022-09-18T14:17:55+00:00","twitter_card":"summary_large_image","twitter_misc":{"Dur\u00e9e de lecture estim\u00e9e":"6 minutes"},"schema":{"@context":"https:\/\/schema.org","@graph":[{"@type":"WebPage","@id":"https:\/\/sagardeche.fr\/wordpress\/index.php\/la-peste-2\/","url":"https:\/\/sagardeche.fr\/wordpress\/index.php\/la-peste-2\/","name":"La Peste 2 - SagArdeche","isPartOf":{"@id":"https:\/\/sagardeche.fr\/wordpress\/#website"},"datePublished":"2022-09-16T14:10:06+00:00","dateModified":"2022-09-18T14:17:55+00:00","description":"La Peste 2 SagArdeche Soci\u00e9t\u00e9 amateurs g\u00e9n\u00e9alogie Ard\u00e8che Registres BMS Notaires paroissiaux Origines Ard\u00e9choises expoactes saga protestants","breadcrumb":{"@id":"https:\/\/sagardeche.fr\/wordpress\/index.php\/la-peste-2\/#breadcrumb"},"inLanguage":"fr-FR","potentialAction":[{"@type":"ReadAction","target":["https:\/\/sagardeche.fr\/wordpress\/index.php\/la-peste-2\/"]}]},{"@type":"BreadcrumbList","@id":"https:\/\/sagardeche.fr\/wordpress\/index.php\/la-peste-2\/#breadcrumb","itemListElement":[{"@type":"ListItem","position":1,"name":"Accueil","item":"https:\/\/sagardeche.fr\/wordpress\/"},{"@type":"ListItem","position":2,"name":"La Peste 2"}]},{"@type":"WebSite","@id":"https:\/\/sagardeche.fr\/wordpress\/#website","url":"https:\/\/sagardeche.fr\/wordpress\/","name":"SagArdeche","description":"Soci\u00e9t\u00e9 des Amateurs de G\u00e9n\u00e9alogie de l&#039;Ard\u00e8che","publisher":{"@id":"https:\/\/sagardeche.fr\/wordpress\/#organization"},"alternateName":"saga","potentialAction":[{"@type":"SearchAction","target":{"@type":"EntryPoint","urlTemplate":"https:\/\/sagardeche.fr\/wordpress\/?s={search_term_string}"},"query-input":{"@type":"PropertyValueSpecification","valueRequired":true,"valueName":"search_term_string"}}],"inLanguage":"fr-FR"},{"@type":"Organization","@id":"https:\/\/sagardeche.fr\/wordpress\/#organization","name":"Soci\u00e9t\u00e9 des Amateurs de G\u00e9n\u00e9alogie de l'Ard\u00e8che","alternateName":"SAGA","url":"https:\/\/sagardeche.fr\/wordpress\/","logo":{"@type":"ImageObject","inLanguage":"fr-FR","@id":"https:\/\/sagardeche.fr\/wordpress\/#\/schema\/logo\/image\/","url":"https:\/\/sagardeche.fr\/wordpress\/wp-content\/uploads\/2022\/06\/cropped-LogoSAGA3-1.jpg","contentUrl":"https:\/\/sagardeche.fr\/wordpress\/wp-content\/uploads\/2022\/06\/cropped-LogoSAGA3-1.jpg","width":50,"height":80,"caption":"Soci\u00e9t\u00e9 des Amateurs de G\u00e9n\u00e9alogie de l'Ard\u00e8che"},"image":{"@id":"https:\/\/sagardeche.fr\/wordpress\/#\/schema\/logo\/image\/"},"sameAs":["https:\/\/www.facebook.com\/geneardeche"]}]}},"_links":{"self":[{"href":"https:\/\/sagardeche.fr\/wordpress\/index.php\/wp-json\/wp\/v2\/pages\/1197","targetHints":{"allow":["GET"]}}],"collection":[{"href":"https:\/\/sagardeche.fr\/wordpress\/index.php\/wp-json\/wp\/v2\/pages"}],"about":[{"href":"https:\/\/sagardeche.fr\/wordpress\/index.php\/wp-json\/wp\/v2\/types\/page"}],"author":[{"embeddable":true,"href":"https:\/\/sagardeche.fr\/wordpress\/index.php\/wp-json\/wp\/v2\/users\/1"}],"replies":[{"embeddable":true,"href":"https:\/\/sagardeche.fr\/wordpress\/index.php\/wp-json\/wp\/v2\/comments?post=1197"}],"version-history":[{"count":1,"href":"https:\/\/sagardeche.fr\/wordpress\/index.php\/wp-json\/wp\/v2\/pages\/1197\/revisions"}],"predecessor-version":[{"id":1198,"href":"https:\/\/sagardeche.fr\/wordpress\/index.php\/wp-json\/wp\/v2\/pages\/1197\/revisions\/1198"}],"wp:attachment":[{"href":"https:\/\/sagardeche.fr\/wordpress\/index.php\/wp-json\/wp\/v2\/media?parent=1197"}],"wp:term":[{"taxonomy":"category","embeddable":true,"href":"https:\/\/sagardeche.fr\/wordpress\/index.php\/wp-json\/wp\/v2\/categories?post=1197"},{"taxonomy":"post_tag","embeddable":true,"href":"https:\/\/sagardeche.fr\/wordpress\/index.php\/wp-json\/wp\/v2\/tags?post=1197"}],"curies":[{"name":"wp","href":"https:\/\/api.w.org\/{rel}","templated":true}]}}